{"id":108565,"date":"2021-01-19T11:37:25","date_gmt":"2021-01-19T10:37:25","guid":{"rendered":"https:\/\/aleasoft.com\/?page_id=108565"},"modified":"2024-03-05T16:39:38","modified_gmt":"2024-03-05T15:39:38","slug":"alea-energy-database-aleaapp","status":"publish","type":"page","link":"https:\/\/aleasoft.com\/de\/produkte-dienstleistungen\/alea-energy-database-aleaapp\/","title":{"rendered":"Alea Energy DataBase Online-Plattform (AleaApp)"},"content":{"rendered":"\t\t<div data-elementor-type=\"wp-page\" data-elementor-id=\"108565\" class=\"elementor elementor-108565\" data-elementor-post-type=\"page\">\n\t\t\t\t\t\t<section class=\"elementor-section elementor-top-section elementor-element elementor-element-105e205 elementor-section-boxed elementor-section-height-default elementor-section-height-default\" data-id=\"105e205\" data-element_type=\"section\" data-e-type=\"section\">\n\t\t\t\t\t\t<div class=\"elementor-container elementor-column-gap-default\">\n\t\t\t\t\t<div class=\"elementor-column elementor-col-100 elementor-top-column elementor-element elementor-element-9b29772\" data-id=\"9b29772\" data-element_type=\"column\" data-e-type=\"column\">\n\t\t\t<div class=\"elementor-widget-wrap elementor-element-populated\">\n\t\t\t\t\t\t<div class=\"elementor-element elementor-element-8db2b40 elementor-nav-menu__align-center menu-dropdown-distance elementor-nav-menu--dropdown-tablet elementor-nav-menu__text-align-aside elementor-widget elementor-widget-global elementor-global-86337 elementor-widget-nav-menu\" data-id=\"8db2b40\" data-element_type=\"widget\" data-e-type=\"widget\" data-settings=\"{&quot;layout&quot;:&quot;horizontal&quot;,&quot;submenu_icon&quot;:{&quot;value&quot;:&quot;fas fa-caret-down&quot;,&quot;library&quot;:&quot;fa-solid&quot;}}\" data-widget_type=\"nav-menu.default\">\n\t\t\t\t<div class=\"elementor-widget-container\">\n\t\t\t\t\t\t\t\t<nav aria-label=\"Men\u00fc\" class=\"elementor-nav-menu--main elementor-nav-menu__container elementor-nav-menu--layout-horizontal e--pointer-background e--animation-fade\">\n\t\t\t\t<ul id=\"menu-1-8db2b40\" class=\"elementor-nav-menu\"><li class=\"menu-item menu-item-type-post_type menu-item-object-page menu-item-44104\"><a href=\"https:\/\/aleasoft.com\/de\/dienstleistungen\/energiepreisprognosen\/\" class=\"elementor-item\">Energiepreisprognosen<\/a><\/li>\n<li class=\"menu-item menu-item-type-post_type menu-item-object-page menu-item-80153\"><a href=\"https:\/\/aleasoft.com\/de\/dienstleistungen\/strombedarfsprognosen\/\" class=\"elementor-item\">Energiebedarfsprognosen<\/a><\/li>\n<li class=\"menu-item menu-item-type-post_type menu-item-object-page menu-item-118408\"><a href=\"https:\/\/aleasoft.com\/de\/dienstleistungen\/prognosen-erneuerbare-energien\/\" class=\"elementor-item\">Prognosen f\u00fcr erneuerbare Energien<\/a><\/li>\n<li class=\"menu-item menu-item-type-post_type menu-item-object-page menu-item-118409\"><a href=\"https:\/\/aleasoft.com\/de\/produkte-dienstleistungen\/alea-energy-database-aleaapp\/\" class=\"elementor-item\">Alea Energy Database (AleaApp)<\/a><\/li>\n<\/ul>\t\t\t<\/nav>\n\t\t\t\t\t\t<nav class=\"elementor-nav-menu--dropdown elementor-nav-menu__container\" aria-hidden=\"true\">\n\t\t\t\t<ul id=\"menu-2-8db2b40\" class=\"elementor-nav-menu\"><li class=\"menu-item menu-item-type-post_type menu-item-object-page menu-item-44104\"><a href=\"https:\/\/aleasoft.com\/de\/dienstleistungen\/energiepreisprognosen\/\" class=\"elementor-item\" tabindex=\"-1\">Energiepreisprognosen<\/a><\/li>\n<li class=\"menu-item menu-item-type-post_type menu-item-object-page menu-item-80153\"><a href=\"https:\/\/aleasoft.com\/de\/dienstleistungen\/strombedarfsprognosen\/\" class=\"elementor-item\" tabindex=\"-1\">Energiebedarfsprognosen<\/a><\/li>\n<li class=\"menu-item menu-item-type-post_type menu-item-object-page menu-item-118408\"><a href=\"https:\/\/aleasoft.com\/de\/dienstleistungen\/prognosen-erneuerbare-energien\/\" class=\"elementor-item\" tabindex=\"-1\">Prognosen f\u00fcr erneuerbare Energien<\/a><\/li>\n<li class=\"menu-item menu-item-type-post_type menu-item-object-page menu-item-118409\"><a href=\"https:\/\/aleasoft.com\/de\/produkte-dienstleistungen\/alea-energy-database-aleaapp\/\" class=\"elementor-item\" tabindex=\"-1\">Alea Energy Database (AleaApp)<\/a><\/li>\n<\/ul>\t\t\t<\/nav>\n\t\t\t\t\t\t<\/div>\n\t\t\t\t<\/div>\n\t\t\t\t\t<\/div>\n\t\t<\/div>\n\t\t\t\t\t<\/div>\n\t\t<\/section>\n\t\t\t\t<section class=\"elementor-section elementor-top-section elementor-element elementor-element-3ca551a elementor-section-boxed elementor-section-height-default elementor-section-height-default\" data-id=\"3ca551a\" data-element_type=\"section\" data-e-type=\"section\">\n\t\t\t\t\t\t<div class=\"elementor-container elementor-column-gap-default\">\n\t\t\t\t\t<div class=\"elementor-column elementor-col-100 elementor-top-column elementor-element elementor-element-e015d43\" data-id=\"e015d43\" data-element_type=\"column\" data-e-type=\"column\">\n\t\t\t<div class=\"elementor-widget-wrap elementor-element-populated\">\n\t\t\t\t\t\t<div class=\"elementor-element elementor-element-36a2a7d elementor-widget elementor-widget-heading\" data-id=\"36a2a7d\" data-element_type=\"widget\" data-e-type=\"widget\" data-widget_type=\"heading.default\">\n\t\t\t\t<div class=\"elementor-widget-container\">\n\t\t\t\t\t<h2 class=\"elementor-heading-title elementor-size-default\">Alea Energy DataBase Online-Plattform (AleaApp)<\/h2>\t\t\t\t<\/div>\n\t\t\t\t<\/div>\n\t\t\t\t\t<\/div>\n\t\t<\/div>\n\t\t\t\t\t<\/div>\n\t\t<\/section>\n\t\t\t\t<section class=\"elementor-section elementor-top-section elementor-element elementor-element-8344c56 elementor-section-boxed elementor-section-height-default elementor-section-height-default\" data-id=\"8344c56\" data-element_type=\"section\" data-e-type=\"section\">\n\t\t\t\t\t\t<div class=\"elementor-container elementor-column-gap-default\">\n\t\t\t\t\t<div class=\"elementor-column elementor-col-100 elementor-top-column elementor-element elementor-element-d781948\" data-id=\"d781948\" data-element_type=\"column\" data-e-type=\"column\">\n\t\t\t<div class=\"elementor-widget-wrap elementor-element-populated\">\n\t\t\t\t\t\t<div class=\"elementor-element elementor-element-937f432 elementor-widget elementor-widget-text-editor\" data-id=\"937f432\" data-element_type=\"widget\" data-e-type=\"widget\" data-widget_type=\"text-editor.default\">\n\t\t\t\t<div class=\"elementor-widget-container\">\n\t\t\t\t\t\t\t\t\t<p><strong>AleaSoft<\/strong> hat die <strong>Alea Energy DataBase (AleaApp)<\/strong>\u00a0f\u00fcr die Zusammenstellung, Visualisierung und Analyse von Daten zu Energiem\u00e4rkten entwickelt.<\/p><p>Die <strong>Alea Energy DataBase (AleaApp)<\/strong>\u00a0besteht aus Observatorien, die aus einer Reihe miteinander verbundener Zeitreihen bestehen. Zum Beispiel umfasst das spanische Strommarktobservatorium die MIBEL-Marktpreisreihen, die Nachfrage, die Temperatur und die Produktion nach Technologie. Das Brennstoffobservatorium enth\u00e4lt die Preise der Hauptm\u00e4rkte f\u00fcr Gas, Brent, Kohle, CO<sub>2<\/sub>-Emissionsrechte und den Eurodollar-Wechselkurs. Jede Reihe kann einzeln konsultiert werden, aber auch die Reihe, aus der ein Observatorium besteht, kann gemeinsam vertreten werden.<\/p><p>Die Daten der <strong>Alea Energy DataBase (AleaApp)<\/strong>\u00a0werden t\u00e4glich mehrmals zusammengestellt, um sicherzustellen, dass sie aktualisiert werden.<\/p><p>Um die Anzeige anzupassen und die Analyse der Daten zu erleichtern, gibt es Steuerelemente, die Folgendes erm\u00f6glichen:<\/p><ul><li>W\u00e4hlen Sie einen Datumsbereich<\/li><li>Zeigen Sie in der Grafik den Vergleich der letzten N Wochen oder Monate an, wobei N ein Wert ist, der vom Benutzer angegeben werden kann<\/li><li>W\u00e4hlen Sie die Granularit\u00e4t aus, in der die Daten angezeigt werden sollen. Auf diese Weise k\u00f6nnen Sie die Granularit\u00e4t Ihrer Daten dynamisch konvertieren. In der MIBEL-Marktpreisreihe des spanischen Observatoriums, die urspr\u00fcnglich eine st\u00fcndliche Granularit\u00e4t aufweist, k\u00f6nnen Sie beispielsweise den Monatsdurchschnitt anzeigen<\/li><li>Berechnen Sie den einfachen gleitenden Durchschnitt und zeigen Sie ihn an<\/li><\/ul>\t\t\t\t\t\t\t\t<\/div>\n\t\t\t\t<\/div>\n\t\t\t\t\t<\/div>\n\t\t<\/div>\n\t\t\t\t\t<\/div>\n\t\t<\/section>\n\t\t\t\t<section class=\"elementor-section elementor-top-section elementor-element elementor-element-0e8ecd5 elementor-section-boxed elementor-section-height-default elementor-section-height-default\" data-id=\"0e8ecd5\" data-element_type=\"section\" data-e-type=\"section\">\n\t\t\t\t\t\t<div class=\"elementor-container elementor-column-gap-default\">\n\t\t\t\t\t<div class=\"elementor-column elementor-col-100 elementor-top-column elementor-element elementor-element-0730ed5\" data-id=\"0730ed5\" data-element_type=\"column\" data-e-type=\"column\">\n\t\t\t<div class=\"elementor-widget-wrap elementor-element-populated\">\n\t\t\t\t\t\t<div class=\"elementor-element elementor-element-88fd690 elementor-widget elementor-widget-image\" data-id=\"88fd690\" data-element_type=\"widget\" data-e-type=\"widget\" data-widget_type=\"image.default\">\n\t\t\t\t<div class=\"elementor-widget-container\">\n\t\t\t\t\t\t\t\t\t\t\t\t\t\t\t<img fetchpriority=\"high\" decoding=\"async\" width=\"800\" height=\"280\" src=\"https:\/\/aleasoft.com\/wp-content\/uploads\/2021\/01\/aleaapp-observatory-spain-chart-1024x358.png\" class=\"attachment-large size-large wp-image-108576\" alt=\"\" srcset=\"https:\/\/aleasoft.com\/wp-content\/uploads\/2021\/01\/aleaapp-observatory-spain-chart-1024x358.png 1024w, https:\/\/aleasoft.com\/wp-content\/uploads\/2021\/01\/aleaapp-observatory-spain-chart-300x105.png 300w, https:\/\/aleasoft.com\/wp-content\/uploads\/2021\/01\/aleaapp-observatory-spain-chart-150x53.png 150w, https:\/\/aleasoft.com\/wp-content\/uploads\/2021\/01\/aleaapp-observatory-spain-chart-768x269.png 768w, https:\/\/aleasoft.com\/wp-content\/uploads\/2021\/01\/aleaapp-observatory-spain-chart-1536x538.png 1536w, https:\/\/aleasoft.com\/wp-content\/uploads\/2021\/01\/aleaapp-observatory-spain-chart-2048x717.png 2048w\" sizes=\"(max-width: 800px) 100vw, 800px\" \/>\t\t\t\t\t\t\t\t\t\t\t\t\t\t\t<\/div>\n\t\t\t\t<\/div>\n\t\t\t\t\t<\/div>\n\t\t<\/div>\n\t\t\t\t\t<\/div>\n\t\t<\/section>\n\t\t\t\t<section class=\"elementor-section elementor-top-section elementor-element elementor-element-a3d2279 elementor-section-boxed elementor-section-height-default elementor-section-height-default\" data-id=\"a3d2279\" data-element_type=\"section\" data-e-type=\"section\">\n\t\t\t\t\t\t<div class=\"elementor-container elementor-column-gap-default\">\n\t\t\t\t\t<div class=\"elementor-column elementor-col-100 elementor-top-column elementor-element elementor-element-5a51b82\" data-id=\"5a51b82\" data-element_type=\"column\" data-e-type=\"column\">\n\t\t\t<div class=\"elementor-widget-wrap elementor-element-populated\">\n\t\t\t\t\t\t<div class=\"elementor-element elementor-element-53cacd5 elementor-widget elementor-widget-text-editor\" data-id=\"53cacd5\" data-element_type=\"widget\" data-e-type=\"widget\" data-widget_type=\"text-editor.default\">\n\t\t\t\t<div class=\"elementor-widget-container\">\n\t\t\t\t\t\t\t\t\t<p><b><span lang=\"DE\">AleaSoft<\/span><\/b><span lang=\"DE\"> bietet Zugriff auf die <strong>Alea Energy DataBase (AleaApp)<\/strong>\u00a0\u00fcber Abonnementpl\u00e4ne, mit denen Sie die Anzahl der Benutzer und die Observatorien ausw\u00e4hlen k\u00f6nnen, auf die Sie Zugriff haben, sowie die M\u00f6glichkeit, die Daten herunterzuladen.<\/span><\/p><p>\t\t<div data-elementor-type=\"widget\" data-elementor-id=\"92882\" class=\"elementor elementor-92882\" data-elementor-post-type=\"elementor_library\">\n\t\t\t\t\t\t<div class=\"elementor-element elementor-element-92882 elementor-widget elementor-widget-button\" data-id=\"92882\" data-element_type=\"widget\" data-e-type=\"widget\" data-widget_type=\"button.default\">\n\t\t\t\t<div class=\"elementor-widget-container\">\n\t\t\t\t\t\t\t\t\t<div class=\"elementor-button-wrapper\">\n\t\t\t\t\t<a class=\"elementor-button elementor-button-link elementor-size-sm\" href=\"#elementor-action%3Aaction%3Dpopup%3Aopen%26settings%3DeyJpZCI6IjkyODc3IiwidG9nZ2xlIjpmYWxzZX0%3D\">\n\t\t\t\t\t\t<span class=\"elementor-button-content-wrapper\">\n\t\t\t\t\t\t\t\t\t<span class=\"elementor-button-text\">Anfrage Angebot<\/span>\n\t\t\t\t\t<\/span>\n\t\t\t\t\t<\/a>\n\t\t\t\t<\/div>\n\t\t\t\t\t\t\t\t<\/div>\n\t\t\t\t<\/div>\n\t\t\t\t<\/div>\n\t\t<\/p>\t\t\t\t\t\t\t\t<\/div>\n\t\t\t\t<\/div>\n\t\t\t\t\t<\/div>\n\t\t<\/div>\n\t\t\t\t\t<\/div>\n\t\t<\/section>\n\t\t\t\t<\/div>\n\t\t","protected":false},"excerpt":{"rendered":"<p>AleaSoft hat die Alea Energy DataBase (AleaApp)\u00a0f\u00fcr die Zusammenstellung, Visualisierung und Analyse von Daten zu Energiem\u00e4rkten entwickelt. Die Alea Energy DataBase (AleaApp)\u00a0besteht aus Observatorien, die aus einer Reihe miteinander verbundener Zeitreihen bestehen. Zum Beispiel umfasst das spanische Strommarktobservatorium die MIBEL-Marktpreisreihen, die Nachfrage, die Temperatur und die Produktion nach Technologie. Das Brennstoffobservatorium enth\u00e4lt die Preise der [&hellip;]<\/p>\n","protected":false},"author":1,"featured_media":108576,"parent":44016,"menu_order":0,"comment_status":"closed","ping_status":"closed","template":"elementor_header_footer","meta":{"footnotes":""},"class_list":["post-108565","page","type-page","status-publish","has-post-thumbnail","hentry"],"yoast_head":"<!-- This site is optimized with the Yoast SEO Premium plugin v27.2 (Yoast SEO v27.3) - https:\/\/yoast.com\/product\/yoast-seo-premium-wordpress\/ -->\n<title>Alea Energy DataBase Online-Plattform (AleaApp) - AleaSoft Energy Forecasting<\/title>\n<meta name=\"robots\" content=\"index, follow, max-snippet:-1, max-image-preview:large, max-video-preview:-1\" \/>\n<link rel=\"canonical\" href=\"https:\/\/aleasoft.com\/de\/produkte-dienstleistungen\/alea-energy-database-aleaapp\/\" \/>\n<meta property=\"og:locale\" content=\"de_DE\" \/>\n<meta property=\"og:type\" content=\"article\" \/>\n<meta property=\"og:title\" content=\"Alea Energy DataBase Online-Plattform (AleaApp)\" \/>\n<meta property=\"og:description\" content=\"AleaSoft hat die Alea Energy DataBase (AleaApp)\u00a0f\u00fcr die Zusammenstellung, Visualisierung und Analyse von Daten zu Energiem\u00e4rkten entwickelt. Die Alea Energy DataBase (AleaApp)\u00a0besteht aus Observatorien, die aus einer Reihe miteinander verbundener Zeitreihen bestehen. Zum Beispiel umfasst das spanische Strommarktobservatorium die MIBEL-Marktpreisreihen, die Nachfrage, die Temperatur und die Produktion nach Technologie. Das Brennstoffobservatorium enth\u00e4lt die Preise der [&hellip;]\" \/>\n<meta property=\"og:url\" content=\"https:\/\/aleasoft.com\/de\/produkte-dienstleistungen\/alea-energy-database-aleaapp\/\" \/>\n<meta property=\"og:site_name\" content=\"AleaSoft Energy Forecasting\" \/>\n<meta property=\"article:publisher\" content=\"https:\/\/www.facebook.com\/AleaSoft\/\" \/>\n<meta property=\"article:modified_time\" content=\"2024-03-05T15:39:38+00:00\" \/>\n<meta property=\"og:image\" content=\"https:\/\/aleasoft.com\/wp-content\/uploads\/2021\/01\/aleaapp-observatory-spain-chart.png\" \/>\n\t<meta property=\"og:image:width\" content=\"3360\" \/>\n\t<meta property=\"og:image:height\" content=\"1176\" \/>\n\t<meta property=\"og:image:type\" content=\"image\/png\" \/>\n<meta name=\"twitter:card\" content=\"summary_large_image\" \/>\n<meta name=\"twitter:site\" content=\"@AleaSoftEnergy\" \/>\n<meta name=\"twitter:label1\" content=\"Gesch\u00e4tzte Lesezeit\" \/>\n\t<meta name=\"twitter:data1\" content=\"2\u00a0Minuten\" \/>\n<script type=\"application\/ld+json\" class=\"yoast-schema-graph\">{\"@context\":\"https:\\\/\\\/schema.org\",\"@graph\":[{\"@type\":\"WebPage\",\"@id\":\"https:\\\/\\\/aleasoft.com\\\/de\\\/produkte-dienstleistungen\\\/alea-energy-database-aleaapp\\\/\",\"url\":\"https:\\\/\\\/aleasoft.com\\\/de\\\/produkte-dienstleistungen\\\/alea-energy-database-aleaapp\\\/\",\"name\":\"Alea Energy DataBase Online-Plattform (AleaApp) - AleaSoft Energy Forecasting\",\"isPartOf\":{\"@id\":\"https:\\\/\\\/aleasoft.com\\\/#website\"},\"primaryImageOfPage\":{\"@id\":\"https:\\\/\\\/aleasoft.com\\\/de\\\/produkte-dienstleistungen\\\/alea-energy-database-aleaapp\\\/#primaryimage\"},\"image\":{\"@id\":\"https:\\\/\\\/aleasoft.com\\\/de\\\/produkte-dienstleistungen\\\/alea-energy-database-aleaapp\\\/#primaryimage\"},\"thumbnailUrl\":\"https:\\\/\\\/aleasoft.com\\\/wp-content\\\/uploads\\\/2021\\\/01\\\/aleaapp-observatory-spain-chart.png\",\"datePublished\":\"2021-01-19T10:37:25+00:00\",\"dateModified\":\"2024-03-05T15:39:38+00:00\",\"breadcrumb\":{\"@id\":\"https:\\\/\\\/aleasoft.com\\\/de\\\/produkte-dienstleistungen\\\/alea-energy-database-aleaapp\\\/#breadcrumb\"},\"inLanguage\":\"de\",\"potentialAction\":[{\"@type\":\"ReadAction\",\"target\":[\"https:\\\/\\\/aleasoft.com\\\/de\\\/produkte-dienstleistungen\\\/alea-energy-database-aleaapp\\\/\"]}]},{\"@type\":\"ImageObject\",\"inLanguage\":\"de\",\"@id\":\"https:\\\/\\\/aleasoft.com\\\/de\\\/produkte-dienstleistungen\\\/alea-energy-database-aleaapp\\\/#primaryimage\",\"url\":\"https:\\\/\\\/aleasoft.com\\\/wp-content\\\/uploads\\\/2021\\\/01\\\/aleaapp-observatory-spain-chart.png\",\"contentUrl\":\"https:\\\/\\\/aleasoft.com\\\/wp-content\\\/uploads\\\/2021\\\/01\\\/aleaapp-observatory-spain-chart.png\",\"width\":3360,\"height\":1176},{\"@type\":\"BreadcrumbList\",\"@id\":\"https:\\\/\\\/aleasoft.com\\\/de\\\/produkte-dienstleistungen\\\/alea-energy-database-aleaapp\\\/#breadcrumb\",\"itemListElement\":[{\"@type\":\"ListItem\",\"position\":1,\"name\":\"Home\",\"item\":\"https:\\\/\\\/aleasoft.com\\\/\"},{\"@type\":\"ListItem\",\"position\":2,\"name\":\"Dienstleistungen\",\"item\":\"https:\\\/\\\/aleasoft.com\\\/de\\\/produkte-dienstleistungen\\\/\"},{\"@type\":\"ListItem\",\"position\":3,\"name\":\"Alea Energy DataBase Online-Plattform (AleaApp)\"}]},{\"@type\":\"WebSite\",\"@id\":\"https:\\\/\\\/aleasoft.com\\\/#website\",\"url\":\"https:\\\/\\\/aleasoft.com\\\/\",\"name\":\"AleaSoft Energy Forecasting\",\"description\":\"Energy Forecasting\",\"publisher\":{\"@id\":\"https:\\\/\\\/aleasoft.com\\\/#organization\"},\"potentialAction\":[{\"@type\":\"SearchAction\",\"target\":{\"@type\":\"EntryPoint\",\"urlTemplate\":\"https:\\\/\\\/aleasoft.com\\\/?s={search_term_string}\"},\"query-input\":{\"@type\":\"PropertyValueSpecification\",\"valueRequired\":true,\"valueName\":\"search_term_string\"}}],\"inLanguage\":\"de\"},{\"@type\":\"Organization\",\"@id\":\"https:\\\/\\\/aleasoft.com\\\/#organization\",\"name\":\"AleaSoft Energy Forecasting\",\"url\":\"https:\\\/\\\/aleasoft.com\\\/\",\"logo\":{\"@type\":\"ImageObject\",\"inLanguage\":\"de\",\"@id\":\"https:\\\/\\\/aleasoft.com\\\/#\\\/schema\\\/logo\\\/image\\\/\",\"url\":\"https:\\\/\\\/aleasoft.com\\\/wp-content\\\/uploads\\\/2020\\\/01\\\/logo-alea-25.svg\",\"contentUrl\":\"https:\\\/\\\/aleasoft.com\\\/wp-content\\\/uploads\\\/2020\\\/01\\\/logo-alea-25.svg\",\"width\":7047,\"height\":1416,\"caption\":\"AleaSoft Energy Forecasting\"},\"image\":{\"@id\":\"https:\\\/\\\/aleasoft.com\\\/#\\\/schema\\\/logo\\\/image\\\/\"},\"sameAs\":[\"https:\\\/\\\/www.facebook.com\\\/AleaSoft\\\/\",\"https:\\\/\\\/x.com\\\/AleaSoftEnergy\",\"https:\\\/\\\/www.linkedin.com\\\/company\\\/aleasoft\\\/\"]}]}<\/script>\n<!-- \/ Yoast SEO Premium plugin. -->","yoast_head_json":{"title":"Alea Energy DataBase Online-Plattform (AleaApp) - AleaSoft Energy Forecasting","robots":{"index":"index","follow":"follow","max-snippet":"max-snippet:-1","max-image-preview":"max-image-preview:large","max-video-preview":"max-video-preview:-1"},"canonical":"https:\/\/aleasoft.com\/de\/produkte-dienstleistungen\/alea-energy-database-aleaapp\/","og_locale":"de_DE","og_type":"article","og_title":"Alea Energy DataBase Online-Plattform (AleaApp)","og_description":"AleaSoft hat die Alea Energy DataBase (AleaApp)\u00a0f\u00fcr die Zusammenstellung, Visualisierung und Analyse von Daten zu Energiem\u00e4rkten entwickelt. Die Alea Energy DataBase (AleaApp)\u00a0besteht aus Observatorien, die aus einer Reihe miteinander verbundener Zeitreihen bestehen. Zum Beispiel umfasst das spanische Strommarktobservatorium die MIBEL-Marktpreisreihen, die Nachfrage, die Temperatur und die Produktion nach Technologie. Das Brennstoffobservatorium enth\u00e4lt die Preise der [&hellip;]","og_url":"https:\/\/aleasoft.com\/de\/produkte-dienstleistungen\/alea-energy-database-aleaapp\/","og_site_name":"AleaSoft Energy Forecasting","article_publisher":"https:\/\/www.facebook.com\/AleaSoft\/","article_modified_time":"2024-03-05T15:39:38+00:00","og_image":[{"width":3360,"height":1176,"url":"https:\/\/aleasoft.com\/wp-content\/uploads\/2021\/01\/aleaapp-observatory-spain-chart.png","type":"image\/png"}],"twitter_card":"summary_large_image","twitter_site":"@AleaSoftEnergy","twitter_misc":{"Gesch\u00e4tzte Lesezeit":"2\u00a0Minuten"},"schema":{"@context":"https:\/\/schema.org","@graph":[{"@type":"WebPage","@id":"https:\/\/aleasoft.com\/de\/produkte-dienstleistungen\/alea-energy-database-aleaapp\/","url":"https:\/\/aleasoft.com\/de\/produkte-dienstleistungen\/alea-energy-database-aleaapp\/","name":"Alea Energy DataBase Online-Plattform (AleaApp) - AleaSoft Energy Forecasting","isPartOf":{"@id":"https:\/\/aleasoft.com\/#website"},"primaryImageOfPage":{"@id":"https:\/\/aleasoft.com\/de\/produkte-dienstleistungen\/alea-energy-database-aleaapp\/#primaryimage"},"image":{"@id":"https:\/\/aleasoft.com\/de\/produkte-dienstleistungen\/alea-energy-database-aleaapp\/#primaryimage"},"thumbnailUrl":"https:\/\/aleasoft.com\/wp-content\/uploads\/2021\/01\/aleaapp-observatory-spain-chart.png","datePublished":"2021-01-19T10:37:25+00:00","dateModified":"2024-03-05T15:39:38+00:00","breadcrumb":{"@id":"https:\/\/aleasoft.com\/de\/produkte-dienstleistungen\/alea-energy-database-aleaapp\/#breadcrumb"},"inLanguage":"de","potentialAction":[{"@type":"ReadAction","target":["https:\/\/aleasoft.com\/de\/produkte-dienstleistungen\/alea-energy-database-aleaapp\/"]}]},{"@type":"ImageObject","inLanguage":"de","@id":"https:\/\/aleasoft.com\/de\/produkte-dienstleistungen\/alea-energy-database-aleaapp\/#primaryimage","url":"https:\/\/aleasoft.com\/wp-content\/uploads\/2021\/01\/aleaapp-observatory-spain-chart.png","contentUrl":"https:\/\/aleasoft.com\/wp-content\/uploads\/2021\/01\/aleaapp-observatory-spain-chart.png","width":3360,"height":1176},{"@type":"BreadcrumbList","@id":"https:\/\/aleasoft.com\/de\/produkte-dienstleistungen\/alea-energy-database-aleaapp\/#breadcrumb","itemListElement":[{"@type":"ListItem","position":1,"name":"Home","item":"https:\/\/aleasoft.com\/"},{"@type":"ListItem","position":2,"name":"Dienstleistungen","item":"https:\/\/aleasoft.com\/de\/produkte-dienstleistungen\/"},{"@type":"ListItem","position":3,"name":"Alea Energy DataBase Online-Plattform (AleaApp)"}]},{"@type":"WebSite","@id":"https:\/\/aleasoft.com\/#website","url":"https:\/\/aleasoft.com\/","name":"AleaSoft Energy Forecasting","description":"Energy Forecasting","publisher":{"@id":"https:\/\/aleasoft.com\/#organization"},"potentialAction":[{"@type":"SearchAction","target":{"@type":"EntryPoint","urlTemplate":"https:\/\/aleasoft.com\/?s={search_term_string}"},"query-input":{"@type":"PropertyValueSpecification","valueRequired":true,"valueName":"search_term_string"}}],"inLanguage":"de"},{"@type":"Organization","@id":"https:\/\/aleasoft.com\/#organization","name":"AleaSoft Energy Forecasting","url":"https:\/\/aleasoft.com\/","logo":{"@type":"ImageObject","inLanguage":"de","@id":"https:\/\/aleasoft.com\/#\/schema\/logo\/image\/","url":"https:\/\/aleasoft.com\/wp-content\/uploads\/2020\/01\/logo-alea-25.svg","contentUrl":"https:\/\/aleasoft.com\/wp-content\/uploads\/2020\/01\/logo-alea-25.svg","width":7047,"height":1416,"caption":"AleaSoft Energy Forecasting"},"image":{"@id":"https:\/\/aleasoft.com\/#\/schema\/logo\/image\/"},"sameAs":["https:\/\/www.facebook.com\/AleaSoft\/","https:\/\/x.com\/AleaSoftEnergy","https:\/\/www.linkedin.com\/company\/aleasoft\/"]}]}},"_links":{"self":[{"href":"https:\/\/aleasoft.com\/de\/wp-json\/wp\/v2\/pages\/108565","targetHints":{"allow":["GET"]}}],"collection":[{"href":"https:\/\/aleasoft.com\/de\/wp-json\/wp\/v2\/pages"}],"about":[{"href":"https:\/\/aleasoft.com\/de\/wp-json\/wp\/v2\/types\/page"}],"author":[{"embeddable":true,"href":"https:\/\/aleasoft.com\/de\/wp-json\/wp\/v2\/users\/1"}],"replies":[{"embeddable":true,"href":"https:\/\/aleasoft.com\/de\/wp-json\/wp\/v2\/comments?post=108565"}],"version-history":[{"count":0,"href":"https:\/\/aleasoft.com\/de\/wp-json\/wp\/v2\/pages\/108565\/revisions"}],"up":[{"embeddable":true,"href":"https:\/\/aleasoft.com\/de\/wp-json\/wp\/v2\/pages\/44016"}],"wp:featuredmedia":[{"embeddable":true,"href":"https:\/\/aleasoft.com\/de\/wp-json\/wp\/v2\/media\/108576"}],"wp:attachment":[{"href":"https:\/\/aleasoft.com\/de\/wp-json\/wp\/v2\/media?parent=108565"}],"curies":[{"name":"wp","href":"https:\/\/api.w.org\/{rel}","templated":true}]}}