{"id":119349,"date":"2020-09-22T16:49:05","date_gmt":"2020-09-22T14:49:05","guid":{"rendered":"https:\/\/aleasoft.com\/?page_id=119349"},"modified":"2021-09-28T09:22:10","modified_gmt":"2021-09-28T07:22:10","slug":"qualitaetspolitik","status":"publish","type":"page","link":"https:\/\/aleasoft.com\/de\/qualitaetspolitik\/","title":{"rendered":"Qualit\u00e4tspolitik"},"content":{"rendered":"\t\t<div data-elementor-type=\"wp-page\" data-elementor-id=\"119349\" class=\"elementor elementor-119349\" data-elementor-post-type=\"page\">\n\t\t\t\t\t\t<section class=\"elementor-section elementor-top-section elementor-element elementor-element-afaa3cf elementor-section-boxed elementor-section-height-default elementor-section-height-default\" data-id=\"afaa3cf\" data-element_type=\"section\" data-e-type=\"section\">\n\t\t\t\t\t\t<div class=\"elementor-container elementor-column-gap-default\">\n\t\t\t\t\t<div class=\"elementor-column elementor-col-100 elementor-top-column elementor-element elementor-element-af4859f\" data-id=\"af4859f\" data-element_type=\"column\" data-e-type=\"column\">\n\t\t\t<div class=\"elementor-widget-wrap elementor-element-populated\">\n\t\t\t\t\t\t<div class=\"elementor-element elementor-element-d17773a elementor-widget elementor-widget-spacer\" data-id=\"d17773a\" data-element_type=\"widget\" data-e-type=\"widget\" data-widget_type=\"spacer.default\">\n\t\t\t\t<div class=\"elementor-widget-container\">\n\t\t\t\t\t\t\t<div class=\"elementor-spacer\">\n\t\t\t<div class=\"elementor-spacer-inner\"><\/div>\n\t\t<\/div>\n\t\t\t\t\t\t<\/div>\n\t\t\t\t<\/div>\n\t\t\t\t<div class=\"elementor-element elementor-element-5ea023c elementor-widget elementor-widget-heading\" data-id=\"5ea023c\" data-element_type=\"widget\" data-e-type=\"widget\" data-widget_type=\"heading.default\">\n\t\t\t\t<div class=\"elementor-widget-container\">\n\t\t\t\t\t<h1 class=\"elementor-heading-title elementor-size-default\">Qualit\u00e4tspolitik<\/h1>\t\t\t\t<\/div>\n\t\t\t\t<\/div>\n\t\t\t\t<div class=\"elementor-element elementor-element-b29ae4d elementor-widget elementor-widget-spacer\" data-id=\"b29ae4d\" data-element_type=\"widget\" data-e-type=\"widget\" data-widget_type=\"spacer.default\">\n\t\t\t\t<div class=\"elementor-widget-container\">\n\t\t\t\t\t\t\t<div class=\"elementor-spacer\">\n\t\t\t<div class=\"elementor-spacer-inner\"><\/div>\n\t\t<\/div>\n\t\t\t\t\t\t<\/div>\n\t\t\t\t<\/div>\n\t\t\t\t\t<\/div>\n\t\t<\/div>\n\t\t\t\t\t<\/div>\n\t\t<\/section>\n\t\t\t\t<section class=\"elementor-section elementor-top-section elementor-element elementor-element-5a6b271 elementor-section-boxed elementor-section-height-default elementor-section-height-default\" data-id=\"5a6b271\" data-element_type=\"section\" data-e-type=\"section\">\n\t\t\t\t\t\t<div class=\"elementor-container elementor-column-gap-default\">\n\t\t\t\t\t<div class=\"elementor-column elementor-col-100 elementor-top-column elementor-element elementor-element-4ac9a6e\" data-id=\"4ac9a6e\" data-element_type=\"column\" data-e-type=\"column\">\n\t\t\t<div class=\"elementor-widget-wrap elementor-element-populated\">\n\t\t\t\t\t\t<div class=\"elementor-element elementor-element-aec4576 elementor-widget elementor-widget-text-editor\" data-id=\"aec4576\" data-element_type=\"widget\" data-e-type=\"widget\" data-widget_type=\"text-editor.default\">\n\t\t\t\t<div class=\"elementor-widget-container\">\n\t\t\t\t\t\t\t\t\t<p>Die Firma Alea Business Software S.L. (<strong>AleaSoft<\/strong>) bietet L\u00f6sungen f\u00fcr den Energiesektor und bietet seinen Kunden eine Reihe von Produkten und Dienstleistungen im Bereich Bedarfsprognosen, Erzeugung erneuerbarer Energien und Energiemarktpreise.<\/p><p>Die Aktivit\u00e4t, die Alea Business Software S.L. (<strong>AleaSoft<\/strong>) betrachtet in \u00dcbereinstimmung mit der geforderten Qualit\u00e4t nach dem Internationalen Standard ISO 9001:2015:<\/p><p style=\"text-align: center;\"><strong>Entwicklung, Kommerzialisierung und Pflege von statistischen Prognosemodellen f\u00fcr den Energiesektor<\/strong><\/p><p>Die Grundsatzerkl\u00e4rung enth\u00e4lt als Richtlinien:<\/p><ol><li>Verpflichtung zur Einhaltung geltender Anforderungen, einschlie\u00dflich rechtlicher.<\/li><li>Aus den in der durchgef\u00fchrten Kontextanalyse definierten strategischen Linien wurden die Unternehmensziele definiert, die auf allen Ebenen unserer Struktur verbreitet wurden.<\/li><li>Implementieren Sie die Qualit\u00e4tsindikatoren und \u00fcberwachen Sie ihren Fortschritt, damit wir das Produkt und das von unserem Kunden gew\u00fcnschte Qualit\u00e4tsniveau kennen und sicherstellen k\u00f6nnen.<\/li><li>Stellen Sie sicher, dass die Arbeitsbedingungen optimal sind, indem Sie die Risiken, die in den Prozessen auftreten k\u00f6nnen, bewerten, so weit wie m\u00f6glich eliminieren und die bewerteten reduzieren.<\/li><li>Kontinuierliche Schulungsprogramme entwickeln, die auf eine bessere Qualifizierung unserer Mitarbeiter abzielen und so alle Mitarbeiter in die Erreichung aller in diesem Dokument festgelegten Ziele einbeziehen.<\/li><li>Verpflichtung zur kontinuierlichen Verbesserung des im Unternehmen implementierten Managementsystems.<\/li><\/ol><ol><li>F\u00f6rdern und erreichen Sie ein motivierendes Umfeld f\u00fcr alle Mitglieder des Unternehmens.<\/li><\/ol><p>\u00a0<\/p><p>Die Strategie des Unternehmens umfasst die Entwicklung und Innovation der angebotenen Dienstleistungen, um sich an die Bed\u00fcrfnisse des Marktes und der Kunden anzupassen, sowie die st\u00e4ndige Verbesserung der Qualit\u00e4t, um sich als globale Referenz im Bereich der Prognosen im Energiesektor zu positionieren.<\/p><p>Die Gesch\u00e4ftsf\u00fchrung macht diese Richtlinie zug\u00e4nglich und stellt sie ihren Kunden, allen ihren Mitarbeitern, Lieferanten und Interessenten zur Verf\u00fcgung.<\/p><p>Die Richtlinie wird durch regelm\u00e4\u00dfige \u00dcberpr\u00fcfungen, die mit den \u00dcberpr\u00fcfungen des Systems durch das Management zusammenfallen, auf dem neuesten Stand gehalten, um \u00c4nderungen der Umgebungsbedingungen und der erhaltenen Informationen zu ber\u00fccksichtigen. In diesem Sinne stellt und wird die Gesch\u00e4ftsf\u00fchrung alle personellen, technischen und wirtschaftlichen Mittel bereitstellen, die erforderlich sind, um die planm\u00e4\u00dfig und regelm\u00e4\u00dfig festgelegten Ziele und Ziele zu erreichen.<\/p>\t\t\t\t\t\t\t\t<\/div>\n\t\t\t\t<\/div>\n\t\t\t\t<div class=\"elementor-element elementor-element-0bdf329 elementor-widget elementor-widget-spacer\" data-id=\"0bdf329\" data-element_type=\"widget\" data-e-type=\"widget\" data-widget_type=\"spacer.default\">\n\t\t\t\t<div class=\"elementor-widget-container\">\n\t\t\t\t\t\t\t<div class=\"elementor-spacer\">\n\t\t\t<div class=\"elementor-spacer-inner\"><\/div>\n\t\t<\/div>\n\t\t\t\t\t\t<\/div>\n\t\t\t\t<\/div>\n\t\t\t\t\t<\/div>\n\t\t<\/div>\n\t\t\t\t\t<\/div>\n\t\t<\/section>\n\t\t\t\t<\/div>\n\t\t","protected":false},"excerpt":{"rendered":"<p>Die Firma Alea Business Software S.L. (AleaSoft) bietet L\u00f6sungen f\u00fcr den Energiesektor und bietet seinen Kunden eine Reihe von Produkten und Dienstleistungen im Bereich Bedarfsprognosen, Erzeugung erneuerbarer Energien und Energiemarktpreise. Die Aktivit\u00e4t, die Alea Business Software S.L. (AleaSoft) betrachtet in \u00dcbereinstimmung mit der geforderten Qualit\u00e4t nach dem Internationalen Standard ISO 9001:2015: Entwicklung, Kommerzialisierung und Pflege [&hellip;]<\/p>\n","protected":false},"author":1,"featured_media":95744,"parent":0,"menu_order":0,"comment_status":"closed","ping_status":"closed","template":"elementor_header_footer","meta":{"footnotes":""},"class_list":["post-119349","page","type-page","status-publish","has-post-thumbnail","hentry"],"yoast_head":"<!-- This site is optimized with the Yoast SEO Premium plugin v27.5 (Yoast SEO v27.5) - https:\/\/yoast.com\/product\/yoast-seo-premium-wordpress\/ -->\n<title>Qualit\u00e4tspolitik - AleaSoft Energy Forecasting<\/title>\n<meta name=\"description\" content=\"Qualit\u00e4tspolitik von Alea Business Software S.L. (AleaSoft)\" \/>\n<meta name=\"robots\" content=\"index, follow, max-snippet:-1, max-image-preview:large, max-video-preview:-1\" \/>\n<link rel=\"canonical\" href=\"https:\/\/aleasoft.com\/de\/qualitaetspolitik\/\" \/>\n<meta property=\"og:locale\" content=\"de_DE\" \/>\n<meta property=\"og:type\" content=\"article\" \/>\n<meta property=\"og:title\" content=\"Qualit\u00e4tspolitik\" \/>\n<meta property=\"og:description\" content=\"Qualit\u00e4tspolitik von Alea Business Software S.L. (AleaSoft)\" \/>\n<meta property=\"og:url\" content=\"https:\/\/aleasoft.com\/de\/qualitaetspolitik\/\" \/>\n<meta property=\"og:site_name\" content=\"AleaSoft Energy Forecasting\" \/>\n<meta property=\"article:publisher\" content=\"https:\/\/www.facebook.com\/AleaSoft\/\" \/>\n<meta property=\"article:modified_time\" content=\"2021-09-28T07:22:10+00:00\" \/>\n<meta property=\"og:image\" content=\"https:\/\/aleasoft.com\/wp-content\/uploads\/2020\/06\/20200623-AleaSoft_logo_featured_image.jpg\" \/>\n\t<meta property=\"og:image:width\" content=\"1280\" \/>\n\t<meta property=\"og:image:height\" content=\"1266\" \/>\n\t<meta property=\"og:image:type\" content=\"image\/jpeg\" \/>\n<meta name=\"twitter:card\" content=\"summary_large_image\" \/>\n<meta name=\"twitter:site\" content=\"@AleaSoftEnergy\" \/>\n<meta name=\"twitter:label1\" content=\"Gesch\u00e4tzte Lesezeit\" \/>\n\t<meta name=\"twitter:data1\" content=\"2\u00a0Minuten\" \/>\n<script type=\"application\/ld+json\" class=\"yoast-schema-graph\">{\"@context\":\"https:\\\/\\\/schema.org\",\"@graph\":[{\"@type\":\"WebPage\",\"@id\":\"https:\\\/\\\/aleasoft.com\\\/de\\\/qualitaetspolitik\\\/\",\"url\":\"https:\\\/\\\/aleasoft.com\\\/de\\\/qualitaetspolitik\\\/\",\"name\":\"Qualit\u00e4tspolitik - AleaSoft Energy Forecasting\",\"isPartOf\":{\"@id\":\"https:\\\/\\\/aleasoft.com\\\/#website\"},\"primaryImageOfPage\":{\"@id\":\"https:\\\/\\\/aleasoft.com\\\/de\\\/qualitaetspolitik\\\/#primaryimage\"},\"image\":{\"@id\":\"https:\\\/\\\/aleasoft.com\\\/de\\\/qualitaetspolitik\\\/#primaryimage\"},\"thumbnailUrl\":\"https:\\\/\\\/aleasoft.com\\\/wp-content\\\/uploads\\\/2020\\\/06\\\/20200623-AleaSoft_logo_featured_image.jpg\",\"datePublished\":\"2020-09-22T14:49:05+00:00\",\"dateModified\":\"2021-09-28T07:22:10+00:00\",\"description\":\"Qualit\u00e4tspolitik von Alea Business Software S.L. (AleaSoft)\",\"breadcrumb\":{\"@id\":\"https:\\\/\\\/aleasoft.com\\\/de\\\/qualitaetspolitik\\\/#breadcrumb\"},\"inLanguage\":\"de\",\"potentialAction\":[{\"@type\":\"ReadAction\",\"target\":[\"https:\\\/\\\/aleasoft.com\\\/de\\\/qualitaetspolitik\\\/\"]}]},{\"@type\":\"ImageObject\",\"inLanguage\":\"de\",\"@id\":\"https:\\\/\\\/aleasoft.com\\\/de\\\/qualitaetspolitik\\\/#primaryimage\",\"url\":\"https:\\\/\\\/aleasoft.com\\\/wp-content\\\/uploads\\\/2020\\\/06\\\/20200623-AleaSoft_logo_featured_image.jpg\",\"contentUrl\":\"https:\\\/\\\/aleasoft.com\\\/wp-content\\\/uploads\\\/2020\\\/06\\\/20200623-AleaSoft_logo_featured_image.jpg\",\"width\":1280,\"height\":1266},{\"@type\":\"BreadcrumbList\",\"@id\":\"https:\\\/\\\/aleasoft.com\\\/de\\\/qualitaetspolitik\\\/#breadcrumb\",\"itemListElement\":[{\"@type\":\"ListItem\",\"position\":1,\"name\":\"Home\",\"item\":\"https:\\\/\\\/aleasoft.com\\\/\"},{\"@type\":\"ListItem\",\"position\":2,\"name\":\"Qualit\u00e4tspolitik\"}]},{\"@type\":\"WebSite\",\"@id\":\"https:\\\/\\\/aleasoft.com\\\/#website\",\"url\":\"https:\\\/\\\/aleasoft.com\\\/\",\"name\":\"AleaSoft Energy Forecasting\",\"description\":\"Energy Forecasting\",\"publisher\":{\"@id\":\"https:\\\/\\\/aleasoft.com\\\/#organization\"},\"potentialAction\":[{\"@type\":\"SearchAction\",\"target\":{\"@type\":\"EntryPoint\",\"urlTemplate\":\"https:\\\/\\\/aleasoft.com\\\/?s={search_term_string}\"},\"query-input\":{\"@type\":\"PropertyValueSpecification\",\"valueRequired\":true,\"valueName\":\"search_term_string\"}}],\"inLanguage\":\"de\"},{\"@type\":\"Organization\",\"@id\":\"https:\\\/\\\/aleasoft.com\\\/#organization\",\"name\":\"AleaSoft Energy Forecasting\",\"url\":\"https:\\\/\\\/aleasoft.com\\\/\",\"logo\":{\"@type\":\"ImageObject\",\"inLanguage\":\"de\",\"@id\":\"https:\\\/\\\/aleasoft.com\\\/#\\\/schema\\\/logo\\\/image\\\/\",\"url\":\"https:\\\/\\\/aleasoft.com\\\/wp-content\\\/uploads\\\/2020\\\/01\\\/logo-alea-25.svg\",\"contentUrl\":\"https:\\\/\\\/aleasoft.com\\\/wp-content\\\/uploads\\\/2020\\\/01\\\/logo-alea-25.svg\",\"width\":7047,\"height\":1416,\"caption\":\"AleaSoft Energy Forecasting\"},\"image\":{\"@id\":\"https:\\\/\\\/aleasoft.com\\\/#\\\/schema\\\/logo\\\/image\\\/\"},\"sameAs\":[\"https:\\\/\\\/www.facebook.com\\\/AleaSoft\\\/\",\"https:\\\/\\\/x.com\\\/AleaSoftEnergy\",\"https:\\\/\\\/www.linkedin.com\\\/company\\\/aleasoft\\\/\"]}]}<\/script>\n<!-- \/ Yoast SEO Premium plugin. -->","yoast_head_json":{"title":"Qualit\u00e4tspolitik - AleaSoft Energy Forecasting","description":"Qualit\u00e4tspolitik von Alea Business Software S.L. (AleaSoft)","robots":{"index":"index","follow":"follow","max-snippet":"max-snippet:-1","max-image-preview":"max-image-preview:large","max-video-preview":"max-video-preview:-1"},"canonical":"https:\/\/aleasoft.com\/de\/qualitaetspolitik\/","og_locale":"de_DE","og_type":"article","og_title":"Qualit\u00e4tspolitik","og_description":"Qualit\u00e4tspolitik von Alea Business Software S.L. (AleaSoft)","og_url":"https:\/\/aleasoft.com\/de\/qualitaetspolitik\/","og_site_name":"AleaSoft Energy Forecasting","article_publisher":"https:\/\/www.facebook.com\/AleaSoft\/","article_modified_time":"2021-09-28T07:22:10+00:00","og_image":[{"width":1280,"height":1266,"url":"https:\/\/aleasoft.com\/wp-content\/uploads\/2020\/06\/20200623-AleaSoft_logo_featured_image.jpg","type":"image\/jpeg"}],"twitter_card":"summary_large_image","twitter_site":"@AleaSoftEnergy","twitter_misc":{"Gesch\u00e4tzte Lesezeit":"2\u00a0Minuten"},"schema":{"@context":"https:\/\/schema.org","@graph":[{"@type":"WebPage","@id":"https:\/\/aleasoft.com\/de\/qualitaetspolitik\/","url":"https:\/\/aleasoft.com\/de\/qualitaetspolitik\/","name":"Qualit\u00e4tspolitik - AleaSoft Energy Forecasting","isPartOf":{"@id":"https:\/\/aleasoft.com\/#website"},"primaryImageOfPage":{"@id":"https:\/\/aleasoft.com\/de\/qualitaetspolitik\/#primaryimage"},"image":{"@id":"https:\/\/aleasoft.com\/de\/qualitaetspolitik\/#primaryimage"},"thumbnailUrl":"https:\/\/aleasoft.com\/wp-content\/uploads\/2020\/06\/20200623-AleaSoft_logo_featured_image.jpg","datePublished":"2020-09-22T14:49:05+00:00","dateModified":"2021-09-28T07:22:10+00:00","description":"Qualit\u00e4tspolitik von Alea Business Software S.L. (AleaSoft)","breadcrumb":{"@id":"https:\/\/aleasoft.com\/de\/qualitaetspolitik\/#breadcrumb"},"inLanguage":"de","potentialAction":[{"@type":"ReadAction","target":["https:\/\/aleasoft.com\/de\/qualitaetspolitik\/"]}]},{"@type":"ImageObject","inLanguage":"de","@id":"https:\/\/aleasoft.com\/de\/qualitaetspolitik\/#primaryimage","url":"https:\/\/aleasoft.com\/wp-content\/uploads\/2020\/06\/20200623-AleaSoft_logo_featured_image.jpg","contentUrl":"https:\/\/aleasoft.com\/wp-content\/uploads\/2020\/06\/20200623-AleaSoft_logo_featured_image.jpg","width":1280,"height":1266},{"@type":"BreadcrumbList","@id":"https:\/\/aleasoft.com\/de\/qualitaetspolitik\/#breadcrumb","itemListElement":[{"@type":"ListItem","position":1,"name":"Home","item":"https:\/\/aleasoft.com\/"},{"@type":"ListItem","position":2,"name":"Qualit\u00e4tspolitik"}]},{"@type":"WebSite","@id":"https:\/\/aleasoft.com\/#website","url":"https:\/\/aleasoft.com\/","name":"AleaSoft Energy Forecasting","description":"Energy Forecasting","publisher":{"@id":"https:\/\/aleasoft.com\/#organization"},"potentialAction":[{"@type":"SearchAction","target":{"@type":"EntryPoint","urlTemplate":"https:\/\/aleasoft.com\/?s={search_term_string}"},"query-input":{"@type":"PropertyValueSpecification","valueRequired":true,"valueName":"search_term_string"}}],"inLanguage":"de"},{"@type":"Organization","@id":"https:\/\/aleasoft.com\/#organization","name":"AleaSoft Energy Forecasting","url":"https:\/\/aleasoft.com\/","logo":{"@type":"ImageObject","inLanguage":"de","@id":"https:\/\/aleasoft.com\/#\/schema\/logo\/image\/","url":"https:\/\/aleasoft.com\/wp-content\/uploads\/2020\/01\/logo-alea-25.svg","contentUrl":"https:\/\/aleasoft.com\/wp-content\/uploads\/2020\/01\/logo-alea-25.svg","width":7047,"height":1416,"caption":"AleaSoft Energy Forecasting"},"image":{"@id":"https:\/\/aleasoft.com\/#\/schema\/logo\/image\/"},"sameAs":["https:\/\/www.facebook.com\/AleaSoft\/","https:\/\/x.com\/AleaSoftEnergy","https:\/\/www.linkedin.com\/company\/aleasoft\/"]}]}},"_links":{"self":[{"href":"https:\/\/aleasoft.com\/de\/wp-json\/wp\/v2\/pages\/119349","targetHints":{"allow":["GET"]}}],"collection":[{"href":"https:\/\/aleasoft.com\/de\/wp-json\/wp\/v2\/pages"}],"about":[{"href":"https:\/\/aleasoft.com\/de\/wp-json\/wp\/v2\/types\/page"}],"author":[{"embeddable":true,"href":"https:\/\/aleasoft.com\/de\/wp-json\/wp\/v2\/users\/1"}],"replies":[{"embeddable":true,"href":"https:\/\/aleasoft.com\/de\/wp-json\/wp\/v2\/comments?post=119349"}],"version-history":[{"count":0,"href":"https:\/\/aleasoft.com\/de\/wp-json\/wp\/v2\/pages\/119349\/revisions"}],"wp:featuredmedia":[{"embeddable":true,"href":"https:\/\/aleasoft.com\/de\/wp-json\/wp\/v2\/media\/95744"}],"wp:attachment":[{"href":"https:\/\/aleasoft.com\/de\/wp-json\/wp\/v2\/media?parent=119349"}],"curies":[{"name":"wp","href":"https:\/\/api.w.org\/{rel}","templated":true}]}}