{"id":125057,"date":"2020-01-20T12:49:29","date_gmt":"2020-01-20T11:49:29","guid":{"rendered":"https:\/\/aleasoft.com\/?page_id=125057"},"modified":"2022-01-19T09:52:20","modified_gmt":"2022-01-19T08:52:20","slug":"gelegenheiten-fuer-geschaefte","status":"publish","type":"page","link":"https:\/\/aleasoft.com\/de\/gelegenheiten-fuer-geschaefte\/","title":{"rendered":"Gelegenheiten f\u00fcr Gesch\u00e4fte"},"content":{"rendered":"\t\t<div data-elementor-type=\"wp-page\" data-elementor-id=\"125057\" class=\"elementor elementor-125057\" data-elementor-post-type=\"page\">\n\t\t\t\t\t\t<section class=\"elementor-section elementor-top-section elementor-element elementor-element-099c206 elementor-section-boxed elementor-section-height-default elementor-section-height-default\" data-id=\"099c206\" data-element_type=\"section\" data-e-type=\"section\">\n\t\t\t\t\t\t<div class=\"elementor-container elementor-column-gap-default\">\n\t\t\t\t\t<div class=\"elementor-column elementor-col-100 elementor-top-column elementor-element elementor-element-acdf66c\" data-id=\"acdf66c\" data-element_type=\"column\" data-e-type=\"column\">\n\t\t\t<div class=\"elementor-widget-wrap elementor-element-populated\">\n\t\t\t\t\t\t<div class=\"elementor-element elementor-element-005ae36 elementor-widget elementor-widget-spacer\" data-id=\"005ae36\" data-element_type=\"widget\" data-e-type=\"widget\" data-widget_type=\"spacer.default\">\n\t\t\t\t<div class=\"elementor-widget-container\">\n\t\t\t\t\t\t\t<div class=\"elementor-spacer\">\n\t\t\t<div class=\"elementor-spacer-inner\"><\/div>\n\t\t<\/div>\n\t\t\t\t\t\t<\/div>\n\t\t\t\t<\/div>\n\t\t\t\t<div class=\"elementor-element elementor-element-bb76d43 elementor-widget elementor-widget-heading\" data-id=\"bb76d43\" data-element_type=\"widget\" data-e-type=\"widget\" data-widget_type=\"heading.default\">\n\t\t\t\t<div class=\"elementor-widget-container\">\n\t\t\t\t\t<h2 class=\"elementor-heading-title elementor-size-default\">Gelegenheiten f\u00fcr Gesch\u00e4fte<\/h2>\t\t\t\t<\/div>\n\t\t\t\t<\/div>\n\t\t\t\t<div class=\"elementor-element elementor-element-8827c53 elementor-widget elementor-widget-spacer\" data-id=\"8827c53\" data-element_type=\"widget\" data-e-type=\"widget\" data-widget_type=\"spacer.default\">\n\t\t\t\t<div class=\"elementor-widget-container\">\n\t\t\t\t\t\t\t<div class=\"elementor-spacer\">\n\t\t\t<div class=\"elementor-spacer-inner\"><\/div>\n\t\t<\/div>\n\t\t\t\t\t\t<\/div>\n\t\t\t\t<\/div>\n\t\t\t\t\t<\/div>\n\t\t<\/div>\n\t\t\t\t\t<\/div>\n\t\t<\/section>\n\t\t\t\t<section class=\"elementor-section elementor-top-section elementor-element elementor-element-0da01ef elementor-section-boxed elementor-section-height-default elementor-section-height-default\" data-id=\"0da01ef\" data-element_type=\"section\" data-e-type=\"section\">\n\t\t\t\t\t\t<div class=\"elementor-container elementor-column-gap-default\">\n\t\t\t\t\t<div class=\"elementor-column elementor-col-100 elementor-top-column elementor-element elementor-element-5236dc0\" data-id=\"5236dc0\" data-element_type=\"column\" data-e-type=\"column\">\n\t\t\t<div class=\"elementor-widget-wrap elementor-element-populated\">\n\t\t\t\t\t\t<div class=\"elementor-element elementor-element-c0aa0f3 elementor-widget elementor-widget-text-editor\" data-id=\"c0aa0f3\" data-element_type=\"widget\" data-e-type=\"widget\" data-widget_type=\"text-editor.default\">\n\t\t\t\t<div class=\"elementor-widget-container\">\n\t\t\t\t\t\t\t\t\t<p>Glauben Sie, dass Ihr Unternehmen oder Ihre Organisation von einer kooperativen Beziehung mit Aleasoft profitieren k\u00f6nnte? Treten Sie unserem Netzwerk bei, indem Sie uns eine Nachricht senden, in der erkl\u00e4rt wird, wie, \u00fcber:\u00a0<a href=\"mailto:business.opportunities@aleasoft.com\"><strong>business.opportunities@aleasoft.com<\/strong><\/a><\/p>\t\t\t\t\t\t\t\t<\/div>\n\t\t\t\t<\/div>\n\t\t\t\t\t<\/div>\n\t\t<\/div>\n\t\t\t\t\t<\/div>\n\t\t<\/section>\n\t\t\t\t<section class=\"elementor-section elementor-top-section elementor-element elementor-element-f589379 elementor-section-boxed elementor-section-height-default elementor-section-height-default\" data-id=\"f589379\" data-element_type=\"section\" data-e-type=\"section\">\n\t\t\t\t\t\t<div class=\"elementor-container elementor-column-gap-default\">\n\t\t\t\t\t<div class=\"elementor-column elementor-col-100 elementor-top-column elementor-element elementor-element-6c48903\" data-id=\"6c48903\" data-element_type=\"column\" data-e-type=\"column\">\n\t\t\t<div class=\"elementor-widget-wrap elementor-element-populated\">\n\t\t\t\t\t\t<div class=\"elementor-element elementor-element-baff884 elementor-widget elementor-widget-spacer\" data-id=\"baff884\" data-element_type=\"widget\" data-e-type=\"widget\" data-widget_type=\"spacer.default\">\n\t\t\t\t<div class=\"elementor-widget-container\">\n\t\t\t\t\t\t\t<div class=\"elementor-spacer\">\n\t\t\t<div class=\"elementor-spacer-inner\"><\/div>\n\t\t<\/div>\n\t\t\t\t\t\t<\/div>\n\t\t\t\t<\/div>\n\t\t\t\t\t<\/div>\n\t\t<\/div>\n\t\t\t\t\t<\/div>\n\t\t<\/section>\n\t\t\t\t<\/div>\n\t\t","protected":false},"excerpt":{"rendered":"<p>Glauben Sie, dass Ihr Unternehmen oder Ihre Organisation von einer kooperativen Beziehung mit Aleasoft profitieren k\u00f6nnte? Treten Sie unserem Netzwerk bei, indem Sie uns eine Nachricht senden, in der erkl\u00e4rt wird, wie, \u00fcber:\u00a0business.opportunities@aleasoft.com<\/p>\n","protected":false},"author":1,"featured_media":67772,"parent":0,"menu_order":0,"comment_status":"closed","ping_status":"closed","template":"elementor_header_footer","meta":{"footnotes":""},"class_list":["post-125057","page","type-page","status-publish","has-post-thumbnail","hentry"],"yoast_head":"<!-- This site is optimized with the Yoast SEO Premium plugin v27.4 (Yoast SEO v27.5) - https:\/\/yoast.com\/product\/yoast-seo-premium-wordpress\/ -->\n<title>Gelegenheiten f\u00fcr Gesch\u00e4fte - AleaSoft Energy Forecasting<\/title>\n<meta name=\"description\" content=\"Glauben Sie, dass Ihr Unternehmen oder Ihre Organisation von einer kooperativen Beziehung mit Aleasoft profitieren k\u00f6nnte? Treten Sie unserem Netzwerk bei, indem Sie uns eine Nachricht senden, in der erkl\u00e4rt wird, wie, \u00fcber: business.opportunities@aleasoft.com\" \/>\n<meta name=\"robots\" content=\"index, follow, max-snippet:-1, max-image-preview:large, max-video-preview:-1\" \/>\n<link rel=\"canonical\" href=\"https:\/\/aleasoft.com\/de\/gelegenheiten-fuer-geschaefte\/\" \/>\n<meta property=\"og:locale\" content=\"de_DE\" \/>\n<meta property=\"og:type\" content=\"article\" \/>\n<meta property=\"og:title\" content=\"Gelegenheiten f\u00fcr Gesch\u00e4fte\" \/>\n<meta property=\"og:description\" content=\"Glauben Sie, dass Ihr Unternehmen oder Ihre Organisation von einer kooperativen Beziehung mit Aleasoft profitieren k\u00f6nnte? Treten Sie unserem Netzwerk bei, indem Sie uns eine Nachricht senden, in der erkl\u00e4rt wird, wie, \u00fcber: business.opportunities@aleasoft.com\" \/>\n<meta property=\"og:url\" content=\"https:\/\/aleasoft.com\/de\/gelegenheiten-fuer-geschaefte\/\" \/>\n<meta property=\"og:site_name\" content=\"AleaSoft Energy Forecasting\" \/>\n<meta property=\"article:publisher\" content=\"https:\/\/www.facebook.com\/AleaSoft\/\" \/>\n<meta property=\"article:modified_time\" content=\"2022-01-19T08:52:20+00:00\" \/>\n<meta property=\"og:image\" content=\"https:\/\/aleasoft.com\/wp-content\/uploads\/2019\/04\/aleasoft_logo.png\" \/>\n\t<meta property=\"og:image:width\" content=\"2632\" \/>\n\t<meta property=\"og:image:height\" content=\"522\" \/>\n\t<meta property=\"og:image:type\" content=\"image\/png\" \/>\n<meta name=\"twitter:card\" content=\"summary_large_image\" \/>\n<meta name=\"twitter:site\" content=\"@AleaSoftEnergy\" \/>\n<meta name=\"twitter:label1\" content=\"Gesch\u00e4tzte Lesezeit\" \/>\n\t<meta name=\"twitter:data1\" content=\"1\u00a0Minute\" \/>\n<script type=\"application\/ld+json\" class=\"yoast-schema-graph\">{\"@context\":\"https:\\\/\\\/schema.org\",\"@graph\":[{\"@type\":\"WebPage\",\"@id\":\"https:\\\/\\\/aleasoft.com\\\/de\\\/gelegenheiten-fuer-geschaefte\\\/\",\"url\":\"https:\\\/\\\/aleasoft.com\\\/de\\\/gelegenheiten-fuer-geschaefte\\\/\",\"name\":\"Gelegenheiten f\u00fcr Gesch\u00e4fte - AleaSoft Energy Forecasting\",\"isPartOf\":{\"@id\":\"https:\\\/\\\/aleasoft.com\\\/#website\"},\"primaryImageOfPage\":{\"@id\":\"https:\\\/\\\/aleasoft.com\\\/de\\\/gelegenheiten-fuer-geschaefte\\\/#primaryimage\"},\"image\":{\"@id\":\"https:\\\/\\\/aleasoft.com\\\/de\\\/gelegenheiten-fuer-geschaefte\\\/#primaryimage\"},\"thumbnailUrl\":\"https:\\\/\\\/aleasoft.com\\\/wp-content\\\/uploads\\\/2019\\\/04\\\/aleasoft_logo.png\",\"datePublished\":\"2020-01-20T11:49:29+00:00\",\"dateModified\":\"2022-01-19T08:52:20+00:00\",\"description\":\"Glauben Sie, dass Ihr Unternehmen oder Ihre Organisation von einer kooperativen Beziehung mit Aleasoft profitieren k\u00f6nnte? Treten Sie unserem Netzwerk bei, indem Sie uns eine Nachricht senden, in der erkl\u00e4rt wird, wie, \u00fcber: business.opportunities@aleasoft.com\",\"breadcrumb\":{\"@id\":\"https:\\\/\\\/aleasoft.com\\\/de\\\/gelegenheiten-fuer-geschaefte\\\/#breadcrumb\"},\"inLanguage\":\"de\",\"potentialAction\":[{\"@type\":\"ReadAction\",\"target\":[\"https:\\\/\\\/aleasoft.com\\\/de\\\/gelegenheiten-fuer-geschaefte\\\/\"]}]},{\"@type\":\"ImageObject\",\"inLanguage\":\"de\",\"@id\":\"https:\\\/\\\/aleasoft.com\\\/de\\\/gelegenheiten-fuer-geschaefte\\\/#primaryimage\",\"url\":\"https:\\\/\\\/aleasoft.com\\\/wp-content\\\/uploads\\\/2019\\\/04\\\/aleasoft_logo.png\",\"contentUrl\":\"https:\\\/\\\/aleasoft.com\\\/wp-content\\\/uploads\\\/2019\\\/04\\\/aleasoft_logo.png\",\"width\":2632,\"height\":522},{\"@type\":\"BreadcrumbList\",\"@id\":\"https:\\\/\\\/aleasoft.com\\\/de\\\/gelegenheiten-fuer-geschaefte\\\/#breadcrumb\",\"itemListElement\":[{\"@type\":\"ListItem\",\"position\":1,\"name\":\"Home\",\"item\":\"https:\\\/\\\/aleasoft.com\\\/\"},{\"@type\":\"ListItem\",\"position\":2,\"name\":\"Gelegenheiten f\u00fcr Gesch\u00e4fte\"}]},{\"@type\":\"WebSite\",\"@id\":\"https:\\\/\\\/aleasoft.com\\\/#website\",\"url\":\"https:\\\/\\\/aleasoft.com\\\/\",\"name\":\"AleaSoft Energy Forecasting\",\"description\":\"Energy Forecasting\",\"publisher\":{\"@id\":\"https:\\\/\\\/aleasoft.com\\\/#organization\"},\"potentialAction\":[{\"@type\":\"SearchAction\",\"target\":{\"@type\":\"EntryPoint\",\"urlTemplate\":\"https:\\\/\\\/aleasoft.com\\\/?s={search_term_string}\"},\"query-input\":{\"@type\":\"PropertyValueSpecification\",\"valueRequired\":true,\"valueName\":\"search_term_string\"}}],\"inLanguage\":\"de\"},{\"@type\":\"Organization\",\"@id\":\"https:\\\/\\\/aleasoft.com\\\/#organization\",\"name\":\"AleaSoft Energy Forecasting\",\"url\":\"https:\\\/\\\/aleasoft.com\\\/\",\"logo\":{\"@type\":\"ImageObject\",\"inLanguage\":\"de\",\"@id\":\"https:\\\/\\\/aleasoft.com\\\/#\\\/schema\\\/logo\\\/image\\\/\",\"url\":\"https:\\\/\\\/aleasoft.com\\\/wp-content\\\/uploads\\\/2020\\\/01\\\/logo-alea-25.svg\",\"contentUrl\":\"https:\\\/\\\/aleasoft.com\\\/wp-content\\\/uploads\\\/2020\\\/01\\\/logo-alea-25.svg\",\"width\":7047,\"height\":1416,\"caption\":\"AleaSoft Energy Forecasting\"},\"image\":{\"@id\":\"https:\\\/\\\/aleasoft.com\\\/#\\\/schema\\\/logo\\\/image\\\/\"},\"sameAs\":[\"https:\\\/\\\/www.facebook.com\\\/AleaSoft\\\/\",\"https:\\\/\\\/x.com\\\/AleaSoftEnergy\",\"https:\\\/\\\/www.linkedin.com\\\/company\\\/aleasoft\\\/\"]}]}<\/script>\n<!-- \/ Yoast SEO Premium plugin. -->","yoast_head_json":{"title":"Gelegenheiten f\u00fcr Gesch\u00e4fte - AleaSoft Energy Forecasting","description":"Glauben Sie, dass Ihr Unternehmen oder Ihre Organisation von einer kooperativen Beziehung mit Aleasoft profitieren k\u00f6nnte? Treten Sie unserem Netzwerk bei, indem Sie uns eine Nachricht senden, in der erkl\u00e4rt wird, wie, \u00fcber: business.opportunities@aleasoft.com","robots":{"index":"index","follow":"follow","max-snippet":"max-snippet:-1","max-image-preview":"max-image-preview:large","max-video-preview":"max-video-preview:-1"},"canonical":"https:\/\/aleasoft.com\/de\/gelegenheiten-fuer-geschaefte\/","og_locale":"de_DE","og_type":"article","og_title":"Gelegenheiten f\u00fcr Gesch\u00e4fte","og_description":"Glauben Sie, dass Ihr Unternehmen oder Ihre Organisation von einer kooperativen Beziehung mit Aleasoft profitieren k\u00f6nnte? Treten Sie unserem Netzwerk bei, indem Sie uns eine Nachricht senden, in der erkl\u00e4rt wird, wie, \u00fcber: business.opportunities@aleasoft.com","og_url":"https:\/\/aleasoft.com\/de\/gelegenheiten-fuer-geschaefte\/","og_site_name":"AleaSoft Energy Forecasting","article_publisher":"https:\/\/www.facebook.com\/AleaSoft\/","article_modified_time":"2022-01-19T08:52:20+00:00","og_image":[{"width":2632,"height":522,"url":"https:\/\/aleasoft.com\/wp-content\/uploads\/2019\/04\/aleasoft_logo.png","type":"image\/png"}],"twitter_card":"summary_large_image","twitter_site":"@AleaSoftEnergy","twitter_misc":{"Gesch\u00e4tzte Lesezeit":"1\u00a0Minute"},"schema":{"@context":"https:\/\/schema.org","@graph":[{"@type":"WebPage","@id":"https:\/\/aleasoft.com\/de\/gelegenheiten-fuer-geschaefte\/","url":"https:\/\/aleasoft.com\/de\/gelegenheiten-fuer-geschaefte\/","name":"Gelegenheiten f\u00fcr Gesch\u00e4fte - AleaSoft Energy Forecasting","isPartOf":{"@id":"https:\/\/aleasoft.com\/#website"},"primaryImageOfPage":{"@id":"https:\/\/aleasoft.com\/de\/gelegenheiten-fuer-geschaefte\/#primaryimage"},"image":{"@id":"https:\/\/aleasoft.com\/de\/gelegenheiten-fuer-geschaefte\/#primaryimage"},"thumbnailUrl":"https:\/\/aleasoft.com\/wp-content\/uploads\/2019\/04\/aleasoft_logo.png","datePublished":"2020-01-20T11:49:29+00:00","dateModified":"2022-01-19T08:52:20+00:00","description":"Glauben Sie, dass Ihr Unternehmen oder Ihre Organisation von einer kooperativen Beziehung mit Aleasoft profitieren k\u00f6nnte? Treten Sie unserem Netzwerk bei, indem Sie uns eine Nachricht senden, in der erkl\u00e4rt wird, wie, \u00fcber: business.opportunities@aleasoft.com","breadcrumb":{"@id":"https:\/\/aleasoft.com\/de\/gelegenheiten-fuer-geschaefte\/#breadcrumb"},"inLanguage":"de","potentialAction":[{"@type":"ReadAction","target":["https:\/\/aleasoft.com\/de\/gelegenheiten-fuer-geschaefte\/"]}]},{"@type":"ImageObject","inLanguage":"de","@id":"https:\/\/aleasoft.com\/de\/gelegenheiten-fuer-geschaefte\/#primaryimage","url":"https:\/\/aleasoft.com\/wp-content\/uploads\/2019\/04\/aleasoft_logo.png","contentUrl":"https:\/\/aleasoft.com\/wp-content\/uploads\/2019\/04\/aleasoft_logo.png","width":2632,"height":522},{"@type":"BreadcrumbList","@id":"https:\/\/aleasoft.com\/de\/gelegenheiten-fuer-geschaefte\/#breadcrumb","itemListElement":[{"@type":"ListItem","position":1,"name":"Home","item":"https:\/\/aleasoft.com\/"},{"@type":"ListItem","position":2,"name":"Gelegenheiten f\u00fcr Gesch\u00e4fte"}]},{"@type":"WebSite","@id":"https:\/\/aleasoft.com\/#website","url":"https:\/\/aleasoft.com\/","name":"AleaSoft Energy Forecasting","description":"Energy Forecasting","publisher":{"@id":"https:\/\/aleasoft.com\/#organization"},"potentialAction":[{"@type":"SearchAction","target":{"@type":"EntryPoint","urlTemplate":"https:\/\/aleasoft.com\/?s={search_term_string}"},"query-input":{"@type":"PropertyValueSpecification","valueRequired":true,"valueName":"search_term_string"}}],"inLanguage":"de"},{"@type":"Organization","@id":"https:\/\/aleasoft.com\/#organization","name":"AleaSoft Energy Forecasting","url":"https:\/\/aleasoft.com\/","logo":{"@type":"ImageObject","inLanguage":"de","@id":"https:\/\/aleasoft.com\/#\/schema\/logo\/image\/","url":"https:\/\/aleasoft.com\/wp-content\/uploads\/2020\/01\/logo-alea-25.svg","contentUrl":"https:\/\/aleasoft.com\/wp-content\/uploads\/2020\/01\/logo-alea-25.svg","width":7047,"height":1416,"caption":"AleaSoft Energy Forecasting"},"image":{"@id":"https:\/\/aleasoft.com\/#\/schema\/logo\/image\/"},"sameAs":["https:\/\/www.facebook.com\/AleaSoft\/","https:\/\/x.com\/AleaSoftEnergy","https:\/\/www.linkedin.com\/company\/aleasoft\/"]}]}},"_links":{"self":[{"href":"https:\/\/aleasoft.com\/de\/wp-json\/wp\/v2\/pages\/125057","targetHints":{"allow":["GET"]}}],"collection":[{"href":"https:\/\/aleasoft.com\/de\/wp-json\/wp\/v2\/pages"}],"about":[{"href":"https:\/\/aleasoft.com\/de\/wp-json\/wp\/v2\/types\/page"}],"author":[{"embeddable":true,"href":"https:\/\/aleasoft.com\/de\/wp-json\/wp\/v2\/users\/1"}],"replies":[{"embeddable":true,"href":"https:\/\/aleasoft.com\/de\/wp-json\/wp\/v2\/comments?post=125057"}],"version-history":[{"count":0,"href":"https:\/\/aleasoft.com\/de\/wp-json\/wp\/v2\/pages\/125057\/revisions"}],"wp:featuredmedia":[{"embeddable":true,"href":"https:\/\/aleasoft.com\/de\/wp-json\/wp\/v2\/media\/67772"}],"wp:attachment":[{"href":"https:\/\/aleasoft.com\/de\/wp-json\/wp\/v2\/media?parent=125057"}],"curies":[{"name":"wp","href":"https:\/\/api.w.org\/{rel}","templated":true}]}}