{"id":44010,"date":"2020-01-17T14:12:56","date_gmt":"2020-01-17T13:12:56","guid":{"rendered":"https:\/\/aleasoft.com\/?page_id=44010"},"modified":"2024-02-26T17:19:59","modified_gmt":"2024-02-26T16:19:59","slug":"aleamodel","status":"publish","type":"page","link":"https:\/\/aleasoft.com\/de\/aleamodel\/","title":{"rendered":"AleaModel"},"content":{"rendered":"\t\t<div data-elementor-type=\"wp-page\" data-elementor-id=\"44010\" class=\"elementor elementor-44010\" data-elementor-post-type=\"page\">\n\t\t\t\t\t\t<section class=\"elementor-section elementor-top-section elementor-element elementor-element-e03fc76 elementor-section-boxed elementor-section-height-default elementor-section-height-default\" data-id=\"e03fc76\" data-element_type=\"section\" data-e-type=\"section\">\n\t\t\t\t\t\t<div class=\"elementor-container elementor-column-gap-default\">\n\t\t\t\t\t<div class=\"elementor-column elementor-col-100 elementor-top-column elementor-element elementor-element-bfe235c\" data-id=\"bfe235c\" data-element_type=\"column\" data-e-type=\"column\">\n\t\t\t<div class=\"elementor-widget-wrap elementor-element-populated\">\n\t\t\t\t\t\t<div class=\"elementor-element elementor-element-bc6dd4e elementor-widget elementor-widget-spacer\" data-id=\"bc6dd4e\" data-element_type=\"widget\" data-e-type=\"widget\" data-widget_type=\"spacer.default\">\n\t\t\t\t<div class=\"elementor-widget-container\">\n\t\t\t\t\t\t\t<div class=\"elementor-spacer\">\n\t\t\t<div class=\"elementor-spacer-inner\"><\/div>\n\t\t<\/div>\n\t\t\t\t\t\t<\/div>\n\t\t\t\t<\/div>\n\t\t\t\t<div class=\"elementor-element elementor-element-787d7e4 elementor-widget elementor-widget-heading\" data-id=\"787d7e4\" data-element_type=\"widget\" data-e-type=\"widget\" data-widget_type=\"heading.default\">\n\t\t\t\t<div class=\"elementor-widget-container\">\n\t\t\t\t\t<h2 class=\"elementor-heading-title elementor-size-default\">AleaModel<\/h2>\t\t\t\t<\/div>\n\t\t\t\t<\/div>\n\t\t\t\t<div class=\"elementor-element elementor-element-ebb8e54 elementor-widget elementor-widget-spacer\" data-id=\"ebb8e54\" data-element_type=\"widget\" data-e-type=\"widget\" data-widget_type=\"spacer.default\">\n\t\t\t\t<div class=\"elementor-widget-container\">\n\t\t\t\t\t\t\t<div class=\"elementor-spacer\">\n\t\t\t<div class=\"elementor-spacer-inner\"><\/div>\n\t\t<\/div>\n\t\t\t\t\t\t<\/div>\n\t\t\t\t<\/div>\n\t\t\t\t\t<\/div>\n\t\t<\/div>\n\t\t\t\t\t<\/div>\n\t\t<\/section>\n\t\t\t\t<section class=\"elementor-section elementor-top-section elementor-element elementor-element-767178a elementor-section-boxed elementor-section-height-default elementor-section-height-default\" data-id=\"767178a\" data-element_type=\"section\" data-e-type=\"section\">\n\t\t\t\t\t\t<div class=\"elementor-container elementor-column-gap-default\">\n\t\t\t\t\t<div class=\"elementor-column elementor-col-50 elementor-top-column elementor-element elementor-element-e718cf6\" data-id=\"e718cf6\" data-element_type=\"column\" data-e-type=\"column\">\n\t\t\t<div class=\"elementor-widget-wrap elementor-element-populated\">\n\t\t\t\t\t\t<div class=\"elementor-element elementor-element-bccf5c5 elementor-widget elementor-widget-text-editor\" data-id=\"bccf5c5\" data-element_type=\"widget\" data-e-type=\"widget\" data-widget_type=\"text-editor.default\">\n\t\t\t\t<div class=\"elementor-widget-container\">\n\t\t\t\t\t\t\t\t\t<p><strong>AleaModel<\/strong> ist ein exklusiv f\u00fcr <strong>AleaSoft<\/strong> entwickeltes Prognosemodell, das speziell f\u00fcr die Energieprognose entwickelt wurde und herk\u00f6mmliche Prognosemethoden \u00fcbertrifft.<\/p><p>AleaModel nutzt die neuesten Fortschritte in Statistik und k\u00fcnstlicher Intelligenz im Bereich der Vorhersage. Es handelt sich um einen hybriden Modellansatz, der die Leistungsf\u00e4higkeit <strong>k\u00fcnstlicher neuronaler Netze<\/strong> mit der Effizienz des <strong>Box\u2011Jenkins\u2011SARIMA<\/strong>\u2011Modells und der <strong>multiplen Regression<\/strong> kombiniert. Auf diese Weise k\u00f6nnen Sie die Vorteile jeder Methode nutzen und ihre Grenzen bei individueller Anwendung \u00fcberwinden.<\/p><p><img fetchpriority=\"high\" decoding=\"async\" class=\"aligncenter size-full wp-image-43626\" src=\"https:\/\/aleasoft.com\/wp-content\/uploads\/2020\/01\/AleaSoft-Model-Word.jpg\" alt=\"\" width=\"368\" height=\"323\" srcset=\"https:\/\/aleasoft.com\/wp-content\/uploads\/2020\/01\/AleaSoft-Model-Word.jpg 368w, https:\/\/aleasoft.com\/wp-content\/uploads\/2020\/01\/AleaSoft-Model-Word-300x263.jpg 300w\" sizes=\"(max-width: 368px) 100vw, 368px\" \/><\/p>\t\t\t\t\t\t\t\t<\/div>\n\t\t\t\t<\/div>\n\t\t\t\t\t<\/div>\n\t\t<\/div>\n\t\t\t\t<div class=\"elementor-column elementor-col-50 elementor-top-column elementor-element elementor-element-edc5cb6\" data-id=\"edc5cb6\" data-element_type=\"column\" data-e-type=\"column\">\n\t\t\t<div class=\"elementor-widget-wrap elementor-element-populated\">\n\t\t\t\t\t\t<div class=\"elementor-element elementor-element-49c0323 elementor-widget elementor-widget-text-editor\" data-id=\"49c0323\" data-element_type=\"widget\" data-e-type=\"widget\" data-widget_type=\"text-editor.default\">\n\t\t\t\t<div class=\"elementor-widget-container\">\n\t\t\t\t\t\t\t\t\t<div class=\"wpb_row vc_row vc_row-fluid mk-fullwidth-false attched-false js-master-row mk-in-viewport\"><div class=\"vc_col-sm-6 wpb_column column_container _ height-full\"><div id=\"text-block-3\" class=\"mk-text-block \"><p>Das Ergebnis ist ein <strong>k\u00fcnstliches neuronales Netz<\/strong> mit einer <strong>SARIMA<\/strong>-Struktur, die in der Lage ist, die saisonale Dynamik und die Entwicklung der Reihe zu erfassen, das die Einschr\u00e4nkungen der klassischen k\u00fcnstlichen <strong>neuronalen Netze<\/strong> verbessert, die in Zeitreihenprognosen verwendet werden.<\/p><p>Die Verwendung von Schwellenwerten und arithmetischen Transformationen in den Variablen erm\u00f6glicht die Einf\u00fchrung von Nichtlinearit\u00e4ten in die Regression mehrerer Variablen, um den Einfluss und die Korrelation zwischen ihnen zu bestimmen.<\/p><p>Die Verwendung eines <strong>k\u00fcnstlichen neuronalen Netzes<\/strong> in <strong>AleaModel<\/strong> zur dynamischen Anpassung der <strong>SARIMA-<\/strong> und <strong>Regressionsparameter<\/strong> erm\u00f6glicht es Ihnen, ein adaptives Schema bereitzustellen, das in der Lage ist, sofort auf Ver\u00e4nderungen im Trend der Zeitreihen und den Einfluss von Variablen zu reagieren, die normalerweise in Daten aus der realen Welt, die ein immer aktuelles Prognosemodell bieten, ohne dass regelm\u00e4\u00dfige manuelle Schulungen erforderlich sind.<\/p><\/div><\/div><\/div>\t\t\t\t\t\t\t\t<\/div>\n\t\t\t\t<\/div>\n\t\t\t\t\t<\/div>\n\t\t<\/div>\n\t\t\t\t\t<\/div>\n\t\t<\/section>\n\t\t\t\t<\/div>\n\t\t","protected":false},"excerpt":{"rendered":"<p>AleaModel ist ein exklusiv f\u00fcr AleaSoft entwickeltes Prognosemodell, das speziell f\u00fcr die Energieprognose entwickelt wurde und herk\u00f6mmliche Prognosemethoden \u00fcbertrifft. AleaModel nutzt die neuesten Fortschritte in Statistik und k\u00fcnstlicher Intelligenz im Bereich der Vorhersage. Es handelt sich um einen hybriden Modellansatz, der die Leistungsf\u00e4higkeit k\u00fcnstlicher neuronaler Netze mit der Effizienz des Box\u2011Jenkins\u2011SARIMA\u2011Modells und der multiplen Regression [&hellip;]<\/p>\n","protected":false},"author":1,"featured_media":109020,"parent":0,"menu_order":0,"comment_status":"closed","ping_status":"closed","template":"elementor_header_footer","meta":{"footnotes":""},"class_list":["post-44010","page","type-page","status-publish","has-post-thumbnail","hentry"],"yoast_head":"<!-- This site is optimized with the Yoast SEO Premium plugin v27.4 (Yoast SEO v27.4) - https:\/\/yoast.com\/product\/yoast-seo-premium-wordpress\/ -->\n<title>AleaModel - AleaSoft Energy Forecasting<\/title>\n<meta name=\"robots\" content=\"index, follow, max-snippet:-1, max-image-preview:large, max-video-preview:-1\" \/>\n<link rel=\"canonical\" href=\"https:\/\/aleasoft.com\/de\/aleamodel\/\" \/>\n<meta property=\"og:locale\" content=\"de_DE\" \/>\n<meta property=\"og:type\" content=\"article\" \/>\n<meta property=\"og:title\" content=\"AleaModel\" \/>\n<meta property=\"og:description\" content=\"AleaModel ist ein exklusiv f\u00fcr AleaSoft entwickeltes Prognosemodell, das speziell f\u00fcr die Energieprognose entwickelt wurde und herk\u00f6mmliche Prognosemethoden \u00fcbertrifft. AleaModel nutzt die neuesten Fortschritte in Statistik und k\u00fcnstlicher Intelligenz im Bereich der Vorhersage. Es handelt sich um einen hybriden Modellansatz, der die Leistungsf\u00e4higkeit k\u00fcnstlicher neuronaler Netze mit der Effizienz des Box\u2011Jenkins\u2011SARIMA\u2011Modells und der multiplen Regression [&hellip;]\" \/>\n<meta property=\"og:url\" content=\"https:\/\/aleasoft.com\/de\/aleamodel\/\" \/>\n<meta property=\"og:site_name\" content=\"AleaSoft Energy Forecasting\" \/>\n<meta property=\"article:publisher\" content=\"https:\/\/www.facebook.com\/AleaSoft\/\" \/>\n<meta property=\"article:modified_time\" content=\"2024-02-26T16:19:59+00:00\" \/>\n<meta property=\"og:image\" content=\"https:\/\/aleasoft.com\/wp-content\/uploads\/2021\/01\/20210122-AleaSoft-AleaModel-characteristics.png\" \/>\n\t<meta property=\"og:image:width\" content=\"911\" \/>\n\t<meta property=\"og:image:height\" content=\"851\" \/>\n\t<meta property=\"og:image:type\" content=\"image\/png\" \/>\n<meta name=\"twitter:card\" content=\"summary_large_image\" \/>\n<meta name=\"twitter:site\" content=\"@AleaSoftEnergy\" \/>\n<meta name=\"twitter:label1\" content=\"Gesch\u00e4tzte Lesezeit\" \/>\n\t<meta name=\"twitter:data1\" content=\"2\u00a0Minuten\" \/>\n<script type=\"application\/ld+json\" class=\"yoast-schema-graph\">{\"@context\":\"https:\\\/\\\/schema.org\",\"@graph\":[{\"@type\":\"WebPage\",\"@id\":\"https:\\\/\\\/aleasoft.com\\\/de\\\/aleamodel\\\/\",\"url\":\"https:\\\/\\\/aleasoft.com\\\/de\\\/aleamodel\\\/\",\"name\":\"AleaModel - AleaSoft Energy Forecasting\",\"isPartOf\":{\"@id\":\"https:\\\/\\\/aleasoft.com\\\/#website\"},\"primaryImageOfPage\":{\"@id\":\"https:\\\/\\\/aleasoft.com\\\/de\\\/aleamodel\\\/#primaryimage\"},\"image\":{\"@id\":\"https:\\\/\\\/aleasoft.com\\\/de\\\/aleamodel\\\/#primaryimage\"},\"thumbnailUrl\":\"https:\\\/\\\/aleasoft.com\\\/wp-content\\\/uploads\\\/2021\\\/01\\\/20210122-AleaSoft-AleaModel-characteristics.png\",\"datePublished\":\"2020-01-17T13:12:56+00:00\",\"dateModified\":\"2024-02-26T16:19:59+00:00\",\"breadcrumb\":{\"@id\":\"https:\\\/\\\/aleasoft.com\\\/de\\\/aleamodel\\\/#breadcrumb\"},\"inLanguage\":\"de\",\"potentialAction\":[{\"@type\":\"ReadAction\",\"target\":[\"https:\\\/\\\/aleasoft.com\\\/de\\\/aleamodel\\\/\"]}]},{\"@type\":\"ImageObject\",\"inLanguage\":\"de\",\"@id\":\"https:\\\/\\\/aleasoft.com\\\/de\\\/aleamodel\\\/#primaryimage\",\"url\":\"https:\\\/\\\/aleasoft.com\\\/wp-content\\\/uploads\\\/2021\\\/01\\\/20210122-AleaSoft-AleaModel-characteristics.png\",\"contentUrl\":\"https:\\\/\\\/aleasoft.com\\\/wp-content\\\/uploads\\\/2021\\\/01\\\/20210122-AleaSoft-AleaModel-characteristics.png\",\"width\":911,\"height\":851},{\"@type\":\"BreadcrumbList\",\"@id\":\"https:\\\/\\\/aleasoft.com\\\/de\\\/aleamodel\\\/#breadcrumb\",\"itemListElement\":[{\"@type\":\"ListItem\",\"position\":1,\"name\":\"Home\",\"item\":\"https:\\\/\\\/aleasoft.com\\\/\"},{\"@type\":\"ListItem\",\"position\":2,\"name\":\"AleaModel\"}]},{\"@type\":\"WebSite\",\"@id\":\"https:\\\/\\\/aleasoft.com\\\/#website\",\"url\":\"https:\\\/\\\/aleasoft.com\\\/\",\"name\":\"AleaSoft Energy Forecasting\",\"description\":\"Energy Forecasting\",\"publisher\":{\"@id\":\"https:\\\/\\\/aleasoft.com\\\/#organization\"},\"potentialAction\":[{\"@type\":\"SearchAction\",\"target\":{\"@type\":\"EntryPoint\",\"urlTemplate\":\"https:\\\/\\\/aleasoft.com\\\/?s={search_term_string}\"},\"query-input\":{\"@type\":\"PropertyValueSpecification\",\"valueRequired\":true,\"valueName\":\"search_term_string\"}}],\"inLanguage\":\"de\"},{\"@type\":\"Organization\",\"@id\":\"https:\\\/\\\/aleasoft.com\\\/#organization\",\"name\":\"AleaSoft Energy Forecasting\",\"url\":\"https:\\\/\\\/aleasoft.com\\\/\",\"logo\":{\"@type\":\"ImageObject\",\"inLanguage\":\"de\",\"@id\":\"https:\\\/\\\/aleasoft.com\\\/#\\\/schema\\\/logo\\\/image\\\/\",\"url\":\"https:\\\/\\\/aleasoft.com\\\/wp-content\\\/uploads\\\/2020\\\/01\\\/logo-alea-25.svg\",\"contentUrl\":\"https:\\\/\\\/aleasoft.com\\\/wp-content\\\/uploads\\\/2020\\\/01\\\/logo-alea-25.svg\",\"width\":7047,\"height\":1416,\"caption\":\"AleaSoft Energy Forecasting\"},\"image\":{\"@id\":\"https:\\\/\\\/aleasoft.com\\\/#\\\/schema\\\/logo\\\/image\\\/\"},\"sameAs\":[\"https:\\\/\\\/www.facebook.com\\\/AleaSoft\\\/\",\"https:\\\/\\\/x.com\\\/AleaSoftEnergy\",\"https:\\\/\\\/www.linkedin.com\\\/company\\\/aleasoft\\\/\"]}]}<\/script>\n<!-- \/ Yoast SEO Premium plugin. -->","yoast_head_json":{"title":"AleaModel - AleaSoft Energy Forecasting","robots":{"index":"index","follow":"follow","max-snippet":"max-snippet:-1","max-image-preview":"max-image-preview:large","max-video-preview":"max-video-preview:-1"},"canonical":"https:\/\/aleasoft.com\/de\/aleamodel\/","og_locale":"de_DE","og_type":"article","og_title":"AleaModel","og_description":"AleaModel ist ein exklusiv f\u00fcr AleaSoft entwickeltes Prognosemodell, das speziell f\u00fcr die Energieprognose entwickelt wurde und herk\u00f6mmliche Prognosemethoden \u00fcbertrifft. AleaModel nutzt die neuesten Fortschritte in Statistik und k\u00fcnstlicher Intelligenz im Bereich der Vorhersage. Es handelt sich um einen hybriden Modellansatz, der die Leistungsf\u00e4higkeit k\u00fcnstlicher neuronaler Netze mit der Effizienz des Box\u2011Jenkins\u2011SARIMA\u2011Modells und der multiplen Regression [&hellip;]","og_url":"https:\/\/aleasoft.com\/de\/aleamodel\/","og_site_name":"AleaSoft Energy Forecasting","article_publisher":"https:\/\/www.facebook.com\/AleaSoft\/","article_modified_time":"2024-02-26T16:19:59+00:00","og_image":[{"width":911,"height":851,"url":"https:\/\/aleasoft.com\/wp-content\/uploads\/2021\/01\/20210122-AleaSoft-AleaModel-characteristics.png","type":"image\/png"}],"twitter_card":"summary_large_image","twitter_site":"@AleaSoftEnergy","twitter_misc":{"Gesch\u00e4tzte Lesezeit":"2\u00a0Minuten"},"schema":{"@context":"https:\/\/schema.org","@graph":[{"@type":"WebPage","@id":"https:\/\/aleasoft.com\/de\/aleamodel\/","url":"https:\/\/aleasoft.com\/de\/aleamodel\/","name":"AleaModel - AleaSoft Energy Forecasting","isPartOf":{"@id":"https:\/\/aleasoft.com\/#website"},"primaryImageOfPage":{"@id":"https:\/\/aleasoft.com\/de\/aleamodel\/#primaryimage"},"image":{"@id":"https:\/\/aleasoft.com\/de\/aleamodel\/#primaryimage"},"thumbnailUrl":"https:\/\/aleasoft.com\/wp-content\/uploads\/2021\/01\/20210122-AleaSoft-AleaModel-characteristics.png","datePublished":"2020-01-17T13:12:56+00:00","dateModified":"2024-02-26T16:19:59+00:00","breadcrumb":{"@id":"https:\/\/aleasoft.com\/de\/aleamodel\/#breadcrumb"},"inLanguage":"de","potentialAction":[{"@type":"ReadAction","target":["https:\/\/aleasoft.com\/de\/aleamodel\/"]}]},{"@type":"ImageObject","inLanguage":"de","@id":"https:\/\/aleasoft.com\/de\/aleamodel\/#primaryimage","url":"https:\/\/aleasoft.com\/wp-content\/uploads\/2021\/01\/20210122-AleaSoft-AleaModel-characteristics.png","contentUrl":"https:\/\/aleasoft.com\/wp-content\/uploads\/2021\/01\/20210122-AleaSoft-AleaModel-characteristics.png","width":911,"height":851},{"@type":"BreadcrumbList","@id":"https:\/\/aleasoft.com\/de\/aleamodel\/#breadcrumb","itemListElement":[{"@type":"ListItem","position":1,"name":"Home","item":"https:\/\/aleasoft.com\/"},{"@type":"ListItem","position":2,"name":"AleaModel"}]},{"@type":"WebSite","@id":"https:\/\/aleasoft.com\/#website","url":"https:\/\/aleasoft.com\/","name":"AleaSoft Energy Forecasting","description":"Energy Forecasting","publisher":{"@id":"https:\/\/aleasoft.com\/#organization"},"potentialAction":[{"@type":"SearchAction","target":{"@type":"EntryPoint","urlTemplate":"https:\/\/aleasoft.com\/?s={search_term_string}"},"query-input":{"@type":"PropertyValueSpecification","valueRequired":true,"valueName":"search_term_string"}}],"inLanguage":"de"},{"@type":"Organization","@id":"https:\/\/aleasoft.com\/#organization","name":"AleaSoft Energy Forecasting","url":"https:\/\/aleasoft.com\/","logo":{"@type":"ImageObject","inLanguage":"de","@id":"https:\/\/aleasoft.com\/#\/schema\/logo\/image\/","url":"https:\/\/aleasoft.com\/wp-content\/uploads\/2020\/01\/logo-alea-25.svg","contentUrl":"https:\/\/aleasoft.com\/wp-content\/uploads\/2020\/01\/logo-alea-25.svg","width":7047,"height":1416,"caption":"AleaSoft Energy Forecasting"},"image":{"@id":"https:\/\/aleasoft.com\/#\/schema\/logo\/image\/"},"sameAs":["https:\/\/www.facebook.com\/AleaSoft\/","https:\/\/x.com\/AleaSoftEnergy","https:\/\/www.linkedin.com\/company\/aleasoft\/"]}]}},"_links":{"self":[{"href":"https:\/\/aleasoft.com\/de\/wp-json\/wp\/v2\/pages\/44010","targetHints":{"allow":["GET"]}}],"collection":[{"href":"https:\/\/aleasoft.com\/de\/wp-json\/wp\/v2\/pages"}],"about":[{"href":"https:\/\/aleasoft.com\/de\/wp-json\/wp\/v2\/types\/page"}],"author":[{"embeddable":true,"href":"https:\/\/aleasoft.com\/de\/wp-json\/wp\/v2\/users\/1"}],"replies":[{"embeddable":true,"href":"https:\/\/aleasoft.com\/de\/wp-json\/wp\/v2\/comments?post=44010"}],"version-history":[{"count":0,"href":"https:\/\/aleasoft.com\/de\/wp-json\/wp\/v2\/pages\/44010\/revisions"}],"wp:featuredmedia":[{"embeddable":true,"href":"https:\/\/aleasoft.com\/de\/wp-json\/wp\/v2\/media\/109020"}],"wp:attachment":[{"href":"https:\/\/aleasoft.com\/de\/wp-json\/wp\/v2\/media?parent=44010"}],"curies":[{"name":"wp","href":"https:\/\/api.w.org\/{rel}","templated":true}]}}