{"id":44073,"date":"2020-01-17T22:05:38","date_gmt":"2020-01-17T21:05:38","guid":{"rendered":"https:\/\/aleasoft.com\/?page_id=44073"},"modified":"2025-03-27T16:58:24","modified_gmt":"2025-03-27T15:58:24","slug":"datenschutz-bestimmungen","status":"publish","type":"page","link":"https:\/\/aleasoft.com\/de\/datenschutz-bestimmungen\/","title":{"rendered":"Datenschutz-Bestimmungen"},"content":{"rendered":"\t\t<div data-elementor-type=\"wp-page\" data-elementor-id=\"44073\" class=\"elementor elementor-44073\" data-elementor-post-type=\"page\">\n\t\t\t\t\t\t<section class=\"elementor-section elementor-top-section elementor-element elementor-element-e9eeb21 elementor-section-boxed elementor-section-height-default elementor-section-height-default\" data-id=\"e9eeb21\" data-element_type=\"section\" data-e-type=\"section\">\n\t\t\t\t\t\t<div class=\"elementor-container elementor-column-gap-default\">\n\t\t\t\t\t<div class=\"elementor-column elementor-col-100 elementor-top-column elementor-element elementor-element-2dd3c74\" data-id=\"2dd3c74\" data-element_type=\"column\" data-e-type=\"column\">\n\t\t\t<div class=\"elementor-widget-wrap elementor-element-populated\">\n\t\t\t\t\t\t<div class=\"elementor-element elementor-element-b7e654e elementor-widget elementor-widget-spacer\" data-id=\"b7e654e\" data-element_type=\"widget\" data-e-type=\"widget\" data-widget_type=\"spacer.default\">\n\t\t\t\t<div class=\"elementor-widget-container\">\n\t\t\t\t\t\t\t<div class=\"elementor-spacer\">\n\t\t\t<div class=\"elementor-spacer-inner\"><\/div>\n\t\t<\/div>\n\t\t\t\t\t\t<\/div>\n\t\t\t\t<\/div>\n\t\t\t\t<div class=\"elementor-element elementor-element-04da953 elementor-widget elementor-widget-heading\" data-id=\"04da953\" data-element_type=\"widget\" data-e-type=\"widget\" data-widget_type=\"heading.default\">\n\t\t\t\t<div class=\"elementor-widget-container\">\n\t\t\t\t\t<h1 class=\"elementor-heading-title elementor-size-default\">Datenschutz-Bestimmungen<\/h1>\t\t\t\t<\/div>\n\t\t\t\t<\/div>\n\t\t\t\t<div class=\"elementor-element elementor-element-6ca14a5 elementor-widget elementor-widget-spacer\" data-id=\"6ca14a5\" data-element_type=\"widget\" data-e-type=\"widget\" data-widget_type=\"spacer.default\">\n\t\t\t\t<div class=\"elementor-widget-container\">\n\t\t\t\t\t\t\t<div class=\"elementor-spacer\">\n\t\t\t<div class=\"elementor-spacer-inner\"><\/div>\n\t\t<\/div>\n\t\t\t\t\t\t<\/div>\n\t\t\t\t<\/div>\n\t\t\t\t\t<\/div>\n\t\t<\/div>\n\t\t\t\t\t<\/div>\n\t\t<\/section>\n\t\t\t\t<section class=\"elementor-section elementor-top-section elementor-element elementor-element-ee43830 elementor-section-boxed elementor-section-height-default elementor-section-height-default\" data-id=\"ee43830\" data-element_type=\"section\" data-e-type=\"section\">\n\t\t\t\t\t\t<div class=\"elementor-container elementor-column-gap-default\">\n\t\t\t\t\t<div class=\"elementor-column elementor-col-100 elementor-top-column elementor-element elementor-element-dce2086\" data-id=\"dce2086\" data-element_type=\"column\" data-e-type=\"column\">\n\t\t\t<div class=\"elementor-widget-wrap elementor-element-populated\">\n\t\t\t\t\t\t<div class=\"elementor-element elementor-element-e72091a elementor-widget elementor-widget-text-editor\" data-id=\"e72091a\" data-element_type=\"widget\" data-e-type=\"widget\" data-widget_type=\"text-editor.default\">\n\t\t\t\t<div class=\"elementor-widget-container\">\n\t\t\t\t\t\t\t\t\t<h2><strong>1.- Zweck der Datenschutzerkl\u00e4rung<\/strong><\/h2><p>Diese Datenschutzrichtlinie regelt, wie <strong>AleaSoft<\/strong> die personenbezogenen Daten erhebt, verarbeitet und nutzt, die von Benutzern auf dieser Website oder in einer beliebigen Webumgebung des Unternehmens bereitgestellt werden.<\/p><p>Durch die Implementierung der auf der Website enthaltenen Formulare in Bezug auf die von <strong>AleaSoft<\/strong> bereitgestellten Dienste akzeptieren die Benutzer die Einbeziehung und Verarbeitung der von ihnen angegebenen Daten in eine Verarbeitung personenbezogener Daten, deren Eigent\u00fcmer <strong>AleaSoft<\/strong> ist, und k\u00f6nnen die entsprechende Rechte gem\u00e4\u00df den Bestimmungen der folgenden Klauseln.<\/p><p><strong>AleaSoft<\/strong> fungiert als Eigent\u00fcmer, Vermittler und Administrator des Inhalts dieser Website. <strong>AleaSoft<\/strong> weist die Benutzer darauf hin, dass es die geltenden Datenschutzbestimmungen und insbesondere die Verordnung (EU) 2016\/679 des Europ\u00e4ischen Parlaments und des Rates vom 27. April 2016 zum Schutz nat\u00fcrlicher Personen bei der Verarbeitung personenbezogener Daten einh\u00e4lt und den freien Verkehr dieser Daten und durch die die Richtlinie 95\/46\/EG (im Folgenden: Datenschutz\u2011Grundverordnung) und das Gesetz 34\/2002 vom 11. Juli \u00fcber Dienste der Informationsgesellschaft und des elektronischen Gesch\u00e4ftsverkehrs aufgehoben werden.<\/p><p>Alle Rechtstexte stehen Nutzern und\/oder Interessenten auf der entsprechenden Website zur Verf\u00fcgung.<\/p><h2><strong>2.- Wer ist f\u00fcr die Verarbeitung Ihrer personenbezogenen Daten verantwortlich?<\/strong><\/h2><p><strong>AleaSoft<\/strong> ist verantwortlich f\u00fcr die Erhebung und Verarbeitung Ihrer personenbezogenen Daten in Bezug auf seine Dienstleistungen.<\/p><p><strong>AleaSoft<\/strong> verpflichtet sich, Ihre Privatsph\u00e4re und die Sicherheit Ihrer Daten zu respektieren und zu sch\u00fctzen.<\/p><p>Die Identit\u00e4tsdaten der f\u00fcr die Behandlung verantwortlichen Person sind: Alea Business Software S.L., mit CIF B62069067, und ans\u00e4ssig in Paseo de la Castellana 79, 6\u00aa, 28046, Madrid.<\/p><h2><strong>3.- Welche Art von Daten erheben wir?<\/strong><\/h2><p>In \u00dcbereinstimmung mit den Bestimmungen der geltenden Vorschriften sammelt <strong>AleaSoft <\/strong>nur die Daten, die unbedingt erforderlich sind, um die aus seiner T\u00e4tigkeit abgeleiteten Dienstleistungen und andere Vorteile, Verfahren und T\u00e4tigkeiten anzubieten, die ihm vom Gesetz zugeschrieben werden.<\/p><p>Um Ihnen den besten Service zu bieten, erfasst <strong>AleaSoft<\/strong> \u00fcber diese Website Informationen oder Daten, die Sie direkt oder indirekt identifizieren k\u00f6nnen: Name und E\u2011Mail.<\/p><p>Die Benutzer werden darauf hingewiesen, dass die von Ihnen in den Formularen dieser Website bereitgestellten Informationen freiwillig sind, obwohl die Verweigerung der Bereitstellung der angeforderten Informationen dazu f\u00fchren kann, dass der Zugriff auf die Dienste, die dies erfordern, unm\u00f6glich ist.<\/p><h2><strong>4.- Zu welchen Zwecken erheben wir Ihre Daten?<\/strong><\/h2><p>Die Zwecke und Rechtsgrundlagen f\u00fcr die wir diese Daten erheben sind:<\/p><ul><li>Verwaltung von Anfragen und Anfragen von Benutzern \u00fcber diese Website. Die Rechtsgrundlage f\u00fcr diese Behandlung ist Ihre Einwilligung.<\/li><li>Senden Sie Informationen, die f\u00fcr Sie von Interesse sein k\u00f6nnten. Die Rechtsgrundlage f\u00fcr diese Behandlung ist Ihre Einwilligung.<\/li><\/ul><p>Es wird darauf hingewiesen, dass keine automatisierten Auswertungen erfolgen und keine Nutzungsprofile erstellt werden.<\/p><h2><strong>5.- An welche Empf\u00e4nger werden Ihre Daten \u00fcbermittelt?<\/strong><\/h2><p>Um die volle Zufriedenheit unserer Kunden zu erreichen, weist <strong>AleaSoft<\/strong> darauf hin, dass alle von Ihnen angegebenen und die Daten, die Sie in Zukunft \u00fcbermitteln werden, zu Ihrer Beziehung zu <strong>AleaSoft<\/strong> geh\u00f6ren und mit h\u00f6chster Vertraulichkeit behandelt werden.<\/p><p>Sofern <strong>AleaSoft<\/strong> keinen legitimen gesch\u00e4ftlichen Grund hat, Sie zu kontaktieren, werden wir Sie nur mit Ihrer Zustimmung kontaktieren, und Sie haben das Recht, Ihre Zustimmung jederzeit zu widerrufen.<\/p><p><strong>AleaSoft<\/strong> verkauft, vermietet oder tauscht Ihre personenbezogenen Daten nicht aus kommerziellen Gr\u00fcnden mit Dritten.<\/p><h2><strong>6.- Wie lange bewahren wir Ihre personenbezogenen Daten auf?<\/strong><\/h2><p>Personenbezogene Daten werden so lange aufbewahrt, wie der Benutzer nichts anderes angibt und w\u00e4hrend der gesetzlich festgelegten Aufbewahrungsfristen, es sei denn, sie haben aus logischen und offensichtlichen Gr\u00fcnden die N\u00fctzlichkeit oder den legitimen Zweck, f\u00fcr den sie erhoben wurden, verloren.<\/p><h2><strong>7.- Welche Rechte haben die Nutzer, die uns ihre Daten zur Verf\u00fcgung stellen?<\/strong><\/h2><p>Die Benutzer k\u00f6nnen in Bezug auf die auf die im ersten Punkt beschriebenen Weise gesammelten Daten die in der Datenschutz\u2011Grundverordnung anerkannten Rechte sowie das Recht auf Zugang, Berichtigung, L\u00f6schung, Einschr\u00e4nkung, \u00dcbertragbarkeit und Widerspruch aus\u00fcben.<\/p><p>Die oben genannten Rechte k\u00f6nnen von jedem Benutzer durch einen schriftlichen und unterzeichneten Antrag ausge\u00fcbt werden, der zusammen mit einer Fotokopie des Personalausweises, der NIE oder des Reisepasses an Alea Business Software SL an folgende Adresse gerichtet ist: Paseo de la Castellana 79, 6\u00aa, 28046, Madrid. Sie k\u00f6nnen diese Informationen auch per E\u2011Mail an die Adresse <a href=\"mailto:privacy@aleasoft.com\">privacy@aleasoft.com<\/a> senden.<\/p><p>Dar\u00fcber hinaus werden die Nutzer darauf hingewiesen, dass sie ihre Einwilligung zur Verarbeitung ihrer Daten jederzeit widerrufen k\u00f6nnen, indem sie eine E\u2011Mail an <a href=\"mailto:privacy@aleasoft.com\">privacy@aleasoft.com<\/a> mit dem Betreff \u201cunsubscribe\u201d schreiben.<\/p><h2><strong>8.- Mitteilung von Vorf\u00e4llen und Unregelm\u00e4\u00dfigkeiten<\/strong><\/h2><p>Im Falle eines Verhaltens oder einer Situation, die einen Vorfall oder jede Art von Unregelm\u00e4\u00dfigkeit hervorrufen k\u00f6nnte, wenden Sie sich an <a href=\"mailto:privacy@aleasoft.com\">privacy@aleasoft.com<\/a>.<\/p><h2><strong>9.- Verantwortung f\u00fcr Nutzung und Inhalte der Nutzer<\/strong><\/h2><p>Sowohl der Zugriff auf unsere Website als auch die Nutzung der auf dieser Website enthaltenen Informationen und Inhalte liegen ausschlie\u00dflich in der Verantwortung der Person, die dies getan hat. Daher unterliegt die Verwendung der Informationen, Bilder, Inhalte und\/oder Produkte, die durch sie \u00fcberpr\u00fcft und zug\u00e4nglich sind, dem geltenden Recht, ob national oder international, sowie den Grunds\u00e4tzen von Treu und Glauben von Benutzern, die f\u00fcr diesen Zugriff und die korrekte Verwendung verantwortlich sind<\/p><p><strong>AleaSoft<\/strong> \u00fcbernimmt keine direkte oder indirekte Verantwortung f\u00fcr Folgesch\u00e4den oder entgangenen Gewinn, die aus dem Missbrauch der Dienste oder Inhalte durch Benutzer oder Dritte resultieren.<\/p><h2><strong>10.- Informationen zur Nutzung anderer Websites und sozialer Netzwerke<\/strong><\/h2><p>Das Unternehmen ist nur f\u00fcr den Inhalt und die Verwaltung der Websites verantwortlich, die ihm geh\u00f6ren oder ein \u00e4hnliches Recht haben. F\u00fcr alle anderen Websites oder sozialen Netzwerke oder Informationsspeicher im Internet au\u00dferhalb dieser Website sind die rechtm\u00e4\u00dfigen Eigent\u00fcmer verantwortlich.<\/p><p><strong>AleaSoft<\/strong> arbeitet auf normale Weise mit verschiedenen Anwendungen und Webumgebungen zusammen und empfiehlt Benutzern immer, vor dem Zugriff auf diese Websites die rechtliche Werbung und die entsprechende Datenschutzrichtlinie genau zu lesen und erst dann darauf zuzugreifen, wenn sie den Rechtstext verstanden und akzeptiert haben.<\/p><p><strong>AleaSoft<\/strong> verpflichtet sich, die in diesen sozialen Netzwerken ver\u00f6ffentlichten Inhalte zu kontrollieren und weist Benutzer aus, die sie falsch verwenden.<\/p><p>Diese Datenschutzrichtlinie kann im Laufe der Zeit aufgrund m\u00f6glicher Gesetzes- und Rechtsprechungs\u00e4nderungen oder aufgrund der von der spanischen Datenschutzbeh\u00f6rde und\/oder der zust\u00e4ndigen Beh\u00f6rde befolgten Kriterien jederzeit variieren. Deshalb beh\u00e4lt sich <strong>AleaSoft<\/strong> das Recht vor, die Rechtsberatung zu \u00e4ndern. In diesem Fall wird <strong>AleaSoft<\/strong> die auf dieser Website eingef\u00fchrten \u00c4nderungen rechtzeitig f\u00fcr deren Umsetzung bekannt geben.<\/p>\t\t\t\t\t\t\t\t<\/div>\n\t\t\t\t<\/div>\n\t\t\t\t<div class=\"elementor-element elementor-element-8248797 elementor-widget elementor-widget-spacer\" data-id=\"8248797\" data-element_type=\"widget\" data-e-type=\"widget\" data-widget_type=\"spacer.default\">\n\t\t\t\t<div class=\"elementor-widget-container\">\n\t\t\t\t\t\t\t<div class=\"elementor-spacer\">\n\t\t\t<div class=\"elementor-spacer-inner\"><\/div>\n\t\t<\/div>\n\t\t\t\t\t\t<\/div>\n\t\t\t\t<\/div>\n\t\t\t\t\t<\/div>\n\t\t<\/div>\n\t\t\t\t\t<\/div>\n\t\t<\/section>\n\t\t\t\t<section class=\"elementor-section elementor-top-section elementor-element elementor-element-53479c4 elementor-section-boxed elementor-section-height-default elementor-section-height-default\" data-id=\"53479c4\" data-element_type=\"section\" data-e-type=\"section\">\n\t\t\t\t\t\t<div class=\"elementor-container elementor-column-gap-default\">\n\t\t\t\t\t<div class=\"elementor-column elementor-col-100 elementor-top-column elementor-element elementor-element-85ce5e4\" data-id=\"85ce5e4\" data-element_type=\"column\" data-e-type=\"column\">\n\t\t\t<div class=\"elementor-widget-wrap elementor-element-populated\">\n\t\t\t\t\t\t<div class=\"elementor-element elementor-element-e6a8e06 elementor-widget elementor-widget-html\" data-id=\"e6a8e06\" data-element_type=\"widget\" data-e-type=\"widget\" data-widget_type=\"html.default\">\n\t\t\t\t<div class=\"elementor-widget-container\">\n\t\t\t\t\t<p><button onclick=\"klaro.show()\" style=\"background-color: transparent; border: none; color: #0073aa; cursor: pointer; text-decoration: underline; font-size: 1em;\">\r\n  Cookie-Einstellungen\r\n<\/button><\/p>\r\n\t\t\t\t<\/div>\n\t\t\t\t<\/div>\n\t\t\t\t\t<\/div>\n\t\t<\/div>\n\t\t\t\t\t<\/div>\n\t\t<\/section>\n\t\t\t\t<\/div>\n\t\t","protected":false},"excerpt":{"rendered":"<p>1.- Zweck der Datenschutzerkl\u00e4rung Diese Datenschutzrichtlinie regelt, wie AleaSoft die personenbezogenen Daten erhebt, verarbeitet und nutzt, die von Benutzern auf dieser Website oder in einer beliebigen Webumgebung des Unternehmens bereitgestellt werden. Durch die Implementierung der auf der Website enthaltenen Formulare in Bezug auf die von AleaSoft bereitgestellten Dienste akzeptieren die Benutzer die Einbeziehung und Verarbeitung [&hellip;]<\/p>\n","protected":false},"author":1,"featured_media":67772,"parent":0,"menu_order":0,"comment_status":"closed","ping_status":"closed","template":"elementor_header_footer","meta":{"footnotes":""},"class_list":["post-44073","page","type-page","status-publish","has-post-thumbnail","hentry"],"yoast_head":"<!-- This site is optimized with the Yoast SEO Premium plugin v27.4 (Yoast SEO v27.4) - https:\/\/yoast.com\/product\/yoast-seo-premium-wordpress\/ -->\n<title>Datenschutz-Bestimmungen - AleaSoft Energy Forecasting<\/title>\n<meta name=\"robots\" content=\"index, follow, max-snippet:-1, max-image-preview:large, max-video-preview:-1\" \/>\n<link rel=\"canonical\" href=\"https:\/\/aleasoft.com\/de\/datenschutz-bestimmungen\/\" \/>\n<meta property=\"og:locale\" content=\"de_DE\" \/>\n<meta property=\"og:type\" content=\"article\" \/>\n<meta property=\"og:title\" content=\"Datenschutz-Bestimmungen\" \/>\n<meta property=\"og:description\" content=\"1.- Zweck der Datenschutzerkl\u00e4rung Diese Datenschutzrichtlinie regelt, wie AleaSoft die personenbezogenen Daten erhebt, verarbeitet und nutzt, die von Benutzern auf dieser Website oder in einer beliebigen Webumgebung des Unternehmens bereitgestellt werden. Durch die Implementierung der auf der Website enthaltenen Formulare in Bezug auf die von AleaSoft bereitgestellten Dienste akzeptieren die Benutzer die Einbeziehung und Verarbeitung [&hellip;]\" \/>\n<meta property=\"og:url\" content=\"https:\/\/aleasoft.com\/de\/datenschutz-bestimmungen\/\" \/>\n<meta property=\"og:site_name\" content=\"AleaSoft Energy Forecasting\" \/>\n<meta property=\"article:publisher\" content=\"https:\/\/www.facebook.com\/AleaSoft\/\" \/>\n<meta property=\"article:modified_time\" content=\"2025-03-27T15:58:24+00:00\" \/>\n<meta property=\"og:image\" content=\"https:\/\/aleasoft.com\/wp-content\/uploads\/2019\/04\/aleasoft_logo.png\" \/>\n\t<meta property=\"og:image:width\" content=\"2632\" \/>\n\t<meta property=\"og:image:height\" content=\"522\" \/>\n\t<meta property=\"og:image:type\" content=\"image\/png\" \/>\n<meta name=\"twitter:card\" content=\"summary_large_image\" \/>\n<meta name=\"twitter:site\" content=\"@AleaSoftEnergy\" \/>\n<meta name=\"twitter:label1\" content=\"Gesch\u00e4tzte Lesezeit\" \/>\n\t<meta name=\"twitter:data1\" content=\"5\u00a0Minuten\" \/>\n<script type=\"application\/ld+json\" class=\"yoast-schema-graph\">{\"@context\":\"https:\\\/\\\/schema.org\",\"@graph\":[{\"@type\":\"WebPage\",\"@id\":\"https:\\\/\\\/aleasoft.com\\\/privacy-policy\\\/\",\"url\":\"https:\\\/\\\/aleasoft.com\\\/de\\\/datenschutz-bestimmungen\\\/\",\"name\":\"Datenschutz-Bestimmungen - AleaSoft Energy Forecasting\",\"isPartOf\":{\"@id\":\"https:\\\/\\\/aleasoft.com\\\/#website\"},\"primaryImageOfPage\":{\"@id\":\"https:\\\/\\\/aleasoft.com\\\/de\\\/datenschutz-bestimmungen\\\/#primaryimage\"},\"image\":{\"@id\":\"https:\\\/\\\/aleasoft.com\\\/de\\\/datenschutz-bestimmungen\\\/#primaryimage\"},\"thumbnailUrl\":\"https:\\\/\\\/aleasoft.com\\\/wp-content\\\/uploads\\\/2019\\\/04\\\/aleasoft_logo.png\",\"datePublished\":\"2020-01-17T21:05:38+00:00\",\"dateModified\":\"2025-03-27T15:58:24+00:00\",\"breadcrumb\":{\"@id\":\"https:\\\/\\\/aleasoft.com\\\/de\\\/datenschutz-bestimmungen\\\/#breadcrumb\"},\"inLanguage\":\"de\",\"potentialAction\":[{\"@type\":\"ReadAction\",\"target\":[\"https:\\\/\\\/aleasoft.com\\\/de\\\/datenschutz-bestimmungen\\\/\"]}]},{\"@type\":\"ImageObject\",\"inLanguage\":\"de\",\"@id\":\"https:\\\/\\\/aleasoft.com\\\/de\\\/datenschutz-bestimmungen\\\/#primaryimage\",\"url\":\"https:\\\/\\\/aleasoft.com\\\/wp-content\\\/uploads\\\/2019\\\/04\\\/aleasoft_logo.png\",\"contentUrl\":\"https:\\\/\\\/aleasoft.com\\\/wp-content\\\/uploads\\\/2019\\\/04\\\/aleasoft_logo.png\",\"width\":2632,\"height\":522},{\"@type\":\"BreadcrumbList\",\"@id\":\"https:\\\/\\\/aleasoft.com\\\/de\\\/datenschutz-bestimmungen\\\/#breadcrumb\",\"itemListElement\":[{\"@type\":\"ListItem\",\"position\":1,\"name\":\"Home\",\"item\":\"https:\\\/\\\/aleasoft.com\\\/\"},{\"@type\":\"ListItem\",\"position\":2,\"name\":\"Datenschutz-Bestimmungen\"}]},{\"@type\":\"WebSite\",\"@id\":\"https:\\\/\\\/aleasoft.com\\\/#website\",\"url\":\"https:\\\/\\\/aleasoft.com\\\/\",\"name\":\"AleaSoft Energy Forecasting\",\"description\":\"Energy Forecasting\",\"publisher\":{\"@id\":\"https:\\\/\\\/aleasoft.com\\\/#organization\"},\"potentialAction\":[{\"@type\":\"SearchAction\",\"target\":{\"@type\":\"EntryPoint\",\"urlTemplate\":\"https:\\\/\\\/aleasoft.com\\\/?s={search_term_string}\"},\"query-input\":{\"@type\":\"PropertyValueSpecification\",\"valueRequired\":true,\"valueName\":\"search_term_string\"}}],\"inLanguage\":\"de\"},{\"@type\":\"Organization\",\"@id\":\"https:\\\/\\\/aleasoft.com\\\/#organization\",\"name\":\"AleaSoft Energy Forecasting\",\"url\":\"https:\\\/\\\/aleasoft.com\\\/\",\"logo\":{\"@type\":\"ImageObject\",\"inLanguage\":\"de\",\"@id\":\"https:\\\/\\\/aleasoft.com\\\/#\\\/schema\\\/logo\\\/image\\\/\",\"url\":\"https:\\\/\\\/aleasoft.com\\\/wp-content\\\/uploads\\\/2020\\\/01\\\/logo-alea-25.svg\",\"contentUrl\":\"https:\\\/\\\/aleasoft.com\\\/wp-content\\\/uploads\\\/2020\\\/01\\\/logo-alea-25.svg\",\"width\":7047,\"height\":1416,\"caption\":\"AleaSoft Energy Forecasting\"},\"image\":{\"@id\":\"https:\\\/\\\/aleasoft.com\\\/#\\\/schema\\\/logo\\\/image\\\/\"},\"sameAs\":[\"https:\\\/\\\/www.facebook.com\\\/AleaSoft\\\/\",\"https:\\\/\\\/x.com\\\/AleaSoftEnergy\",\"https:\\\/\\\/www.linkedin.com\\\/company\\\/aleasoft\\\/\"]}]}<\/script>\n<!-- \/ Yoast SEO Premium plugin. -->","yoast_head_json":{"title":"Datenschutz-Bestimmungen - AleaSoft Energy Forecasting","robots":{"index":"index","follow":"follow","max-snippet":"max-snippet:-1","max-image-preview":"max-image-preview:large","max-video-preview":"max-video-preview:-1"},"canonical":"https:\/\/aleasoft.com\/de\/datenschutz-bestimmungen\/","og_locale":"de_DE","og_type":"article","og_title":"Datenschutz-Bestimmungen","og_description":"1.- Zweck der Datenschutzerkl\u00e4rung Diese Datenschutzrichtlinie regelt, wie AleaSoft die personenbezogenen Daten erhebt, verarbeitet und nutzt, die von Benutzern auf dieser Website oder in einer beliebigen Webumgebung des Unternehmens bereitgestellt werden. Durch die Implementierung der auf der Website enthaltenen Formulare in Bezug auf die von AleaSoft bereitgestellten Dienste akzeptieren die Benutzer die Einbeziehung und Verarbeitung [&hellip;]","og_url":"https:\/\/aleasoft.com\/de\/datenschutz-bestimmungen\/","og_site_name":"AleaSoft Energy Forecasting","article_publisher":"https:\/\/www.facebook.com\/AleaSoft\/","article_modified_time":"2025-03-27T15:58:24+00:00","og_image":[{"width":2632,"height":522,"url":"https:\/\/aleasoft.com\/wp-content\/uploads\/2019\/04\/aleasoft_logo.png","type":"image\/png"}],"twitter_card":"summary_large_image","twitter_site":"@AleaSoftEnergy","twitter_misc":{"Gesch\u00e4tzte Lesezeit":"5\u00a0Minuten"},"schema":{"@context":"https:\/\/schema.org","@graph":[{"@type":"WebPage","@id":"https:\/\/aleasoft.com\/privacy-policy\/","url":"https:\/\/aleasoft.com\/de\/datenschutz-bestimmungen\/","name":"Datenschutz-Bestimmungen - AleaSoft Energy Forecasting","isPartOf":{"@id":"https:\/\/aleasoft.com\/#website"},"primaryImageOfPage":{"@id":"https:\/\/aleasoft.com\/de\/datenschutz-bestimmungen\/#primaryimage"},"image":{"@id":"https:\/\/aleasoft.com\/de\/datenschutz-bestimmungen\/#primaryimage"},"thumbnailUrl":"https:\/\/aleasoft.com\/wp-content\/uploads\/2019\/04\/aleasoft_logo.png","datePublished":"2020-01-17T21:05:38+00:00","dateModified":"2025-03-27T15:58:24+00:00","breadcrumb":{"@id":"https:\/\/aleasoft.com\/de\/datenschutz-bestimmungen\/#breadcrumb"},"inLanguage":"de","potentialAction":[{"@type":"ReadAction","target":["https:\/\/aleasoft.com\/de\/datenschutz-bestimmungen\/"]}]},{"@type":"ImageObject","inLanguage":"de","@id":"https:\/\/aleasoft.com\/de\/datenschutz-bestimmungen\/#primaryimage","url":"https:\/\/aleasoft.com\/wp-content\/uploads\/2019\/04\/aleasoft_logo.png","contentUrl":"https:\/\/aleasoft.com\/wp-content\/uploads\/2019\/04\/aleasoft_logo.png","width":2632,"height":522},{"@type":"BreadcrumbList","@id":"https:\/\/aleasoft.com\/de\/datenschutz-bestimmungen\/#breadcrumb","itemListElement":[{"@type":"ListItem","position":1,"name":"Home","item":"https:\/\/aleasoft.com\/"},{"@type":"ListItem","position":2,"name":"Datenschutz-Bestimmungen"}]},{"@type":"WebSite","@id":"https:\/\/aleasoft.com\/#website","url":"https:\/\/aleasoft.com\/","name":"AleaSoft Energy Forecasting","description":"Energy Forecasting","publisher":{"@id":"https:\/\/aleasoft.com\/#organization"},"potentialAction":[{"@type":"SearchAction","target":{"@type":"EntryPoint","urlTemplate":"https:\/\/aleasoft.com\/?s={search_term_string}"},"query-input":{"@type":"PropertyValueSpecification","valueRequired":true,"valueName":"search_term_string"}}],"inLanguage":"de"},{"@type":"Organization","@id":"https:\/\/aleasoft.com\/#organization","name":"AleaSoft Energy Forecasting","url":"https:\/\/aleasoft.com\/","logo":{"@type":"ImageObject","inLanguage":"de","@id":"https:\/\/aleasoft.com\/#\/schema\/logo\/image\/","url":"https:\/\/aleasoft.com\/wp-content\/uploads\/2020\/01\/logo-alea-25.svg","contentUrl":"https:\/\/aleasoft.com\/wp-content\/uploads\/2020\/01\/logo-alea-25.svg","width":7047,"height":1416,"caption":"AleaSoft Energy Forecasting"},"image":{"@id":"https:\/\/aleasoft.com\/#\/schema\/logo\/image\/"},"sameAs":["https:\/\/www.facebook.com\/AleaSoft\/","https:\/\/x.com\/AleaSoftEnergy","https:\/\/www.linkedin.com\/company\/aleasoft\/"]}]}},"_links":{"self":[{"href":"https:\/\/aleasoft.com\/de\/wp-json\/wp\/v2\/pages\/44073","targetHints":{"allow":["GET"]}}],"collection":[{"href":"https:\/\/aleasoft.com\/de\/wp-json\/wp\/v2\/pages"}],"about":[{"href":"https:\/\/aleasoft.com\/de\/wp-json\/wp\/v2\/types\/page"}],"author":[{"embeddable":true,"href":"https:\/\/aleasoft.com\/de\/wp-json\/wp\/v2\/users\/1"}],"replies":[{"embeddable":true,"href":"https:\/\/aleasoft.com\/de\/wp-json\/wp\/v2\/comments?post=44073"}],"version-history":[{"count":0,"href":"https:\/\/aleasoft.com\/de\/wp-json\/wp\/v2\/pages\/44073\/revisions"}],"wp:featuredmedia":[{"embeddable":true,"href":"https:\/\/aleasoft.com\/de\/wp-json\/wp\/v2\/media\/67772"}],"wp:attachment":[{"href":"https:\/\/aleasoft.com\/de\/wp-json\/wp\/v2\/media?parent=44073"}],"curies":[{"name":"wp","href":"https:\/\/api.w.org\/{rel}","templated":true}]}}