{"id":44079,"date":"2020-01-19T17:09:07","date_gmt":"2020-01-19T16:09:07","guid":{"rendered":"https:\/\/aleasoft.com\/?page_id=44079"},"modified":"2020-01-19T17:41:55","modified_gmt":"2020-01-19T16:41:55","slug":"modellierung-datenanalyse","status":"publish","type":"page","link":"https:\/\/aleasoft.com\/de\/produkte-dienstleistungen\/modellierung-datenanalyse\/","title":{"rendered":"Modellierung &#038; Datenanalyse"},"content":{"rendered":"\t\t<div data-elementor-type=\"wp-page\" data-elementor-id=\"44079\" class=\"elementor elementor-44079\" data-elementor-post-type=\"page\">\n\t\t\t\t\t\t<section class=\"elementor-section elementor-top-section elementor-element elementor-element-3ca551a elementor-section-boxed elementor-section-height-default elementor-section-height-default\" data-id=\"3ca551a\" data-element_type=\"section\" data-e-type=\"section\">\n\t\t\t\t\t\t<div class=\"elementor-container elementor-column-gap-default\">\n\t\t\t\t\t<div class=\"elementor-column elementor-col-100 elementor-top-column elementor-element elementor-element-e015d43\" data-id=\"e015d43\" data-element_type=\"column\" data-e-type=\"column\">\n\t\t\t<div class=\"elementor-widget-wrap elementor-element-populated\">\n\t\t\t\t\t\t<div class=\"elementor-element elementor-element-d900937 elementor-widget elementor-widget-spacer\" data-id=\"d900937\" data-element_type=\"widget\" data-e-type=\"widget\" data-widget_type=\"spacer.default\">\n\t\t\t\t<div class=\"elementor-widget-container\">\n\t\t\t\t\t\t\t<div class=\"elementor-spacer\">\n\t\t\t<div class=\"elementor-spacer-inner\"><\/div>\n\t\t<\/div>\n\t\t\t\t\t\t<\/div>\n\t\t\t\t<\/div>\n\t\t\t\t<div class=\"elementor-element elementor-element-36a2a7d elementor-widget elementor-widget-heading\" data-id=\"36a2a7d\" data-element_type=\"widget\" data-e-type=\"widget\" data-widget_type=\"heading.default\">\n\t\t\t\t<div class=\"elementor-widget-container\">\n\t\t\t\t\t<h2 class=\"elementor-heading-title elementor-size-default\">Modellierung &#038; Datenanalyse<\/h2>\t\t\t\t<\/div>\n\t\t\t\t<\/div>\n\t\t\t\t\t<\/div>\n\t\t<\/div>\n\t\t\t\t\t<\/div>\n\t\t<\/section>\n\t\t\t\t<section class=\"elementor-section elementor-top-section elementor-element elementor-element-8344c56 elementor-section-boxed elementor-section-height-default elementor-section-height-default\" data-id=\"8344c56\" data-element_type=\"section\" data-e-type=\"section\">\n\t\t\t\t\t\t<div class=\"elementor-container elementor-column-gap-default\">\n\t\t\t\t\t<div class=\"elementor-column elementor-col-33 elementor-top-column elementor-element elementor-element-175873f\" data-id=\"175873f\" data-element_type=\"column\" data-e-type=\"column\">\n\t\t\t<div class=\"elementor-widget-wrap elementor-element-populated\">\n\t\t\t\t\t\t<div class=\"elementor-element elementor-element-f6c7dd8 elementor-nav-menu__align-start elementor-nav-menu--dropdown-tablet elementor-nav-menu__text-align-aside elementor-nav-menu--toggle elementor-nav-menu--burger elementor-widget elementor-widget-global elementor-global-44143 elementor-widget-nav-menu\" data-id=\"f6c7dd8\" data-element_type=\"widget\" data-e-type=\"widget\" data-settings=\"{&quot;layout&quot;:&quot;vertical&quot;,&quot;submenu_icon&quot;:{&quot;value&quot;:&quot;fas fa-caret-down&quot;,&quot;library&quot;:&quot;fa-solid&quot;},&quot;toggle&quot;:&quot;burger&quot;}\" data-widget_type=\"nav-menu.default\">\n\t\t\t\t<div class=\"elementor-widget-container\">\n\t\t\t\t\t\t\t\t<nav aria-label=\"Men\u00fc\" class=\"elementor-nav-menu--main elementor-nav-menu__container elementor-nav-menu--layout-vertical e--pointer-background e--animation-fade\">\n\t\t\t\t<ul id=\"menu-1-f6c7dd8\" class=\"elementor-nav-menu sm-vertical\"><li class=\"menu-item menu-item-type-post_type menu-item-object-page menu-item-44104\"><a href=\"https:\/\/aleasoft.com\/de\/dienstleistungen\/energiepreisprognosen\/\" class=\"elementor-item\">Energiepreisprognosen<\/a><\/li>\n<li class=\"menu-item menu-item-type-post_type menu-item-object-page menu-item-80153\"><a href=\"https:\/\/aleasoft.com\/de\/dienstleistungen\/strombedarfsprognosen\/\" class=\"elementor-item\">Energiebedarfsprognosen<\/a><\/li>\n<li class=\"menu-item menu-item-type-post_type menu-item-object-page menu-item-118408\"><a href=\"https:\/\/aleasoft.com\/de\/dienstleistungen\/prognosen-erneuerbare-energien\/\" class=\"elementor-item\">Prognosen f\u00fcr erneuerbare Energien<\/a><\/li>\n<li class=\"menu-item menu-item-type-post_type menu-item-object-page menu-item-118409\"><a href=\"https:\/\/aleasoft.com\/de\/produkte-dienstleistungen\/alea-energy-database-aleaapp\/\" class=\"elementor-item\">Alea Energy Database (AleaApp)<\/a><\/li>\n<\/ul>\t\t\t<\/nav>\n\t\t\t\t\t<div class=\"elementor-menu-toggle\" role=\"button\" tabindex=\"0\" aria-label=\"Men\u00fc Umschalter\" aria-expanded=\"false\">\n\t\t\t<svg aria-hidden=\"true\" role=\"presentation\" class=\"elementor-menu-toggle__icon--open e-font-icon-svg e-eicon-menu-bar\" viewBox=\"0 0 1000 1000\" xmlns=\"http:\/\/www.w3.org\/2000\/svg\"><path d=\"M104 333H896C929 333 958 304 958 271S929 208 896 208H104C71 208 42 237 42 271S71 333 104 333ZM104 583H896C929 583 958 554 958 521S929 458 896 458H104C71 458 42 487 42 521S71 583 104 583ZM104 833H896C929 833 958 804 958 771S929 708 896 708H104C71 708 42 737 42 771S71 833 104 833Z\"><\/path><\/svg><svg aria-hidden=\"true\" role=\"presentation\" class=\"elementor-menu-toggle__icon--close e-font-icon-svg e-eicon-close\" viewBox=\"0 0 1000 1000\" xmlns=\"http:\/\/www.w3.org\/2000\/svg\"><path d=\"M742 167L500 408 258 167C246 154 233 150 217 150 196 150 179 158 167 167 154 179 150 196 150 212 150 229 154 242 171 254L408 500 167 742C138 771 138 800 167 829 196 858 225 858 254 829L496 587 738 829C750 842 767 846 783 846 800 846 817 842 829 829 842 817 846 804 846 783 846 767 842 750 829 737L588 500 833 258C863 229 863 200 833 171 804 137 775 137 742 167Z\"><\/path><\/svg>\t\t<\/div>\n\t\t\t\t\t<nav class=\"elementor-nav-menu--dropdown elementor-nav-menu__container\" aria-hidden=\"true\">\n\t\t\t\t<ul id=\"menu-2-f6c7dd8\" class=\"elementor-nav-menu sm-vertical\"><li class=\"menu-item menu-item-type-post_type menu-item-object-page menu-item-44104\"><a href=\"https:\/\/aleasoft.com\/de\/dienstleistungen\/energiepreisprognosen\/\" class=\"elementor-item\" tabindex=\"-1\">Energiepreisprognosen<\/a><\/li>\n<li class=\"menu-item menu-item-type-post_type menu-item-object-page menu-item-80153\"><a href=\"https:\/\/aleasoft.com\/de\/dienstleistungen\/strombedarfsprognosen\/\" class=\"elementor-item\" tabindex=\"-1\">Energiebedarfsprognosen<\/a><\/li>\n<li class=\"menu-item menu-item-type-post_type menu-item-object-page menu-item-118408\"><a href=\"https:\/\/aleasoft.com\/de\/dienstleistungen\/prognosen-erneuerbare-energien\/\" class=\"elementor-item\" tabindex=\"-1\">Prognosen f\u00fcr erneuerbare Energien<\/a><\/li>\n<li class=\"menu-item menu-item-type-post_type menu-item-object-page menu-item-118409\"><a href=\"https:\/\/aleasoft.com\/de\/produkte-dienstleistungen\/alea-energy-database-aleaapp\/\" class=\"elementor-item\" tabindex=\"-1\">Alea Energy Database (AleaApp)<\/a><\/li>\n<\/ul>\t\t\t<\/nav>\n\t\t\t\t\t\t<\/div>\n\t\t\t\t<\/div>\n\t\t\t\t\t<\/div>\n\t\t<\/div>\n\t\t\t\t<div class=\"elementor-column elementor-col-66 elementor-top-column elementor-element elementor-element-d781948\" data-id=\"d781948\" data-element_type=\"column\" data-e-type=\"column\">\n\t\t\t<div class=\"elementor-widget-wrap elementor-element-populated\">\n\t\t\t\t\t\t<div class=\"elementor-element elementor-element-dd898b4 elementor-widget elementor-widget-text-editor\" data-id=\"dd898b4\" data-element_type=\"widget\" data-e-type=\"widget\" data-widget_type=\"text-editor.default\">\n\t\t\t\t<div class=\"elementor-widget-container\">\n\t\t\t\t\t\t\t\t\t<p>AleaSoft bietet zwei wesentliche L\u00f6sungen zur Energieprognose an. Der\u00a0<em>Modelizer\u00a0<\/em>ist an Experten gerichtet, die ihr eigenes Prognosemodell erstellen wollen, gerichtet, w\u00e4hrend der\u00a0<em>Data Analyzer\u00a0<\/em>eine L\u00f6sung ist, die bei der Zeitreihen-Analyse auf dem Energiemarkt Unterst\u00fctzung geben soll.<\/p><p><b>MODELIZER<\/b><\/p>\t\t\t\t\t\t\t\t<\/div>\n\t\t\t\t<\/div>\n\t\t\t\t<div class=\"elementor-element elementor-element-e4d2cd6 elementor-widget elementor-widget-image\" data-id=\"e4d2cd6\" data-element_type=\"widget\" data-e-type=\"widget\" data-widget_type=\"image.default\">\n\t\t\t\t<div class=\"elementor-widget-container\">\n\t\t\t\t\t\t\t\t\t\t\t\t\t\t\t<img fetchpriority=\"high\" decoding=\"async\" width=\"830\" height=\"552\" src=\"https:\/\/aleasoft.com\/wp-content\/uploads\/2020\/01\/AleaSoft-modelizer.png\" class=\"attachment-full size-full wp-image-43553\" alt=\"\" srcset=\"https:\/\/aleasoft.com\/wp-content\/uploads\/2020\/01\/AleaSoft-modelizer.png 830w, https:\/\/aleasoft.com\/wp-content\/uploads\/2020\/01\/AleaSoft-modelizer-300x200.png 300w, https:\/\/aleasoft.com\/wp-content\/uploads\/2020\/01\/AleaSoft-modelizer-768x511.png 768w\" sizes=\"(max-width: 830px) 100vw, 830px\" \/>\t\t\t\t\t\t\t\t\t\t\t\t\t\t\t<\/div>\n\t\t\t\t<\/div>\n\t\t\t\t\t<\/div>\n\t\t<\/div>\n\t\t\t\t\t<\/div>\n\t\t<\/section>\n\t\t\t\t<section class=\"elementor-section elementor-top-section elementor-element elementor-element-f962966 elementor-section-boxed elementor-section-height-default elementor-section-height-default\" data-id=\"f962966\" data-element_type=\"section\" data-e-type=\"section\">\n\t\t\t\t\t\t<div class=\"elementor-container elementor-column-gap-default\">\n\t\t\t\t\t<div class=\"elementor-column elementor-col-100 elementor-top-column elementor-element elementor-element-acf4510\" data-id=\"acf4510\" data-element_type=\"column\" data-e-type=\"column\">\n\t\t\t<div class=\"elementor-widget-wrap elementor-element-populated\">\n\t\t\t\t\t\t<div class=\"elementor-element elementor-element-233a90e elementor-widget elementor-widget-text-editor\" data-id=\"233a90e\" data-element_type=\"widget\" data-e-type=\"widget\" data-widget_type=\"text-editor.default\">\n\t\t\t\t<div class=\"elementor-widget-container\">\n\t\t\t\t\t\t\t\t\t<p>Der\u00a0<strong>AleaModelizer<\/strong>\u00a0richtet sich an spezialisierte Anwender, die ihre eigenen Modelle der Prognosen entwickeln wollen. Der\u00a0<strong>AleaModelizer<\/strong>\u00a0verwendet verschiedene Arten von Modellen: Neuronale Netze, SARIMA und Regression, was das\u00a0<strong>AleaModel<\/strong>\u00a0bildet. Der\u00a0<strong>AleaModelizer<\/strong>\u00a0erm\u00f6glicht ein H\u00f6chstma\u00df an Flexibilit\u00e4t, da jegliche Datenfrequenz m\u00f6glich ist: min\u00fctlich, w\u00f6chentlich, zweiw\u00f6chentlich, monatlich, viertelj\u00e4hrlich, j\u00e4hrlich usw.\u00a0Der\u00a0<strong>AleaModelizer<\/strong>\u00a0kann so viele\u00a0<strong>erkl\u00e4rende Variablen<\/strong>\u00a0wie gew\u00fcnscht beinhalten. Der automatische Lernprozess der L\u00f6sung erkennt diese Variablen.\u00a0Die\u00a0<strong>AleaModelizer<\/strong>-L\u00f6sung trifft eine automatische Vorauswahl des Satzes der begehrtesten Modelle als Basis. Der\u00a0<strong>AleaModelizer<\/strong>\u00a0erm\u00f6glicht einen Vergleich alternativer Modelle und eine Anzeige von Leistungsindikatoren. Der\u00a0<strong>AleaModelizer<\/strong>\u00a0macht die\u00a0<strong>Residualanalyse<\/strong>\u00a0mit grafischen und statistischen Werkzeugen m\u00f6glich. In Kombination mit dem \u201cBacktesting\u201c- Modul erlaubt der\u00a0<strong>AleaModelizer<\/strong>\u00a0einem\u00a0<strong>batch forecasting,<\/strong>\u00a0Prognosen zu entwickeln, die die Ergebnisse historischer Datenreihen analysieren.<\/p><p>\u00a0<\/p><p><b>AN\u00c1LISIS DE DATOS<\/b><\/p><p><img decoding=\"async\" class=\"aligncenter size-full wp-image-43558\" src=\"https:\/\/aleasoft.com\/wp-content\/uploads\/2020\/01\/AleaSoft-ADA.png\" alt=\"\" width=\"685\" height=\"482\" srcset=\"https:\/\/aleasoft.com\/wp-content\/uploads\/2020\/01\/AleaSoft-ADA.png 685w, https:\/\/aleasoft.com\/wp-content\/uploads\/2020\/01\/AleaSoft-ADA-300x211.png 300w\" sizes=\"(max-width: 685px) 100vw, 685px\" \/><\/p><p>Der\u00a0<strong>AleaDataAnalyzer<\/strong>\u00a0(ADA) ist eine L\u00f6sung, die bei der Zeitreihenanalyse auf den Energiem\u00e4rkten Unterst\u00fctzung geben soll. Er ist ein Hilfsmittel \u00a0und \u00a0exklusives Werkzeug f\u00fcr die Analyse von Energiezeitreihen und deren Manipulation.<\/p><p>Vorteile und Merkmale des AleaDataAnalyzers,\u00a0 der diverse Funktionen mitbringt:<\/p><ul><li><strong>Erm\u00f6glicht eine<\/strong><strong>\u00a0vollst\u00e4ndige Analyse der Ergebnisse.<\/strong><\/li><li>Erm\u00f6glicht eine profunde Analyse der\u00a0<strong>Eingangsdaten<\/strong>.<\/li><li>Einfache Erkennung von\u00a0<strong>Anomalien<\/strong>.<\/li><\/ul><p>Der\u00a0<strong>AleaDataAnalyzer<\/strong>\u00a0ADA\u00a0<strong>\u00fcberwindet<\/strong><strong>\u00a0<\/strong>die Grenzen der traditionellen Editoren wie Excel:<\/p><ul><li>Erlaubt Tabellen in einem\u00a0<strong>kompakten Format<\/strong>\u00a0zu speichern.<\/li><li>Sorgt f\u00fcr eine schnelle und effiziente Abwicklung von langen Datenserien, wie st\u00fcndliche Werte der Elektrizit\u00e4tsserien.<\/li><li><strong>ADA hat eine unbegrenzte Kapazit\u00e4t<\/strong>und erlaubt das Speichern und Bearbeiten von Serien beliebiger L\u00e4nge.<\/li><li>Erm\u00f6glicht die\u00a0<strong>schnelle Visualisierung<\/strong>\u00a0von relevanten Informationen \u00fcber die Serie (L\u00e4nge, Minimal- und Maximalwerte, etc.).<\/li><li>Gew\u00e4hrleistet eine\u00a0<strong>Kontinuit\u00e4t der Zeitreihe<\/strong>. Fehlende Werte oder Nullwerte werden automatisch erg\u00e4nzt, wobei der Nutzer in diesem Fall gewarnt wird.<\/li><li>Gew\u00e4hrleistet die Validierung der Abweichungen von der Zeitreihe. Stark abweichende Werte werden nach einer Warnung automatisch ersetzt.<\/li><li><strong>23- und 25-Stunden-Tage-Funktion.<\/strong><\/li><li>Erm\u00f6glicht tempor\u00e4re \u00c4nderungen.<\/li><li>ADA hat eine Vielzahl von\u00a0<strong>Grafikfunktionen:<\/strong>\u00a0Grafen zu \u00dcbergangsreihen, Histogramme, bivalente Diagramme usw.<\/li><li>ADA hat eine Vielzahl grafischer Eigenschaften: Mehrfachzoom, farbliche Differenzierung von Tagesarten, Grafiken mit unbegrenzter Zahl an Bemerkungen.<\/li><\/ul><p>Es ist einfach die Daten mit dem<strong>\u00a0AleaDataAnalyzer<\/strong>\u00a0in das gew\u00fcnschte Format umzuwandeln \u00a0(Excel, ODBC, TXT\u2026 ), in das der Datenbank.<\/p>\t\t\t\t\t\t\t\t<\/div>\n\t\t\t\t<\/div>\n\t\t\t\t\t<\/div>\n\t\t<\/div>\n\t\t\t\t\t<\/div>\n\t\t<\/section>\n\t\t\t\t<\/div>\n\t\t","protected":false},"excerpt":{"rendered":"<p>AleaSoft bietet zwei wesentliche L\u00f6sungen zur Energieprognose an. Der\u00a0Modelizer\u00a0ist an Experten gerichtet, die ihr eigenes Prognosemodell erstellen wollen, gerichtet, w\u00e4hrend der\u00a0Data Analyzer\u00a0eine L\u00f6sung ist, die bei der Zeitreihen-Analyse auf dem Energiemarkt Unterst\u00fctzung geben soll. MODELIZER Der\u00a0AleaModelizer\u00a0richtet sich an spezialisierte Anwender, die ihre eigenen Modelle der Prognosen entwickeln wollen. Der\u00a0AleaModelizer\u00a0verwendet verschiedene Arten von Modellen: Neuronale Netze, [&hellip;]<\/p>\n","protected":false},"author":1,"featured_media":0,"parent":44016,"menu_order":0,"comment_status":"closed","ping_status":"closed","template":"elementor_header_footer","meta":{"footnotes":""},"class_list":["post-44079","page","type-page","status-publish","hentry"],"yoast_head":"<!-- This site is optimized with the Yoast SEO Premium plugin v27.2 (Yoast SEO v27.3) - https:\/\/yoast.com\/product\/yoast-seo-premium-wordpress\/ -->\n<title>Modellierung &amp; Datenanalyse - AleaSoft Energy Forecasting<\/title>\n<meta name=\"robots\" content=\"index, follow, max-snippet:-1, max-image-preview:large, max-video-preview:-1\" \/>\n<link rel=\"canonical\" href=\"https:\/\/aleasoft.com\/de\/produkte-dienstleistungen\/modellierung-datenanalyse\/\" \/>\n<meta property=\"og:locale\" content=\"de_DE\" \/>\n<meta property=\"og:type\" content=\"article\" \/>\n<meta property=\"og:title\" content=\"Modellierung &amp; Datenanalyse\" \/>\n<meta property=\"og:description\" content=\"AleaSoft bietet zwei wesentliche L\u00f6sungen zur Energieprognose an. Der\u00a0Modelizer\u00a0ist an Experten gerichtet, die ihr eigenes Prognosemodell erstellen wollen, gerichtet, w\u00e4hrend der\u00a0Data Analyzer\u00a0eine L\u00f6sung ist, die bei der Zeitreihen-Analyse auf dem Energiemarkt Unterst\u00fctzung geben soll. MODELIZER Der\u00a0AleaModelizer\u00a0richtet sich an spezialisierte Anwender, die ihre eigenen Modelle der Prognosen entwickeln wollen. Der\u00a0AleaModelizer\u00a0verwendet verschiedene Arten von Modellen: Neuronale Netze, [&hellip;]\" \/>\n<meta property=\"og:url\" content=\"https:\/\/aleasoft.com\/de\/produkte-dienstleistungen\/modellierung-datenanalyse\/\" \/>\n<meta property=\"og:site_name\" content=\"AleaSoft Energy Forecasting\" \/>\n<meta property=\"article:publisher\" content=\"https:\/\/www.facebook.com\/AleaSoft\/\" \/>\n<meta property=\"article:modified_time\" content=\"2020-01-19T16:41:55+00:00\" \/>\n<meta property=\"og:image\" content=\"https:\/\/aleasoft.com\/wp-content\/uploads\/2020\/01\/AleaSoft-modelizer.png\" \/>\n<meta name=\"twitter:card\" content=\"summary_large_image\" \/>\n<meta name=\"twitter:site\" content=\"@AleaSoftEnergy\" \/>\n<meta name=\"twitter:label1\" content=\"Gesch\u00e4tzte Lesezeit\" \/>\n\t<meta name=\"twitter:data1\" content=\"2\u00a0Minuten\" \/>\n<script type=\"application\/ld+json\" class=\"yoast-schema-graph\">{\"@context\":\"https:\\\/\\\/schema.org\",\"@graph\":[{\"@type\":\"WebPage\",\"@id\":\"https:\\\/\\\/aleasoft.com\\\/de\\\/produkte-dienstleistungen\\\/modellierung-datenanalyse\\\/\",\"url\":\"https:\\\/\\\/aleasoft.com\\\/de\\\/produkte-dienstleistungen\\\/modellierung-datenanalyse\\\/\",\"name\":\"Modellierung & Datenanalyse - AleaSoft Energy Forecasting\",\"isPartOf\":{\"@id\":\"https:\\\/\\\/aleasoft.com\\\/#website\"},\"primaryImageOfPage\":{\"@id\":\"https:\\\/\\\/aleasoft.com\\\/de\\\/produkte-dienstleistungen\\\/modellierung-datenanalyse\\\/#primaryimage\"},\"image\":{\"@id\":\"https:\\\/\\\/aleasoft.com\\\/de\\\/produkte-dienstleistungen\\\/modellierung-datenanalyse\\\/#primaryimage\"},\"thumbnailUrl\":\"https:\\\/\\\/aleasoft.com\\\/wp-content\\\/uploads\\\/2020\\\/01\\\/AleaSoft-modelizer.png\",\"datePublished\":\"2020-01-19T16:09:07+00:00\",\"dateModified\":\"2020-01-19T16:41:55+00:00\",\"breadcrumb\":{\"@id\":\"https:\\\/\\\/aleasoft.com\\\/de\\\/produkte-dienstleistungen\\\/modellierung-datenanalyse\\\/#breadcrumb\"},\"inLanguage\":\"de\",\"potentialAction\":[{\"@type\":\"ReadAction\",\"target\":[\"https:\\\/\\\/aleasoft.com\\\/de\\\/produkte-dienstleistungen\\\/modellierung-datenanalyse\\\/\"]}]},{\"@type\":\"ImageObject\",\"inLanguage\":\"de\",\"@id\":\"https:\\\/\\\/aleasoft.com\\\/de\\\/produkte-dienstleistungen\\\/modellierung-datenanalyse\\\/#primaryimage\",\"url\":\"https:\\\/\\\/aleasoft.com\\\/wp-content\\\/uploads\\\/2020\\\/01\\\/AleaSoft-modelizer.png\",\"contentUrl\":\"https:\\\/\\\/aleasoft.com\\\/wp-content\\\/uploads\\\/2020\\\/01\\\/AleaSoft-modelizer.png\"},{\"@type\":\"BreadcrumbList\",\"@id\":\"https:\\\/\\\/aleasoft.com\\\/de\\\/produkte-dienstleistungen\\\/modellierung-datenanalyse\\\/#breadcrumb\",\"itemListElement\":[{\"@type\":\"ListItem\",\"position\":1,\"name\":\"Home\",\"item\":\"https:\\\/\\\/aleasoft.com\\\/\"},{\"@type\":\"ListItem\",\"position\":2,\"name\":\"Dienstleistungen\",\"item\":\"https:\\\/\\\/aleasoft.com\\\/de\\\/produkte-dienstleistungen\\\/\"},{\"@type\":\"ListItem\",\"position\":3,\"name\":\"Modellierung &#038; Datenanalyse\"}]},{\"@type\":\"WebSite\",\"@id\":\"https:\\\/\\\/aleasoft.com\\\/#website\",\"url\":\"https:\\\/\\\/aleasoft.com\\\/\",\"name\":\"AleaSoft Energy Forecasting\",\"description\":\"Energy Forecasting\",\"publisher\":{\"@id\":\"https:\\\/\\\/aleasoft.com\\\/#organization\"},\"potentialAction\":[{\"@type\":\"SearchAction\",\"target\":{\"@type\":\"EntryPoint\",\"urlTemplate\":\"https:\\\/\\\/aleasoft.com\\\/?s={search_term_string}\"},\"query-input\":{\"@type\":\"PropertyValueSpecification\",\"valueRequired\":true,\"valueName\":\"search_term_string\"}}],\"inLanguage\":\"de\"},{\"@type\":\"Organization\",\"@id\":\"https:\\\/\\\/aleasoft.com\\\/#organization\",\"name\":\"AleaSoft Energy Forecasting\",\"url\":\"https:\\\/\\\/aleasoft.com\\\/\",\"logo\":{\"@type\":\"ImageObject\",\"inLanguage\":\"de\",\"@id\":\"https:\\\/\\\/aleasoft.com\\\/#\\\/schema\\\/logo\\\/image\\\/\",\"url\":\"https:\\\/\\\/aleasoft.com\\\/wp-content\\\/uploads\\\/2020\\\/01\\\/logo-alea-25.svg\",\"contentUrl\":\"https:\\\/\\\/aleasoft.com\\\/wp-content\\\/uploads\\\/2020\\\/01\\\/logo-alea-25.svg\",\"width\":7047,\"height\":1416,\"caption\":\"AleaSoft Energy Forecasting\"},\"image\":{\"@id\":\"https:\\\/\\\/aleasoft.com\\\/#\\\/schema\\\/logo\\\/image\\\/\"},\"sameAs\":[\"https:\\\/\\\/www.facebook.com\\\/AleaSoft\\\/\",\"https:\\\/\\\/x.com\\\/AleaSoftEnergy\",\"https:\\\/\\\/www.linkedin.com\\\/company\\\/aleasoft\\\/\"]}]}<\/script>\n<!-- \/ Yoast SEO Premium plugin. -->","yoast_head_json":{"title":"Modellierung & Datenanalyse - AleaSoft Energy Forecasting","robots":{"index":"index","follow":"follow","max-snippet":"max-snippet:-1","max-image-preview":"max-image-preview:large","max-video-preview":"max-video-preview:-1"},"canonical":"https:\/\/aleasoft.com\/de\/produkte-dienstleistungen\/modellierung-datenanalyse\/","og_locale":"de_DE","og_type":"article","og_title":"Modellierung & Datenanalyse","og_description":"AleaSoft bietet zwei wesentliche L\u00f6sungen zur Energieprognose an. Der\u00a0Modelizer\u00a0ist an Experten gerichtet, die ihr eigenes Prognosemodell erstellen wollen, gerichtet, w\u00e4hrend der\u00a0Data Analyzer\u00a0eine L\u00f6sung ist, die bei der Zeitreihen-Analyse auf dem Energiemarkt Unterst\u00fctzung geben soll. MODELIZER Der\u00a0AleaModelizer\u00a0richtet sich an spezialisierte Anwender, die ihre eigenen Modelle der Prognosen entwickeln wollen. Der\u00a0AleaModelizer\u00a0verwendet verschiedene Arten von Modellen: Neuronale Netze, [&hellip;]","og_url":"https:\/\/aleasoft.com\/de\/produkte-dienstleistungen\/modellierung-datenanalyse\/","og_site_name":"AleaSoft Energy Forecasting","article_publisher":"https:\/\/www.facebook.com\/AleaSoft\/","article_modified_time":"2020-01-19T16:41:55+00:00","og_image":[{"url":"https:\/\/aleasoft.com\/wp-content\/uploads\/2020\/01\/AleaSoft-modelizer.png","type":"","width":"","height":""}],"twitter_card":"summary_large_image","twitter_site":"@AleaSoftEnergy","twitter_misc":{"Gesch\u00e4tzte Lesezeit":"2\u00a0Minuten"},"schema":{"@context":"https:\/\/schema.org","@graph":[{"@type":"WebPage","@id":"https:\/\/aleasoft.com\/de\/produkte-dienstleistungen\/modellierung-datenanalyse\/","url":"https:\/\/aleasoft.com\/de\/produkte-dienstleistungen\/modellierung-datenanalyse\/","name":"Modellierung & Datenanalyse - AleaSoft Energy Forecasting","isPartOf":{"@id":"https:\/\/aleasoft.com\/#website"},"primaryImageOfPage":{"@id":"https:\/\/aleasoft.com\/de\/produkte-dienstleistungen\/modellierung-datenanalyse\/#primaryimage"},"image":{"@id":"https:\/\/aleasoft.com\/de\/produkte-dienstleistungen\/modellierung-datenanalyse\/#primaryimage"},"thumbnailUrl":"https:\/\/aleasoft.com\/wp-content\/uploads\/2020\/01\/AleaSoft-modelizer.png","datePublished":"2020-01-19T16:09:07+00:00","dateModified":"2020-01-19T16:41:55+00:00","breadcrumb":{"@id":"https:\/\/aleasoft.com\/de\/produkte-dienstleistungen\/modellierung-datenanalyse\/#breadcrumb"},"inLanguage":"de","potentialAction":[{"@type":"ReadAction","target":["https:\/\/aleasoft.com\/de\/produkte-dienstleistungen\/modellierung-datenanalyse\/"]}]},{"@type":"ImageObject","inLanguage":"de","@id":"https:\/\/aleasoft.com\/de\/produkte-dienstleistungen\/modellierung-datenanalyse\/#primaryimage","url":"https:\/\/aleasoft.com\/wp-content\/uploads\/2020\/01\/AleaSoft-modelizer.png","contentUrl":"https:\/\/aleasoft.com\/wp-content\/uploads\/2020\/01\/AleaSoft-modelizer.png"},{"@type":"BreadcrumbList","@id":"https:\/\/aleasoft.com\/de\/produkte-dienstleistungen\/modellierung-datenanalyse\/#breadcrumb","itemListElement":[{"@type":"ListItem","position":1,"name":"Home","item":"https:\/\/aleasoft.com\/"},{"@type":"ListItem","position":2,"name":"Dienstleistungen","item":"https:\/\/aleasoft.com\/de\/produkte-dienstleistungen\/"},{"@type":"ListItem","position":3,"name":"Modellierung &#038; Datenanalyse"}]},{"@type":"WebSite","@id":"https:\/\/aleasoft.com\/#website","url":"https:\/\/aleasoft.com\/","name":"AleaSoft Energy Forecasting","description":"Energy Forecasting","publisher":{"@id":"https:\/\/aleasoft.com\/#organization"},"potentialAction":[{"@type":"SearchAction","target":{"@type":"EntryPoint","urlTemplate":"https:\/\/aleasoft.com\/?s={search_term_string}"},"query-input":{"@type":"PropertyValueSpecification","valueRequired":true,"valueName":"search_term_string"}}],"inLanguage":"de"},{"@type":"Organization","@id":"https:\/\/aleasoft.com\/#organization","name":"AleaSoft Energy Forecasting","url":"https:\/\/aleasoft.com\/","logo":{"@type":"ImageObject","inLanguage":"de","@id":"https:\/\/aleasoft.com\/#\/schema\/logo\/image\/","url":"https:\/\/aleasoft.com\/wp-content\/uploads\/2020\/01\/logo-alea-25.svg","contentUrl":"https:\/\/aleasoft.com\/wp-content\/uploads\/2020\/01\/logo-alea-25.svg","width":7047,"height":1416,"caption":"AleaSoft Energy Forecasting"},"image":{"@id":"https:\/\/aleasoft.com\/#\/schema\/logo\/image\/"},"sameAs":["https:\/\/www.facebook.com\/AleaSoft\/","https:\/\/x.com\/AleaSoftEnergy","https:\/\/www.linkedin.com\/company\/aleasoft\/"]}]}},"_links":{"self":[{"href":"https:\/\/aleasoft.com\/de\/wp-json\/wp\/v2\/pages\/44079","targetHints":{"allow":["GET"]}}],"collection":[{"href":"https:\/\/aleasoft.com\/de\/wp-json\/wp\/v2\/pages"}],"about":[{"href":"https:\/\/aleasoft.com\/de\/wp-json\/wp\/v2\/types\/page"}],"author":[{"embeddable":true,"href":"https:\/\/aleasoft.com\/de\/wp-json\/wp\/v2\/users\/1"}],"replies":[{"embeddable":true,"href":"https:\/\/aleasoft.com\/de\/wp-json\/wp\/v2\/comments?post=44079"}],"version-history":[{"count":0,"href":"https:\/\/aleasoft.com\/de\/wp-json\/wp\/v2\/pages\/44079\/revisions"}],"up":[{"embeddable":true,"href":"https:\/\/aleasoft.com\/de\/wp-json\/wp\/v2\/pages\/44016"}],"wp:attachment":[{"href":"https:\/\/aleasoft.com\/de\/wp-json\/wp\/v2\/media?parent=44079"}],"curies":[{"name":"wp","href":"https:\/\/api.w.org\/{rel}","templated":true}]}}