{"id":44082,"date":"2020-01-17T21:15:17","date_gmt":"2020-01-17T20:15:17","guid":{"rendered":"https:\/\/aleasoft.com\/?page_id=44082"},"modified":"2020-10-23T13:23:15","modified_gmt":"2020-10-23T11:23:15","slug":"andere-leistungen","status":"publish","type":"page","link":"https:\/\/aleasoft.com\/de\/produkte-dienstleistungen\/andere-leistungen\/","title":{"rendered":"Andere leistungen"},"content":{"rendered":"\t\t<div data-elementor-type=\"wp-page\" data-elementor-id=\"44082\" class=\"elementor elementor-44082\" data-elementor-post-type=\"page\">\n\t\t\t\t\t\t<section class=\"elementor-section elementor-top-section elementor-element elementor-element-3ca551a elementor-section-boxed elementor-section-height-default elementor-section-height-default\" data-id=\"3ca551a\" data-element_type=\"section\" data-e-type=\"section\">\n\t\t\t\t\t\t<div class=\"elementor-container elementor-column-gap-default\">\n\t\t\t\t\t<div class=\"elementor-column elementor-col-100 elementor-top-column elementor-element elementor-element-e015d43\" data-id=\"e015d43\" data-element_type=\"column\" data-e-type=\"column\">\n\t\t\t<div class=\"elementor-widget-wrap elementor-element-populated\">\n\t\t\t\t\t\t<div class=\"elementor-element elementor-element-d900937 elementor-widget elementor-widget-spacer\" data-id=\"d900937\" data-element_type=\"widget\" data-e-type=\"widget\" data-widget_type=\"spacer.default\">\n\t\t\t\t<div class=\"elementor-widget-container\">\n\t\t\t\t\t\t\t<div class=\"elementor-spacer\">\n\t\t\t<div class=\"elementor-spacer-inner\"><\/div>\n\t\t<\/div>\n\t\t\t\t\t\t<\/div>\n\t\t\t\t<\/div>\n\t\t\t\t<div class=\"elementor-element elementor-element-36a2a7d elementor-widget elementor-widget-heading\" data-id=\"36a2a7d\" data-element_type=\"widget\" data-e-type=\"widget\" data-widget_type=\"heading.default\">\n\t\t\t\t<div class=\"elementor-widget-container\">\n\t\t\t\t\t<h2 class=\"elementor-heading-title elementor-size-default\">Andere leistungen<\/h2>\t\t\t\t<\/div>\n\t\t\t\t<\/div>\n\t\t\t\t\t<\/div>\n\t\t<\/div>\n\t\t\t\t\t<\/div>\n\t\t<\/section>\n\t\t\t\t<section class=\"elementor-section elementor-top-section elementor-element elementor-element-8344c56 elementor-section-boxed elementor-section-height-default elementor-section-height-default\" data-id=\"8344c56\" data-element_type=\"section\" data-e-type=\"section\">\n\t\t\t\t\t\t<div class=\"elementor-container elementor-column-gap-default\">\n\t\t\t\t\t<div class=\"elementor-column elementor-col-33 elementor-top-column elementor-element elementor-element-175873f\" data-id=\"175873f\" data-element_type=\"column\" data-e-type=\"column\">\n\t\t\t<div class=\"elementor-widget-wrap elementor-element-populated\">\n\t\t\t\t\t\t<div class=\"elementor-element elementor-element-186a3e7 elementor-nav-menu__align-start elementor-nav-menu--dropdown-tablet elementor-nav-menu__text-align-aside elementor-nav-menu--toggle elementor-nav-menu--burger elementor-widget elementor-widget-global elementor-global-44143 elementor-widget-nav-menu\" data-id=\"186a3e7\" data-element_type=\"widget\" data-e-type=\"widget\" data-settings=\"{&quot;layout&quot;:&quot;vertical&quot;,&quot;submenu_icon&quot;:{&quot;value&quot;:&quot;fas fa-caret-down&quot;,&quot;library&quot;:&quot;fa-solid&quot;},&quot;toggle&quot;:&quot;burger&quot;}\" data-widget_type=\"nav-menu.default\">\n\t\t\t\t<div class=\"elementor-widget-container\">\n\t\t\t\t\t\t\t\t<nav aria-label=\"Men\u00fc\" class=\"elementor-nav-menu--main elementor-nav-menu__container elementor-nav-menu--layout-vertical e--pointer-background e--animation-fade\">\n\t\t\t\t<ul id=\"menu-1-186a3e7\" class=\"elementor-nav-menu sm-vertical\"><li class=\"menu-item menu-item-type-post_type menu-item-object-page menu-item-44104\"><a href=\"https:\/\/aleasoft.com\/de\/dienstleistungen\/energiepreisprognosen\/\" class=\"elementor-item\">Energiepreisprognosen<\/a><\/li>\n<li class=\"menu-item menu-item-type-post_type menu-item-object-page menu-item-80153\"><a href=\"https:\/\/aleasoft.com\/de\/dienstleistungen\/strombedarfsprognosen\/\" class=\"elementor-item\">Energiebedarfsprognosen<\/a><\/li>\n<li class=\"menu-item menu-item-type-post_type menu-item-object-page menu-item-118408\"><a href=\"https:\/\/aleasoft.com\/de\/dienstleistungen\/prognosen-erneuerbare-energien\/\" class=\"elementor-item\">Prognosen f\u00fcr erneuerbare Energien<\/a><\/li>\n<li class=\"menu-item menu-item-type-post_type menu-item-object-page menu-item-118409\"><a href=\"https:\/\/aleasoft.com\/de\/produkte-dienstleistungen\/alea-energy-database-aleaapp\/\" class=\"elementor-item\">Alea Energy Database (AleaApp)<\/a><\/li>\n<\/ul>\t\t\t<\/nav>\n\t\t\t\t\t<div class=\"elementor-menu-toggle\" role=\"button\" tabindex=\"0\" aria-label=\"Men\u00fc Umschalter\" aria-expanded=\"false\">\n\t\t\t<svg aria-hidden=\"true\" role=\"presentation\" class=\"elementor-menu-toggle__icon--open e-font-icon-svg e-eicon-menu-bar\" viewBox=\"0 0 1000 1000\" xmlns=\"http:\/\/www.w3.org\/2000\/svg\"><path d=\"M104 333H896C929 333 958 304 958 271S929 208 896 208H104C71 208 42 237 42 271S71 333 104 333ZM104 583H896C929 583 958 554 958 521S929 458 896 458H104C71 458 42 487 42 521S71 583 104 583ZM104 833H896C929 833 958 804 958 771S929 708 896 708H104C71 708 42 737 42 771S71 833 104 833Z\"><\/path><\/svg><svg aria-hidden=\"true\" role=\"presentation\" class=\"elementor-menu-toggle__icon--close e-font-icon-svg e-eicon-close\" viewBox=\"0 0 1000 1000\" xmlns=\"http:\/\/www.w3.org\/2000\/svg\"><path d=\"M742 167L500 408 258 167C246 154 233 150 217 150 196 150 179 158 167 167 154 179 150 196 150 212 150 229 154 242 171 254L408 500 167 742C138 771 138 800 167 829 196 858 225 858 254 829L496 587 738 829C750 842 767 846 783 846 800 846 817 842 829 829 842 817 846 804 846 783 846 767 842 750 829 737L588 500 833 258C863 229 863 200 833 171 804 137 775 137 742 167Z\"><\/path><\/svg>\t\t<\/div>\n\t\t\t\t\t<nav class=\"elementor-nav-menu--dropdown elementor-nav-menu__container\" aria-hidden=\"true\">\n\t\t\t\t<ul id=\"menu-2-186a3e7\" class=\"elementor-nav-menu sm-vertical\"><li class=\"menu-item menu-item-type-post_type menu-item-object-page menu-item-44104\"><a href=\"https:\/\/aleasoft.com\/de\/dienstleistungen\/energiepreisprognosen\/\" class=\"elementor-item\" tabindex=\"-1\">Energiepreisprognosen<\/a><\/li>\n<li class=\"menu-item menu-item-type-post_type menu-item-object-page menu-item-80153\"><a href=\"https:\/\/aleasoft.com\/de\/dienstleistungen\/strombedarfsprognosen\/\" class=\"elementor-item\" tabindex=\"-1\">Energiebedarfsprognosen<\/a><\/li>\n<li class=\"menu-item menu-item-type-post_type menu-item-object-page menu-item-118408\"><a href=\"https:\/\/aleasoft.com\/de\/dienstleistungen\/prognosen-erneuerbare-energien\/\" class=\"elementor-item\" tabindex=\"-1\">Prognosen f\u00fcr erneuerbare Energien<\/a><\/li>\n<li class=\"menu-item menu-item-type-post_type menu-item-object-page menu-item-118409\"><a href=\"https:\/\/aleasoft.com\/de\/produkte-dienstleistungen\/alea-energy-database-aleaapp\/\" class=\"elementor-item\" tabindex=\"-1\">Alea Energy Database (AleaApp)<\/a><\/li>\n<\/ul>\t\t\t<\/nav>\n\t\t\t\t\t\t<\/div>\n\t\t\t\t<\/div>\n\t\t\t\t\t<\/div>\n\t\t<\/div>\n\t\t\t\t<div class=\"elementor-column elementor-col-66 elementor-top-column elementor-element elementor-element-d781948\" data-id=\"d781948\" data-element_type=\"column\" data-e-type=\"column\">\n\t\t\t<div class=\"elementor-widget-wrap elementor-element-populated\">\n\t\t\t\t\t\t<div class=\"elementor-element elementor-element-4313df5 elementor-widget elementor-widget-image\" data-id=\"4313df5\" data-element_type=\"widget\" data-e-type=\"widget\" data-widget_type=\"image.default\">\n\t\t\t\t<div class=\"elementor-widget-container\">\n\t\t\t\t\t\t\t\t\t\t\t\t\t\t\t<img fetchpriority=\"high\" decoding=\"async\" width=\"800\" height=\"309\" src=\"https:\/\/aleasoft.com\/wp-content\/uploads\/2020\/01\/AleaSoft-other-services.jpg\" class=\"attachment-large size-large wp-image-43758\" alt=\"\" srcset=\"https:\/\/aleasoft.com\/wp-content\/uploads\/2020\/01\/AleaSoft-other-services.jpg 822w, https:\/\/aleasoft.com\/wp-content\/uploads\/2020\/01\/AleaSoft-other-services-300x116.jpg 300w, https:\/\/aleasoft.com\/wp-content\/uploads\/2020\/01\/AleaSoft-other-services-768x297.jpg 768w\" sizes=\"(max-width: 800px) 100vw, 800px\" \/>\t\t\t\t\t\t\t\t\t\t\t\t\t\t\t<\/div>\n\t\t\t\t<\/div>\n\t\t\t\t\t<\/div>\n\t\t<\/div>\n\t\t\t\t\t<\/div>\n\t\t<\/section>\n\t\t\t\t<section class=\"elementor-section elementor-top-section elementor-element elementor-element-de629fe elementor-section-boxed elementor-section-height-default elementor-section-height-default\" data-id=\"de629fe\" data-element_type=\"section\" data-e-type=\"section\">\n\t\t\t\t\t\t<div class=\"elementor-container elementor-column-gap-default\">\n\t\t\t\t\t<div class=\"elementor-column elementor-col-100 elementor-top-column elementor-element elementor-element-02371c9\" data-id=\"02371c9\" data-element_type=\"column\" data-e-type=\"column\">\n\t\t\t<div class=\"elementor-widget-wrap elementor-element-populated\">\n\t\t\t\t\t\t<div class=\"elementor-element elementor-element-bf90d4c elementor-widget elementor-widget-text-editor\" data-id=\"bf90d4c\" data-element_type=\"widget\" data-e-type=\"widget\" data-widget_type=\"text-editor.default\">\n\t\t\t\t<div class=\"elementor-widget-container\">\n\t\t\t\t\t\t\t\t\t<p><strong>AleaSoft bietet eine Vielzahl an Zusatzleistungen, um auf die Bed\u00fcrfnisse der Kunden optimal einzugehen:<\/strong><\/p>\t\t\t\t\t\t\t\t<\/div>\n\t\t\t\t<\/div>\n\t\t\t\t\t<\/div>\n\t\t<\/div>\n\t\t\t\t\t<\/div>\n\t\t<\/section>\n\t\t\t\t<section class=\"elementor-section elementor-top-section elementor-element elementor-element-5f370dc elementor-section-boxed elementor-section-height-default elementor-section-height-default\" data-id=\"5f370dc\" data-element_type=\"section\" data-e-type=\"section\">\n\t\t\t\t\t\t<div class=\"elementor-container elementor-column-gap-default\">\n\t\t\t\t\t<div class=\"elementor-column elementor-col-100 elementor-top-column elementor-element elementor-element-ce98b0a\" data-id=\"ce98b0a\" data-element_type=\"column\" data-e-type=\"column\">\n\t\t\t<div class=\"elementor-widget-wrap elementor-element-populated\">\n\t\t\t\t\t\t<div class=\"elementor-element elementor-element-4620db3 elementor-tabs-view-horizontal elementor-widget elementor-widget-tabs\" data-id=\"4620db3\" data-element_type=\"widget\" data-e-type=\"widget\" data-widget_type=\"tabs.default\">\n\t\t\t\t<div class=\"elementor-widget-container\">\n\t\t\t\t\t\t\t<div class=\"elementor-tabs\">\n\t\t\t<div class=\"elementor-tabs-wrapper\" role=\"tablist\" >\n\t\t\t\t\t\t\t\t\t<div id=\"elementor-tab-title-7351\" class=\"elementor-tab-title elementor-tab-desktop-title\" aria-selected=\"true\" data-tab=\"1\" role=\"tab\" tabindex=\"0\" aria-controls=\"elementor-tab-content-7351\" aria-expanded=\"false\">Energiemarkt-beritchte<\/div>\n\t\t\t\t\t\t\t\t\t<div id=\"elementor-tab-title-7352\" class=\"elementor-tab-title elementor-tab-desktop-title\" aria-selected=\"false\" data-tab=\"2\" role=\"tab\" tabindex=\"-1\" aria-controls=\"elementor-tab-content-7352\" aria-expanded=\"false\">Liefert daten<\/div>\n\t\t\t\t\t\t\t\t\t<div id=\"elementor-tab-title-7353\" class=\"elementor-tab-title elementor-tab-desktop-title\" aria-selected=\"false\" data-tab=\"3\" role=\"tab\" tabindex=\"-1\" aria-controls=\"elementor-tab-content-7353\" aria-expanded=\"false\">Optimierung<\/div>\n\t\t\t\t\t\t\t\t\t<div id=\"elementor-tab-title-7354\" class=\"elementor-tab-title elementor-tab-desktop-title\" aria-selected=\"false\" data-tab=\"4\" role=\"tab\" tabindex=\"-1\" aria-controls=\"elementor-tab-content-7354\" aria-expanded=\"false\">Schulungen und beratung<\/div>\n\t\t\t\t\t\t\t<\/div>\n\t\t\t<div class=\"elementor-tabs-content-wrapper\" role=\"tablist\" aria-orientation=\"vertical\">\n\t\t\t\t\t\t\t\t\t<div class=\"elementor-tab-title elementor-tab-mobile-title\" aria-selected=\"true\" data-tab=\"1\" role=\"tab\" tabindex=\"0\" aria-controls=\"elementor-tab-content-7351\" aria-expanded=\"false\">Energiemarkt-beritchte<\/div>\n\t\t\t\t\t<div id=\"elementor-tab-content-7351\" class=\"elementor-tab-content elementor-clearfix\" data-tab=\"1\" role=\"tabpanel\" aria-labelledby=\"elementor-tab-title-7351\" tabindex=\"0\" hidden=\"false\"><p>AleaSoft erstellt Berichte, die relevante Informationen liefern und n\u00fctzliche Daten f\u00fcr das Verst\u00e4ndnis der Entwicklung der M\u00e4rkte aufgezeichnen:\u00a0<strong>Marktpreis<\/strong>,\u00a0<strong>Nachfrage<\/strong>,\u00a0<strong>Produktion durch Technologie<\/strong>,\u00a0<strong>Rohstoffe<\/strong>,\u00a0<strong>Klimadaten\u00a0<\/strong>usw. Diese Berichte werden w\u00f6chentlichen und monatlichen per E-Mail versandt, und sind f\u00fcr MIBEL, Powernext,\u00a0<a href=\"https:\/\/aleasoft.com\/de\/deutschland-osterreich-epex-spot\/\">Phelix<\/a>,\u00a0<a href=\"https:\/\/aleasoft.com\/de\/vereinigtes-konigreich-n2ex\/\">N2EX<\/a>,\u00a0<a href=\"https:\/\/aleasoft.com\/de\/italien-ipex\/\">IPEX<\/a>\u00a0und\u00a0<a href=\"https:\/\/aleasoft.com\/de\/nordische-laender-nordpool\/\">Nordpool<\/a>\u00a0erh\u00e4ltlich.<\/p><\/div>\n\t\t\t\t\t\t\t\t\t<div class=\"elementor-tab-title elementor-tab-mobile-title\" aria-selected=\"false\" data-tab=\"2\" role=\"tab\" tabindex=\"-1\" aria-controls=\"elementor-tab-content-7352\" aria-expanded=\"false\">Liefert daten<\/div>\n\t\t\t\t\t<div id=\"elementor-tab-content-7352\" class=\"elementor-tab-content elementor-clearfix\" data-tab=\"2\" role=\"tabpanel\" aria-labelledby=\"elementor-tab-title-7352\" tabindex=\"0\" hidden=\"hidden\"><p>AleaSoft\u00a0<strong>liefert<\/strong>\u00a0<strong>Daten,\u00a0<\/strong>die Studien und M\u00e4rkte erg\u00e4nzen sollen:<\/p><ul><li>Deckt die wichtigsten\u00a0<strong>Energiem\u00e4rkte<\/strong><\/li><li><strong>Wetterdaten f\u00fcr beliebigen Ort in der Welt\u00a0<\/strong>(einschlie\u00dflich Temperatur, Windgeschwindigkeit, Windchill-Temperatur, Bew\u00f6lkung usw.)<\/li><\/ul><p>Die zur Verf\u00fcgung gestellten Daten k\u00f6nnen von historischem Charakter sein, es k\u00f6nnen aktuelle oder auch zuk\u00fcnftigen Daten sein. Diese Daten werden automatisch per E-Mail oder FTP, t\u00e4glich oder mehrmals t\u00e4glich versendet.<\/p><\/div>\n\t\t\t\t\t\t\t\t\t<div class=\"elementor-tab-title elementor-tab-mobile-title\" aria-selected=\"false\" data-tab=\"3\" role=\"tab\" tabindex=\"-1\" aria-controls=\"elementor-tab-content-7353\" aria-expanded=\"false\">Optimierung<\/div>\n\t\t\t\t\t<div id=\"elementor-tab-content-7353\" class=\"elementor-tab-content elementor-clearfix\" data-tab=\"3\" role=\"tabpanel\" aria-labelledby=\"elementor-tab-title-7353\" tabindex=\"0\" hidden=\"hidden\"><p>AleaSoft hilft Kunden bei der Optimierung ihrer spezifischen Prozesse, um die Rentabilit\u00e4t der Energieerzeugung und Investitionen zu gew\u00e4hrleisten.\u00a0Die\u00a0<strong>Optimierung<\/strong>\u00a0sorgt f\u00fcr Effizienz im Unternehmen in vielerlei Hinsicht: Preisgestaltung, Produktionsplanung, Investitionsplanung, Ressourcenzuweisung, usw. So maximiert die\u00a0<strong>Optimierung<\/strong>\u00a0die Leistung eines Prozesses oder Systems.<\/p><\/div>\n\t\t\t\t\t\t\t\t\t<div class=\"elementor-tab-title elementor-tab-mobile-title\" aria-selected=\"false\" data-tab=\"4\" role=\"tab\" tabindex=\"-1\" aria-controls=\"elementor-tab-content-7354\" aria-expanded=\"false\">Schulungen und beratung<\/div>\n\t\t\t\t\t<div id=\"elementor-tab-content-7354\" class=\"elementor-tab-content elementor-clearfix\" data-tab=\"4\" role=\"tabpanel\" aria-labelledby=\"elementor-tab-title-7354\" tabindex=\"0\" hidden=\"hidden\"><p><strong>AleaSoft bietet professionelle Trainings und Beratungen als Dienstleistung an:<\/strong><\/p><ul><li><strong>Schulungen\u00a0<\/strong>speziell angepasst an Stromprognostizierungen, die Kenntnisse im Bereich Prognosemethoden geben und komplexe Fragen zu Energieprognosen behandeln.<\/li><li><strong>Beratung\u00a0<\/strong>zu Prognosetools, -methoden und -prozessen.<\/li><\/ul><\/div>\n\t\t\t\t\t\t\t<\/div>\n\t\t<\/div>\n\t\t\t\t\t\t<\/div>\n\t\t\t\t<\/div>\n\t\t\t\t\t<\/div>\n\t\t<\/div>\n\t\t\t\t\t<\/div>\n\t\t<\/section>\n\t\t\t\t<\/div>\n\t\t","protected":false},"excerpt":{"rendered":"<p>AleaSoft bietet eine Vielzahl an Zusatzleistungen, um auf die Bed\u00fcrfnisse der Kunden optimal einzugehen: Energiemarkt-beritchte Liefert daten Optimierung Schulungen und beratung Energiemarkt-beritchte AleaSoft erstellt Berichte, die relevante Informationen liefern und n\u00fctzliche Daten f\u00fcr das Verst\u00e4ndnis der Entwicklung der M\u00e4rkte aufgezeichnen:\u00a0Marktpreis,\u00a0Nachfrage,\u00a0Produktion durch Technologie,\u00a0Rohstoffe,\u00a0Klimadaten\u00a0usw. Diese Berichte werden w\u00f6chentlichen und monatlichen per E-Mail versandt, und sind f\u00fcr MIBEL, [&hellip;]<\/p>\n","protected":false},"author":1,"featured_media":0,"parent":44016,"menu_order":0,"comment_status":"closed","ping_status":"closed","template":"elementor_header_footer","meta":{"footnotes":""},"class_list":["post-44082","page","type-page","status-publish","hentry"],"yoast_head":"<!-- This site is optimized with the Yoast SEO Premium plugin v27.2 (Yoast SEO v27.4) - https:\/\/yoast.com\/product\/yoast-seo-premium-wordpress\/ -->\n<title>Andere leistungen - AleaSoft Energy Forecasting<\/title>\n<meta name=\"robots\" content=\"index, follow, max-snippet:-1, max-image-preview:large, max-video-preview:-1\" \/>\n<link rel=\"canonical\" href=\"https:\/\/aleasoft.com\/es\/productos-y-servicios\/otros-servicios\/\" \/>\n<meta property=\"og:locale\" content=\"de_DE\" \/>\n<meta property=\"og:type\" content=\"article\" \/>\n<meta property=\"og:title\" content=\"Andere leistungen\" \/>\n<meta property=\"og:description\" content=\"AleaSoft bietet eine Vielzahl an Zusatzleistungen, um auf die Bed\u00fcrfnisse der Kunden optimal einzugehen: Energiemarkt-beritchte Liefert daten Optimierung Schulungen und beratung Energiemarkt-beritchte AleaSoft erstellt Berichte, die relevante Informationen liefern und n\u00fctzliche Daten f\u00fcr das Verst\u00e4ndnis der Entwicklung der M\u00e4rkte aufgezeichnen:\u00a0Marktpreis,\u00a0Nachfrage,\u00a0Produktion durch Technologie,\u00a0Rohstoffe,\u00a0Klimadaten\u00a0usw. Diese Berichte werden w\u00f6chentlichen und monatlichen per E-Mail versandt, und sind f\u00fcr MIBEL, [&hellip;]\" \/>\n<meta property=\"og:url\" content=\"https:\/\/aleasoft.com\/es\/productos-y-servicios\/otros-servicios\/\" \/>\n<meta property=\"og:site_name\" content=\"AleaSoft Energy Forecasting\" \/>\n<meta property=\"article:publisher\" content=\"https:\/\/www.facebook.com\/AleaSoft\/\" \/>\n<meta property=\"article:modified_time\" content=\"2020-10-23T11:23:15+00:00\" \/>\n<meta property=\"og:image\" content=\"https:\/\/aleasoft.com\/wp-content\/uploads\/2020\/01\/AleaSoft-other-services.jpg\" \/>\n<meta name=\"twitter:card\" content=\"summary_large_image\" \/>\n<meta name=\"twitter:site\" content=\"@AleaSoftEnergy\" \/>\n<meta name=\"twitter:label1\" content=\"Gesch\u00e4tzte Lesezeit\" \/>\n\t<meta name=\"twitter:data1\" content=\"1\u00a0Minute\" \/>\n<script type=\"application\/ld+json\" class=\"yoast-schema-graph\">{\"@context\":\"https:\\\/\\\/schema.org\",\"@graph\":[{\"@type\":\"WebPage\",\"@id\":\"https:\\\/\\\/aleasoft.com\\\/es\\\/productos-y-servicios\\\/otros-servicios\\\/\",\"url\":\"https:\\\/\\\/aleasoft.com\\\/es\\\/productos-y-servicios\\\/otros-servicios\\\/\",\"name\":\"Andere leistungen - AleaSoft Energy Forecasting\",\"isPartOf\":{\"@id\":\"https:\\\/\\\/aleasoft.com\\\/#website\"},\"primaryImageOfPage\":{\"@id\":\"https:\\\/\\\/aleasoft.com\\\/es\\\/productos-y-servicios\\\/otros-servicios\\\/#primaryimage\"},\"image\":{\"@id\":\"https:\\\/\\\/aleasoft.com\\\/es\\\/productos-y-servicios\\\/otros-servicios\\\/#primaryimage\"},\"thumbnailUrl\":\"https:\\\/\\\/aleasoft.com\\\/wp-content\\\/uploads\\\/2020\\\/01\\\/AleaSoft-other-services.jpg\",\"datePublished\":\"2020-01-17T20:15:17+00:00\",\"dateModified\":\"2020-10-23T11:23:15+00:00\",\"breadcrumb\":{\"@id\":\"https:\\\/\\\/aleasoft.com\\\/es\\\/productos-y-servicios\\\/otros-servicios\\\/#breadcrumb\"},\"inLanguage\":\"de\",\"potentialAction\":[{\"@type\":\"ReadAction\",\"target\":[\"https:\\\/\\\/aleasoft.com\\\/es\\\/productos-y-servicios\\\/otros-servicios\\\/\"]}]},{\"@type\":\"ImageObject\",\"inLanguage\":\"de\",\"@id\":\"https:\\\/\\\/aleasoft.com\\\/es\\\/productos-y-servicios\\\/otros-servicios\\\/#primaryimage\",\"url\":\"https:\\\/\\\/aleasoft.com\\\/wp-content\\\/uploads\\\/2020\\\/01\\\/AleaSoft-other-services.jpg\",\"contentUrl\":\"https:\\\/\\\/aleasoft.com\\\/wp-content\\\/uploads\\\/2020\\\/01\\\/AleaSoft-other-services.jpg\"},{\"@type\":\"BreadcrumbList\",\"@id\":\"https:\\\/\\\/aleasoft.com\\\/es\\\/productos-y-servicios\\\/otros-servicios\\\/#breadcrumb\",\"itemListElement\":[{\"@type\":\"ListItem\",\"position\":1,\"name\":\"Home\",\"item\":\"https:\\\/\\\/aleasoft.com\\\/\"},{\"@type\":\"ListItem\",\"position\":2,\"name\":\"Dienstleistungen\",\"item\":\"https:\\\/\\\/aleasoft.com\\\/de\\\/produkte-dienstleistungen\\\/\"},{\"@type\":\"ListItem\",\"position\":3,\"name\":\"Andere leistungen\"}]},{\"@type\":\"WebSite\",\"@id\":\"https:\\\/\\\/aleasoft.com\\\/#website\",\"url\":\"https:\\\/\\\/aleasoft.com\\\/\",\"name\":\"AleaSoft Energy Forecasting\",\"description\":\"Energy Forecasting\",\"publisher\":{\"@id\":\"https:\\\/\\\/aleasoft.com\\\/#organization\"},\"potentialAction\":[{\"@type\":\"SearchAction\",\"target\":{\"@type\":\"EntryPoint\",\"urlTemplate\":\"https:\\\/\\\/aleasoft.com\\\/?s={search_term_string}\"},\"query-input\":{\"@type\":\"PropertyValueSpecification\",\"valueRequired\":true,\"valueName\":\"search_term_string\"}}],\"inLanguage\":\"de\"},{\"@type\":\"Organization\",\"@id\":\"https:\\\/\\\/aleasoft.com\\\/#organization\",\"name\":\"AleaSoft Energy Forecasting\",\"url\":\"https:\\\/\\\/aleasoft.com\\\/\",\"logo\":{\"@type\":\"ImageObject\",\"inLanguage\":\"de\",\"@id\":\"https:\\\/\\\/aleasoft.com\\\/#\\\/schema\\\/logo\\\/image\\\/\",\"url\":\"https:\\\/\\\/aleasoft.com\\\/wp-content\\\/uploads\\\/2020\\\/01\\\/logo-alea-25.svg\",\"contentUrl\":\"https:\\\/\\\/aleasoft.com\\\/wp-content\\\/uploads\\\/2020\\\/01\\\/logo-alea-25.svg\",\"width\":7047,\"height\":1416,\"caption\":\"AleaSoft Energy Forecasting\"},\"image\":{\"@id\":\"https:\\\/\\\/aleasoft.com\\\/#\\\/schema\\\/logo\\\/image\\\/\"},\"sameAs\":[\"https:\\\/\\\/www.facebook.com\\\/AleaSoft\\\/\",\"https:\\\/\\\/x.com\\\/AleaSoftEnergy\",\"https:\\\/\\\/www.linkedin.com\\\/company\\\/aleasoft\\\/\"]}]}<\/script>\n<!-- \/ Yoast SEO Premium plugin. -->","yoast_head_json":{"title":"Andere leistungen - AleaSoft Energy Forecasting","robots":{"index":"index","follow":"follow","max-snippet":"max-snippet:-1","max-image-preview":"max-image-preview:large","max-video-preview":"max-video-preview:-1"},"canonical":"https:\/\/aleasoft.com\/es\/productos-y-servicios\/otros-servicios\/","og_locale":"de_DE","og_type":"article","og_title":"Andere leistungen","og_description":"AleaSoft bietet eine Vielzahl an Zusatzleistungen, um auf die Bed\u00fcrfnisse der Kunden optimal einzugehen: Energiemarkt-beritchte Liefert daten Optimierung Schulungen und beratung Energiemarkt-beritchte AleaSoft erstellt Berichte, die relevante Informationen liefern und n\u00fctzliche Daten f\u00fcr das Verst\u00e4ndnis der Entwicklung der M\u00e4rkte aufgezeichnen:\u00a0Marktpreis,\u00a0Nachfrage,\u00a0Produktion durch Technologie,\u00a0Rohstoffe,\u00a0Klimadaten\u00a0usw. Diese Berichte werden w\u00f6chentlichen und monatlichen per E-Mail versandt, und sind f\u00fcr MIBEL, [&hellip;]","og_url":"https:\/\/aleasoft.com\/es\/productos-y-servicios\/otros-servicios\/","og_site_name":"AleaSoft Energy Forecasting","article_publisher":"https:\/\/www.facebook.com\/AleaSoft\/","article_modified_time":"2020-10-23T11:23:15+00:00","og_image":[{"url":"https:\/\/aleasoft.com\/wp-content\/uploads\/2020\/01\/AleaSoft-other-services.jpg","type":"","width":"","height":""}],"twitter_card":"summary_large_image","twitter_site":"@AleaSoftEnergy","twitter_misc":{"Gesch\u00e4tzte Lesezeit":"1\u00a0Minute"},"schema":{"@context":"https:\/\/schema.org","@graph":[{"@type":"WebPage","@id":"https:\/\/aleasoft.com\/es\/productos-y-servicios\/otros-servicios\/","url":"https:\/\/aleasoft.com\/es\/productos-y-servicios\/otros-servicios\/","name":"Andere leistungen - AleaSoft Energy Forecasting","isPartOf":{"@id":"https:\/\/aleasoft.com\/#website"},"primaryImageOfPage":{"@id":"https:\/\/aleasoft.com\/es\/productos-y-servicios\/otros-servicios\/#primaryimage"},"image":{"@id":"https:\/\/aleasoft.com\/es\/productos-y-servicios\/otros-servicios\/#primaryimage"},"thumbnailUrl":"https:\/\/aleasoft.com\/wp-content\/uploads\/2020\/01\/AleaSoft-other-services.jpg","datePublished":"2020-01-17T20:15:17+00:00","dateModified":"2020-10-23T11:23:15+00:00","breadcrumb":{"@id":"https:\/\/aleasoft.com\/es\/productos-y-servicios\/otros-servicios\/#breadcrumb"},"inLanguage":"de","potentialAction":[{"@type":"ReadAction","target":["https:\/\/aleasoft.com\/es\/productos-y-servicios\/otros-servicios\/"]}]},{"@type":"ImageObject","inLanguage":"de","@id":"https:\/\/aleasoft.com\/es\/productos-y-servicios\/otros-servicios\/#primaryimage","url":"https:\/\/aleasoft.com\/wp-content\/uploads\/2020\/01\/AleaSoft-other-services.jpg","contentUrl":"https:\/\/aleasoft.com\/wp-content\/uploads\/2020\/01\/AleaSoft-other-services.jpg"},{"@type":"BreadcrumbList","@id":"https:\/\/aleasoft.com\/es\/productos-y-servicios\/otros-servicios\/#breadcrumb","itemListElement":[{"@type":"ListItem","position":1,"name":"Home","item":"https:\/\/aleasoft.com\/"},{"@type":"ListItem","position":2,"name":"Dienstleistungen","item":"https:\/\/aleasoft.com\/de\/produkte-dienstleistungen\/"},{"@type":"ListItem","position":3,"name":"Andere leistungen"}]},{"@type":"WebSite","@id":"https:\/\/aleasoft.com\/#website","url":"https:\/\/aleasoft.com\/","name":"AleaSoft Energy Forecasting","description":"Energy Forecasting","publisher":{"@id":"https:\/\/aleasoft.com\/#organization"},"potentialAction":[{"@type":"SearchAction","target":{"@type":"EntryPoint","urlTemplate":"https:\/\/aleasoft.com\/?s={search_term_string}"},"query-input":{"@type":"PropertyValueSpecification","valueRequired":true,"valueName":"search_term_string"}}],"inLanguage":"de"},{"@type":"Organization","@id":"https:\/\/aleasoft.com\/#organization","name":"AleaSoft Energy Forecasting","url":"https:\/\/aleasoft.com\/","logo":{"@type":"ImageObject","inLanguage":"de","@id":"https:\/\/aleasoft.com\/#\/schema\/logo\/image\/","url":"https:\/\/aleasoft.com\/wp-content\/uploads\/2020\/01\/logo-alea-25.svg","contentUrl":"https:\/\/aleasoft.com\/wp-content\/uploads\/2020\/01\/logo-alea-25.svg","width":7047,"height":1416,"caption":"AleaSoft Energy Forecasting"},"image":{"@id":"https:\/\/aleasoft.com\/#\/schema\/logo\/image\/"},"sameAs":["https:\/\/www.facebook.com\/AleaSoft\/","https:\/\/x.com\/AleaSoftEnergy","https:\/\/www.linkedin.com\/company\/aleasoft\/"]}]}},"_links":{"self":[{"href":"https:\/\/aleasoft.com\/de\/wp-json\/wp\/v2\/pages\/44082","targetHints":{"allow":["GET"]}}],"collection":[{"href":"https:\/\/aleasoft.com\/de\/wp-json\/wp\/v2\/pages"}],"about":[{"href":"https:\/\/aleasoft.com\/de\/wp-json\/wp\/v2\/types\/page"}],"author":[{"embeddable":true,"href":"https:\/\/aleasoft.com\/de\/wp-json\/wp\/v2\/users\/1"}],"replies":[{"embeddable":true,"href":"https:\/\/aleasoft.com\/de\/wp-json\/wp\/v2\/comments?post=44082"}],"version-history":[{"count":0,"href":"https:\/\/aleasoft.com\/de\/wp-json\/wp\/v2\/pages\/44082\/revisions"}],"up":[{"embeddable":true,"href":"https:\/\/aleasoft.com\/de\/wp-json\/wp\/v2\/pages\/44016"}],"wp:attachment":[{"href":"https:\/\/aleasoft.com\/de\/wp-json\/wp\/v2\/media?parent=44082"}],"curies":[{"name":"wp","href":"https:\/\/api.w.org\/{rel}","templated":true}]}}