{"id":44091,"date":"2020-01-17T20:58:54","date_gmt":"2020-01-17T19:58:54","guid":{"rendered":"https:\/\/aleasoft.com\/?page_id=44091"},"modified":"2024-03-11T16:35:12","modified_gmt":"2024-03-11T15:35:12","slug":"windenergie-prognose","status":"publish","type":"page","link":"https:\/\/aleasoft.com\/de\/produkte-dienstleistungen\/windenergie-prognose\/","title":{"rendered":"Windenergie prognose"},"content":{"rendered":"\t\t<div data-elementor-type=\"wp-page\" data-elementor-id=\"44091\" class=\"elementor elementor-44091\" data-elementor-post-type=\"page\">\n\t\t\t\t\t\t<section class=\"elementor-section elementor-top-section elementor-element elementor-element-ba7156d elementor-section-boxed elementor-section-height-default elementor-section-height-default\" data-id=\"ba7156d\" data-element_type=\"section\" data-e-type=\"section\">\n\t\t\t\t\t\t<div class=\"elementor-container elementor-column-gap-default\">\n\t\t\t\t\t<div class=\"elementor-column elementor-col-100 elementor-top-column elementor-element elementor-element-01c649e\" data-id=\"01c649e\" data-element_type=\"column\" data-e-type=\"column\">\n\t\t\t<div class=\"elementor-widget-wrap elementor-element-populated\">\n\t\t\t\t\t\t<div class=\"elementor-element elementor-element-25f4193 elementor-nav-menu__align-center menu-dropdown-distance elementor-nav-menu--dropdown-tablet elementor-nav-menu__text-align-aside elementor-widget elementor-widget-global elementor-global-86337 elementor-widget-nav-menu\" data-id=\"25f4193\" data-element_type=\"widget\" data-e-type=\"widget\" data-settings=\"{&quot;layout&quot;:&quot;horizontal&quot;,&quot;submenu_icon&quot;:{&quot;value&quot;:&quot;fas fa-caret-down&quot;,&quot;library&quot;:&quot;fa-solid&quot;}}\" data-widget_type=\"nav-menu.default\">\n\t\t\t\t<div class=\"elementor-widget-container\">\n\t\t\t\t\t\t\t\t<nav aria-label=\"Men\u00fc\" class=\"elementor-nav-menu--main elementor-nav-menu__container elementor-nav-menu--layout-horizontal e--pointer-background e--animation-fade\">\n\t\t\t\t<ul id=\"menu-1-25f4193\" class=\"elementor-nav-menu\"><li class=\"menu-item menu-item-type-post_type menu-item-object-page menu-item-44104\"><a href=\"https:\/\/aleasoft.com\/de\/dienstleistungen\/energiepreisprognosen\/\" class=\"elementor-item\">Energiepreisprognosen<\/a><\/li>\n<li class=\"menu-item menu-item-type-post_type menu-item-object-page menu-item-80153\"><a href=\"https:\/\/aleasoft.com\/de\/dienstleistungen\/strombedarfsprognosen\/\" class=\"elementor-item\">Energiebedarfsprognosen<\/a><\/li>\n<li class=\"menu-item menu-item-type-post_type menu-item-object-page menu-item-118408\"><a href=\"https:\/\/aleasoft.com\/de\/dienstleistungen\/prognosen-erneuerbare-energien\/\" class=\"elementor-item\">Prognosen f\u00fcr erneuerbare Energien<\/a><\/li>\n<li class=\"menu-item menu-item-type-post_type menu-item-object-page menu-item-118409\"><a href=\"https:\/\/aleasoft.com\/de\/produkte-dienstleistungen\/alea-energy-database-aleaapp\/\" class=\"elementor-item\">Alea Energy Database (AleaApp)<\/a><\/li>\n<\/ul>\t\t\t<\/nav>\n\t\t\t\t\t\t<nav class=\"elementor-nav-menu--dropdown elementor-nav-menu__container\" aria-hidden=\"true\">\n\t\t\t\t<ul id=\"menu-2-25f4193\" class=\"elementor-nav-menu\"><li class=\"menu-item menu-item-type-post_type menu-item-object-page menu-item-44104\"><a href=\"https:\/\/aleasoft.com\/de\/dienstleistungen\/energiepreisprognosen\/\" class=\"elementor-item\" tabindex=\"-1\">Energiepreisprognosen<\/a><\/li>\n<li class=\"menu-item menu-item-type-post_type menu-item-object-page menu-item-80153\"><a href=\"https:\/\/aleasoft.com\/de\/dienstleistungen\/strombedarfsprognosen\/\" class=\"elementor-item\" tabindex=\"-1\">Energiebedarfsprognosen<\/a><\/li>\n<li class=\"menu-item menu-item-type-post_type menu-item-object-page menu-item-118408\"><a href=\"https:\/\/aleasoft.com\/de\/dienstleistungen\/prognosen-erneuerbare-energien\/\" class=\"elementor-item\" tabindex=\"-1\">Prognosen f\u00fcr erneuerbare Energien<\/a><\/li>\n<li class=\"menu-item menu-item-type-post_type menu-item-object-page menu-item-118409\"><a href=\"https:\/\/aleasoft.com\/de\/produkte-dienstleistungen\/alea-energy-database-aleaapp\/\" class=\"elementor-item\" tabindex=\"-1\">Alea Energy Database (AleaApp)<\/a><\/li>\n<\/ul>\t\t\t<\/nav>\n\t\t\t\t\t\t<\/div>\n\t\t\t\t<\/div>\n\t\t\t\t\t<\/div>\n\t\t<\/div>\n\t\t\t\t\t<\/div>\n\t\t<\/section>\n\t\t\t\t<section class=\"elementor-section elementor-top-section elementor-element elementor-element-3ca551a elementor-section-boxed elementor-section-height-default elementor-section-height-default\" data-id=\"3ca551a\" data-element_type=\"section\" data-e-type=\"section\">\n\t\t\t\t\t\t<div class=\"elementor-container elementor-column-gap-default\">\n\t\t\t\t\t<div class=\"elementor-column elementor-col-100 elementor-top-column elementor-element elementor-element-e015d43\" data-id=\"e015d43\" data-element_type=\"column\" data-e-type=\"column\">\n\t\t\t<div class=\"elementor-widget-wrap elementor-element-populated\">\n\t\t\t\t\t\t<div class=\"elementor-element elementor-element-36a2a7d elementor-widget elementor-widget-heading\" data-id=\"36a2a7d\" data-element_type=\"widget\" data-e-type=\"widget\" data-widget_type=\"heading.default\">\n\t\t\t\t<div class=\"elementor-widget-container\">\n\t\t\t\t\t<h2 class=\"elementor-heading-title elementor-size-default\">Windenergie prognose<\/h2>\t\t\t\t<\/div>\n\t\t\t\t<\/div>\n\t\t\t\t\t<\/div>\n\t\t<\/div>\n\t\t\t\t\t<\/div>\n\t\t<\/section>\n\t\t\t\t<section class=\"elementor-section elementor-top-section elementor-element elementor-element-8344c56 elementor-section-boxed elementor-section-height-default elementor-section-height-default\" data-id=\"8344c56\" data-element_type=\"section\" data-e-type=\"section\">\n\t\t\t\t\t\t<div class=\"elementor-container elementor-column-gap-default\">\n\t\t\t\t\t<div class=\"elementor-column elementor-col-100 elementor-top-column elementor-element elementor-element-d781948\" data-id=\"d781948\" data-element_type=\"column\" data-e-type=\"column\">\n\t\t\t<div class=\"elementor-widget-wrap elementor-element-populated\">\n\t\t\t\t\t\t<div class=\"elementor-element elementor-element-e9013df elementor-widget elementor-widget-shortcode\" data-id=\"e9013df\" data-element_type=\"widget\" data-e-type=\"widget\" data-widget_type=\"shortcode.default\">\n\t\t\t\t<div class=\"elementor-widget-container\">\n\t\t\t\t\t\t\t<div class=\"elementor-shortcode\"><div class=\"visualizer-front-container\" id=\"chart_wrapper_visualizer-92703-954926974\"><div class=\"visualizer-actions\"><a href=\"#\" class=\"visualizer-action visualizer-action-image\" data-visualizer-type=\"image\" data-visualizer-chart-id=\"92703\" data-visualizer-container-id=\"visualizer-92703-954926974\" data-visualizer-mime=\"\" title=\"Download as an image\">Download<\/a> &nbsp;<\/div><style type=\"text\/css\" name=\"visualizer-custom-css\" id=\"customcss-visualizer-92703\">.locker,.locker-loader{position:absolute;top:0;left:0;width:100%;height:100%}.locker{z-index:1000;opacity:.8;background-color:#fff;-ms-filter:\"progid:DXImageTransform.Microsoft.Alpha(Opacity=80)\";filter:alpha(opacity=80)}.locker-loader{z-index:1001;background:url(https:\/\/aleasoft.com\/wp-content\/plugins\/visualizer\/images\/ajax-loader.gif) no-repeat center center}.dt-button{display:none!important}.visualizer-front-container.visualizer-lazy-render{content-visibility: auto;}.google-visualization-controls-categoryfilter label.google-visualization-controls-label {vertical-align: middle;}.google-visualization-controls-categoryfilter li.goog-inline-block {margin: 0 0.2em;}.google-visualization-controls-categoryfilter li {padding: 0 0.2em;}.visualizer-front-container .dataTables_scrollHeadInner{margin: 0 auto;}<\/style><div id=\"visualizer-92703-954926974\" class=\"visualizer-front  visualizer-front-92703\"><\/div><!-- Not showing structured data for chart 92703 because description is empty --><\/div><\/div>\n\t\t\t\t\t\t<\/div>\n\t\t\t\t<\/div>\n\t\t\t\t\t<\/div>\n\t\t<\/div>\n\t\t\t\t\t<\/div>\n\t\t<\/section>\n\t\t\t\t<section class=\"elementor-section elementor-top-section elementor-element elementor-element-f962966 elementor-section-boxed elementor-section-height-default elementor-section-height-default\" data-id=\"f962966\" data-element_type=\"section\" data-e-type=\"section\">\n\t\t\t\t\t\t<div class=\"elementor-container elementor-column-gap-default\">\n\t\t\t\t\t<div class=\"elementor-column elementor-col-100 elementor-top-column elementor-element elementor-element-acf4510\" data-id=\"acf4510\" data-element_type=\"column\" data-e-type=\"column\">\n\t\t\t<div class=\"elementor-widget-wrap elementor-element-populated\">\n\t\t\t\t\t\t<div class=\"elementor-element elementor-element-233a90e elementor-widget elementor-widget-text-editor\" data-id=\"233a90e\" data-element_type=\"widget\" data-e-type=\"widget\" data-widget_type=\"text-editor.default\">\n\t\t\t\t<div class=\"elementor-widget-container\">\n\t\t\t\t\t\t\t\t\t<div id=\"text-block-3\" class=\"mk-text-block \"><p><strong>Aleasoft<\/strong> bietet kurz-, mittel- und langfristige Prognosen zur Windenergieproduktion.<\/p><p><strong>Die Windenergieprognose<\/strong> von <strong>AleaSoft<\/strong> geh\u00f6rt zur <strong>Familie der Prognosen zur Erzeugung erneuerbarer Energien<\/strong>.<\/p><p><strong>AleaSoft<\/strong> erkennt die Bedeutung von <strong>Windenergieprognosen<\/strong> f\u00fcr bessere Preisprognosen f\u00fcr Energiem\u00e4rkte an, da sie eine der Hauptvariablen sind, die die Preisvariabilit\u00e4t beeinflussen.<\/p><\/div>\t\t\t\t\t\t\t\t<\/div>\n\t\t\t\t<\/div>\n\t\t\t\t\t<\/div>\n\t\t<\/div>\n\t\t\t\t\t<\/div>\n\t\t<\/section>\n\t\t\t\t<section class=\"elementor-section elementor-top-section elementor-element elementor-element-c36b216 elementor-section-boxed elementor-section-height-default elementor-section-height-default\" data-id=\"c36b216\" data-element_type=\"section\" data-e-type=\"section\">\n\t\t\t\t\t\t<div class=\"elementor-container elementor-column-gap-default\">\n\t\t\t\t\t<div class=\"elementor-column elementor-col-100 elementor-top-column elementor-element elementor-element-baf4506\" data-id=\"baf4506\" data-element_type=\"column\" data-e-type=\"column\">\n\t\t\t<div class=\"elementor-widget-wrap elementor-element-populated\">\n\t\t\t\t\t\t<div class=\"elementor-element elementor-element-7f62f40 elementor-widget elementor-widget-global elementor-global-92882 elementor-widget-button\" data-id=\"7f62f40\" data-element_type=\"widget\" data-e-type=\"widget\" data-widget_type=\"button.default\">\n\t\t\t\t<div class=\"elementor-widget-container\">\n\t\t\t\t\t\t\t\t\t<div class=\"elementor-button-wrapper\">\n\t\t\t\t\t<a class=\"elementor-button elementor-button-link elementor-size-sm\" href=\"#elementor-action%3Aaction%3Dpopup%3Aopen%26settings%3DeyJpZCI6IjkyODc3IiwidG9nZ2xlIjpmYWxzZX0%3D\">\n\t\t\t\t\t\t<span class=\"elementor-button-content-wrapper\">\n\t\t\t\t\t\t\t\t\t<span class=\"elementor-button-text\">Anfrage Angebot<\/span>\n\t\t\t\t\t<\/span>\n\t\t\t\t\t<\/a>\n\t\t\t\t<\/div>\n\t\t\t\t\t\t\t\t<\/div>\n\t\t\t\t<\/div>\n\t\t\t\t<div class=\"elementor-element elementor-element-0fbb9b9 elementor-widget elementor-widget-spacer\" data-id=\"0fbb9b9\" data-element_type=\"widget\" data-e-type=\"widget\" data-widget_type=\"spacer.default\">\n\t\t\t\t<div class=\"elementor-widget-container\">\n\t\t\t\t\t\t\t<div class=\"elementor-spacer\">\n\t\t\t<div class=\"elementor-spacer-inner\"><\/div>\n\t\t<\/div>\n\t\t\t\t\t\t<\/div>\n\t\t\t\t<\/div>\n\t\t\t\t\t<\/div>\n\t\t<\/div>\n\t\t\t\t\t<\/div>\n\t\t<\/section>\n\t\t\t\t<\/div>\n\t\t","protected":false},"excerpt":{"rendered":"<p>Aleasoft bietet kurz-, mittel- und langfristige Prognosen zur Windenergieproduktion. Die Windenergieprognose von AleaSoft geh\u00f6rt zur Familie der Prognosen zur Erzeugung erneuerbarer Energien. AleaSoft erkennt die Bedeutung von Windenergieprognosen f\u00fcr bessere Preisprognosen f\u00fcr Energiem\u00e4rkte an, da sie eine der Hauptvariablen sind, die die Preisvariabilit\u00e4t beeinflussen. Anfrage Angebot<\/p>\n","protected":false},"author":1,"featured_media":60307,"parent":44016,"menu_order":0,"comment_status":"closed","ping_status":"closed","template":"elementor_header_footer","meta":{"footnotes":""},"class_list":["post-44091","page","type-page","status-publish","has-post-thumbnail","hentry"],"yoast_head":"<!-- This site is optimized with the Yoast SEO Premium plugin v27.4 (Yoast SEO v27.4) - https:\/\/yoast.com\/product\/yoast-seo-premium-wordpress\/ -->\n<title>Windenergie prognose - AleaSoft Energy Forecasting<\/title>\n<meta name=\"robots\" content=\"index, follow, max-snippet:-1, max-image-preview:large, max-video-preview:-1\" \/>\n<link rel=\"canonical\" href=\"https:\/\/aleasoft.com\/de\/produkte-dienstleistungen\/windenergie-prognose\/\" \/>\n<meta property=\"og:locale\" content=\"de_DE\" \/>\n<meta property=\"og:type\" content=\"article\" \/>\n<meta property=\"og:title\" content=\"Windenergie prognose\" \/>\n<meta property=\"og:description\" content=\"Aleasoft bietet kurz-, mittel- und langfristige Prognosen zur Windenergieproduktion. Die Windenergieprognose von AleaSoft geh\u00f6rt zur Familie der Prognosen zur Erzeugung erneuerbarer Energien. AleaSoft erkennt die Bedeutung von Windenergieprognosen f\u00fcr bessere Preisprognosen f\u00fcr Energiem\u00e4rkte an, da sie eine der Hauptvariablen sind, die die Preisvariabilit\u00e4t beeinflussen. Anfrage Angebot\" \/>\n<meta property=\"og:url\" content=\"https:\/\/aleasoft.com\/de\/produkte-dienstleistungen\/windenergie-prognose\/\" \/>\n<meta property=\"og:site_name\" content=\"AleaSoft Energy Forecasting\" \/>\n<meta property=\"article:publisher\" content=\"https:\/\/www.facebook.com\/AleaSoft\/\" \/>\n<meta property=\"article:modified_time\" content=\"2024-03-11T15:35:12+00:00\" \/>\n<meta property=\"og:image\" content=\"https:\/\/aleasoft.com\/wp-content\/uploads\/2018\/05\/aleasoft-logo.jpg\" \/>\n\t<meta property=\"og:image:width\" content=\"2560\" \/>\n\t<meta property=\"og:image:height\" content=\"538\" \/>\n\t<meta property=\"og:image:type\" content=\"image\/jpeg\" \/>\n<meta name=\"twitter:card\" content=\"summary_large_image\" \/>\n<meta name=\"twitter:site\" content=\"@AleaSoftEnergy\" \/>\n<meta name=\"twitter:label1\" content=\"Gesch\u00e4tzte Lesezeit\" \/>\n\t<meta name=\"twitter:data1\" content=\"1\u00a0Minute\" \/>\n<script type=\"application\/ld+json\" class=\"yoast-schema-graph\">{\"@context\":\"https:\\\/\\\/schema.org\",\"@graph\":[{\"@type\":\"WebPage\",\"@id\":\"https:\\\/\\\/aleasoft.com\\\/es\\\/productos-y-servicios\\\/previsiones-energia-eolica\\\/\",\"url\":\"https:\\\/\\\/aleasoft.com\\\/de\\\/produkte-dienstleistungen\\\/windenergie-prognose\\\/\",\"name\":\"Windenergie prognose - AleaSoft Energy Forecasting\",\"isPartOf\":{\"@id\":\"https:\\\/\\\/aleasoft.com\\\/#website\"},\"primaryImageOfPage\":{\"@id\":\"https:\\\/\\\/aleasoft.com\\\/de\\\/produkte-dienstleistungen\\\/windenergie-prognose\\\/#primaryimage\"},\"image\":{\"@id\":\"https:\\\/\\\/aleasoft.com\\\/de\\\/produkte-dienstleistungen\\\/windenergie-prognose\\\/#primaryimage\"},\"thumbnailUrl\":\"https:\\\/\\\/aleasoft.com\\\/wp-content\\\/uploads\\\/2018\\\/05\\\/aleasoft-logo.jpg\",\"datePublished\":\"2020-01-17T19:58:54+00:00\",\"dateModified\":\"2024-03-11T15:35:12+00:00\",\"breadcrumb\":{\"@id\":\"https:\\\/\\\/aleasoft.com\\\/de\\\/produkte-dienstleistungen\\\/windenergie-prognose\\\/#breadcrumb\"},\"inLanguage\":\"de\",\"potentialAction\":[{\"@type\":\"ReadAction\",\"target\":[\"https:\\\/\\\/aleasoft.com\\\/de\\\/produkte-dienstleistungen\\\/windenergie-prognose\\\/\"]}]},{\"@type\":\"ImageObject\",\"inLanguage\":\"de\",\"@id\":\"https:\\\/\\\/aleasoft.com\\\/de\\\/produkte-dienstleistungen\\\/windenergie-prognose\\\/#primaryimage\",\"url\":\"https:\\\/\\\/aleasoft.com\\\/wp-content\\\/uploads\\\/2018\\\/05\\\/aleasoft-logo.jpg\",\"contentUrl\":\"https:\\\/\\\/aleasoft.com\\\/wp-content\\\/uploads\\\/2018\\\/05\\\/aleasoft-logo.jpg\",\"width\":2560,\"height\":538},{\"@type\":\"BreadcrumbList\",\"@id\":\"https:\\\/\\\/aleasoft.com\\\/de\\\/produkte-dienstleistungen\\\/windenergie-prognose\\\/#breadcrumb\",\"itemListElement\":[{\"@type\":\"ListItem\",\"position\":1,\"name\":\"Home\",\"item\":\"https:\\\/\\\/aleasoft.com\\\/\"},{\"@type\":\"ListItem\",\"position\":2,\"name\":\"Dienstleistungen\",\"item\":\"https:\\\/\\\/aleasoft.com\\\/de\\\/produkte-dienstleistungen\\\/\"},{\"@type\":\"ListItem\",\"position\":3,\"name\":\"Windenergie prognose\"}]},{\"@type\":\"WebSite\",\"@id\":\"https:\\\/\\\/aleasoft.com\\\/#website\",\"url\":\"https:\\\/\\\/aleasoft.com\\\/\",\"name\":\"AleaSoft Energy Forecasting\",\"description\":\"Energy Forecasting\",\"publisher\":{\"@id\":\"https:\\\/\\\/aleasoft.com\\\/#organization\"},\"potentialAction\":[{\"@type\":\"SearchAction\",\"target\":{\"@type\":\"EntryPoint\",\"urlTemplate\":\"https:\\\/\\\/aleasoft.com\\\/?s={search_term_string}\"},\"query-input\":{\"@type\":\"PropertyValueSpecification\",\"valueRequired\":true,\"valueName\":\"search_term_string\"}}],\"inLanguage\":\"de\"},{\"@type\":\"Organization\",\"@id\":\"https:\\\/\\\/aleasoft.com\\\/#organization\",\"name\":\"AleaSoft Energy Forecasting\",\"url\":\"https:\\\/\\\/aleasoft.com\\\/\",\"logo\":{\"@type\":\"ImageObject\",\"inLanguage\":\"de\",\"@id\":\"https:\\\/\\\/aleasoft.com\\\/#\\\/schema\\\/logo\\\/image\\\/\",\"url\":\"https:\\\/\\\/aleasoft.com\\\/wp-content\\\/uploads\\\/2020\\\/01\\\/logo-alea-25.svg\",\"contentUrl\":\"https:\\\/\\\/aleasoft.com\\\/wp-content\\\/uploads\\\/2020\\\/01\\\/logo-alea-25.svg\",\"width\":7047,\"height\":1416,\"caption\":\"AleaSoft Energy Forecasting\"},\"image\":{\"@id\":\"https:\\\/\\\/aleasoft.com\\\/#\\\/schema\\\/logo\\\/image\\\/\"},\"sameAs\":[\"https:\\\/\\\/www.facebook.com\\\/AleaSoft\\\/\",\"https:\\\/\\\/x.com\\\/AleaSoftEnergy\",\"https:\\\/\\\/www.linkedin.com\\\/company\\\/aleasoft\\\/\"]}]}<\/script>\n<!-- \/ Yoast SEO Premium plugin. -->","yoast_head_json":{"title":"Windenergie prognose - AleaSoft Energy Forecasting","robots":{"index":"index","follow":"follow","max-snippet":"max-snippet:-1","max-image-preview":"max-image-preview:large","max-video-preview":"max-video-preview:-1"},"canonical":"https:\/\/aleasoft.com\/de\/produkte-dienstleistungen\/windenergie-prognose\/","og_locale":"de_DE","og_type":"article","og_title":"Windenergie prognose","og_description":"Aleasoft bietet kurz-, mittel- und langfristige Prognosen zur Windenergieproduktion. Die Windenergieprognose von AleaSoft geh\u00f6rt zur Familie der Prognosen zur Erzeugung erneuerbarer Energien. AleaSoft erkennt die Bedeutung von Windenergieprognosen f\u00fcr bessere Preisprognosen f\u00fcr Energiem\u00e4rkte an, da sie eine der Hauptvariablen sind, die die Preisvariabilit\u00e4t beeinflussen. Anfrage Angebot","og_url":"https:\/\/aleasoft.com\/de\/produkte-dienstleistungen\/windenergie-prognose\/","og_site_name":"AleaSoft Energy Forecasting","article_publisher":"https:\/\/www.facebook.com\/AleaSoft\/","article_modified_time":"2024-03-11T15:35:12+00:00","og_image":[{"width":2560,"height":538,"url":"https:\/\/aleasoft.com\/wp-content\/uploads\/2018\/05\/aleasoft-logo.jpg","type":"image\/jpeg"}],"twitter_card":"summary_large_image","twitter_site":"@AleaSoftEnergy","twitter_misc":{"Gesch\u00e4tzte Lesezeit":"1\u00a0Minute"},"schema":{"@context":"https:\/\/schema.org","@graph":[{"@type":"WebPage","@id":"https:\/\/aleasoft.com\/es\/productos-y-servicios\/previsiones-energia-eolica\/","url":"https:\/\/aleasoft.com\/de\/produkte-dienstleistungen\/windenergie-prognose\/","name":"Windenergie prognose - AleaSoft Energy Forecasting","isPartOf":{"@id":"https:\/\/aleasoft.com\/#website"},"primaryImageOfPage":{"@id":"https:\/\/aleasoft.com\/de\/produkte-dienstleistungen\/windenergie-prognose\/#primaryimage"},"image":{"@id":"https:\/\/aleasoft.com\/de\/produkte-dienstleistungen\/windenergie-prognose\/#primaryimage"},"thumbnailUrl":"https:\/\/aleasoft.com\/wp-content\/uploads\/2018\/05\/aleasoft-logo.jpg","datePublished":"2020-01-17T19:58:54+00:00","dateModified":"2024-03-11T15:35:12+00:00","breadcrumb":{"@id":"https:\/\/aleasoft.com\/de\/produkte-dienstleistungen\/windenergie-prognose\/#breadcrumb"},"inLanguage":"de","potentialAction":[{"@type":"ReadAction","target":["https:\/\/aleasoft.com\/de\/produkte-dienstleistungen\/windenergie-prognose\/"]}]},{"@type":"ImageObject","inLanguage":"de","@id":"https:\/\/aleasoft.com\/de\/produkte-dienstleistungen\/windenergie-prognose\/#primaryimage","url":"https:\/\/aleasoft.com\/wp-content\/uploads\/2018\/05\/aleasoft-logo.jpg","contentUrl":"https:\/\/aleasoft.com\/wp-content\/uploads\/2018\/05\/aleasoft-logo.jpg","width":2560,"height":538},{"@type":"BreadcrumbList","@id":"https:\/\/aleasoft.com\/de\/produkte-dienstleistungen\/windenergie-prognose\/#breadcrumb","itemListElement":[{"@type":"ListItem","position":1,"name":"Home","item":"https:\/\/aleasoft.com\/"},{"@type":"ListItem","position":2,"name":"Dienstleistungen","item":"https:\/\/aleasoft.com\/de\/produkte-dienstleistungen\/"},{"@type":"ListItem","position":3,"name":"Windenergie prognose"}]},{"@type":"WebSite","@id":"https:\/\/aleasoft.com\/#website","url":"https:\/\/aleasoft.com\/","name":"AleaSoft Energy Forecasting","description":"Energy Forecasting","publisher":{"@id":"https:\/\/aleasoft.com\/#organization"},"potentialAction":[{"@type":"SearchAction","target":{"@type":"EntryPoint","urlTemplate":"https:\/\/aleasoft.com\/?s={search_term_string}"},"query-input":{"@type":"PropertyValueSpecification","valueRequired":true,"valueName":"search_term_string"}}],"inLanguage":"de"},{"@type":"Organization","@id":"https:\/\/aleasoft.com\/#organization","name":"AleaSoft Energy Forecasting","url":"https:\/\/aleasoft.com\/","logo":{"@type":"ImageObject","inLanguage":"de","@id":"https:\/\/aleasoft.com\/#\/schema\/logo\/image\/","url":"https:\/\/aleasoft.com\/wp-content\/uploads\/2020\/01\/logo-alea-25.svg","contentUrl":"https:\/\/aleasoft.com\/wp-content\/uploads\/2020\/01\/logo-alea-25.svg","width":7047,"height":1416,"caption":"AleaSoft Energy Forecasting"},"image":{"@id":"https:\/\/aleasoft.com\/#\/schema\/logo\/image\/"},"sameAs":["https:\/\/www.facebook.com\/AleaSoft\/","https:\/\/x.com\/AleaSoftEnergy","https:\/\/www.linkedin.com\/company\/aleasoft\/"]}]}},"_links":{"self":[{"href":"https:\/\/aleasoft.com\/de\/wp-json\/wp\/v2\/pages\/44091","targetHints":{"allow":["GET"]}}],"collection":[{"href":"https:\/\/aleasoft.com\/de\/wp-json\/wp\/v2\/pages"}],"about":[{"href":"https:\/\/aleasoft.com\/de\/wp-json\/wp\/v2\/types\/page"}],"author":[{"embeddable":true,"href":"https:\/\/aleasoft.com\/de\/wp-json\/wp\/v2\/users\/1"}],"replies":[{"embeddable":true,"href":"https:\/\/aleasoft.com\/de\/wp-json\/wp\/v2\/comments?post=44091"}],"version-history":[{"count":0,"href":"https:\/\/aleasoft.com\/de\/wp-json\/wp\/v2\/pages\/44091\/revisions"}],"up":[{"embeddable":true,"href":"https:\/\/aleasoft.com\/de\/wp-json\/wp\/v2\/pages\/44016"}],"wp:featuredmedia":[{"embeddable":true,"href":"https:\/\/aleasoft.com\/de\/wp-json\/wp\/v2\/media\/60307"}],"wp:attachment":[{"href":"https:\/\/aleasoft.com\/de\/wp-json\/wp\/v2\/media?parent=44091"}],"curies":[{"name":"wp","href":"https:\/\/api.w.org\/{rel}","templated":true}]}}