{"id":42843,"date":"2020-01-17T14:12:56","date_gmt":"2020-01-17T13:12:56","guid":{"rendered":"https:\/\/aleasoft.com\/?page_id=42843"},"modified":"2021-12-14T10:21:35","modified_gmt":"2021-12-14T09:21:35","slug":"aleamodel","status":"publish","type":"page","link":"https:\/\/aleasoft.com\/es\/aleamodel\/","title":{"rendered":"AleaModel"},"content":{"rendered":"\t\t<div data-elementor-type=\"wp-page\" data-elementor-id=\"42843\" class=\"elementor elementor-42843\" data-elementor-post-type=\"page\">\n\t\t\t\t\t\t<section class=\"elementor-section elementor-top-section elementor-element elementor-element-e03fc76 elementor-section-boxed elementor-section-height-default elementor-section-height-default\" data-id=\"e03fc76\" data-element_type=\"section\" data-e-type=\"section\">\n\t\t\t\t\t\t<div class=\"elementor-container elementor-column-gap-default\">\n\t\t\t\t\t<div class=\"elementor-column elementor-col-100 elementor-top-column elementor-element elementor-element-bfe235c\" data-id=\"bfe235c\" data-element_type=\"column\" data-e-type=\"column\">\n\t\t\t<div class=\"elementor-widget-wrap elementor-element-populated\">\n\t\t\t\t\t\t<div class=\"elementor-element elementor-element-bc6dd4e elementor-widget elementor-widget-spacer\" data-id=\"bc6dd4e\" data-element_type=\"widget\" data-e-type=\"widget\" data-widget_type=\"spacer.default\">\n\t\t\t\t<div class=\"elementor-widget-container\">\n\t\t\t\t\t\t\t<div class=\"elementor-spacer\">\n\t\t\t<div class=\"elementor-spacer-inner\"><\/div>\n\t\t<\/div>\n\t\t\t\t\t\t<\/div>\n\t\t\t\t<\/div>\n\t\t\t\t<div class=\"elementor-element elementor-element-787d7e4 elementor-widget elementor-widget-heading\" data-id=\"787d7e4\" data-element_type=\"widget\" data-e-type=\"widget\" data-widget_type=\"heading.default\">\n\t\t\t\t<div class=\"elementor-widget-container\">\n\t\t\t\t\t<h2 class=\"elementor-heading-title elementor-size-default\">AleaModel<\/h2>\t\t\t\t<\/div>\n\t\t\t\t<\/div>\n\t\t\t\t\t<\/div>\n\t\t<\/div>\n\t\t\t\t\t<\/div>\n\t\t<\/section>\n\t\t\t\t<section class=\"elementor-section elementor-top-section elementor-element elementor-element-20fa7e7 elementor-section-boxed elementor-section-height-default elementor-section-height-default\" data-id=\"20fa7e7\" data-element_type=\"section\" data-e-type=\"section\">\n\t\t\t\t\t\t<div class=\"elementor-container elementor-column-gap-default\">\n\t\t\t\t\t<div class=\"elementor-column elementor-col-50 elementor-top-column elementor-element elementor-element-c26d500\" data-id=\"c26d500\" data-element_type=\"column\" data-e-type=\"column\">\n\t\t\t<div class=\"elementor-widget-wrap elementor-element-populated\">\n\t\t\t\t\t\t<div class=\"elementor-element elementor-element-c7e673c elementor-widget elementor-widget-text-editor\" data-id=\"c7e673c\" data-element_type=\"widget\" data-e-type=\"widget\" data-widget_type=\"text-editor.default\">\n\t\t\t\t<div class=\"elementor-widget-container\">\n\t\t\t\t\t\t\t\t\t<p><strong>AleaModel<\/strong>\u00a0en un tipo de modelo de previsi\u00f3n exclusivo de\u00a0<strong>AleaSoft<\/strong>, especialmente desarrollado para la previsi\u00f3n de energ\u00eda, que supera a los m\u00e9todos de previsi\u00f3n tradicionales.<\/p><p>AleaModel aprovecha los \u00faltimos avances en estad\u00edsticas e inteligencia artificial en el campo de la previsi\u00f3n. Es un enfoque de modelo h\u00edbrido que combina el poder de las\u00a0<strong>Redes Neuronales Artificiales\u00a0<\/strong>y la eficiencia del modelo tipo\u00a0<strong>SARIMA<\/strong>\u00a0de\u00a0<strong>Box-Jenkins<\/strong>\u00a0y la\u00a0<strong>Regresi\u00f3n M\u00faltiple<\/strong>. De esta manera, puede aprovechar los beneficios de cada m\u00e9todo y superar sus limitaciones cuando se usan individualmente.<\/p><p><img fetchpriority=\"high\" decoding=\"async\" class=\"aligncenter size-full wp-image-43626\" src=\"https:\/\/aleasoft.com\/wp-content\/uploads\/2020\/01\/AleaSoft-Model-Word.jpg\" alt=\"\" width=\"368\" height=\"323\" srcset=\"https:\/\/aleasoft.com\/wp-content\/uploads\/2020\/01\/AleaSoft-Model-Word.jpg 368w, https:\/\/aleasoft.com\/wp-content\/uploads\/2020\/01\/AleaSoft-Model-Word-300x263.jpg 300w\" sizes=\"(max-width: 368px) 100vw, 368px\" \/><\/p>\t\t\t\t\t\t\t\t<\/div>\n\t\t\t\t<\/div>\n\t\t\t\t\t<\/div>\n\t\t<\/div>\n\t\t\t\t<div class=\"elementor-column elementor-col-50 elementor-top-column elementor-element elementor-element-e4e6380\" data-id=\"e4e6380\" data-element_type=\"column\" data-e-type=\"column\">\n\t\t\t<div class=\"elementor-widget-wrap elementor-element-populated\">\n\t\t\t\t\t\t<div class=\"elementor-element elementor-element-36dbcf3 elementor-widget elementor-widget-text-editor\" data-id=\"36dbcf3\" data-element_type=\"widget\" data-e-type=\"widget\" data-widget_type=\"text-editor.default\">\n\t\t\t\t<div class=\"elementor-widget-container\">\n\t\t\t\t\t\t\t\t\t<p>El resultado es una\u00a0<strong>Red\u00a0<\/strong><strong>Neuronal\u00a0<\/strong><strong>Artificial<\/strong>\u00a0con una estructura tipo\u00a0<strong>SARIMA<\/strong>\u00a0capaz de capturar la din\u00e1mica estacional y la evoluci\u00f3n de la serie que mejora las limitaciones de las\u00a0<strong>Redes Neuronales<\/strong>\u00a0Artificiales cl\u00e1sicas utilizadas en previsiones de series temporales.<\/p><p>El uso de umbrales y transformaciones aritm\u00e9ticas en las variables permite la introducci\u00f3n de no linealidades en la regresi\u00f3n de variables m\u00faltiples, para determinar la influencia y la correlaci\u00f3n entre ellas.<\/p><p>El uso de una\u00a0<strong>Red Neuronal Artificial<\/strong>\u00a0en\u00a0<strong>AleaModel<\/strong>\u00a0para ajustar din\u00e1micamente los par\u00e1metros\u00a0<strong>SARIMA<\/strong>\u00a0y de\u00a0<strong>Regresi\u00f3n<\/strong>\u00a0le permite proporcionar un esquema adaptativo capaz de reaccionar inmediatamente a los cambios en la tendencia de la serie temporal y la influencia de las variables, cambios que usualmente se encuentran presente en los datos del mundo real, ofreciendo un modelo de previsi\u00f3n siempre actualizado sin la necesidad de entrenamiento manual peri\u00f3dico.<\/p>\t\t\t\t\t\t\t\t<\/div>\n\t\t\t\t<\/div>\n\t\t\t\t\t<\/div>\n\t\t<\/div>\n\t\t\t\t\t<\/div>\n\t\t<\/section>\n\t\t\t\t<section class=\"elementor-section elementor-top-section elementor-element elementor-element-04b1b07 elementor-section-boxed elementor-section-height-default elementor-section-height-default\" data-id=\"04b1b07\" data-element_type=\"section\" data-e-type=\"section\">\n\t\t\t\t\t\t<div class=\"elementor-container elementor-column-gap-default\">\n\t\t\t\t\t<div class=\"elementor-column elementor-col-100 elementor-top-column elementor-element elementor-element-4f54e9e\" data-id=\"4f54e9e\" data-element_type=\"column\" data-e-type=\"column\">\n\t\t\t<div class=\"elementor-widget-wrap elementor-element-populated\">\n\t\t\t\t\t\t<div class=\"elementor-element elementor-element-ebb8e54 elementor-widget elementor-widget-spacer\" data-id=\"ebb8e54\" data-element_type=\"widget\" data-e-type=\"widget\" data-widget_type=\"spacer.default\">\n\t\t\t\t<div class=\"elementor-widget-container\">\n\t\t\t\t\t\t\t<div class=\"elementor-spacer\">\n\t\t\t<div class=\"elementor-spacer-inner\"><\/div>\n\t\t<\/div>\n\t\t\t\t\t\t<\/div>\n\t\t\t\t<\/div>\n\t\t\t\t\t<\/div>\n\t\t<\/div>\n\t\t\t\t\t<\/div>\n\t\t<\/section>\n\t\t\t\t<\/div>\n\t\t","protected":false},"excerpt":{"rendered":"<p>AleaModel\u00a0en un tipo de modelo de previsi\u00f3n exclusivo de\u00a0AleaSoft, especialmente desarrollado para la previsi\u00f3n de energ\u00eda, que supera a los m\u00e9todos de previsi\u00f3n tradicionales. AleaModel aprovecha los \u00faltimos avances en estad\u00edsticas e inteligencia artificial en el campo de la previsi\u00f3n. Es un enfoque de modelo h\u00edbrido que combina el poder de las\u00a0Redes Neuronales Artificiales\u00a0y la [&hellip;]<\/p>\n","protected":false},"author":1,"featured_media":109003,"parent":0,"menu_order":0,"comment_status":"closed","ping_status":"closed","template":"elementor_header_footer","meta":{"footnotes":""},"class_list":["post-42843","page","type-page","status-publish","has-post-thumbnail","hentry"],"yoast_head":"<!-- This site is optimized with the Yoast SEO Premium plugin v27.2 (Yoast SEO v27.3) - https:\/\/yoast.com\/product\/yoast-seo-premium-wordpress\/ -->\n<title>AleaModel - AleaSoft Energy Forecasting<\/title>\n<meta name=\"robots\" content=\"index, follow, max-snippet:-1, max-image-preview:large, max-video-preview:-1\" \/>\n<link rel=\"canonical\" href=\"https:\/\/aleasoft.com\/es\/aleamodel\/\" \/>\n<meta property=\"og:locale\" content=\"es_ES\" \/>\n<meta property=\"og:type\" content=\"article\" \/>\n<meta property=\"og:title\" content=\"AleaModel\" \/>\n<meta property=\"og:description\" content=\"AleaModel\u00a0en un tipo de modelo de previsi\u00f3n exclusivo de\u00a0AleaSoft, especialmente desarrollado para la previsi\u00f3n de energ\u00eda, que supera a los m\u00e9todos de previsi\u00f3n tradicionales. AleaModel aprovecha los \u00faltimos avances en estad\u00edsticas e inteligencia artificial en el campo de la previsi\u00f3n. Es un enfoque de modelo h\u00edbrido que combina el poder de las\u00a0Redes Neuronales Artificiales\u00a0y la [&hellip;]\" \/>\n<meta property=\"og:url\" content=\"https:\/\/aleasoft.com\/es\/aleamodel\/\" \/>\n<meta property=\"og:site_name\" content=\"AleaSoft Energy Forecasting\" \/>\n<meta property=\"article:publisher\" content=\"https:\/\/www.facebook.com\/AleaSoft\/\" \/>\n<meta property=\"article:modified_time\" content=\"2021-12-14T09:21:35+00:00\" \/>\n<meta property=\"og:image\" content=\"https:\/\/aleasoft.com\/wp-content\/uploads\/2021\/01\/20210122-AleaSoft-Propiedades-Modelo-Alea.png.jpg\" \/>\n\t<meta property=\"og:image:width\" content=\"881\" \/>\n\t<meta property=\"og:image:height\" content=\"827\" \/>\n\t<meta property=\"og:image:type\" content=\"image\/jpeg\" \/>\n<meta name=\"twitter:card\" content=\"summary_large_image\" \/>\n<meta name=\"twitter:site\" content=\"@AleaSoftEnergy\" \/>\n<meta name=\"twitter:label1\" content=\"Tiempo de lectura\" \/>\n\t<meta name=\"twitter:data1\" content=\"2 minutos\" \/>\n<script type=\"application\/ld+json\" class=\"yoast-schema-graph\">{\"@context\":\"https:\\\/\\\/schema.org\",\"@graph\":[{\"@type\":\"WebPage\",\"@id\":\"https:\\\/\\\/aleasoft.com\\\/es\\\/aleamodel\\\/\",\"url\":\"https:\\\/\\\/aleasoft.com\\\/es\\\/aleamodel\\\/\",\"name\":\"AleaModel - AleaSoft Energy Forecasting\",\"isPartOf\":{\"@id\":\"https:\\\/\\\/aleasoft.com\\\/#website\"},\"primaryImageOfPage\":{\"@id\":\"https:\\\/\\\/aleasoft.com\\\/es\\\/aleamodel\\\/#primaryimage\"},\"image\":{\"@id\":\"https:\\\/\\\/aleasoft.com\\\/es\\\/aleamodel\\\/#primaryimage\"},\"thumbnailUrl\":\"https:\\\/\\\/aleasoft.com\\\/wp-content\\\/uploads\\\/2021\\\/01\\\/20210122-AleaSoft-Propiedades-Modelo-Alea.png.jpg\",\"datePublished\":\"2020-01-17T13:12:56+00:00\",\"dateModified\":\"2021-12-14T09:21:35+00:00\",\"breadcrumb\":{\"@id\":\"https:\\\/\\\/aleasoft.com\\\/es\\\/aleamodel\\\/#breadcrumb\"},\"inLanguage\":\"es\",\"potentialAction\":[{\"@type\":\"ReadAction\",\"target\":[\"https:\\\/\\\/aleasoft.com\\\/es\\\/aleamodel\\\/\"]}]},{\"@type\":\"ImageObject\",\"inLanguage\":\"es\",\"@id\":\"https:\\\/\\\/aleasoft.com\\\/es\\\/aleamodel\\\/#primaryimage\",\"url\":\"https:\\\/\\\/aleasoft.com\\\/wp-content\\\/uploads\\\/2021\\\/01\\\/20210122-AleaSoft-Propiedades-Modelo-Alea.png.jpg\",\"contentUrl\":\"https:\\\/\\\/aleasoft.com\\\/wp-content\\\/uploads\\\/2021\\\/01\\\/20210122-AleaSoft-Propiedades-Modelo-Alea.png.jpg\",\"width\":881,\"height\":827},{\"@type\":\"BreadcrumbList\",\"@id\":\"https:\\\/\\\/aleasoft.com\\\/es\\\/aleamodel\\\/#breadcrumb\",\"itemListElement\":[{\"@type\":\"ListItem\",\"position\":1,\"name\":\"Home\",\"item\":\"https:\\\/\\\/aleasoft.com\\\/es\\\/\"},{\"@type\":\"ListItem\",\"position\":2,\"name\":\"AleaModel\"}]},{\"@type\":\"WebSite\",\"@id\":\"https:\\\/\\\/aleasoft.com\\\/#website\",\"url\":\"https:\\\/\\\/aleasoft.com\\\/\",\"name\":\"AleaSoft Energy Forecasting\",\"description\":\"Energy Forecasting\",\"publisher\":{\"@id\":\"https:\\\/\\\/aleasoft.com\\\/#organization\"},\"potentialAction\":[{\"@type\":\"SearchAction\",\"target\":{\"@type\":\"EntryPoint\",\"urlTemplate\":\"https:\\\/\\\/aleasoft.com\\\/?s={search_term_string}\"},\"query-input\":{\"@type\":\"PropertyValueSpecification\",\"valueRequired\":true,\"valueName\":\"search_term_string\"}}],\"inLanguage\":\"es\"},{\"@type\":\"Organization\",\"@id\":\"https:\\\/\\\/aleasoft.com\\\/#organization\",\"name\":\"AleaSoft Energy Forecasting\",\"url\":\"https:\\\/\\\/aleasoft.com\\\/\",\"logo\":{\"@type\":\"ImageObject\",\"inLanguage\":\"es\",\"@id\":\"https:\\\/\\\/aleasoft.com\\\/#\\\/schema\\\/logo\\\/image\\\/\",\"url\":\"https:\\\/\\\/aleasoft.com\\\/wp-content\\\/uploads\\\/2020\\\/01\\\/logo-alea-25.svg\",\"contentUrl\":\"https:\\\/\\\/aleasoft.com\\\/wp-content\\\/uploads\\\/2020\\\/01\\\/logo-alea-25.svg\",\"width\":7047,\"height\":1416,\"caption\":\"AleaSoft Energy Forecasting\"},\"image\":{\"@id\":\"https:\\\/\\\/aleasoft.com\\\/#\\\/schema\\\/logo\\\/image\\\/\"},\"sameAs\":[\"https:\\\/\\\/www.facebook.com\\\/AleaSoft\\\/\",\"https:\\\/\\\/x.com\\\/AleaSoftEnergy\",\"https:\\\/\\\/www.linkedin.com\\\/company\\\/aleasoft\\\/\"]}]}<\/script>\n<!-- \/ Yoast SEO Premium plugin. -->","yoast_head_json":{"title":"AleaModel - AleaSoft Energy Forecasting","robots":{"index":"index","follow":"follow","max-snippet":"max-snippet:-1","max-image-preview":"max-image-preview:large","max-video-preview":"max-video-preview:-1"},"canonical":"https:\/\/aleasoft.com\/es\/aleamodel\/","og_locale":"es_ES","og_type":"article","og_title":"AleaModel","og_description":"AleaModel\u00a0en un tipo de modelo de previsi\u00f3n exclusivo de\u00a0AleaSoft, especialmente desarrollado para la previsi\u00f3n de energ\u00eda, que supera a los m\u00e9todos de previsi\u00f3n tradicionales. AleaModel aprovecha los \u00faltimos avances en estad\u00edsticas e inteligencia artificial en el campo de la previsi\u00f3n. Es un enfoque de modelo h\u00edbrido que combina el poder de las\u00a0Redes Neuronales Artificiales\u00a0y la [&hellip;]","og_url":"https:\/\/aleasoft.com\/es\/aleamodel\/","og_site_name":"AleaSoft Energy Forecasting","article_publisher":"https:\/\/www.facebook.com\/AleaSoft\/","article_modified_time":"2021-12-14T09:21:35+00:00","og_image":[{"width":881,"height":827,"url":"https:\/\/aleasoft.com\/wp-content\/uploads\/2021\/01\/20210122-AleaSoft-Propiedades-Modelo-Alea.png.jpg","type":"image\/jpeg"}],"twitter_card":"summary_large_image","twitter_site":"@AleaSoftEnergy","twitter_misc":{"Tiempo de lectura":"2 minutos"},"schema":{"@context":"https:\/\/schema.org","@graph":[{"@type":"WebPage","@id":"https:\/\/aleasoft.com\/es\/aleamodel\/","url":"https:\/\/aleasoft.com\/es\/aleamodel\/","name":"AleaModel - AleaSoft Energy Forecasting","isPartOf":{"@id":"https:\/\/aleasoft.com\/#website"},"primaryImageOfPage":{"@id":"https:\/\/aleasoft.com\/es\/aleamodel\/#primaryimage"},"image":{"@id":"https:\/\/aleasoft.com\/es\/aleamodel\/#primaryimage"},"thumbnailUrl":"https:\/\/aleasoft.com\/wp-content\/uploads\/2021\/01\/20210122-AleaSoft-Propiedades-Modelo-Alea.png.jpg","datePublished":"2020-01-17T13:12:56+00:00","dateModified":"2021-12-14T09:21:35+00:00","breadcrumb":{"@id":"https:\/\/aleasoft.com\/es\/aleamodel\/#breadcrumb"},"inLanguage":"es","potentialAction":[{"@type":"ReadAction","target":["https:\/\/aleasoft.com\/es\/aleamodel\/"]}]},{"@type":"ImageObject","inLanguage":"es","@id":"https:\/\/aleasoft.com\/es\/aleamodel\/#primaryimage","url":"https:\/\/aleasoft.com\/wp-content\/uploads\/2021\/01\/20210122-AleaSoft-Propiedades-Modelo-Alea.png.jpg","contentUrl":"https:\/\/aleasoft.com\/wp-content\/uploads\/2021\/01\/20210122-AleaSoft-Propiedades-Modelo-Alea.png.jpg","width":881,"height":827},{"@type":"BreadcrumbList","@id":"https:\/\/aleasoft.com\/es\/aleamodel\/#breadcrumb","itemListElement":[{"@type":"ListItem","position":1,"name":"Home","item":"https:\/\/aleasoft.com\/es\/"},{"@type":"ListItem","position":2,"name":"AleaModel"}]},{"@type":"WebSite","@id":"https:\/\/aleasoft.com\/#website","url":"https:\/\/aleasoft.com\/","name":"AleaSoft Energy Forecasting","description":"Energy Forecasting","publisher":{"@id":"https:\/\/aleasoft.com\/#organization"},"potentialAction":[{"@type":"SearchAction","target":{"@type":"EntryPoint","urlTemplate":"https:\/\/aleasoft.com\/?s={search_term_string}"},"query-input":{"@type":"PropertyValueSpecification","valueRequired":true,"valueName":"search_term_string"}}],"inLanguage":"es"},{"@type":"Organization","@id":"https:\/\/aleasoft.com\/#organization","name":"AleaSoft Energy Forecasting","url":"https:\/\/aleasoft.com\/","logo":{"@type":"ImageObject","inLanguage":"es","@id":"https:\/\/aleasoft.com\/#\/schema\/logo\/image\/","url":"https:\/\/aleasoft.com\/wp-content\/uploads\/2020\/01\/logo-alea-25.svg","contentUrl":"https:\/\/aleasoft.com\/wp-content\/uploads\/2020\/01\/logo-alea-25.svg","width":7047,"height":1416,"caption":"AleaSoft Energy Forecasting"},"image":{"@id":"https:\/\/aleasoft.com\/#\/schema\/logo\/image\/"},"sameAs":["https:\/\/www.facebook.com\/AleaSoft\/","https:\/\/x.com\/AleaSoftEnergy","https:\/\/www.linkedin.com\/company\/aleasoft\/"]}]}},"_links":{"self":[{"href":"https:\/\/aleasoft.com\/es\/wp-json\/wp\/v2\/pages\/42843","targetHints":{"allow":["GET"]}}],"collection":[{"href":"https:\/\/aleasoft.com\/es\/wp-json\/wp\/v2\/pages"}],"about":[{"href":"https:\/\/aleasoft.com\/es\/wp-json\/wp\/v2\/types\/page"}],"author":[{"embeddable":true,"href":"https:\/\/aleasoft.com\/es\/wp-json\/wp\/v2\/users\/1"}],"replies":[{"embeddable":true,"href":"https:\/\/aleasoft.com\/es\/wp-json\/wp\/v2\/comments?post=42843"}],"version-history":[{"count":0,"href":"https:\/\/aleasoft.com\/es\/wp-json\/wp\/v2\/pages\/42843\/revisions"}],"wp:featuredmedia":[{"embeddable":true,"href":"https:\/\/aleasoft.com\/es\/wp-json\/wp\/v2\/media\/109003"}],"wp:attachment":[{"href":"https:\/\/aleasoft.com\/es\/wp-json\/wp\/v2\/media?parent=42843"}],"curies":[{"name":"wp","href":"https:\/\/api.w.org\/{rel}","templated":true}]}}