{"id":43564,"date":"2020-01-17T21:15:17","date_gmt":"2020-01-17T20:15:17","guid":{"rendered":"https:\/\/aleasoft.com\/?page_id=43564"},"modified":"2020-01-17T21:36:42","modified_gmt":"2020-01-17T20:36:42","slug":"otros-servicios","status":"publish","type":"page","link":"https:\/\/aleasoft.com\/es\/productos-y-servicios\/otros-servicios\/","title":{"rendered":"Otros servicios"},"content":{"rendered":"\t\t<div data-elementor-type=\"wp-page\" data-elementor-id=\"43564\" class=\"elementor elementor-43564\" data-elementor-post-type=\"page\">\n\t\t\t\t\t\t<section class=\"elementor-section elementor-top-section elementor-element elementor-element-3ca551a elementor-section-boxed elementor-section-height-default elementor-section-height-default\" data-id=\"3ca551a\" data-element_type=\"section\" data-e-type=\"section\">\n\t\t\t\t\t\t<div class=\"elementor-container elementor-column-gap-default\">\n\t\t\t\t\t<div class=\"elementor-column elementor-col-100 elementor-top-column elementor-element elementor-element-e015d43\" data-id=\"e015d43\" data-element_type=\"column\" data-e-type=\"column\">\n\t\t\t<div class=\"elementor-widget-wrap elementor-element-populated\">\n\t\t\t\t\t\t<div class=\"elementor-element elementor-element-d900937 elementor-widget elementor-widget-spacer\" data-id=\"d900937\" data-element_type=\"widget\" data-e-type=\"widget\" data-widget_type=\"spacer.default\">\n\t\t\t\t<div class=\"elementor-widget-container\">\n\t\t\t\t\t\t\t<div class=\"elementor-spacer\">\n\t\t\t<div class=\"elementor-spacer-inner\"><\/div>\n\t\t<\/div>\n\t\t\t\t\t\t<\/div>\n\t\t\t\t<\/div>\n\t\t\t\t<div class=\"elementor-element elementor-element-36a2a7d elementor-widget elementor-widget-heading\" data-id=\"36a2a7d\" data-element_type=\"widget\" data-e-type=\"widget\" data-widget_type=\"heading.default\">\n\t\t\t\t<div class=\"elementor-widget-container\">\n\t\t\t\t\t<h2 class=\"elementor-heading-title elementor-size-default\">Otros servicios<\/h2>\t\t\t\t<\/div>\n\t\t\t\t<\/div>\n\t\t\t\t\t<\/div>\n\t\t<\/div>\n\t\t\t\t\t<\/div>\n\t\t<\/section>\n\t\t\t\t<section class=\"elementor-section elementor-top-section elementor-element elementor-element-8344c56 elementor-section-boxed elementor-section-height-default elementor-section-height-default\" data-id=\"8344c56\" data-element_type=\"section\" data-e-type=\"section\">\n\t\t\t\t\t\t<div class=\"elementor-container elementor-column-gap-default\">\n\t\t\t\t\t<div class=\"elementor-column elementor-col-33 elementor-top-column elementor-element elementor-element-175873f\" data-id=\"175873f\" data-element_type=\"column\" data-e-type=\"column\">\n\t\t\t<div class=\"elementor-widget-wrap elementor-element-populated\">\n\t\t\t\t\t\t<div class=\"elementor-element elementor-element-8e801ac elementor-nav-menu__align-start elementor-nav-menu--dropdown-tablet elementor-nav-menu__text-align-aside elementor-nav-menu--toggle elementor-nav-menu--burger elementor-widget elementor-widget-global elementor-global-43608 elementor-widget-nav-menu\" data-id=\"8e801ac\" data-element_type=\"widget\" data-e-type=\"widget\" data-settings=\"{&quot;layout&quot;:&quot;vertical&quot;,&quot;submenu_icon&quot;:{&quot;value&quot;:&quot;fas fa-caret-down&quot;,&quot;library&quot;:&quot;fa-solid&quot;},&quot;toggle&quot;:&quot;burger&quot;}\" data-widget_type=\"nav-menu.default\">\n\t\t\t\t<div class=\"elementor-widget-container\">\n\t\t\t\t\t\t\t\t<nav aria-label=\"Men\u00fa\" class=\"elementor-nav-menu--main elementor-nav-menu__container elementor-nav-menu--layout-vertical e--pointer-background e--animation-fade\">\n\t\t\t\t<ul id=\"menu-1-8e801ac\" class=\"elementor-nav-menu sm-vertical\"><li class=\"menu-item menu-item-type-post_type menu-item-object-page menu-item-44118\"><a href=\"https:\/\/aleasoft.com\/de\/faelle\/spanien-und-portugal-mibel\/\" class=\"elementor-item\">Spanien und Portugal \u2013 MIBEL<\/a><\/li>\n<li class=\"menu-item menu-item-type-post_type menu-item-object-page menu-item-44110\"><a href=\"https:\/\/aleasoft.com\/de\/markte\/frankreich\/\" class=\"elementor-item\">Frankreich \u2013 EPEX\u00a0SPOT<\/a><\/li>\n<li class=\"menu-item menu-item-type-post_type menu-item-object-page menu-item-44109\"><a href=\"https:\/\/aleasoft.com\/de\/faelle\/deutschland-osterreich-epex-spot\/\" class=\"elementor-item\">Deutschland und \u00d6sterreich \u2013 EPEX\u00a0SPOT<\/a><\/li>\n<li class=\"menu-item menu-item-type-post_type menu-item-object-page menu-item-44108\"><a href=\"https:\/\/aleasoft.com\/de\/faelle\/belgien-belpex\/\" class=\"elementor-item\">Belgien \u2013 BELPEX<\/a><\/li>\n<li class=\"menu-item menu-item-type-custom menu-item-object-custom menu-item-has-children menu-item-118454\"><a href=\"#\" class=\"elementor-item elementor-item-anchor\">Andere M\u00e4rkte<\/a>\n<ul class=\"sub-menu elementor-nav-menu--dropdown\">\n\t<li class=\"menu-item menu-item-type-post_type menu-item-object-page menu-item-44114\"><a href=\"https:\/\/aleasoft.com\/de\/markte\/niederlande-apx\/\" class=\"elementor-sub-item\">Niederlande APX \u2013 EPEX\u00a0SPOT<\/a><\/li>\n\t<li class=\"menu-item menu-item-type-post_type menu-item-object-page menu-item-44117\"><a href=\"https:\/\/aleasoft.com\/de\/markte\/schweiz\/\" class=\"elementor-sub-item\">Schweiz \u2013 EPEX\u00a0SPOT<\/a><\/li>\n\t<li class=\"menu-item menu-item-type-post_type menu-item-object-page menu-item-44112\"><a href=\"https:\/\/aleasoft.com\/de\/markte\/italien-ipex\/\" class=\"elementor-sub-item\">Italien \u2013 IPEX<\/a><\/li>\n\t<li class=\"menu-item menu-item-type-post_type menu-item-object-page menu-item-44119\"><a href=\"https:\/\/aleasoft.com\/de\/markte\/vereinigtes-konigreich-n2ex\/\" class=\"elementor-sub-item\">Vereinigtes K\u00f6nigreich \u2013 N2EX<\/a><\/li>\n\t<li class=\"menu-item menu-item-type-post_type menu-item-object-page menu-item-44116\"><a href=\"https:\/\/aleasoft.com\/de\/markte\/polen-polpx\/\" class=\"elementor-sub-item\">Polen \u2013 POLPX<\/a><\/li>\n\t<li class=\"menu-item menu-item-type-post_type menu-item-object-page menu-item-44115\"><a href=\"https:\/\/aleasoft.com\/de\/markte\/nordische-laender-nordpool\/\" class=\"elementor-sub-item\">Nordische l\u00e4nder \u2013 Nord\u00a0Pool<\/a><\/li>\n\t<li class=\"menu-item menu-item-type-post_type menu-item-object-page menu-item-44111\"><a href=\"https:\/\/aleasoft.com\/de\/markte\/republikirland-und-nordirland-sem\/\" class=\"elementor-sub-item\">Irland \u2013 SEM<\/a><\/li>\n\t<li class=\"menu-item menu-item-type-post_type menu-item-object-page menu-item-44113\"><a href=\"https:\/\/aleasoft.com\/de\/markte\/mitteleuropa\/\" class=\"elementor-sub-item\">Mitteleuropa<\/a><\/li>\n\t<li class=\"menu-item menu-item-type-post_type menu-item-object-page menu-item-118462\"><a href=\"https:\/\/aleasoft.com\/de\/markte\/welweite-wetterprognose\/\" class=\"elementor-sub-item\">Welweite wetterprognose<\/a><\/li>\n<\/ul>\n<\/li>\n<\/ul>\t\t\t<\/nav>\n\t\t\t\t\t<div class=\"elementor-menu-toggle\" role=\"button\" tabindex=\"0\" aria-label=\"Alternar men\u00fa\" aria-expanded=\"false\">\n\t\t\t<svg aria-hidden=\"true\" role=\"presentation\" class=\"elementor-menu-toggle__icon--open e-font-icon-svg e-eicon-menu-bar\" viewBox=\"0 0 1000 1000\" xmlns=\"http:\/\/www.w3.org\/2000\/svg\"><path d=\"M104 333H896C929 333 958 304 958 271S929 208 896 208H104C71 208 42 237 42 271S71 333 104 333ZM104 583H896C929 583 958 554 958 521S929 458 896 458H104C71 458 42 487 42 521S71 583 104 583ZM104 833H896C929 833 958 804 958 771S929 708 896 708H104C71 708 42 737 42 771S71 833 104 833Z\"><\/path><\/svg><svg aria-hidden=\"true\" role=\"presentation\" class=\"elementor-menu-toggle__icon--close e-font-icon-svg e-eicon-close\" viewBox=\"0 0 1000 1000\" xmlns=\"http:\/\/www.w3.org\/2000\/svg\"><path d=\"M742 167L500 408 258 167C246 154 233 150 217 150 196 150 179 158 167 167 154 179 150 196 150 212 150 229 154 242 171 254L408 500 167 742C138 771 138 800 167 829 196 858 225 858 254 829L496 587 738 829C750 842 767 846 783 846 800 846 817 842 829 829 842 817 846 804 846 783 846 767 842 750 829 737L588 500 833 258C863 229 863 200 833 171 804 137 775 137 742 167Z\"><\/path><\/svg>\t\t<\/div>\n\t\t\t\t\t<nav class=\"elementor-nav-menu--dropdown elementor-nav-menu__container\" aria-hidden=\"true\">\n\t\t\t\t<ul id=\"menu-2-8e801ac\" class=\"elementor-nav-menu sm-vertical\"><li class=\"menu-item menu-item-type-post_type menu-item-object-page menu-item-44118\"><a href=\"https:\/\/aleasoft.com\/de\/faelle\/spanien-und-portugal-mibel\/\" class=\"elementor-item\" tabindex=\"-1\">Spanien und Portugal \u2013 MIBEL<\/a><\/li>\n<li class=\"menu-item menu-item-type-post_type menu-item-object-page menu-item-44110\"><a href=\"https:\/\/aleasoft.com\/de\/markte\/frankreich\/\" class=\"elementor-item\" tabindex=\"-1\">Frankreich \u2013 EPEX\u00a0SPOT<\/a><\/li>\n<li class=\"menu-item menu-item-type-post_type menu-item-object-page menu-item-44109\"><a href=\"https:\/\/aleasoft.com\/de\/faelle\/deutschland-osterreich-epex-spot\/\" class=\"elementor-item\" tabindex=\"-1\">Deutschland und \u00d6sterreich \u2013 EPEX\u00a0SPOT<\/a><\/li>\n<li class=\"menu-item menu-item-type-post_type menu-item-object-page menu-item-44108\"><a href=\"https:\/\/aleasoft.com\/de\/faelle\/belgien-belpex\/\" class=\"elementor-item\" tabindex=\"-1\">Belgien \u2013 BELPEX<\/a><\/li>\n<li class=\"menu-item menu-item-type-custom menu-item-object-custom menu-item-has-children menu-item-118454\"><a href=\"#\" class=\"elementor-item elementor-item-anchor\" tabindex=\"-1\">Andere M\u00e4rkte<\/a>\n<ul class=\"sub-menu elementor-nav-menu--dropdown\">\n\t<li class=\"menu-item menu-item-type-post_type menu-item-object-page menu-item-44114\"><a href=\"https:\/\/aleasoft.com\/de\/markte\/niederlande-apx\/\" class=\"elementor-sub-item\" tabindex=\"-1\">Niederlande APX \u2013 EPEX\u00a0SPOT<\/a><\/li>\n\t<li class=\"menu-item menu-item-type-post_type menu-item-object-page menu-item-44117\"><a href=\"https:\/\/aleasoft.com\/de\/markte\/schweiz\/\" class=\"elementor-sub-item\" tabindex=\"-1\">Schweiz \u2013 EPEX\u00a0SPOT<\/a><\/li>\n\t<li class=\"menu-item menu-item-type-post_type menu-item-object-page menu-item-44112\"><a href=\"https:\/\/aleasoft.com\/de\/markte\/italien-ipex\/\" class=\"elementor-sub-item\" tabindex=\"-1\">Italien \u2013 IPEX<\/a><\/li>\n\t<li class=\"menu-item menu-item-type-post_type menu-item-object-page menu-item-44119\"><a href=\"https:\/\/aleasoft.com\/de\/markte\/vereinigtes-konigreich-n2ex\/\" class=\"elementor-sub-item\" tabindex=\"-1\">Vereinigtes K\u00f6nigreich \u2013 N2EX<\/a><\/li>\n\t<li class=\"menu-item menu-item-type-post_type menu-item-object-page menu-item-44116\"><a href=\"https:\/\/aleasoft.com\/de\/markte\/polen-polpx\/\" class=\"elementor-sub-item\" tabindex=\"-1\">Polen \u2013 POLPX<\/a><\/li>\n\t<li class=\"menu-item menu-item-type-post_type menu-item-object-page menu-item-44115\"><a href=\"https:\/\/aleasoft.com\/de\/markte\/nordische-laender-nordpool\/\" class=\"elementor-sub-item\" tabindex=\"-1\">Nordische l\u00e4nder \u2013 Nord\u00a0Pool<\/a><\/li>\n\t<li class=\"menu-item menu-item-type-post_type menu-item-object-page menu-item-44111\"><a href=\"https:\/\/aleasoft.com\/de\/markte\/republikirland-und-nordirland-sem\/\" class=\"elementor-sub-item\" tabindex=\"-1\">Irland \u2013 SEM<\/a><\/li>\n\t<li class=\"menu-item menu-item-type-post_type menu-item-object-page menu-item-44113\"><a href=\"https:\/\/aleasoft.com\/de\/markte\/mitteleuropa\/\" class=\"elementor-sub-item\" tabindex=\"-1\">Mitteleuropa<\/a><\/li>\n\t<li class=\"menu-item menu-item-type-post_type menu-item-object-page menu-item-118462\"><a href=\"https:\/\/aleasoft.com\/de\/markte\/welweite-wetterprognose\/\" class=\"elementor-sub-item\" tabindex=\"-1\">Welweite wetterprognose<\/a><\/li>\n<\/ul>\n<\/li>\n<\/ul>\t\t\t<\/nav>\n\t\t\t\t\t\t<\/div>\n\t\t\t\t<\/div>\n\t\t\t\t\t<\/div>\n\t\t<\/div>\n\t\t\t\t<div class=\"elementor-column elementor-col-66 elementor-top-column elementor-element elementor-element-d781948\" data-id=\"d781948\" data-element_type=\"column\" data-e-type=\"column\">\n\t\t\t<div class=\"elementor-widget-wrap elementor-element-populated\">\n\t\t\t\t\t\t<div class=\"elementor-element elementor-element-dd898b4 elementor-widget elementor-widget-text-editor\" data-id=\"dd898b4\" data-element_type=\"widget\" data-e-type=\"widget\" data-widget_type=\"text-editor.default\">\n\t\t\t\t<div class=\"elementor-widget-container\">\n\t\t\t\t\t\t\t\t\t<p><strong>AleaSoft ofrece una variedad de servicios complementarios para asistir a las necesidades de nuestros usuarios:<\/strong><\/p><p><b>Informes de Mercado de Energ\u00eda<\/b><\/p><p>AleaSoft elabora informes que abastecen tanto tus intereses como tus solicitudes. Los informes incluyen informaci\u00f3n de valores registrados de datos relevantes, \u00fatiles para entender la evoluci\u00f3n de los mercados:\u00a0<strong>precio de mercado, demanda, producci\u00f3n por tecnolog\u00eda, de productos b\u00e1sicos, variables climatol\u00f3gicas y otros.\u00a0<\/strong>Estos informes son enviados por correo electr\u00f3nico, semanal y mensualmente y est\u00e1n disponibles para MIBEL, EPEX SPOT Francia, EPEX SPOT Alemania y Austria, MIBEL, N2EX, IPEX y Nordpool .<\/p>\t\t\t\t\t\t\t\t<\/div>\n\t\t\t\t<\/div>\n\t\t\t\t\t<\/div>\n\t\t<\/div>\n\t\t\t\t\t<\/div>\n\t\t<\/section>\n\t\t\t\t<section class=\"elementor-section elementor-top-section elementor-element elementor-element-2b1d5c1 elementor-section-boxed elementor-section-height-default elementor-section-height-default\" data-id=\"2b1d5c1\" data-element_type=\"section\" data-e-type=\"section\">\n\t\t\t\t\t\t<div class=\"elementor-container elementor-column-gap-default\">\n\t\t\t\t\t<div class=\"elementor-column elementor-col-50 elementor-top-column elementor-element elementor-element-9eb1f9d\" data-id=\"9eb1f9d\" data-element_type=\"column\" data-e-type=\"column\">\n\t\t\t<div class=\"elementor-widget-wrap elementor-element-populated\">\n\t\t\t\t\t\t<div class=\"elementor-element elementor-element-1217857 elementor-widget elementor-widget-text-editor\" data-id=\"1217857\" data-element_type=\"widget\" data-e-type=\"widget\" data-widget_type=\"text-editor.default\">\n\t\t\t\t<div class=\"elementor-widget-container\">\n\t\t\t\t\t\t\t\t\t<h3>Suministro de Datos<\/h3><p>AleaSoft ofrece\u00a0<strong>suministro de datos<\/strong>\u00a0para complementar tus estudios y mercados en:<\/p><ul><li>Los m\u00e1s importantes\u00a0<strong>mercados de energ\u00eda.<\/strong><\/li><li><strong>Datos climatol\u00f3gicos<\/strong>\u00a0para cualquier localidad en el mundo (incluyendo temperatura, velocidad de viento, sensaci\u00f3n t\u00e9rmica, nubosidad, etc.).<\/li><\/ul><p>Los datos suministrados pueden ser de naturaleza hist\u00f3rica, as\u00ed como de un contexto actual y pronosticando datos futuros. En todos los casos, los datos son suministrados autom\u00e1ticamente por correo electr\u00f3nico o FTP, diariamente o m\u00faltiples veces al d\u00eda.<\/p>\t\t\t\t\t\t\t\t<\/div>\n\t\t\t\t<\/div>\n\t\t\t\t\t<\/div>\n\t\t<\/div>\n\t\t\t\t<div class=\"elementor-column elementor-col-50 elementor-top-column elementor-element elementor-element-3705450\" data-id=\"3705450\" data-element_type=\"column\" data-e-type=\"column\">\n\t\t\t<div class=\"elementor-widget-wrap elementor-element-populated\">\n\t\t\t\t\t\t<div class=\"elementor-element elementor-element-579d0ae elementor-widget elementor-widget-text-editor\" data-id=\"579d0ae\" data-element_type=\"widget\" data-e-type=\"widget\" data-widget_type=\"text-editor.default\">\n\t\t\t\t<div class=\"elementor-widget-container\">\n\t\t\t\t\t\t\t\t\t<h3>Optimizaci\u00f3n<\/h3><p><strong>AleaSoft asiste a sus clientes optimizando sus procesos para asegurar la rentabilidad espec\u00edfica de la producci\u00f3n de energ\u00eda e inversiones.<\/strong>\u00a0La\u00a0<strong>Optimizaci\u00f3n\u00a0<\/strong>garantiza la eficiencia de las compa\u00f1\u00edas en una variedad de sectores: fijaci\u00f3n de los precios, planificaci\u00f3n de la producci\u00f3n, planificaci\u00f3n de las inversiones, asignaci\u00f3n de recursos, etc. Por tanto, la\u00a0<strong>Optimizaci\u00f3n\u00a0<\/strong>maximiza el rendimiento de un proceso o sistema, para mejorar su rentabilidad.<\/p><h3>Entrenamiento y Consultor\u00eda<\/h3><p><strong>AleaSoft ofrece servicios profesionales para entrenamiento y consultor\u00eda:<\/strong><\/p><ul><li><strong>Servicios de entrenamiento<\/strong>\u00a0espec\u00edfico para previsiones de potencia, mejorando tus conocimientos en m\u00e9todos para previsi\u00f3n y aspectos complejos relacionados con previsiones de energ\u00eda.<\/li><li><strong>Consultor\u00eda\u00a0<\/strong>sobre herramientas, m\u00e9todos y procesos para previsiones.<\/li><\/ul>\t\t\t\t\t\t\t\t<\/div>\n\t\t\t\t<\/div>\n\t\t\t\t\t<\/div>\n\t\t<\/div>\n\t\t\t\t\t<\/div>\n\t\t<\/section>\n\t\t\t\t<\/div>\n\t\t","protected":false},"excerpt":{"rendered":"<p>AleaSoft ofrece una variedad de servicios complementarios para asistir a las necesidades de nuestros usuarios: Informes de Mercado de Energ\u00eda AleaSoft elabora informes que abastecen tanto tus intereses como tus solicitudes. Los informes incluyen informaci\u00f3n de valores registrados de datos relevantes, \u00fatiles para entender la evoluci\u00f3n de los mercados:\u00a0precio de mercado, demanda, producci\u00f3n por tecnolog\u00eda, [&hellip;]<\/p>\n","protected":false},"author":1,"featured_media":0,"parent":42846,"menu_order":0,"comment_status":"closed","ping_status":"closed","template":"elementor_header_footer","meta":{"footnotes":""},"class_list":["post-43564","page","type-page","status-publish","hentry"],"yoast_head":"<!-- This site is optimized with the Yoast SEO Premium plugin v27.4 (Yoast SEO v27.4) - https:\/\/yoast.com\/product\/yoast-seo-premium-wordpress\/ -->\n<title>Otros servicios - AleaSoft Energy Forecasting<\/title>\n<meta name=\"robots\" content=\"index, follow, max-snippet:-1, max-image-preview:large, max-video-preview:-1\" \/>\n<link rel=\"canonical\" href=\"https:\/\/aleasoft.com\/es\/productos-y-servicios\/otros-servicios\/\" \/>\n<meta property=\"og:locale\" content=\"es_ES\" \/>\n<meta property=\"og:type\" content=\"article\" \/>\n<meta property=\"og:title\" content=\"Otros servicios\" \/>\n<meta property=\"og:description\" content=\"AleaSoft ofrece una variedad de servicios complementarios para asistir a las necesidades de nuestros usuarios: Informes de Mercado de Energ\u00eda AleaSoft elabora informes que abastecen tanto tus intereses como tus solicitudes. Los informes incluyen informaci\u00f3n de valores registrados de datos relevantes, \u00fatiles para entender la evoluci\u00f3n de los mercados:\u00a0precio de mercado, demanda, producci\u00f3n por tecnolog\u00eda, [&hellip;]\" \/>\n<meta property=\"og:url\" content=\"https:\/\/aleasoft.com\/es\/productos-y-servicios\/otros-servicios\/\" \/>\n<meta property=\"og:site_name\" content=\"AleaSoft Energy Forecasting\" \/>\n<meta property=\"article:publisher\" content=\"https:\/\/www.facebook.com\/AleaSoft\/\" \/>\n<meta property=\"article:modified_time\" content=\"2020-01-17T20:36:42+00:00\" \/>\n<meta name=\"twitter:card\" content=\"summary_large_image\" \/>\n<meta name=\"twitter:site\" content=\"@AleaSoftEnergy\" \/>\n<meta name=\"twitter:label1\" content=\"Tiempo de lectura\" \/>\n\t<meta name=\"twitter:data1\" content=\"2 minutos\" \/>\n<script type=\"application\/ld+json\" class=\"yoast-schema-graph\">{\"@context\":\"https:\\\/\\\/schema.org\",\"@graph\":[{\"@type\":\"WebPage\",\"@id\":\"https:\\\/\\\/aleasoft.com\\\/es\\\/productos-y-servicios\\\/otros-servicios\\\/\",\"url\":\"https:\\\/\\\/aleasoft.com\\\/es\\\/productos-y-servicios\\\/otros-servicios\\\/\",\"name\":\"Otros servicios - AleaSoft Energy Forecasting\",\"isPartOf\":{\"@id\":\"https:\\\/\\\/aleasoft.com\\\/#website\"},\"datePublished\":\"2020-01-17T20:15:17+00:00\",\"dateModified\":\"2020-01-17T20:36:42+00:00\",\"breadcrumb\":{\"@id\":\"https:\\\/\\\/aleasoft.com\\\/es\\\/productos-y-servicios\\\/otros-servicios\\\/#breadcrumb\"},\"inLanguage\":\"es\",\"potentialAction\":[{\"@type\":\"ReadAction\",\"target\":[\"https:\\\/\\\/aleasoft.com\\\/es\\\/productos-y-servicios\\\/otros-servicios\\\/\"]}]},{\"@type\":\"BreadcrumbList\",\"@id\":\"https:\\\/\\\/aleasoft.com\\\/es\\\/productos-y-servicios\\\/otros-servicios\\\/#breadcrumb\",\"itemListElement\":[{\"@type\":\"ListItem\",\"position\":1,\"name\":\"Home\",\"item\":\"https:\\\/\\\/aleasoft.com\\\/es\\\/\"},{\"@type\":\"ListItem\",\"position\":2,\"name\":\"Servicios de previsiones de energ\u00eda\",\"item\":\"https:\\\/\\\/aleasoft.com\\\/es\\\/productos-y-servicios\\\/\"},{\"@type\":\"ListItem\",\"position\":3,\"name\":\"Otros servicios\"}]},{\"@type\":\"WebSite\",\"@id\":\"https:\\\/\\\/aleasoft.com\\\/#website\",\"url\":\"https:\\\/\\\/aleasoft.com\\\/\",\"name\":\"AleaSoft Energy Forecasting\",\"description\":\"Energy Forecasting\",\"publisher\":{\"@id\":\"https:\\\/\\\/aleasoft.com\\\/#organization\"},\"potentialAction\":[{\"@type\":\"SearchAction\",\"target\":{\"@type\":\"EntryPoint\",\"urlTemplate\":\"https:\\\/\\\/aleasoft.com\\\/?s={search_term_string}\"},\"query-input\":{\"@type\":\"PropertyValueSpecification\",\"valueRequired\":true,\"valueName\":\"search_term_string\"}}],\"inLanguage\":\"es\"},{\"@type\":\"Organization\",\"@id\":\"https:\\\/\\\/aleasoft.com\\\/#organization\",\"name\":\"AleaSoft Energy Forecasting\",\"url\":\"https:\\\/\\\/aleasoft.com\\\/\",\"logo\":{\"@type\":\"ImageObject\",\"inLanguage\":\"es\",\"@id\":\"https:\\\/\\\/aleasoft.com\\\/#\\\/schema\\\/logo\\\/image\\\/\",\"url\":\"https:\\\/\\\/aleasoft.com\\\/wp-content\\\/uploads\\\/2020\\\/01\\\/logo-alea-25.svg\",\"contentUrl\":\"https:\\\/\\\/aleasoft.com\\\/wp-content\\\/uploads\\\/2020\\\/01\\\/logo-alea-25.svg\",\"width\":7047,\"height\":1416,\"caption\":\"AleaSoft Energy Forecasting\"},\"image\":{\"@id\":\"https:\\\/\\\/aleasoft.com\\\/#\\\/schema\\\/logo\\\/image\\\/\"},\"sameAs\":[\"https:\\\/\\\/www.facebook.com\\\/AleaSoft\\\/\",\"https:\\\/\\\/x.com\\\/AleaSoftEnergy\",\"https:\\\/\\\/www.linkedin.com\\\/company\\\/aleasoft\\\/\"]}]}<\/script>\n<!-- \/ Yoast SEO Premium plugin. -->","yoast_head_json":{"title":"Otros servicios - AleaSoft Energy Forecasting","robots":{"index":"index","follow":"follow","max-snippet":"max-snippet:-1","max-image-preview":"max-image-preview:large","max-video-preview":"max-video-preview:-1"},"canonical":"https:\/\/aleasoft.com\/es\/productos-y-servicios\/otros-servicios\/","og_locale":"es_ES","og_type":"article","og_title":"Otros servicios","og_description":"AleaSoft ofrece una variedad de servicios complementarios para asistir a las necesidades de nuestros usuarios: Informes de Mercado de Energ\u00eda AleaSoft elabora informes que abastecen tanto tus intereses como tus solicitudes. Los informes incluyen informaci\u00f3n de valores registrados de datos relevantes, \u00fatiles para entender la evoluci\u00f3n de los mercados:\u00a0precio de mercado, demanda, producci\u00f3n por tecnolog\u00eda, [&hellip;]","og_url":"https:\/\/aleasoft.com\/es\/productos-y-servicios\/otros-servicios\/","og_site_name":"AleaSoft Energy Forecasting","article_publisher":"https:\/\/www.facebook.com\/AleaSoft\/","article_modified_time":"2020-01-17T20:36:42+00:00","twitter_card":"summary_large_image","twitter_site":"@AleaSoftEnergy","twitter_misc":{"Tiempo de lectura":"2 minutos"},"schema":{"@context":"https:\/\/schema.org","@graph":[{"@type":"WebPage","@id":"https:\/\/aleasoft.com\/es\/productos-y-servicios\/otros-servicios\/","url":"https:\/\/aleasoft.com\/es\/productos-y-servicios\/otros-servicios\/","name":"Otros servicios - AleaSoft Energy Forecasting","isPartOf":{"@id":"https:\/\/aleasoft.com\/#website"},"datePublished":"2020-01-17T20:15:17+00:00","dateModified":"2020-01-17T20:36:42+00:00","breadcrumb":{"@id":"https:\/\/aleasoft.com\/es\/productos-y-servicios\/otros-servicios\/#breadcrumb"},"inLanguage":"es","potentialAction":[{"@type":"ReadAction","target":["https:\/\/aleasoft.com\/es\/productos-y-servicios\/otros-servicios\/"]}]},{"@type":"BreadcrumbList","@id":"https:\/\/aleasoft.com\/es\/productos-y-servicios\/otros-servicios\/#breadcrumb","itemListElement":[{"@type":"ListItem","position":1,"name":"Home","item":"https:\/\/aleasoft.com\/es\/"},{"@type":"ListItem","position":2,"name":"Servicios de previsiones de energ\u00eda","item":"https:\/\/aleasoft.com\/es\/productos-y-servicios\/"},{"@type":"ListItem","position":3,"name":"Otros servicios"}]},{"@type":"WebSite","@id":"https:\/\/aleasoft.com\/#website","url":"https:\/\/aleasoft.com\/","name":"AleaSoft Energy Forecasting","description":"Energy Forecasting","publisher":{"@id":"https:\/\/aleasoft.com\/#organization"},"potentialAction":[{"@type":"SearchAction","target":{"@type":"EntryPoint","urlTemplate":"https:\/\/aleasoft.com\/?s={search_term_string}"},"query-input":{"@type":"PropertyValueSpecification","valueRequired":true,"valueName":"search_term_string"}}],"inLanguage":"es"},{"@type":"Organization","@id":"https:\/\/aleasoft.com\/#organization","name":"AleaSoft Energy Forecasting","url":"https:\/\/aleasoft.com\/","logo":{"@type":"ImageObject","inLanguage":"es","@id":"https:\/\/aleasoft.com\/#\/schema\/logo\/image\/","url":"https:\/\/aleasoft.com\/wp-content\/uploads\/2020\/01\/logo-alea-25.svg","contentUrl":"https:\/\/aleasoft.com\/wp-content\/uploads\/2020\/01\/logo-alea-25.svg","width":7047,"height":1416,"caption":"AleaSoft Energy Forecasting"},"image":{"@id":"https:\/\/aleasoft.com\/#\/schema\/logo\/image\/"},"sameAs":["https:\/\/www.facebook.com\/AleaSoft\/","https:\/\/x.com\/AleaSoftEnergy","https:\/\/www.linkedin.com\/company\/aleasoft\/"]}]}},"_links":{"self":[{"href":"https:\/\/aleasoft.com\/es\/wp-json\/wp\/v2\/pages\/43564","targetHints":{"allow":["GET"]}}],"collection":[{"href":"https:\/\/aleasoft.com\/es\/wp-json\/wp\/v2\/pages"}],"about":[{"href":"https:\/\/aleasoft.com\/es\/wp-json\/wp\/v2\/types\/page"}],"author":[{"embeddable":true,"href":"https:\/\/aleasoft.com\/es\/wp-json\/wp\/v2\/users\/1"}],"replies":[{"embeddable":true,"href":"https:\/\/aleasoft.com\/es\/wp-json\/wp\/v2\/comments?post=43564"}],"version-history":[{"count":0,"href":"https:\/\/aleasoft.com\/es\/wp-json\/wp\/v2\/pages\/43564\/revisions"}],"up":[{"embeddable":true,"href":"https:\/\/aleasoft.com\/es\/wp-json\/wp\/v2\/pages\/42846"}],"wp:attachment":[{"href":"https:\/\/aleasoft.com\/es\/wp-json\/wp\/v2\/media?parent=43564"}],"curies":[{"name":"wp","href":"https:\/\/api.w.org\/{rel}","templated":true}]}}