{"id":43637,"date":"2020-01-17T22:05:38","date_gmt":"2020-01-17T21:05:38","guid":{"rendered":"https:\/\/aleasoft.com\/?page_id=43637"},"modified":"2025-03-27T16:46:09","modified_gmt":"2025-03-27T15:46:09","slug":"politica-de-privacidad","status":"publish","type":"page","link":"https:\/\/aleasoft.com\/es\/politica-de-privacidad\/","title":{"rendered":"Pol\u00edtica de Privacidad"},"content":{"rendered":"\t\t<div data-elementor-type=\"wp-page\" data-elementor-id=\"43637\" class=\"elementor elementor-43637\" data-elementor-post-type=\"page\">\n\t\t\t\t\t\t<section class=\"elementor-section elementor-top-section elementor-element elementor-element-e9eeb21 elementor-section-boxed elementor-section-height-default elementor-section-height-default\" data-id=\"e9eeb21\" data-element_type=\"section\" data-e-type=\"section\">\n\t\t\t\t\t\t<div class=\"elementor-container elementor-column-gap-default\">\n\t\t\t\t\t<div class=\"elementor-column elementor-col-100 elementor-top-column elementor-element elementor-element-2dd3c74\" data-id=\"2dd3c74\" data-element_type=\"column\" data-e-type=\"column\">\n\t\t\t<div class=\"elementor-widget-wrap elementor-element-populated\">\n\t\t\t\t\t\t<div class=\"elementor-element elementor-element-b7e654e elementor-widget elementor-widget-spacer\" data-id=\"b7e654e\" data-element_type=\"widget\" data-e-type=\"widget\" data-widget_type=\"spacer.default\">\n\t\t\t\t<div class=\"elementor-widget-container\">\n\t\t\t\t\t\t\t<div class=\"elementor-spacer\">\n\t\t\t<div class=\"elementor-spacer-inner\"><\/div>\n\t\t<\/div>\n\t\t\t\t\t\t<\/div>\n\t\t\t\t<\/div>\n\t\t\t\t<div class=\"elementor-element elementor-element-04da953 elementor-widget elementor-widget-heading\" data-id=\"04da953\" data-element_type=\"widget\" data-e-type=\"widget\" data-widget_type=\"heading.default\">\n\t\t\t\t<div class=\"elementor-widget-container\">\n\t\t\t\t\t<h1 class=\"elementor-heading-title elementor-size-default\">Pol\u00edtica de Privacidad<\/h1>\t\t\t\t<\/div>\n\t\t\t\t<\/div>\n\t\t\t\t<div class=\"elementor-element elementor-element-6ca14a5 elementor-widget elementor-widget-spacer\" data-id=\"6ca14a5\" data-element_type=\"widget\" data-e-type=\"widget\" data-widget_type=\"spacer.default\">\n\t\t\t\t<div class=\"elementor-widget-container\">\n\t\t\t\t\t\t\t<div class=\"elementor-spacer\">\n\t\t\t<div class=\"elementor-spacer-inner\"><\/div>\n\t\t<\/div>\n\t\t\t\t\t\t<\/div>\n\t\t\t\t<\/div>\n\t\t\t\t\t<\/div>\n\t\t<\/div>\n\t\t\t\t\t<\/div>\n\t\t<\/section>\n\t\t\t\t<section class=\"elementor-section elementor-top-section elementor-element elementor-element-ee43830 elementor-section-boxed elementor-section-height-default elementor-section-height-default\" data-id=\"ee43830\" data-element_type=\"section\" data-e-type=\"section\">\n\t\t\t\t\t\t<div class=\"elementor-container elementor-column-gap-default\">\n\t\t\t\t\t<div class=\"elementor-column elementor-col-100 elementor-top-column elementor-element elementor-element-dce2086\" data-id=\"dce2086\" data-element_type=\"column\" data-e-type=\"column\">\n\t\t\t<div class=\"elementor-widget-wrap elementor-element-populated\">\n\t\t\t\t\t\t<div class=\"elementor-element elementor-element-feae81a elementor-widget elementor-widget-text-editor\" data-id=\"feae81a\" data-element_type=\"widget\" data-e-type=\"widget\" data-widget_type=\"text-editor.default\">\n\t\t\t\t<div class=\"elementor-widget-container\">\n\t\t\t\t\t\t\t\t\t<h2><strong>1.- Objeto de la Pol\u00edtica de Privacidad<\/strong><\/h2><p>Esta Pol\u00edtica de privacidad regula c\u00f3mo\u00a0<strong>AleaSoft<\/strong>\u00a0obtiene, procesa y utiliza los datos personales proporcionados por los usuarios en este sitio web o en cualquier entorno web de la entidad.<\/p><p>Mediante la implementaci\u00f3n de los formularios incluidos en el sitio web, con referencia a los servicios prestados por\u00a0<strong>AleaSoft<\/strong>\u00a0, los usuarios aceptan la inclusi\u00f3n y el tratamiento de los datos que proporcionan en un procesamiento de datos personales, de los cuales\u00a0<strong>AleaSoft<\/strong>\u00a0es el propietario, siendo capaz de ejercer los derechos relevantes de acuerdo con lo expuesto en las siguientes cl\u00e1usulas.<\/p><p><strong>AleaSoft<\/strong>\u00a0act\u00faa como propietario, facilitador y administrador de contenido de este sitio web.\u00a0<strong>AleaSoft<\/strong>\u00a0informa a los usuarios que cumple con las regulaciones de protecci\u00f3n de datos vigentes y, de manera especial, con el Reglamento (UE) 2016\/679 del Parlamento Europeo y del Consejo de 27 de abril de 2016 sobre la protecci\u00f3n de las personas f\u00edsicas con respecto a el tratamiento de datos personales y la libre circulaci\u00f3n de dichos datos, y por la que se deroga la Directiva 95\/46 \/ CE (en adelante, Reglamento General de Protecci\u00f3n de Datos) y la Ley 34\/2002, de 11 de julio, de Servicios de la Sociedad de la Informaci\u00f3n y Comercio Electr\u00f3nico.<\/p><p>Todos los textos legales est\u00e1n disponibles para los usuarios y\/o interesados \u200b\u200ben el sitio web correspondiente.<\/p><h2><strong>2.- \u00bfQui\u00e9n es el responsable del procesamiento de sus datos personales?<\/strong><\/h2><p><strong>AleaSoft<\/strong>\u00a0es el responsable de la recopilaci\u00f3n y el procesamiento de sus datos personales en relaci\u00f3n con sus servicios.<\/p><p><strong>AleaSoft<\/strong>\u00a0se compromete a respetar y cuidar su privacidad y la seguridad de sus datos.<\/p><p>Los datos de identidad del responsable del tratamiento son: Alea Business Software S.L., con CIF B62069067, y establecidos en el Paseo de la Castellana 79, 6\u00aa, 28046, Madrid.<\/p><h2><strong>3.- \u00bfQu\u00e9 tipo de datos captamos?<\/strong><\/h2><p>De acuerdo con lo establecido en la normativa vigente,\u00a0<strong>AleaSoft<\/strong>\u00a0solo recaba los datos estrictamente necesarios para ofrecer los servicios derivados de su actividad y otros beneficios, gestiones y actividades que le atribuye la Ley.<\/p><p>A trav\u00e9s de este sitio web, y con el objetivo de proporcionar el mejor servicio,\u00a0<strong>AleaSoft<\/strong>\u00a0captura informaci\u00f3n o datos que pueden identificarlo directa o indirectamente: nombre y correo electr\u00f3nico.<\/p><p>Los usuarios son informados que la informaci\u00f3n que usted proporciona en los formularios incluidos en este sitio web es voluntaria, aunque la negativa a proporcionar la informaci\u00f3n solicitada puede implicar la imposibilidad de acceder a los servicios que lo requieren.<\/p><h2><strong>4.- \u00bfCon qu\u00e9 fines captamos sus datos?<\/strong><\/h2><p>Los prop\u00f3sitos y la base legal para la cual recopilamos dichos datos son:<\/p><ul><li>Gesti\u00f3n de consultas y solicitudes por parte de los usuarios a trav\u00e9s de este sitio web. La base legal de este tratamiento es su consentimiento.<\/li><li>Enviar informaci\u00f3n que pueda ser de su inter\u00e9s. La base legal de este tratamiento es su consentimiento.<\/li><\/ul><p>Se informa que no se llevar\u00e1n a cabo evaluaciones automatizadas y que no se desarrollar\u00e1n perfiles de usuario.<\/p><h2><strong>5.- \u00bfA qu\u00e9 destinatarios se comunicar\u00e1n sus datos?<\/strong><\/h2><p>A fin de obtener la plena satisfacci\u00f3n de nuestros clientes,\u00a0<strong>AleaSoft<\/strong>\u00a0informa que todos los datos que usted proporcion\u00f3 y los datos que proporcionar\u00e1 en el futuro pertenecen a su relaci\u00f3n con\u00a0<strong>AleaSoft\u00a0<\/strong>y ser\u00e1n procesados con la m\u00e1xima confidencialidad.<\/p><p>A menos que se considere que\u00a0<strong>AleaSoft<\/strong>\u00a0tiene un motivo comercial leg\u00edtimo para contactarlo, solo le contactaremos con su consentimiento, y usted tiene el derecho de retirar su consentimiento en cualquier momento.<\/p><p><strong>AleaSoft<\/strong>\u00a0no vende, alquila ni intercambia su informaci\u00f3n personal con ning\u00fan tercero por motivos comerciales.<\/p><h2><strong>6.- \u00bfCu\u00e1nto tiempo conservamos sus datos personales?<\/strong><\/h2><p>Los datos personales se mantendr\u00e1n mientras el usuario no indique lo contrario y durante los per\u00edodos de conservaci\u00f3n legalmente establecidos, a menos que por razones l\u00f3gicas y obvias hayan perdido la utilidad o el prop\u00f3sito leg\u00edtimo para el que fueron recopilados.<\/p><h2><strong>7.- \u00bfCu\u00e1les son los derechos de los usuarios que nos brindan sus datos?<\/strong><\/h2><p>Los usuarios pueden ejercer, en relaci\u00f3n con los datos recopilados por la forma descrita en el primer punto, los derechos reconocidos en el Reglamento General de Protecci\u00f3n de Datos, y los derechos de acceso, rectificaci\u00f3n, cancelaci\u00f3n, limitaci\u00f3n, portabilidad y oposici\u00f3n.<\/p><p>Los derechos antes mencionados pueden ser ejercitados por cada usuario mediante solicitud escrita y firmada, acompa\u00f1ada de una fotocopia de DNI, NIE o Pasaporte, dirigida a Alea Business Software SL,\u00a0 en la siguiente direcci\u00f3n: Paseo de la Castellana 79, 6\u00aa, 28046, Madrid. Tambi\u00e9n pueden enviar esta informaci\u00f3n por correo electr\u00f3nico a la direcci\u00f3n\u00a0<a href=\"mailto:privacy@aleasoft.com\">privacy@aleasoft.com<\/a>.<\/p><p>Adem\u00e1s, los usuarios son informados de que pueden retirar su consentimiento para el procesamiento de sus datos en cualquier momento, escribiendo un correo electr\u00f3nico a\u00a0<a href=\"mailto:privacy@aleasoft.com\">privacy@aleasoft.com<\/a>\u00a0con \u201cbaja\u201d en el asunto.<\/p><h2><strong>8.- Comunicaci\u00f3n de incidencia e irregularidades<\/strong><\/h2><p>En el caso de existir alguna conducta o situaci\u00f3n que pueda ser susceptible de generar una incidencia o cualquier tipo de irregularidad, contacte con\u00a0<a href=\"mailto:privacy@aleasoft.com\">privacy@aleasoft.com<\/a>.<\/p><h2><strong>9.- Responsabilidad de uso y contenido de los usuarios<\/strong><\/h2><p>Tanto el acceso a nuestro sitio web como el uso que pueda hacerse de la informaci\u00f3n y el contenido incluidos en este sitio web ser\u00e1n \u00fanicamente responsabilidad de la persona que lo haya hecho. Por lo tanto, el uso que se pueda hacer de la informaci\u00f3n, im\u00e1genes, contenidos y\/o productos revisados y accesibles a trav\u00e9s de \u00e9l, estar\u00e1 sujeto a la legalidad aplicable, ya sea nacional o internacional, as\u00ed como a los principios de buena fe y uso l\u00edcito por los usuarios, que ser\u00e1n responsables de este acceso y uso correcto<\/p><p><strong>AleaSoft<\/strong>\u00a0no asume responsabilidades, ya sean directas o indirectas, por da\u00f1os emergentes o lucro cesante, derivadas del mal uso de los servicios o contenidos realizados por los usuarios o terceros.<\/p><h2><strong>10.- Informaci\u00f3n del uso de otros sitios web y redes sociales<\/strong><\/h2><p>La empresa solo es responsable de los contenidos y la gesti\u00f3n de los sitios web de los que es propietario o tiene un derecho de naturaleza similar. Cualquier otro sitio web o red social o repositorio de informaci\u00f3n en Internet, fuera de este sitio web, es responsabilidad de sus leg\u00edtimos propietarios.<\/p><p><strong>AleaSoft<\/strong>\u00a0colabora de manera ordinaria con diferentes aplicaciones y entornos web, y siempre recomienda a los usuarios que, antes de acceder en estos sitios web, lean con precisi\u00f3n la publicidad legal y la pol\u00edtica de privacidad correspondientes, y solo accedan a ellos una vez que hayan entendido y aceptado en todo el texto legal.<\/p><p><strong>AleaSoft<\/strong>\u00a0se compromete a controlar los contenidos que est\u00e1n expuestos en estas redes sociales y expulsar\u00e1 a los usuarios que hacen un uso incorrecto en ellos.<\/p><p>\u00a0<\/p><p>Esta Pol\u00edtica de Privacidad puede variar con el tiempo debido a posibles cambios legislativos, jurisprudenciales o por los criterios seguidos por la Agencia Espa\u00f1ola de Protecci\u00f3n de Datos y \/ o la autoridad competente en cualquier momento. Es por eso que\u00a0<strong>AleaSoft<\/strong>\u00a0se reserva el derecho de modificar el asesoramiento legal. En este caso,\u00a0<strong>AleaSoft<\/strong>\u00a0anunciar\u00e1 en este sitio web los cambios introducidos con suficiente antelaci\u00f3n para su implementaci\u00f3n.<\/p>\t\t\t\t\t\t\t\t<\/div>\n\t\t\t\t<\/div>\n\t\t\t\t<div class=\"elementor-element elementor-element-8248797 elementor-widget elementor-widget-spacer\" data-id=\"8248797\" data-element_type=\"widget\" data-e-type=\"widget\" data-widget_type=\"spacer.default\">\n\t\t\t\t<div class=\"elementor-widget-container\">\n\t\t\t\t\t\t\t<div class=\"elementor-spacer\">\n\t\t\t<div class=\"elementor-spacer-inner\"><\/div>\n\t\t<\/div>\n\t\t\t\t\t\t<\/div>\n\t\t\t\t<\/div>\n\t\t\t\t\t<\/div>\n\t\t<\/div>\n\t\t\t\t\t<\/div>\n\t\t<\/section>\n\t\t\t\t<section class=\"elementor-section elementor-top-section elementor-element elementor-element-0ed0298 elementor-section-boxed elementor-section-height-default elementor-section-height-default\" data-id=\"0ed0298\" data-element_type=\"section\" data-e-type=\"section\">\n\t\t\t\t\t\t<div class=\"elementor-container elementor-column-gap-default\">\n\t\t\t\t\t<div class=\"elementor-column elementor-col-100 elementor-top-column elementor-element elementor-element-e55526d\" data-id=\"e55526d\" data-element_type=\"column\" data-e-type=\"column\">\n\t\t\t<div class=\"elementor-widget-wrap elementor-element-populated\">\n\t\t\t\t\t\t<div class=\"elementor-element elementor-element-57ab62f elementor-widget elementor-widget-html\" data-id=\"57ab62f\" data-element_type=\"widget\" data-e-type=\"widget\" data-widget_type=\"html.default\">\n\t\t\t\t<div class=\"elementor-widget-container\">\n\t\t\t\t\t<p><button onclick=\"klaro.show()\" style=\"background-color: transparent; border: none; color: #0073aa; cursor: pointer; text-decoration: underline; font-size: 1em;\">\r\n  Configuraci\u00f3n de cookies\r\n<\/button><\/p>\r\n\t\t\t\t<\/div>\n\t\t\t\t<\/div>\n\t\t\t\t\t<\/div>\n\t\t<\/div>\n\t\t\t\t\t<\/div>\n\t\t<\/section>\n\t\t\t\t<\/div>\n\t\t","protected":false},"excerpt":{"rendered":"<p>Pol\u00edtica de Privacidad 1.- Objeto de la Pol\u00edtica de Privacidad Esta Pol\u00edtica de privacidad regula c\u00f3mo\u00a0AleaSoft\u00a0obtiene, procesa y utiliza los datos personales proporcionados por los usuarios en este sitio web o en cualquier entorno web de la entidad. Mediante la implementaci\u00f3n de los formularios incluidos en el sitio web, con referencia a los servicios prestados [&hellip;]<\/p>\n","protected":false},"author":1,"featured_media":67774,"parent":0,"menu_order":0,"comment_status":"closed","ping_status":"closed","template":"elementor_header_footer","meta":{"footnotes":""},"class_list":["post-43637","page","type-page","status-publish","has-post-thumbnail","hentry"],"yoast_head":"<!-- This site is optimized with the Yoast SEO Premium plugin v27.2 (Yoast SEO v27.4) - https:\/\/yoast.com\/product\/yoast-seo-premium-wordpress\/ -->\n<title>Pol\u00edtica de Privacidad - AleaSoft Energy Forecasting<\/title>\n<meta name=\"robots\" content=\"index, follow, max-snippet:-1, max-image-preview:large, max-video-preview:-1\" \/>\n<link rel=\"canonical\" href=\"https:\/\/aleasoft.com\/privacy-policy\/\" \/>\n<meta property=\"og:locale\" content=\"es_ES\" \/>\n<meta property=\"og:type\" content=\"article\" \/>\n<meta property=\"og:title\" content=\"Pol\u00edtica de Privacidad\" \/>\n<meta property=\"og:description\" content=\"Pol\u00edtica de Privacidad 1.- Objeto de la Pol\u00edtica de Privacidad Esta Pol\u00edtica de privacidad regula c\u00f3mo\u00a0AleaSoft\u00a0obtiene, procesa y utiliza los datos personales proporcionados por los usuarios en este sitio web o en cualquier entorno web de la entidad. Mediante la implementaci\u00f3n de los formularios incluidos en el sitio web, con referencia a los servicios prestados [&hellip;]\" \/>\n<meta property=\"og:url\" content=\"https:\/\/aleasoft.com\/privacy-policy\/\" \/>\n<meta property=\"og:site_name\" content=\"AleaSoft Energy Forecasting\" \/>\n<meta property=\"article:publisher\" content=\"https:\/\/www.facebook.com\/AleaSoft\/\" \/>\n<meta property=\"article:modified_time\" content=\"2025-03-27T15:46:09+00:00\" \/>\n<meta property=\"og:image\" content=\"https:\/\/aleasoft.com\/wp-content\/uploads\/2019\/04\/aleasoft_logo.png\" \/>\n\t<meta property=\"og:image:width\" content=\"2632\" \/>\n\t<meta property=\"og:image:height\" content=\"522\" \/>\n\t<meta property=\"og:image:type\" content=\"image\/png\" \/>\n<meta name=\"twitter:card\" content=\"summary_large_image\" \/>\n<meta name=\"twitter:site\" content=\"@AleaSoftEnergy\" \/>\n<meta name=\"twitter:label1\" content=\"Tiempo de lectura\" \/>\n\t<meta name=\"twitter:data1\" content=\"6 minutos\" \/>\n<script type=\"application\/ld+json\" class=\"yoast-schema-graph\">{\"@context\":\"https:\\\/\\\/schema.org\",\"@graph\":[{\"@type\":\"WebPage\",\"@id\":\"https:\\\/\\\/aleasoft.com\\\/privacy-policy\\\/\",\"url\":\"https:\\\/\\\/aleasoft.com\\\/privacy-policy\\\/\",\"name\":\"Pol\u00edtica de Privacidad - AleaSoft Energy Forecasting\",\"isPartOf\":{\"@id\":\"https:\\\/\\\/aleasoft.com\\\/#website\"},\"primaryImageOfPage\":{\"@id\":\"https:\\\/\\\/aleasoft.com\\\/privacy-policy\\\/#primaryimage\"},\"image\":{\"@id\":\"https:\\\/\\\/aleasoft.com\\\/privacy-policy\\\/#primaryimage\"},\"thumbnailUrl\":\"https:\\\/\\\/aleasoft.com\\\/wp-content\\\/uploads\\\/2019\\\/04\\\/aleasoft_logo.png\",\"datePublished\":\"2020-01-17T21:05:38+00:00\",\"dateModified\":\"2025-03-27T15:46:09+00:00\",\"breadcrumb\":{\"@id\":\"https:\\\/\\\/aleasoft.com\\\/privacy-policy\\\/#breadcrumb\"},\"inLanguage\":\"es\",\"potentialAction\":[{\"@type\":\"ReadAction\",\"target\":[\"https:\\\/\\\/aleasoft.com\\\/privacy-policy\\\/\"]}]},{\"@type\":\"ImageObject\",\"inLanguage\":\"es\",\"@id\":\"https:\\\/\\\/aleasoft.com\\\/privacy-policy\\\/#primaryimage\",\"url\":\"https:\\\/\\\/aleasoft.com\\\/wp-content\\\/uploads\\\/2019\\\/04\\\/aleasoft_logo.png\",\"contentUrl\":\"https:\\\/\\\/aleasoft.com\\\/wp-content\\\/uploads\\\/2019\\\/04\\\/aleasoft_logo.png\",\"width\":2632,\"height\":522},{\"@type\":\"BreadcrumbList\",\"@id\":\"https:\\\/\\\/aleasoft.com\\\/privacy-policy\\\/#breadcrumb\",\"itemListElement\":[{\"@type\":\"ListItem\",\"position\":1,\"name\":\"Home\",\"item\":\"https:\\\/\\\/aleasoft.com\\\/es\\\/\"},{\"@type\":\"ListItem\",\"position\":2,\"name\":\"Pol\u00edtica de Privacidad\"}]},{\"@type\":\"WebSite\",\"@id\":\"https:\\\/\\\/aleasoft.com\\\/#website\",\"url\":\"https:\\\/\\\/aleasoft.com\\\/\",\"name\":\"AleaSoft Energy Forecasting\",\"description\":\"Energy Forecasting\",\"publisher\":{\"@id\":\"https:\\\/\\\/aleasoft.com\\\/#organization\"},\"potentialAction\":[{\"@type\":\"SearchAction\",\"target\":{\"@type\":\"EntryPoint\",\"urlTemplate\":\"https:\\\/\\\/aleasoft.com\\\/?s={search_term_string}\"},\"query-input\":{\"@type\":\"PropertyValueSpecification\",\"valueRequired\":true,\"valueName\":\"search_term_string\"}}],\"inLanguage\":\"es\"},{\"@type\":\"Organization\",\"@id\":\"https:\\\/\\\/aleasoft.com\\\/#organization\",\"name\":\"AleaSoft Energy Forecasting\",\"url\":\"https:\\\/\\\/aleasoft.com\\\/\",\"logo\":{\"@type\":\"ImageObject\",\"inLanguage\":\"es\",\"@id\":\"https:\\\/\\\/aleasoft.com\\\/#\\\/schema\\\/logo\\\/image\\\/\",\"url\":\"https:\\\/\\\/aleasoft.com\\\/wp-content\\\/uploads\\\/2020\\\/01\\\/logo-alea-25.svg\",\"contentUrl\":\"https:\\\/\\\/aleasoft.com\\\/wp-content\\\/uploads\\\/2020\\\/01\\\/logo-alea-25.svg\",\"width\":7047,\"height\":1416,\"caption\":\"AleaSoft Energy Forecasting\"},\"image\":{\"@id\":\"https:\\\/\\\/aleasoft.com\\\/#\\\/schema\\\/logo\\\/image\\\/\"},\"sameAs\":[\"https:\\\/\\\/www.facebook.com\\\/AleaSoft\\\/\",\"https:\\\/\\\/x.com\\\/AleaSoftEnergy\",\"https:\\\/\\\/www.linkedin.com\\\/company\\\/aleasoft\\\/\"]}]}<\/script>\n<!-- \/ Yoast SEO Premium plugin. -->","yoast_head_json":{"title":"Pol\u00edtica de Privacidad - AleaSoft Energy Forecasting","robots":{"index":"index","follow":"follow","max-snippet":"max-snippet:-1","max-image-preview":"max-image-preview:large","max-video-preview":"max-video-preview:-1"},"canonical":"https:\/\/aleasoft.com\/privacy-policy\/","og_locale":"es_ES","og_type":"article","og_title":"Pol\u00edtica de Privacidad","og_description":"Pol\u00edtica de Privacidad 1.- Objeto de la Pol\u00edtica de Privacidad Esta Pol\u00edtica de privacidad regula c\u00f3mo\u00a0AleaSoft\u00a0obtiene, procesa y utiliza los datos personales proporcionados por los usuarios en este sitio web o en cualquier entorno web de la entidad. Mediante la implementaci\u00f3n de los formularios incluidos en el sitio web, con referencia a los servicios prestados [&hellip;]","og_url":"https:\/\/aleasoft.com\/privacy-policy\/","og_site_name":"AleaSoft Energy Forecasting","article_publisher":"https:\/\/www.facebook.com\/AleaSoft\/","article_modified_time":"2025-03-27T15:46:09+00:00","og_image":[{"width":2632,"height":522,"url":"https:\/\/aleasoft.com\/wp-content\/uploads\/2019\/04\/aleasoft_logo.png","type":"image\/png"}],"twitter_card":"summary_large_image","twitter_site":"@AleaSoftEnergy","twitter_misc":{"Tiempo de lectura":"6 minutos"},"schema":{"@context":"https:\/\/schema.org","@graph":[{"@type":"WebPage","@id":"https:\/\/aleasoft.com\/privacy-policy\/","url":"https:\/\/aleasoft.com\/privacy-policy\/","name":"Pol\u00edtica de Privacidad - AleaSoft Energy Forecasting","isPartOf":{"@id":"https:\/\/aleasoft.com\/#website"},"primaryImageOfPage":{"@id":"https:\/\/aleasoft.com\/privacy-policy\/#primaryimage"},"image":{"@id":"https:\/\/aleasoft.com\/privacy-policy\/#primaryimage"},"thumbnailUrl":"https:\/\/aleasoft.com\/wp-content\/uploads\/2019\/04\/aleasoft_logo.png","datePublished":"2020-01-17T21:05:38+00:00","dateModified":"2025-03-27T15:46:09+00:00","breadcrumb":{"@id":"https:\/\/aleasoft.com\/privacy-policy\/#breadcrumb"},"inLanguage":"es","potentialAction":[{"@type":"ReadAction","target":["https:\/\/aleasoft.com\/privacy-policy\/"]}]},{"@type":"ImageObject","inLanguage":"es","@id":"https:\/\/aleasoft.com\/privacy-policy\/#primaryimage","url":"https:\/\/aleasoft.com\/wp-content\/uploads\/2019\/04\/aleasoft_logo.png","contentUrl":"https:\/\/aleasoft.com\/wp-content\/uploads\/2019\/04\/aleasoft_logo.png","width":2632,"height":522},{"@type":"BreadcrumbList","@id":"https:\/\/aleasoft.com\/privacy-policy\/#breadcrumb","itemListElement":[{"@type":"ListItem","position":1,"name":"Home","item":"https:\/\/aleasoft.com\/es\/"},{"@type":"ListItem","position":2,"name":"Pol\u00edtica de Privacidad"}]},{"@type":"WebSite","@id":"https:\/\/aleasoft.com\/#website","url":"https:\/\/aleasoft.com\/","name":"AleaSoft Energy Forecasting","description":"Energy Forecasting","publisher":{"@id":"https:\/\/aleasoft.com\/#organization"},"potentialAction":[{"@type":"SearchAction","target":{"@type":"EntryPoint","urlTemplate":"https:\/\/aleasoft.com\/?s={search_term_string}"},"query-input":{"@type":"PropertyValueSpecification","valueRequired":true,"valueName":"search_term_string"}}],"inLanguage":"es"},{"@type":"Organization","@id":"https:\/\/aleasoft.com\/#organization","name":"AleaSoft Energy Forecasting","url":"https:\/\/aleasoft.com\/","logo":{"@type":"ImageObject","inLanguage":"es","@id":"https:\/\/aleasoft.com\/#\/schema\/logo\/image\/","url":"https:\/\/aleasoft.com\/wp-content\/uploads\/2020\/01\/logo-alea-25.svg","contentUrl":"https:\/\/aleasoft.com\/wp-content\/uploads\/2020\/01\/logo-alea-25.svg","width":7047,"height":1416,"caption":"AleaSoft Energy Forecasting"},"image":{"@id":"https:\/\/aleasoft.com\/#\/schema\/logo\/image\/"},"sameAs":["https:\/\/www.facebook.com\/AleaSoft\/","https:\/\/x.com\/AleaSoftEnergy","https:\/\/www.linkedin.com\/company\/aleasoft\/"]}]}},"_links":{"self":[{"href":"https:\/\/aleasoft.com\/es\/wp-json\/wp\/v2\/pages\/43637","targetHints":{"allow":["GET"]}}],"collection":[{"href":"https:\/\/aleasoft.com\/es\/wp-json\/wp\/v2\/pages"}],"about":[{"href":"https:\/\/aleasoft.com\/es\/wp-json\/wp\/v2\/types\/page"}],"author":[{"embeddable":true,"href":"https:\/\/aleasoft.com\/es\/wp-json\/wp\/v2\/users\/1"}],"replies":[{"embeddable":true,"href":"https:\/\/aleasoft.com\/es\/wp-json\/wp\/v2\/comments?post=43637"}],"version-history":[{"count":0,"href":"https:\/\/aleasoft.com\/es\/wp-json\/wp\/v2\/pages\/43637\/revisions"}],"wp:featuredmedia":[{"embeddable":true,"href":"https:\/\/aleasoft.com\/es\/wp-json\/wp\/v2\/media\/67774"}],"wp:attachment":[{"href":"https:\/\/aleasoft.com\/es\/wp-json\/wp\/v2\/media?parent=43637"}],"curies":[{"name":"wp","href":"https:\/\/api.w.org\/{rel}","templated":true}]}}