{"id":43640,"date":"2020-01-17T22:08:29","date_gmt":"2020-01-17T21:08:29","guid":{"rendered":"https:\/\/aleasoft.com\/?page_id=43640"},"modified":"2020-11-13T11:52:55","modified_gmt":"2020-11-13T10:52:55","slug":"aviso-legal","status":"publish","type":"page","link":"https:\/\/aleasoft.com\/es\/aviso-legal\/","title":{"rendered":"Aviso legal"},"content":{"rendered":"\t\t<div data-elementor-type=\"wp-page\" data-elementor-id=\"43640\" class=\"elementor elementor-43640\" data-elementor-post-type=\"page\">\n\t\t\t\t\t\t<section class=\"elementor-section elementor-top-section elementor-element elementor-element-12c8ef5 elementor-section-boxed elementor-section-height-default elementor-section-height-default\" data-id=\"12c8ef5\" data-element_type=\"section\" data-e-type=\"section\">\n\t\t\t\t\t\t<div class=\"elementor-container elementor-column-gap-default\">\n\t\t\t\t\t<div class=\"elementor-column elementor-col-100 elementor-top-column elementor-element elementor-element-4d719f2\" data-id=\"4d719f2\" data-element_type=\"column\" data-e-type=\"column\">\n\t\t\t<div class=\"elementor-widget-wrap elementor-element-populated\">\n\t\t\t\t\t\t<div class=\"elementor-element elementor-element-779cc05 elementor-widget elementor-widget-spacer\" data-id=\"779cc05\" data-element_type=\"widget\" data-e-type=\"widget\" data-widget_type=\"spacer.default\">\n\t\t\t\t<div class=\"elementor-widget-container\">\n\t\t\t\t\t\t\t<div class=\"elementor-spacer\">\n\t\t\t<div class=\"elementor-spacer-inner\"><\/div>\n\t\t<\/div>\n\t\t\t\t\t\t<\/div>\n\t\t\t\t<\/div>\n\t\t\t\t<div class=\"elementor-element elementor-element-342b78a elementor-widget elementor-widget-heading\" data-id=\"342b78a\" data-element_type=\"widget\" data-e-type=\"widget\" data-widget_type=\"heading.default\">\n\t\t\t\t<div class=\"elementor-widget-container\">\n\t\t\t\t\t<h1 class=\"elementor-heading-title elementor-size-default\">Aviso legal<\/h1>\t\t\t\t<\/div>\n\t\t\t\t<\/div>\n\t\t\t\t<div class=\"elementor-element elementor-element-d409242 elementor-widget elementor-widget-spacer\" data-id=\"d409242\" data-element_type=\"widget\" data-e-type=\"widget\" data-widget_type=\"spacer.default\">\n\t\t\t\t<div class=\"elementor-widget-container\">\n\t\t\t\t\t\t\t<div class=\"elementor-spacer\">\n\t\t\t<div class=\"elementor-spacer-inner\"><\/div>\n\t\t<\/div>\n\t\t\t\t\t\t<\/div>\n\t\t\t\t<\/div>\n\t\t\t\t\t<\/div>\n\t\t<\/div>\n\t\t\t\t\t<\/div>\n\t\t<\/section>\n\t\t\t\t<section class=\"elementor-section elementor-top-section elementor-element elementor-element-dc0fcc7 elementor-section-boxed elementor-section-height-default elementor-section-height-default\" data-id=\"dc0fcc7\" data-element_type=\"section\" data-e-type=\"section\">\n\t\t\t\t\t\t<div class=\"elementor-container elementor-column-gap-default\">\n\t\t\t\t\t<div class=\"elementor-column elementor-col-100 elementor-top-column elementor-element elementor-element-5e87c56\" data-id=\"5e87c56\" data-element_type=\"column\" data-e-type=\"column\">\n\t\t\t<div class=\"elementor-widget-wrap elementor-element-populated\">\n\t\t\t\t\t\t<div class=\"elementor-element elementor-element-9989843 elementor-widget elementor-widget-text-editor\" data-id=\"9989843\" data-element_type=\"widget\" data-e-type=\"widget\" data-widget_type=\"text-editor.default\">\n\t\t\t\t<div class=\"elementor-widget-container\">\n\t\t\t\t\t\t\t\t\t<h2><strong>PROPIEDAD DEL SITIO WEB<\/strong><\/h2>\n<p>Alea Business Software, S.L. provisto con CIF B62069067, act\u00faa como el propietario, facilitador y administrador de contenido de este sitio web. La entidad informa a los usuarios que cumple con la regulaci\u00f3n de protecci\u00f3n de datos vigente y con el Reglamento (UE) 2016\/679 del Parlamento Europeo y del Consejo de 27 de abril de 2016 sobre la protecci\u00f3n de las personas f\u00edsicas con respecto al procesamiento de datos personales y sobre la libre circulaci\u00f3n de dichos datos, por la que se deroga la Directiva 95\/46\/CE (Reglamento General de Protecci\u00f3n de Datos) y la Ley 34\/2002, de 11 de julio, sobre Servicios de la Sociedad de la Informaci\u00f3n y de Comercio Electr\u00f3nico.<\/p>\n<h2><strong>CONCEPTO DE USUARIO<\/strong><\/h2>\n<p>El uso del sitio web atribuye la condici\u00f3n de usuario e implica la aceptaci\u00f3n plena y sin reservas de cada una de las disposiciones incluidas en este&nbsp;<strong>Aviso Legal<\/strong>&nbsp;y en la&nbsp;<a href=\"https:\/\/aleasoft.com\/es\/politica-de-privacidad\"><strong>Pol\u00edtica de Privacidad<\/strong><\/a>&nbsp;publicadas por AleaSoft, en el momento en que el usuario accede a este sitio web.&nbsp;En consecuencia, el usuario debe leer atentamente este&nbsp;<strong>Aviso Legal<\/strong>&nbsp;y la&nbsp;<a href=\"https:\/\/aleasoft.com\/es\/politica-de-privacidad\"><strong>Pol\u00edtica de Privacidad<\/strong><\/a>&nbsp;en cada una de las ocasiones en que tenga la intenci\u00f3n de utilizar el sitio web, debido a las posibles modificaciones.<\/p>\n<h2><strong>INFORMACI\u00d3N SOBRE ENLACES<\/strong><\/h2>\n<p><strong>AleaSoft<\/strong>&nbsp;no es responsable de los sitios web no propios a los que se puede acceder a trav\u00e9s de \u201cenlaces\u201d o cualquier contenido puesto a disposici\u00f3n por terceros.<\/p>\n<p>Cualquier uso de un enlace o acceso a un sitio web no propio se realiza por voluntad y riesgo exclusivo del usuario, y&nbsp;<strong>AleaSoft<\/strong>&nbsp;no recomienda ni garantiza ninguna informaci\u00f3n obtenida a trav\u00e9s de un enlace fuera del sitio web de AleaSoft ni es responsable de ninguna p\u00e9rdida, reclamo o da\u00f1os derivados del uso o abuso de un enlace, o la informaci\u00f3n obtenida a trav\u00e9s de \u00e9l, incluidos otros enlaces o sitios web, la interrupci\u00f3n en el servicio o acceso, o el intento de utilizar un enlace incorrectamente, tanto al conectarse al sitio web de&nbsp;<strong>AleaSoft<\/strong>&nbsp;como al acceder a informaci\u00f3n de otros sitios web desde el sitio web de&nbsp;<strong>AleaSoft<\/strong>.<\/p>\n<h2><strong>ENLACES DE OTROS SITIOS WEB EXTERNOS<\/strong><\/h2>\n<p>Queda expresamente prohibido establecer un enlace a aleasoft.com desde p\u00e1ginas que contengan manifestaciones o propaganda de car\u00e1cter racista, xen\u00f3fobo, pornogr\u00e1fico, en defensa del terrorismo, contra los Derechos Humanos o cualquier otra de naturaleza il\u00edcita o contraria a la moral y al orden p\u00fablico. En ning\u00fan caso se podr\u00e1 dar por entendido ni declarar que&nbsp;<strong>AleaSoft<\/strong>&nbsp;interviene, respalda, promueve, participa o ha supervisado en modo alguno los contenidos de la p\u00e1gina donde aparece el enlace, o solo consiente su incursi\u00f3n, salvo autorizaci\u00f3n expresa.<\/p>\n<h2><strong>INFORMACI\u00d3N SOBRE EL USO DE COOKIES<\/strong><\/h2>\n<p>En aleasoft.com utilizamos cookies para facilitar la relaci\u00f3n de los visitantes con nuestro contenido y para permitirnos recopilar estad\u00edsticas sobre los visitantes que recibimos. En cumplimiento de la Directiva 2009\/136 \/ CE, desarrollada en nuestro ordenamiento por el segundo p\u00e1rrafo del art\u00edculo 22 de la Ley de Servicios de la Sociedad de la Informaci\u00f3n y siguiendo los lineamientos de la Agencia Espa\u00f1ola de Protecci\u00f3n de Datos, procedemos a informarle sobre el uso de cookies que se realiza en nuestro sitio web.<\/p>\n<p>Las cookies son peque\u00f1os archivos que se guardan en el navegador utilizado por cada visitante a nuestro sitio web para que el servidor pueda recordar la visita de ese usuario m\u00e1s adelante cuando regrese para acceder a nuestro contenido. Esta informaci\u00f3n no revela su identidad, ni acceso al contenido almacenado en su PC, pero s\u00ed permite que nuestro sistema lo identifique como un usuario espec\u00edfico que ha visitado previamente la web, visto ciertas p\u00e1ginas, etc. y que tambi\u00e9n te permite guardar tus preferencias personales e informaci\u00f3n t\u00e9cnica, como visitas realizadas o p\u00e1ginas espec\u00edficas que visitas. Si no deseas que las cookies est\u00e9n almacenadas en tu navegador o prefieres recibir informaci\u00f3n cada vez que una cookie solicite su instalaci\u00f3n, puedes configurar las opciones de navegaci\u00f3n para que se hagan de esa manera. La mayor\u00eda de los navegadores permiten la administraci\u00f3n de cookies de 3 maneras diferentes:<\/p>\n<ul>\n<li>Las cookies siempre son rechazadas<\/li>\n<li>El navegador pregunta si el usuario quiere instalar cada cookie<\/li>\n<li>Las cookies siempre son aceptadas<\/li>\n<\/ul>\n<p>El navegador tambi\u00e9n puede incluir la posibilidad de seleccionar en detalle las cookies que desea instalar en su computadora. En particular, el usuario generalmente puede aceptar cualquiera de las siguientes opciones:<\/p>\n<ul>\n<li>rechazar las cookies de ciertos dominios<\/li>\n<li>rechazar las cookies de terceros<\/li>\n<li>aceptar cookies como no persistentes (se eliminan cuando el navegador se cierra)<\/li>\n<li>permitir que el servidor cree cookies para un dominio diferente<\/li>\n<\/ul>\n<p>Con respecto a las cookies de terceros, es decir, aquellas que son ajenas a nuestro sitio web, no podemos responsabilizarnos por el contenido y la veracidad de las pol\u00edticas de privacidad que incluyen, por lo que en caso de duda, deber\u00e1s contactar al webmaster del dominio que ha creado la cookie.<\/p>\n<h2><strong>RENUNCIA DE RESPONSABILIDAD Y LIMITACI\u00d3N DE RESPONSABILIDAD<\/strong><\/h2>\n<p><strong>AleaSoft<\/strong>&nbsp;informa que siempre implementa las medidas de seguridad apropiadas para presentar a los usuarios informaci\u00f3n y servicios adecuados, ciertos y actualizados. Sin embargo, el derecho a la rectificaci\u00f3n est\u00e1 reservado para aquellos aspectos que, posiblemente y de manera fortuita, podr\u00edan sufrir imprecisiones, desactualizaciones o errores.<\/p>\n<p><strong>AleaSoft<\/strong>&nbsp;ha obtenido la informaci\u00f3n y los materiales incluidos en el sitio web de fuentes consideradas confiables, pero aunque se han tomado las medidas correspondientes para garantizar que la informaci\u00f3n contenida sea correcta, no garantiza que sea precisa o est\u00e9 actualizada.<\/p>\n<p>Asimismo, se advierte que los contenidos de este sitio web tienen dos finalidades, una finalidad informativa en t\u00e9rminos de calidad, situaci\u00f3n, servicios y tarifas, y otra de venta de servicios, seg\u00fan lo dispuesto en este aviso legal y otros textos legales de la presente web.<\/p>\n<h2><strong>INDICACIONES SOBRE ASPECTOS T\u00c9CNICOS<\/strong><\/h2>\n<p><strong>AleaSoft<\/strong>&nbsp;declina cualquier responsabilidad en caso de interrupciones o un mal funcionamiento de los servicios o contenidos ofrecidos en Internet, cualquiera que sea su causa. Adem\u00e1s,&nbsp;<strong>AleaSoft<\/strong>&nbsp;no es responsable por ca\u00eddas en la red, p\u00e9rdida de informaci\u00f3n como resultado de tales ca\u00eddas, suspensi\u00f3n temporal de energ\u00eda el\u00e9ctrica o cualquier otro tipo de da\u00f1o indirecto que pueda ser causado a los usuarios por razones m\u00e1s all\u00e1 de&nbsp;<strong>AleaSoft<\/strong>.<\/p>\n<p><strong>AleaSoft<\/strong>&nbsp;no declara ni garantiza que los servicios o contenidos sean ininterrumpidos o que est\u00e9n libres de errores, que los defectos est\u00e9n corregidos, o que el servicio o servidor que los pone a disposici\u00f3n est\u00e9n libres de virus u otros componentes da\u00f1inos.&nbsp;<strong>AleaSoft<\/strong>&nbsp;hace sus mejores esfuerzos para evitar este tipo de incidente.&nbsp;En caso de que el usuario tome ciertas decisiones o tome medidas basadas en la informaci\u00f3n incluida en cualquiera de los sitios web, se recomienda verificar la informaci\u00f3n recibida con otras fuentes.<\/p>\n<h2><strong>PROPIEDAD INDUSTRIAL E INTELECTUAL<\/strong><\/h2>\n<p>Los contenidos proporcionados por&nbsp;<strong>AleaSoft<\/strong>, as\u00ed como los contenidos incluidos en este sitio web, constituyen un trabajo en el sentido de la legislaci\u00f3n en materia de propiedad intelectual para los cuales est\u00e1n protegidos por las leyes y convenciones internacionales aplicables en la materia.<\/p>\n<p>Se proh\u00edbe cualquier forma de reproducci\u00f3n, distribuci\u00f3n, comunicaci\u00f3n p\u00fablica, transformaci\u00f3n, puesta a disposici\u00f3n y, en general, cualquier otro acto de explotaci\u00f3n p\u00fablica referido al sitio web y sus contenidos e informaci\u00f3n, sin el consentimiento expreso y previo por escrito de&nbsp;<strong>AleaSoft<\/strong>.<\/p>\n<p>En consecuencia, todos los contenidos que se muestran en este sitio web, especialmente dise\u00f1os, textos, gr\u00e1ficos, logotipos, iconos, botones, software, nombres comerciales, marcas comerciales, dibujos industriales o cualquier otro signo susceptible de uso industrial y comercial est\u00e1n sujetos a derechos de propiedad industrial de&nbsp;<strong>AleaSoft<\/strong>&nbsp;o de terceros propietarios que hayan autorizado debidamente su inclusi\u00f3n en el sitio web.<\/p>\n<p>Los contenidos, im\u00e1genes, formularios, opiniones, \u00edndices y otras expresiones formales que forman parte del sitio web, as\u00ed como el software necesario para la operaci\u00f3n y visualizaci\u00f3n, tambi\u00e9n son un trabajo en el sentido de Copyright y permanecen protegidos por convenciones internacionales y leyes nacionales sobre propiedad intelectual que sean aplicables. El incumplimiento de estos implica la comisi\u00f3n de actos ilegales graves y su sanci\u00f3n por la legislaci\u00f3n civil y penal.<\/p>\n<p><strong>AleaSoft<\/strong>&nbsp;es libre de limitar el acceso al sitio web, a los productos y servicios ofrecidos, as\u00ed como a la posterior publicaci\u00f3n de las opiniones, observaciones, im\u00e1genes o comentarios que los usuarios puedan enviarle por correo electr\u00f3nico.&nbsp;<strong>AleaSoft<\/strong>&nbsp;puede establecer, si lo considera oportuno, sin perjuicio y con la exclusiva responsabilidad de los usuarios, los filtros necesarios para evitar contenidos u opiniones considerados racistas, xen\u00f3fobos, discriminatorios, pornogr\u00e1ficos, difamatorios, o que de alguna forma incite a la violencia o a la difusi\u00f3n de contenido claramente il\u00edcito o da\u00f1ino.<\/p>\t\t\t\t\t\t\t\t<\/div>\n\t\t\t\t<\/div>\n\t\t\t\t<div class=\"elementor-element elementor-element-4be7a51 elementor-widget elementor-widget-spacer\" data-id=\"4be7a51\" data-element_type=\"widget\" data-e-type=\"widget\" data-widget_type=\"spacer.default\">\n\t\t\t\t<div class=\"elementor-widget-container\">\n\t\t\t\t\t\t\t<div class=\"elementor-spacer\">\n\t\t\t<div class=\"elementor-spacer-inner\"><\/div>\n\t\t<\/div>\n\t\t\t\t\t\t<\/div>\n\t\t\t\t<\/div>\n\t\t\t\t\t<\/div>\n\t\t<\/div>\n\t\t\t\t\t<\/div>\n\t\t<\/section>\n\t\t\t\t<\/div>\n\t\t","protected":false},"excerpt":{"rendered":"<p>Aviso legal PROPIEDAD DEL SITIO WEB Alea Business Software, S.L. provisto con CIF B62069067, act\u00faa como el propietario, facilitador y administrador de contenido de este sitio web. La entidad informa a los usuarios que cumple con la regulaci\u00f3n de protecci\u00f3n de datos vigente y con el Reglamento (UE) 2016\/679 del Parlamento Europeo y del Consejo [&hellip;]<\/p>\n","protected":false},"author":1,"featured_media":67774,"parent":0,"menu_order":0,"comment_status":"closed","ping_status":"closed","template":"elementor_header_footer","meta":{"footnotes":""},"class_list":["post-43640","page","type-page","status-publish","has-post-thumbnail","hentry"],"yoast_head":"<!-- This site is optimized with the Yoast SEO Premium plugin v27.2 (Yoast SEO v27.4) - https:\/\/yoast.com\/product\/yoast-seo-premium-wordpress\/ -->\n<title>Aviso legal - AleaSoft Energy Forecasting<\/title>\n<meta name=\"robots\" content=\"index, follow, max-snippet:-1, max-image-preview:large, max-video-preview:-1\" \/>\n<link rel=\"canonical\" href=\"https:\/\/aleasoft.com\/es\/aviso-legal\/\" \/>\n<meta property=\"og:locale\" content=\"es_ES\" \/>\n<meta property=\"og:type\" content=\"article\" \/>\n<meta property=\"og:title\" content=\"Aviso legal\" \/>\n<meta property=\"og:description\" content=\"Aviso legal PROPIEDAD DEL SITIO WEB Alea Business Software, S.L. provisto con CIF B62069067, act\u00faa como el propietario, facilitador y administrador de contenido de este sitio web. La entidad informa a los usuarios que cumple con la regulaci\u00f3n de protecci\u00f3n de datos vigente y con el Reglamento (UE) 2016\/679 del Parlamento Europeo y del Consejo [&hellip;]\" \/>\n<meta property=\"og:url\" content=\"https:\/\/aleasoft.com\/es\/aviso-legal\/\" \/>\n<meta property=\"og:site_name\" content=\"AleaSoft Energy Forecasting\" \/>\n<meta property=\"article:publisher\" content=\"https:\/\/www.facebook.com\/AleaSoft\/\" \/>\n<meta property=\"article:modified_time\" content=\"2020-11-13T10:52:55+00:00\" \/>\n<meta property=\"og:image\" content=\"https:\/\/aleasoft.com\/wp-content\/uploads\/2019\/04\/aleasoft_logo.png\" \/>\n\t<meta property=\"og:image:width\" content=\"2632\" \/>\n\t<meta property=\"og:image:height\" content=\"522\" \/>\n\t<meta property=\"og:image:type\" content=\"image\/png\" \/>\n<meta name=\"twitter:card\" content=\"summary_large_image\" \/>\n<meta name=\"twitter:site\" content=\"@AleaSoftEnergy\" \/>\n<meta name=\"twitter:label1\" content=\"Tiempo de lectura\" \/>\n\t<meta name=\"twitter:data1\" content=\"8 minutos\" \/>\n<script type=\"application\/ld+json\" class=\"yoast-schema-graph\">{\"@context\":\"https:\\\/\\\/schema.org\",\"@graph\":[{\"@type\":\"WebPage\",\"@id\":\"https:\\\/\\\/aleasoft.com\\\/es\\\/aviso-legal\\\/\",\"url\":\"https:\\\/\\\/aleasoft.com\\\/es\\\/aviso-legal\\\/\",\"name\":\"Aviso legal - AleaSoft Energy Forecasting\",\"isPartOf\":{\"@id\":\"https:\\\/\\\/aleasoft.com\\\/#website\"},\"primaryImageOfPage\":{\"@id\":\"https:\\\/\\\/aleasoft.com\\\/es\\\/aviso-legal\\\/#primaryimage\"},\"image\":{\"@id\":\"https:\\\/\\\/aleasoft.com\\\/es\\\/aviso-legal\\\/#primaryimage\"},\"thumbnailUrl\":\"https:\\\/\\\/aleasoft.com\\\/wp-content\\\/uploads\\\/2019\\\/04\\\/aleasoft_logo.png\",\"datePublished\":\"2020-01-17T21:08:29+00:00\",\"dateModified\":\"2020-11-13T10:52:55+00:00\",\"breadcrumb\":{\"@id\":\"https:\\\/\\\/aleasoft.com\\\/es\\\/aviso-legal\\\/#breadcrumb\"},\"inLanguage\":\"es\",\"potentialAction\":[{\"@type\":\"ReadAction\",\"target\":[\"https:\\\/\\\/aleasoft.com\\\/es\\\/aviso-legal\\\/\"]}]},{\"@type\":\"ImageObject\",\"inLanguage\":\"es\",\"@id\":\"https:\\\/\\\/aleasoft.com\\\/es\\\/aviso-legal\\\/#primaryimage\",\"url\":\"https:\\\/\\\/aleasoft.com\\\/wp-content\\\/uploads\\\/2019\\\/04\\\/aleasoft_logo.png\",\"contentUrl\":\"https:\\\/\\\/aleasoft.com\\\/wp-content\\\/uploads\\\/2019\\\/04\\\/aleasoft_logo.png\",\"width\":2632,\"height\":522},{\"@type\":\"BreadcrumbList\",\"@id\":\"https:\\\/\\\/aleasoft.com\\\/es\\\/aviso-legal\\\/#breadcrumb\",\"itemListElement\":[{\"@type\":\"ListItem\",\"position\":1,\"name\":\"Home\",\"item\":\"https:\\\/\\\/aleasoft.com\\\/es\\\/\"},{\"@type\":\"ListItem\",\"position\":2,\"name\":\"Aviso legal\"}]},{\"@type\":\"WebSite\",\"@id\":\"https:\\\/\\\/aleasoft.com\\\/#website\",\"url\":\"https:\\\/\\\/aleasoft.com\\\/\",\"name\":\"AleaSoft Energy Forecasting\",\"description\":\"Energy Forecasting\",\"publisher\":{\"@id\":\"https:\\\/\\\/aleasoft.com\\\/#organization\"},\"potentialAction\":[{\"@type\":\"SearchAction\",\"target\":{\"@type\":\"EntryPoint\",\"urlTemplate\":\"https:\\\/\\\/aleasoft.com\\\/?s={search_term_string}\"},\"query-input\":{\"@type\":\"PropertyValueSpecification\",\"valueRequired\":true,\"valueName\":\"search_term_string\"}}],\"inLanguage\":\"es\"},{\"@type\":\"Organization\",\"@id\":\"https:\\\/\\\/aleasoft.com\\\/#organization\",\"name\":\"AleaSoft Energy Forecasting\",\"url\":\"https:\\\/\\\/aleasoft.com\\\/\",\"logo\":{\"@type\":\"ImageObject\",\"inLanguage\":\"es\",\"@id\":\"https:\\\/\\\/aleasoft.com\\\/#\\\/schema\\\/logo\\\/image\\\/\",\"url\":\"https:\\\/\\\/aleasoft.com\\\/wp-content\\\/uploads\\\/2020\\\/01\\\/logo-alea-25.svg\",\"contentUrl\":\"https:\\\/\\\/aleasoft.com\\\/wp-content\\\/uploads\\\/2020\\\/01\\\/logo-alea-25.svg\",\"width\":7047,\"height\":1416,\"caption\":\"AleaSoft Energy Forecasting\"},\"image\":{\"@id\":\"https:\\\/\\\/aleasoft.com\\\/#\\\/schema\\\/logo\\\/image\\\/\"},\"sameAs\":[\"https:\\\/\\\/www.facebook.com\\\/AleaSoft\\\/\",\"https:\\\/\\\/x.com\\\/AleaSoftEnergy\",\"https:\\\/\\\/www.linkedin.com\\\/company\\\/aleasoft\\\/\"]}]}<\/script>\n<!-- \/ Yoast SEO Premium plugin. -->","yoast_head_json":{"title":"Aviso legal - AleaSoft Energy Forecasting","robots":{"index":"index","follow":"follow","max-snippet":"max-snippet:-1","max-image-preview":"max-image-preview:large","max-video-preview":"max-video-preview:-1"},"canonical":"https:\/\/aleasoft.com\/es\/aviso-legal\/","og_locale":"es_ES","og_type":"article","og_title":"Aviso legal","og_description":"Aviso legal PROPIEDAD DEL SITIO WEB Alea Business Software, S.L. provisto con CIF B62069067, act\u00faa como el propietario, facilitador y administrador de contenido de este sitio web. La entidad informa a los usuarios que cumple con la regulaci\u00f3n de protecci\u00f3n de datos vigente y con el Reglamento (UE) 2016\/679 del Parlamento Europeo y del Consejo [&hellip;]","og_url":"https:\/\/aleasoft.com\/es\/aviso-legal\/","og_site_name":"AleaSoft Energy Forecasting","article_publisher":"https:\/\/www.facebook.com\/AleaSoft\/","article_modified_time":"2020-11-13T10:52:55+00:00","og_image":[{"width":2632,"height":522,"url":"https:\/\/aleasoft.com\/wp-content\/uploads\/2019\/04\/aleasoft_logo.png","type":"image\/png"}],"twitter_card":"summary_large_image","twitter_site":"@AleaSoftEnergy","twitter_misc":{"Tiempo de lectura":"8 minutos"},"schema":{"@context":"https:\/\/schema.org","@graph":[{"@type":"WebPage","@id":"https:\/\/aleasoft.com\/es\/aviso-legal\/","url":"https:\/\/aleasoft.com\/es\/aviso-legal\/","name":"Aviso legal - AleaSoft Energy Forecasting","isPartOf":{"@id":"https:\/\/aleasoft.com\/#website"},"primaryImageOfPage":{"@id":"https:\/\/aleasoft.com\/es\/aviso-legal\/#primaryimage"},"image":{"@id":"https:\/\/aleasoft.com\/es\/aviso-legal\/#primaryimage"},"thumbnailUrl":"https:\/\/aleasoft.com\/wp-content\/uploads\/2019\/04\/aleasoft_logo.png","datePublished":"2020-01-17T21:08:29+00:00","dateModified":"2020-11-13T10:52:55+00:00","breadcrumb":{"@id":"https:\/\/aleasoft.com\/es\/aviso-legal\/#breadcrumb"},"inLanguage":"es","potentialAction":[{"@type":"ReadAction","target":["https:\/\/aleasoft.com\/es\/aviso-legal\/"]}]},{"@type":"ImageObject","inLanguage":"es","@id":"https:\/\/aleasoft.com\/es\/aviso-legal\/#primaryimage","url":"https:\/\/aleasoft.com\/wp-content\/uploads\/2019\/04\/aleasoft_logo.png","contentUrl":"https:\/\/aleasoft.com\/wp-content\/uploads\/2019\/04\/aleasoft_logo.png","width":2632,"height":522},{"@type":"BreadcrumbList","@id":"https:\/\/aleasoft.com\/es\/aviso-legal\/#breadcrumb","itemListElement":[{"@type":"ListItem","position":1,"name":"Home","item":"https:\/\/aleasoft.com\/es\/"},{"@type":"ListItem","position":2,"name":"Aviso legal"}]},{"@type":"WebSite","@id":"https:\/\/aleasoft.com\/#website","url":"https:\/\/aleasoft.com\/","name":"AleaSoft Energy Forecasting","description":"Energy Forecasting","publisher":{"@id":"https:\/\/aleasoft.com\/#organization"},"potentialAction":[{"@type":"SearchAction","target":{"@type":"EntryPoint","urlTemplate":"https:\/\/aleasoft.com\/?s={search_term_string}"},"query-input":{"@type":"PropertyValueSpecification","valueRequired":true,"valueName":"search_term_string"}}],"inLanguage":"es"},{"@type":"Organization","@id":"https:\/\/aleasoft.com\/#organization","name":"AleaSoft Energy Forecasting","url":"https:\/\/aleasoft.com\/","logo":{"@type":"ImageObject","inLanguage":"es","@id":"https:\/\/aleasoft.com\/#\/schema\/logo\/image\/","url":"https:\/\/aleasoft.com\/wp-content\/uploads\/2020\/01\/logo-alea-25.svg","contentUrl":"https:\/\/aleasoft.com\/wp-content\/uploads\/2020\/01\/logo-alea-25.svg","width":7047,"height":1416,"caption":"AleaSoft Energy Forecasting"},"image":{"@id":"https:\/\/aleasoft.com\/#\/schema\/logo\/image\/"},"sameAs":["https:\/\/www.facebook.com\/AleaSoft\/","https:\/\/x.com\/AleaSoftEnergy","https:\/\/www.linkedin.com\/company\/aleasoft\/"]}]}},"_links":{"self":[{"href":"https:\/\/aleasoft.com\/es\/wp-json\/wp\/v2\/pages\/43640","targetHints":{"allow":["GET"]}}],"collection":[{"href":"https:\/\/aleasoft.com\/es\/wp-json\/wp\/v2\/pages"}],"about":[{"href":"https:\/\/aleasoft.com\/es\/wp-json\/wp\/v2\/types\/page"}],"author":[{"embeddable":true,"href":"https:\/\/aleasoft.com\/es\/wp-json\/wp\/v2\/users\/1"}],"replies":[{"embeddable":true,"href":"https:\/\/aleasoft.com\/es\/wp-json\/wp\/v2\/comments?post=43640"}],"version-history":[{"count":0,"href":"https:\/\/aleasoft.com\/es\/wp-json\/wp\/v2\/pages\/43640\/revisions"}],"wp:featuredmedia":[{"embeddable":true,"href":"https:\/\/aleasoft.com\/es\/wp-json\/wp\/v2\/media\/67774"}],"wp:attachment":[{"href":"https:\/\/aleasoft.com\/es\/wp-json\/wp\/v2\/media?parent=43640"}],"curies":[{"name":"wp","href":"https:\/\/api.w.org\/{rel}","templated":true}]}}