{"id":108625,"date":"2021-01-19T12:41:23","date_gmt":"2021-01-19T11:41:23","guid":{"rendered":"https:\/\/aleasoft.com\/?page_id=108625"},"modified":"2021-09-03T13:59:11","modified_gmt":"2021-09-03T11:59:11","slug":"ateliers","status":"publish","type":"page","link":"https:\/\/aleasoft.com\/fr\/ateliers\/","title":{"rendered":"Ateliers"},"content":{"rendered":"\t\t<div data-elementor-type=\"wp-page\" data-elementor-id=\"108625\" class=\"elementor elementor-108625\" data-elementor-post-type=\"page\">\n\t\t\t\t\t\t<section class=\"elementor-section elementor-top-section elementor-element elementor-element-252138e elementor-section-boxed elementor-section-height-default elementor-section-height-default\" data-id=\"252138e\" data-element_type=\"section\" data-e-type=\"section\">\n\t\t\t\t\t\t<div class=\"elementor-container elementor-column-gap-default\">\n\t\t\t\t\t<div class=\"elementor-column elementor-col-100 elementor-top-column elementor-element elementor-element-38b1149\" data-id=\"38b1149\" data-element_type=\"column\" data-e-type=\"column\">\n\t\t\t<div class=\"elementor-widget-wrap elementor-element-populated\">\n\t\t\t\t\t\t<div class=\"elementor-element elementor-element-9c5cc9b elementor-widget elementor-widget-spacer\" data-id=\"9c5cc9b\" data-element_type=\"widget\" data-e-type=\"widget\" data-widget_type=\"spacer.default\">\n\t\t\t\t<div class=\"elementor-widget-container\">\n\t\t\t\t\t\t\t<div class=\"elementor-spacer\">\n\t\t\t<div class=\"elementor-spacer-inner\"><\/div>\n\t\t<\/div>\n\t\t\t\t\t\t<\/div>\n\t\t\t\t<\/div>\n\t\t\t\t<div class=\"elementor-element elementor-element-e2b3c42 elementor-widget elementor-widget-html\" data-id=\"e2b3c42\" data-element_type=\"widget\" data-e-type=\"widget\" data-widget_type=\"html.default\">\n\t\t\t\t<div class=\"elementor-widget-container\">\n\t\t\t\t\t<script>\r\n    document.addEventListener(\"DOMContentLoaded\", function(event) {\r\n    var aleasoftClicakbleElements = document.querySelectorAll(\".aleasoft-clickable\");\r\n\r\n    for(var itAleasoftClicakbleElement = 0; itAleasoftClicakbleElement < aleasoftClicakbleElements.length; itAleasoftClicakbleElement++) {\r\n        aleasoftClicakbleElements[itAleasoftClicakbleElement].onclick = function () {\r\n            window.open(this.getAttribute(\"link\"), \"_self\")\r\n        };\r\n}\r\n});\r\n<\/script>\t\t\t\t<\/div>\n\t\t\t\t<\/div>\n\t\t\t\t<div class=\"elementor-element elementor-element-c2a6fbb elementor-widget elementor-widget-heading\" data-id=\"c2a6fbb\" data-element_type=\"widget\" data-e-type=\"widget\" data-widget_type=\"heading.default\">\n\t\t\t\t<div class=\"elementor-widget-container\">\n\t\t\t\t\t<h2 class=\"elementor-heading-title elementor-size-default\">Ateliers<\/h2>\t\t\t\t<\/div>\n\t\t\t\t<\/div>\n\t\t\t\t<div class=\"elementor-element elementor-element-5ab7771 elementor-widget elementor-widget-text-editor\" data-id=\"5ab7771\" data-element_type=\"widget\" data-e-type=\"widget\" data-widget_type=\"text-editor.default\">\n\t\t\t\t<div class=\"elementor-widget-container\">\n\t\t\t\t\t\t\t\t\t<p>Chez <strong>AleaSoft<\/strong>, nous sommes experts dans les domaines des <strong>mod\u00e8les statistiques et des pr\u00e9visions li\u00e9s aux march\u00e9s de l&rsquo;\u00e9nergie, des \u00e9nergies renouvelables, du financement de projets et des PPA.<\/strong><\/p><p>Nous organisons les ateliers suivants sur divers sujets d&rsquo;int\u00e9r\u00eat. Ces ateliers ont une capacit\u00e9 limit\u00e9e, donc pour y acc\u00e9der, vous devez demander une invitation.<\/p><p>Le contenu des webinars est disponible uniquement en espagnol et en anglais.<\/p>\t\t\t\t\t\t\t\t<\/div>\n\t\t\t\t<\/div>\n\t\t\t\t\t<\/div>\n\t\t<\/div>\n\t\t\t\t\t<\/div>\n\t\t<\/section>\n\t\t\t\t<section class=\"elementor-section elementor-top-section elementor-element elementor-element-5361769 elementor-section-boxed elementor-section-height-default elementor-section-height-default\" data-id=\"5361769\" data-element_type=\"section\" data-e-type=\"section\">\n\t\t\t\t\t\t<div class=\"elementor-container elementor-column-gap-default\">\n\t\t\t\t\t<div class=\"elementor-column elementor-col-100 elementor-top-column elementor-element elementor-element-f8937df\" data-id=\"f8937df\" data-element_type=\"column\" data-e-type=\"column\">\n\t\t\t<div class=\"elementor-widget-wrap elementor-element-populated\">\n\t\t\t\t\t\t<div class=\"elementor-element elementor-element-b3e0f63 elementor-align-center elementor-widget elementor-widget-button\" data-id=\"b3e0f63\" data-element_type=\"widget\" data-e-type=\"widget\" data-widget_type=\"button.default\">\n\t\t\t\t<div class=\"elementor-widget-container\">\n\t\t\t\t\t\t\t\t\t<div class=\"elementor-button-wrapper\">\n\t\t\t\t\t<a class=\"elementor-button elementor-button-link elementor-size-lg\" href=\"https:\/\/aleasoft.com\/workshops\/\">\n\t\t\t\t\t\t<span class=\"elementor-button-content-wrapper\">\n\t\t\t\t\t\t\t\t\t<span class=\"elementor-button-text\">Acc\u00e9der aux ateliers en anglais<\/span>\n\t\t\t\t\t<\/span>\n\t\t\t\t\t<\/a>\n\t\t\t\t<\/div>\n\t\t\t\t\t\t\t\t<\/div>\n\t\t\t\t<\/div>\n\t\t\t\t\t<\/div>\n\t\t<\/div>\n\t\t\t\t\t<\/div>\n\t\t<\/section>\n\t\t\t\t<section class=\"elementor-section elementor-top-section elementor-element elementor-element-88ab0d1 elementor-section-boxed elementor-section-height-default elementor-section-height-default\" data-id=\"88ab0d1\" data-element_type=\"section\" data-e-type=\"section\">\n\t\t\t\t\t\t<div class=\"elementor-container elementor-column-gap-default\">\n\t\t\t\t\t<div class=\"elementor-column elementor-col-100 elementor-top-column elementor-element elementor-element-fe26b8f\" data-id=\"fe26b8f\" data-element_type=\"column\" data-e-type=\"column\">\n\t\t\t<div class=\"elementor-widget-wrap elementor-element-populated\">\n\t\t\t\t\t\t<div class=\"elementor-element elementor-element-f116490 elementor-widget elementor-widget-spacer\" data-id=\"f116490\" data-element_type=\"widget\" data-e-type=\"widget\" data-widget_type=\"spacer.default\">\n\t\t\t\t<div class=\"elementor-widget-container\">\n\t\t\t\t\t\t\t<div class=\"elementor-spacer\">\n\t\t\t<div class=\"elementor-spacer-inner\"><\/div>\n\t\t<\/div>\n\t\t\t\t\t\t<\/div>\n\t\t\t\t<\/div>\n\t\t\t\t\t<\/div>\n\t\t<\/div>\n\t\t\t\t\t<\/div>\n\t\t<\/section>\n\t\t\t\t<\/div>\n\t\t","protected":false},"excerpt":{"rendered":"<p>Chez AleaSoft, nous sommes experts dans les domaines des mod\u00e8les statistiques et des pr\u00e9visions li\u00e9s aux march\u00e9s de l&rsquo;\u00e9nergie, des \u00e9nergies renouvelables, du financement de projets et des PPA. Nous organisons les ateliers suivants sur divers sujets d&rsquo;int\u00e9r\u00eat. Ces ateliers ont une capacit\u00e9 limit\u00e9e, donc pour y acc\u00e9der, vous devez demander une invitation. Le contenu [&hellip;]<\/p>\n","protected":false},"author":1,"featured_media":95743,"parent":0,"menu_order":0,"comment_status":"closed","ping_status":"closed","template":"elementor_header_footer","meta":{"footnotes":""},"class_list":["post-108625","page","type-page","status-publish","has-post-thumbnail","hentry"],"yoast_head":"<!-- This site is optimized with the Yoast SEO Premium plugin v27.4 (Yoast SEO v27.5) - https:\/\/yoast.com\/product\/yoast-seo-premium-wordpress\/ -->\n<title>Ateliers - AleaSoft Energy Forecasting<\/title>\n<meta name=\"robots\" content=\"index, follow, max-snippet:-1, max-image-preview:large, max-video-preview:-1\" \/>\n<link rel=\"canonical\" href=\"https:\/\/aleasoft.com\/fr\/ateliers\/\" \/>\n<meta property=\"og:locale\" content=\"fr_FR\" \/>\n<meta property=\"og:type\" content=\"article\" \/>\n<meta property=\"og:title\" content=\"Ateliers\" \/>\n<meta property=\"og:description\" content=\"Chez AleaSoft, nous sommes experts dans les domaines des mod\u00e8les statistiques et des pr\u00e9visions li\u00e9s aux march\u00e9s de l&rsquo;\u00e9nergie, des \u00e9nergies renouvelables, du financement de projets et des PPA. Nous organisons les ateliers suivants sur divers sujets d&rsquo;int\u00e9r\u00eat. Ces ateliers ont une capacit\u00e9 limit\u00e9e, donc pour y acc\u00e9der, vous devez demander une invitation. Le contenu [&hellip;]\" \/>\n<meta property=\"og:url\" content=\"https:\/\/aleasoft.com\/fr\/ateliers\/\" \/>\n<meta property=\"og:site_name\" content=\"AleaSoft Energy Forecasting\" \/>\n<meta property=\"article:publisher\" content=\"https:\/\/www.facebook.com\/AleaSoft\/\" \/>\n<meta property=\"article:modified_time\" content=\"2021-09-03T11:59:11+00:00\" \/>\n<meta property=\"og:image\" content=\"https:\/\/aleasoft.com\/wp-content\/uploads\/2020\/06\/20200623-AleaSoft_logo_featured_image.jpg\" \/>\n\t<meta property=\"og:image:width\" content=\"1280\" \/>\n\t<meta property=\"og:image:height\" content=\"1266\" \/>\n\t<meta property=\"og:image:type\" content=\"image\/jpeg\" \/>\n<meta name=\"twitter:card\" content=\"summary_large_image\" \/>\n<meta name=\"twitter:site\" content=\"@AleaSoftEnergy\" \/>\n<meta name=\"twitter:label1\" content=\"Dur\u00e9e de lecture estim\u00e9e\" \/>\n\t<meta name=\"twitter:data1\" content=\"1 minute\" \/>\n<script type=\"application\/ld+json\" class=\"yoast-schema-graph\">{\"@context\":\"https:\\\/\\\/schema.org\",\"@graph\":[{\"@type\":\"WebPage\",\"@id\":\"https:\\\/\\\/aleasoft.com\\\/fr\\\/ateliers\\\/\",\"url\":\"https:\\\/\\\/aleasoft.com\\\/fr\\\/ateliers\\\/\",\"name\":\"Ateliers - AleaSoft Energy Forecasting\",\"isPartOf\":{\"@id\":\"https:\\\/\\\/aleasoft.com\\\/#website\"},\"primaryImageOfPage\":{\"@id\":\"https:\\\/\\\/aleasoft.com\\\/fr\\\/ateliers\\\/#primaryimage\"},\"image\":{\"@id\":\"https:\\\/\\\/aleasoft.com\\\/fr\\\/ateliers\\\/#primaryimage\"},\"thumbnailUrl\":\"https:\\\/\\\/aleasoft.com\\\/wp-content\\\/uploads\\\/2020\\\/06\\\/20200623-AleaSoft_logo_featured_image.jpg\",\"datePublished\":\"2021-01-19T11:41:23+00:00\",\"dateModified\":\"2021-09-03T11:59:11+00:00\",\"breadcrumb\":{\"@id\":\"https:\\\/\\\/aleasoft.com\\\/fr\\\/ateliers\\\/#breadcrumb\"},\"inLanguage\":\"fr-FR\",\"potentialAction\":[{\"@type\":\"ReadAction\",\"target\":[\"https:\\\/\\\/aleasoft.com\\\/fr\\\/ateliers\\\/\"]}]},{\"@type\":\"ImageObject\",\"inLanguage\":\"fr-FR\",\"@id\":\"https:\\\/\\\/aleasoft.com\\\/fr\\\/ateliers\\\/#primaryimage\",\"url\":\"https:\\\/\\\/aleasoft.com\\\/wp-content\\\/uploads\\\/2020\\\/06\\\/20200623-AleaSoft_logo_featured_image.jpg\",\"contentUrl\":\"https:\\\/\\\/aleasoft.com\\\/wp-content\\\/uploads\\\/2020\\\/06\\\/20200623-AleaSoft_logo_featured_image.jpg\",\"width\":1280,\"height\":1266},{\"@type\":\"BreadcrumbList\",\"@id\":\"https:\\\/\\\/aleasoft.com\\\/fr\\\/ateliers\\\/#breadcrumb\",\"itemListElement\":[{\"@type\":\"ListItem\",\"position\":1,\"name\":\"Home\",\"item\":\"https:\\\/\\\/aleasoft.com\\\/\"},{\"@type\":\"ListItem\",\"position\":2,\"name\":\"Ateliers\"}]},{\"@type\":\"WebSite\",\"@id\":\"https:\\\/\\\/aleasoft.com\\\/#website\",\"url\":\"https:\\\/\\\/aleasoft.com\\\/\",\"name\":\"AleaSoft Energy Forecasting\",\"description\":\"Energy Forecasting\",\"publisher\":{\"@id\":\"https:\\\/\\\/aleasoft.com\\\/#organization\"},\"potentialAction\":[{\"@type\":\"SearchAction\",\"target\":{\"@type\":\"EntryPoint\",\"urlTemplate\":\"https:\\\/\\\/aleasoft.com\\\/?s={search_term_string}\"},\"query-input\":{\"@type\":\"PropertyValueSpecification\",\"valueRequired\":true,\"valueName\":\"search_term_string\"}}],\"inLanguage\":\"fr-FR\"},{\"@type\":\"Organization\",\"@id\":\"https:\\\/\\\/aleasoft.com\\\/#organization\",\"name\":\"AleaSoft Energy Forecasting\",\"url\":\"https:\\\/\\\/aleasoft.com\\\/\",\"logo\":{\"@type\":\"ImageObject\",\"inLanguage\":\"fr-FR\",\"@id\":\"https:\\\/\\\/aleasoft.com\\\/#\\\/schema\\\/logo\\\/image\\\/\",\"url\":\"https:\\\/\\\/aleasoft.com\\\/wp-content\\\/uploads\\\/2020\\\/01\\\/logo-alea-25.svg\",\"contentUrl\":\"https:\\\/\\\/aleasoft.com\\\/wp-content\\\/uploads\\\/2020\\\/01\\\/logo-alea-25.svg\",\"width\":7047,\"height\":1416,\"caption\":\"AleaSoft Energy Forecasting\"},\"image\":{\"@id\":\"https:\\\/\\\/aleasoft.com\\\/#\\\/schema\\\/logo\\\/image\\\/\"},\"sameAs\":[\"https:\\\/\\\/www.facebook.com\\\/AleaSoft\\\/\",\"https:\\\/\\\/x.com\\\/AleaSoftEnergy\",\"https:\\\/\\\/www.linkedin.com\\\/company\\\/aleasoft\\\/\"]}]}<\/script>\n<!-- \/ Yoast SEO Premium plugin. -->","yoast_head_json":{"title":"Ateliers - AleaSoft Energy Forecasting","robots":{"index":"index","follow":"follow","max-snippet":"max-snippet:-1","max-image-preview":"max-image-preview:large","max-video-preview":"max-video-preview:-1"},"canonical":"https:\/\/aleasoft.com\/fr\/ateliers\/","og_locale":"fr_FR","og_type":"article","og_title":"Ateliers","og_description":"Chez AleaSoft, nous sommes experts dans les domaines des mod\u00e8les statistiques et des pr\u00e9visions li\u00e9s aux march\u00e9s de l&rsquo;\u00e9nergie, des \u00e9nergies renouvelables, du financement de projets et des PPA. Nous organisons les ateliers suivants sur divers sujets d&rsquo;int\u00e9r\u00eat. Ces ateliers ont une capacit\u00e9 limit\u00e9e, donc pour y acc\u00e9der, vous devez demander une invitation. Le contenu [&hellip;]","og_url":"https:\/\/aleasoft.com\/fr\/ateliers\/","og_site_name":"AleaSoft Energy Forecasting","article_publisher":"https:\/\/www.facebook.com\/AleaSoft\/","article_modified_time":"2021-09-03T11:59:11+00:00","og_image":[{"width":1280,"height":1266,"url":"https:\/\/aleasoft.com\/wp-content\/uploads\/2020\/06\/20200623-AleaSoft_logo_featured_image.jpg","type":"image\/jpeg"}],"twitter_card":"summary_large_image","twitter_site":"@AleaSoftEnergy","twitter_misc":{"Dur\u00e9e de lecture estim\u00e9e":"1 minute"},"schema":{"@context":"https:\/\/schema.org","@graph":[{"@type":"WebPage","@id":"https:\/\/aleasoft.com\/fr\/ateliers\/","url":"https:\/\/aleasoft.com\/fr\/ateliers\/","name":"Ateliers - AleaSoft Energy Forecasting","isPartOf":{"@id":"https:\/\/aleasoft.com\/#website"},"primaryImageOfPage":{"@id":"https:\/\/aleasoft.com\/fr\/ateliers\/#primaryimage"},"image":{"@id":"https:\/\/aleasoft.com\/fr\/ateliers\/#primaryimage"},"thumbnailUrl":"https:\/\/aleasoft.com\/wp-content\/uploads\/2020\/06\/20200623-AleaSoft_logo_featured_image.jpg","datePublished":"2021-01-19T11:41:23+00:00","dateModified":"2021-09-03T11:59:11+00:00","breadcrumb":{"@id":"https:\/\/aleasoft.com\/fr\/ateliers\/#breadcrumb"},"inLanguage":"fr-FR","potentialAction":[{"@type":"ReadAction","target":["https:\/\/aleasoft.com\/fr\/ateliers\/"]}]},{"@type":"ImageObject","inLanguage":"fr-FR","@id":"https:\/\/aleasoft.com\/fr\/ateliers\/#primaryimage","url":"https:\/\/aleasoft.com\/wp-content\/uploads\/2020\/06\/20200623-AleaSoft_logo_featured_image.jpg","contentUrl":"https:\/\/aleasoft.com\/wp-content\/uploads\/2020\/06\/20200623-AleaSoft_logo_featured_image.jpg","width":1280,"height":1266},{"@type":"BreadcrumbList","@id":"https:\/\/aleasoft.com\/fr\/ateliers\/#breadcrumb","itemListElement":[{"@type":"ListItem","position":1,"name":"Home","item":"https:\/\/aleasoft.com\/"},{"@type":"ListItem","position":2,"name":"Ateliers"}]},{"@type":"WebSite","@id":"https:\/\/aleasoft.com\/#website","url":"https:\/\/aleasoft.com\/","name":"AleaSoft Energy Forecasting","description":"Energy Forecasting","publisher":{"@id":"https:\/\/aleasoft.com\/#organization"},"potentialAction":[{"@type":"SearchAction","target":{"@type":"EntryPoint","urlTemplate":"https:\/\/aleasoft.com\/?s={search_term_string}"},"query-input":{"@type":"PropertyValueSpecification","valueRequired":true,"valueName":"search_term_string"}}],"inLanguage":"fr-FR"},{"@type":"Organization","@id":"https:\/\/aleasoft.com\/#organization","name":"AleaSoft Energy Forecasting","url":"https:\/\/aleasoft.com\/","logo":{"@type":"ImageObject","inLanguage":"fr-FR","@id":"https:\/\/aleasoft.com\/#\/schema\/logo\/image\/","url":"https:\/\/aleasoft.com\/wp-content\/uploads\/2020\/01\/logo-alea-25.svg","contentUrl":"https:\/\/aleasoft.com\/wp-content\/uploads\/2020\/01\/logo-alea-25.svg","width":7047,"height":1416,"caption":"AleaSoft Energy Forecasting"},"image":{"@id":"https:\/\/aleasoft.com\/#\/schema\/logo\/image\/"},"sameAs":["https:\/\/www.facebook.com\/AleaSoft\/","https:\/\/x.com\/AleaSoftEnergy","https:\/\/www.linkedin.com\/company\/aleasoft\/"]}]}},"_links":{"self":[{"href":"https:\/\/aleasoft.com\/fr\/wp-json\/wp\/v2\/pages\/108625","targetHints":{"allow":["GET"]}}],"collection":[{"href":"https:\/\/aleasoft.com\/fr\/wp-json\/wp\/v2\/pages"}],"about":[{"href":"https:\/\/aleasoft.com\/fr\/wp-json\/wp\/v2\/types\/page"}],"author":[{"embeddable":true,"href":"https:\/\/aleasoft.com\/fr\/wp-json\/wp\/v2\/users\/1"}],"replies":[{"embeddable":true,"href":"https:\/\/aleasoft.com\/fr\/wp-json\/wp\/v2\/comments?post=108625"}],"version-history":[{"count":0,"href":"https:\/\/aleasoft.com\/fr\/wp-json\/wp\/v2\/pages\/108625\/revisions"}],"wp:featuredmedia":[{"embeddable":true,"href":"https:\/\/aleasoft.com\/fr\/wp-json\/wp\/v2\/media\/95743"}],"wp:attachment":[{"href":"https:\/\/aleasoft.com\/fr\/wp-json\/wp\/v2\/media?parent=108625"}],"curies":[{"name":"wp","href":"https:\/\/api.w.org\/{rel}","templated":true}]}}