{"id":119283,"date":"2020-09-22T16:49:05","date_gmt":"2020-09-22T14:49:05","guid":{"rendered":"https:\/\/aleasoft.com\/?page_id=119283"},"modified":"2021-09-28T09:18:43","modified_gmt":"2021-09-28T07:18:43","slug":"politique-de-qualite","status":"publish","type":"page","link":"https:\/\/aleasoft.com\/fr\/politique-de-qualite\/","title":{"rendered":"Politique de qualit\u00e9"},"content":{"rendered":"\t\t<div data-elementor-type=\"wp-page\" data-elementor-id=\"119283\" class=\"elementor elementor-119283\" data-elementor-post-type=\"page\">\n\t\t\t\t\t\t<section class=\"elementor-section elementor-top-section elementor-element elementor-element-afaa3cf elementor-section-boxed elementor-section-height-default elementor-section-height-default\" data-id=\"afaa3cf\" data-element_type=\"section\" data-e-type=\"section\">\n\t\t\t\t\t\t<div class=\"elementor-container elementor-column-gap-default\">\n\t\t\t\t\t<div class=\"elementor-column elementor-col-100 elementor-top-column elementor-element elementor-element-af4859f\" data-id=\"af4859f\" data-element_type=\"column\" data-e-type=\"column\">\n\t\t\t<div class=\"elementor-widget-wrap elementor-element-populated\">\n\t\t\t\t\t\t<div class=\"elementor-element elementor-element-d17773a elementor-widget elementor-widget-spacer\" data-id=\"d17773a\" data-element_type=\"widget\" data-e-type=\"widget\" data-widget_type=\"spacer.default\">\n\t\t\t\t<div class=\"elementor-widget-container\">\n\t\t\t\t\t\t\t<div class=\"elementor-spacer\">\n\t\t\t<div class=\"elementor-spacer-inner\"><\/div>\n\t\t<\/div>\n\t\t\t\t\t\t<\/div>\n\t\t\t\t<\/div>\n\t\t\t\t<div class=\"elementor-element elementor-element-5ea023c elementor-widget elementor-widget-heading\" data-id=\"5ea023c\" data-element_type=\"widget\" data-e-type=\"widget\" data-widget_type=\"heading.default\">\n\t\t\t\t<div class=\"elementor-widget-container\">\n\t\t\t\t\t<h1 class=\"elementor-heading-title elementor-size-default\">Politique de qualit\u00e9<\/h1>\t\t\t\t<\/div>\n\t\t\t\t<\/div>\n\t\t\t\t<div class=\"elementor-element elementor-element-b29ae4d elementor-widget elementor-widget-spacer\" data-id=\"b29ae4d\" data-element_type=\"widget\" data-e-type=\"widget\" data-widget_type=\"spacer.default\">\n\t\t\t\t<div class=\"elementor-widget-container\">\n\t\t\t\t\t\t\t<div class=\"elementor-spacer\">\n\t\t\t<div class=\"elementor-spacer-inner\"><\/div>\n\t\t<\/div>\n\t\t\t\t\t\t<\/div>\n\t\t\t\t<\/div>\n\t\t\t\t\t<\/div>\n\t\t<\/div>\n\t\t\t\t\t<\/div>\n\t\t<\/section>\n\t\t\t\t<section class=\"elementor-section elementor-top-section elementor-element elementor-element-5a6b271 elementor-section-boxed elementor-section-height-default elementor-section-height-default\" data-id=\"5a6b271\" data-element_type=\"section\" data-e-type=\"section\">\n\t\t\t\t\t\t<div class=\"elementor-container elementor-column-gap-default\">\n\t\t\t\t\t<div class=\"elementor-column elementor-col-100 elementor-top-column elementor-element elementor-element-4ac9a6e\" data-id=\"4ac9a6e\" data-element_type=\"column\" data-e-type=\"column\">\n\t\t\t<div class=\"elementor-widget-wrap elementor-element-populated\">\n\t\t\t\t\t\t<div class=\"elementor-element elementor-element-aec4576 elementor-widget elementor-widget-text-editor\" data-id=\"aec4576\" data-element_type=\"widget\" data-e-type=\"widget\" data-widget_type=\"text-editor.default\">\n\t\t\t\t<div class=\"elementor-widget-container\">\n\t\t\t\t\t\t\t\t\t<p>La soci\u00e9t\u00e9 Alea Business Software S.L. (<strong>AleaSoft<\/strong>) propose des solutions pour le secteur de l&rsquo;\u00e9nergie, mettant \u00e0 disposition de ses clients un ensemble de produits et services dans le domaine de la pr\u00e9vision de la demande, de la production d&rsquo;\u00e9nergie renouvelable et des prix du march\u00e9 de l&rsquo;\u00e9nergie.<\/p><p>L&rsquo;activit\u00e9 qu&rsquo;Alea Business Software S.L. (<strong>AleaSoft<\/strong>) consid\u00e8re qu&rsquo;il est conforme \u00e0 la qualit\u00e9 requise selon la norme internationale ISO 9001:2015 est:<\/p><p style=\"text-align: center;\"><strong>D\u00e9veloppement, commercialisation et maintenance de mod\u00e8les de pr\u00e9visions statistiques pour le secteur de l&rsquo;\u00e9nergie<\/strong><\/p><p>La d\u00e9claration de politique recueille comme lignes directrices:<\/p><ol><li>Engagement \u00e0 se conformer aux exigences applicables, y compris les l\u00e9gales.<\/li><li>A partir des axes strat\u00e9giques d\u00e9finis dans l&rsquo;analyse du contexte r\u00e9alis\u00e9e, les objectifs de l&rsquo;entreprise ont \u00e9t\u00e9 d\u00e9finis, qui ont \u00e9t\u00e9 diffus\u00e9s \u00e0 tous les niveaux de notre structure.<\/li><li>Mettre en \u0153uvre les indicateurs Qualit\u00e9, ainsi que suivre leur niveau d&rsquo;avancement, de mani\u00e8re \u00e0 nous permettre de conna\u00eetre et d&rsquo;assurer le produit et le niveau de qualit\u00e9 souhait\u00e9 par notre client.<\/li><li>S&rsquo;assurer que les conditions de travail sont optimales en \u00e9valuant les risques pouvant survenir dans les processus, en les \u00e9liminant autant que possible et en r\u00e9duisant ceux \u00e9valu\u00e9s.<\/li><li>D\u00e9velopper des programmes de formation continue visant \u00e0 une meilleure qualification de nos travailleurs, impliquant ainsi tout le personnel dans la r\u00e9alisation de tous les objectifs \u00e9tablis dans ce document.<\/li><\/ol><ol><li>Engagement \u00e0 l&rsquo;am\u00e9lioration continue du syst\u00e8me de management mis en place dans l&rsquo;entreprise.<\/li><li>Promouvoir et cr\u00e9er un environnement motivant pour tous les membres de l&rsquo;entreprise.<\/li><\/ol><p>\u00a0<\/p><p>La strat\u00e9gie de l&rsquo;entreprise englobe le d\u00e9veloppement et l&rsquo;innovation des services offerts, pour s&rsquo;adapter aux besoins du march\u00e9 et des clients, ainsi que l&rsquo;am\u00e9lioration constante de la qualit\u00e9 pour se positionner comme la r\u00e9f\u00e9rence mondiale dans le domaine de la pr\u00e9vision dans le secteur de l&rsquo;\u00e9nergie.<\/p><p>La Direction rend cette politique accessible et la met \u00e0 disposition de ses clients, de tous ses employ\u00e9s, fournisseurs et parties int\u00e9ress\u00e9es.<\/p><p>La Politique est tenue \u00e0 jour par des revues p\u00e9riodiques, co\u00efncidant avec les revues du syst\u00e8me par la direction, afin de prendre en compte les changements des conditions environnementales et les informations re\u00e7ues. En ce sens, la direction fournit et fournira tous les moyens humains, techniques et \u00e9conomiques n\u00e9cessaires pour atteindre les objectifs et les buts qui sont \u00e9tablis sur une base planifi\u00e9e et p\u00e9riodique.<\/p>\t\t\t\t\t\t\t\t<\/div>\n\t\t\t\t<\/div>\n\t\t\t\t<div class=\"elementor-element elementor-element-0bdf329 elementor-widget elementor-widget-spacer\" data-id=\"0bdf329\" data-element_type=\"widget\" data-e-type=\"widget\" data-widget_type=\"spacer.default\">\n\t\t\t\t<div class=\"elementor-widget-container\">\n\t\t\t\t\t\t\t<div class=\"elementor-spacer\">\n\t\t\t<div class=\"elementor-spacer-inner\"><\/div>\n\t\t<\/div>\n\t\t\t\t\t\t<\/div>\n\t\t\t\t<\/div>\n\t\t\t\t\t<\/div>\n\t\t<\/div>\n\t\t\t\t\t<\/div>\n\t\t<\/section>\n\t\t\t\t<\/div>\n\t\t","protected":false},"excerpt":{"rendered":"<p>La soci\u00e9t\u00e9 Alea Business Software S.L. (AleaSoft) propose des solutions pour le secteur de l&rsquo;\u00e9nergie, mettant \u00e0 disposition de ses clients un ensemble de produits et services dans le domaine de la pr\u00e9vision de la demande, de la production d&rsquo;\u00e9nergie renouvelable et des prix du march\u00e9 de l&rsquo;\u00e9nergie. L&rsquo;activit\u00e9 qu&rsquo;Alea Business Software S.L. (AleaSoft) consid\u00e8re [&hellip;]<\/p>\n","protected":false},"author":1,"featured_media":95743,"parent":0,"menu_order":0,"comment_status":"closed","ping_status":"closed","template":"elementor_header_footer","meta":{"footnotes":""},"class_list":["post-119283","page","type-page","status-publish","has-post-thumbnail","hentry"],"yoast_head":"<!-- This site is optimized with the Yoast SEO Premium plugin v27.4 (Yoast SEO v27.5) - https:\/\/yoast.com\/product\/yoast-seo-premium-wordpress\/ -->\n<title>Politique de qualit\u00e9 - AleaSoft Energy Forecasting<\/title>\n<meta name=\"description\" content=\"Politique de qualit\u00e9 d&#039;Alea Business Software S.L. (AleaSoft)\" \/>\n<meta name=\"robots\" content=\"index, follow, max-snippet:-1, max-image-preview:large, max-video-preview:-1\" \/>\n<link rel=\"canonical\" href=\"https:\/\/aleasoft.com\/fr\/politique-de-qualite\/\" \/>\n<meta property=\"og:locale\" content=\"fr_FR\" \/>\n<meta property=\"og:type\" content=\"article\" \/>\n<meta property=\"og:title\" content=\"Politique de qualit\u00e9\" \/>\n<meta property=\"og:description\" content=\"Politique de qualit\u00e9 d&#039;Alea Business Software S.L. (AleaSoft)\" \/>\n<meta property=\"og:url\" content=\"https:\/\/aleasoft.com\/fr\/politique-de-qualite\/\" \/>\n<meta property=\"og:site_name\" content=\"AleaSoft Energy Forecasting\" \/>\n<meta property=\"article:publisher\" content=\"https:\/\/www.facebook.com\/AleaSoft\/\" \/>\n<meta property=\"article:modified_time\" content=\"2021-09-28T07:18:43+00:00\" \/>\n<meta property=\"og:image\" content=\"https:\/\/aleasoft.com\/wp-content\/uploads\/2020\/06\/20200623-AleaSoft_logo_featured_image.jpg\" \/>\n\t<meta property=\"og:image:width\" content=\"1280\" \/>\n\t<meta property=\"og:image:height\" content=\"1266\" \/>\n\t<meta property=\"og:image:type\" content=\"image\/jpeg\" \/>\n<meta name=\"twitter:card\" content=\"summary_large_image\" \/>\n<meta name=\"twitter:site\" content=\"@AleaSoftEnergy\" \/>\n<meta name=\"twitter:label1\" content=\"Dur\u00e9e de lecture estim\u00e9e\" \/>\n\t<meta name=\"twitter:data1\" content=\"2 minutes\" \/>\n<script type=\"application\/ld+json\" class=\"yoast-schema-graph\">{\"@context\":\"https:\\\/\\\/schema.org\",\"@graph\":[{\"@type\":\"WebPage\",\"@id\":\"https:\\\/\\\/aleasoft.com\\\/fr\\\/politique-de-qualite\\\/\",\"url\":\"https:\\\/\\\/aleasoft.com\\\/fr\\\/politique-de-qualite\\\/\",\"name\":\"Politique de qualit\u00e9 - AleaSoft Energy Forecasting\",\"isPartOf\":{\"@id\":\"https:\\\/\\\/aleasoft.com\\\/#website\"},\"primaryImageOfPage\":{\"@id\":\"https:\\\/\\\/aleasoft.com\\\/fr\\\/politique-de-qualite\\\/#primaryimage\"},\"image\":{\"@id\":\"https:\\\/\\\/aleasoft.com\\\/fr\\\/politique-de-qualite\\\/#primaryimage\"},\"thumbnailUrl\":\"https:\\\/\\\/aleasoft.com\\\/wp-content\\\/uploads\\\/2020\\\/06\\\/20200623-AleaSoft_logo_featured_image.jpg\",\"datePublished\":\"2020-09-22T14:49:05+00:00\",\"dateModified\":\"2021-09-28T07:18:43+00:00\",\"description\":\"Politique de qualit\u00e9 d'Alea Business Software S.L. (AleaSoft)\",\"breadcrumb\":{\"@id\":\"https:\\\/\\\/aleasoft.com\\\/fr\\\/politique-de-qualite\\\/#breadcrumb\"},\"inLanguage\":\"fr-FR\",\"potentialAction\":[{\"@type\":\"ReadAction\",\"target\":[\"https:\\\/\\\/aleasoft.com\\\/fr\\\/politique-de-qualite\\\/\"]}]},{\"@type\":\"ImageObject\",\"inLanguage\":\"fr-FR\",\"@id\":\"https:\\\/\\\/aleasoft.com\\\/fr\\\/politique-de-qualite\\\/#primaryimage\",\"url\":\"https:\\\/\\\/aleasoft.com\\\/wp-content\\\/uploads\\\/2020\\\/06\\\/20200623-AleaSoft_logo_featured_image.jpg\",\"contentUrl\":\"https:\\\/\\\/aleasoft.com\\\/wp-content\\\/uploads\\\/2020\\\/06\\\/20200623-AleaSoft_logo_featured_image.jpg\",\"width\":1280,\"height\":1266},{\"@type\":\"BreadcrumbList\",\"@id\":\"https:\\\/\\\/aleasoft.com\\\/fr\\\/politique-de-qualite\\\/#breadcrumb\",\"itemListElement\":[{\"@type\":\"ListItem\",\"position\":1,\"name\":\"Home\",\"item\":\"https:\\\/\\\/aleasoft.com\\\/\"},{\"@type\":\"ListItem\",\"position\":2,\"name\":\"Politique de qualit\u00e9\"}]},{\"@type\":\"WebSite\",\"@id\":\"https:\\\/\\\/aleasoft.com\\\/#website\",\"url\":\"https:\\\/\\\/aleasoft.com\\\/\",\"name\":\"AleaSoft Energy Forecasting\",\"description\":\"Energy Forecasting\",\"publisher\":{\"@id\":\"https:\\\/\\\/aleasoft.com\\\/#organization\"},\"potentialAction\":[{\"@type\":\"SearchAction\",\"target\":{\"@type\":\"EntryPoint\",\"urlTemplate\":\"https:\\\/\\\/aleasoft.com\\\/?s={search_term_string}\"},\"query-input\":{\"@type\":\"PropertyValueSpecification\",\"valueRequired\":true,\"valueName\":\"search_term_string\"}}],\"inLanguage\":\"fr-FR\"},{\"@type\":\"Organization\",\"@id\":\"https:\\\/\\\/aleasoft.com\\\/#organization\",\"name\":\"AleaSoft Energy Forecasting\",\"url\":\"https:\\\/\\\/aleasoft.com\\\/\",\"logo\":{\"@type\":\"ImageObject\",\"inLanguage\":\"fr-FR\",\"@id\":\"https:\\\/\\\/aleasoft.com\\\/#\\\/schema\\\/logo\\\/image\\\/\",\"url\":\"https:\\\/\\\/aleasoft.com\\\/wp-content\\\/uploads\\\/2020\\\/01\\\/logo-alea-25.svg\",\"contentUrl\":\"https:\\\/\\\/aleasoft.com\\\/wp-content\\\/uploads\\\/2020\\\/01\\\/logo-alea-25.svg\",\"width\":7047,\"height\":1416,\"caption\":\"AleaSoft Energy Forecasting\"},\"image\":{\"@id\":\"https:\\\/\\\/aleasoft.com\\\/#\\\/schema\\\/logo\\\/image\\\/\"},\"sameAs\":[\"https:\\\/\\\/www.facebook.com\\\/AleaSoft\\\/\",\"https:\\\/\\\/x.com\\\/AleaSoftEnergy\",\"https:\\\/\\\/www.linkedin.com\\\/company\\\/aleasoft\\\/\"]}]}<\/script>\n<!-- \/ Yoast SEO Premium plugin. -->","yoast_head_json":{"title":"Politique de qualit\u00e9 - AleaSoft Energy Forecasting","description":"Politique de qualit\u00e9 d'Alea Business Software S.L. (AleaSoft)","robots":{"index":"index","follow":"follow","max-snippet":"max-snippet:-1","max-image-preview":"max-image-preview:large","max-video-preview":"max-video-preview:-1"},"canonical":"https:\/\/aleasoft.com\/fr\/politique-de-qualite\/","og_locale":"fr_FR","og_type":"article","og_title":"Politique de qualit\u00e9","og_description":"Politique de qualit\u00e9 d'Alea Business Software S.L. (AleaSoft)","og_url":"https:\/\/aleasoft.com\/fr\/politique-de-qualite\/","og_site_name":"AleaSoft Energy Forecasting","article_publisher":"https:\/\/www.facebook.com\/AleaSoft\/","article_modified_time":"2021-09-28T07:18:43+00:00","og_image":[{"width":1280,"height":1266,"url":"https:\/\/aleasoft.com\/wp-content\/uploads\/2020\/06\/20200623-AleaSoft_logo_featured_image.jpg","type":"image\/jpeg"}],"twitter_card":"summary_large_image","twitter_site":"@AleaSoftEnergy","twitter_misc":{"Dur\u00e9e de lecture estim\u00e9e":"2 minutes"},"schema":{"@context":"https:\/\/schema.org","@graph":[{"@type":"WebPage","@id":"https:\/\/aleasoft.com\/fr\/politique-de-qualite\/","url":"https:\/\/aleasoft.com\/fr\/politique-de-qualite\/","name":"Politique de qualit\u00e9 - AleaSoft Energy Forecasting","isPartOf":{"@id":"https:\/\/aleasoft.com\/#website"},"primaryImageOfPage":{"@id":"https:\/\/aleasoft.com\/fr\/politique-de-qualite\/#primaryimage"},"image":{"@id":"https:\/\/aleasoft.com\/fr\/politique-de-qualite\/#primaryimage"},"thumbnailUrl":"https:\/\/aleasoft.com\/wp-content\/uploads\/2020\/06\/20200623-AleaSoft_logo_featured_image.jpg","datePublished":"2020-09-22T14:49:05+00:00","dateModified":"2021-09-28T07:18:43+00:00","description":"Politique de qualit\u00e9 d'Alea Business Software S.L. (AleaSoft)","breadcrumb":{"@id":"https:\/\/aleasoft.com\/fr\/politique-de-qualite\/#breadcrumb"},"inLanguage":"fr-FR","potentialAction":[{"@type":"ReadAction","target":["https:\/\/aleasoft.com\/fr\/politique-de-qualite\/"]}]},{"@type":"ImageObject","inLanguage":"fr-FR","@id":"https:\/\/aleasoft.com\/fr\/politique-de-qualite\/#primaryimage","url":"https:\/\/aleasoft.com\/wp-content\/uploads\/2020\/06\/20200623-AleaSoft_logo_featured_image.jpg","contentUrl":"https:\/\/aleasoft.com\/wp-content\/uploads\/2020\/06\/20200623-AleaSoft_logo_featured_image.jpg","width":1280,"height":1266},{"@type":"BreadcrumbList","@id":"https:\/\/aleasoft.com\/fr\/politique-de-qualite\/#breadcrumb","itemListElement":[{"@type":"ListItem","position":1,"name":"Home","item":"https:\/\/aleasoft.com\/"},{"@type":"ListItem","position":2,"name":"Politique de qualit\u00e9"}]},{"@type":"WebSite","@id":"https:\/\/aleasoft.com\/#website","url":"https:\/\/aleasoft.com\/","name":"AleaSoft Energy Forecasting","description":"Energy Forecasting","publisher":{"@id":"https:\/\/aleasoft.com\/#organization"},"potentialAction":[{"@type":"SearchAction","target":{"@type":"EntryPoint","urlTemplate":"https:\/\/aleasoft.com\/?s={search_term_string}"},"query-input":{"@type":"PropertyValueSpecification","valueRequired":true,"valueName":"search_term_string"}}],"inLanguage":"fr-FR"},{"@type":"Organization","@id":"https:\/\/aleasoft.com\/#organization","name":"AleaSoft Energy Forecasting","url":"https:\/\/aleasoft.com\/","logo":{"@type":"ImageObject","inLanguage":"fr-FR","@id":"https:\/\/aleasoft.com\/#\/schema\/logo\/image\/","url":"https:\/\/aleasoft.com\/wp-content\/uploads\/2020\/01\/logo-alea-25.svg","contentUrl":"https:\/\/aleasoft.com\/wp-content\/uploads\/2020\/01\/logo-alea-25.svg","width":7047,"height":1416,"caption":"AleaSoft Energy Forecasting"},"image":{"@id":"https:\/\/aleasoft.com\/#\/schema\/logo\/image\/"},"sameAs":["https:\/\/www.facebook.com\/AleaSoft\/","https:\/\/x.com\/AleaSoftEnergy","https:\/\/www.linkedin.com\/company\/aleasoft\/"]}]}},"_links":{"self":[{"href":"https:\/\/aleasoft.com\/fr\/wp-json\/wp\/v2\/pages\/119283","targetHints":{"allow":["GET"]}}],"collection":[{"href":"https:\/\/aleasoft.com\/fr\/wp-json\/wp\/v2\/pages"}],"about":[{"href":"https:\/\/aleasoft.com\/fr\/wp-json\/wp\/v2\/types\/page"}],"author":[{"embeddable":true,"href":"https:\/\/aleasoft.com\/fr\/wp-json\/wp\/v2\/users\/1"}],"replies":[{"embeddable":true,"href":"https:\/\/aleasoft.com\/fr\/wp-json\/wp\/v2\/comments?post=119283"}],"version-history":[{"count":0,"href":"https:\/\/aleasoft.com\/fr\/wp-json\/wp\/v2\/pages\/119283\/revisions"}],"wp:featuredmedia":[{"embeddable":true,"href":"https:\/\/aleasoft.com\/fr\/wp-json\/wp\/v2\/media\/95743"}],"wp:attachment":[{"href":"https:\/\/aleasoft.com\/fr\/wp-json\/wp\/v2\/media?parent=119283"}],"curies":[{"name":"wp","href":"https:\/\/api.w.org\/{rel}","templated":true}]}}