{"id":44167,"date":"2020-01-17T14:12:56","date_gmt":"2020-01-17T13:12:56","guid":{"rendered":"https:\/\/aleasoft.com\/?page_id=44167"},"modified":"2021-11-30T12:01:37","modified_gmt":"2021-11-30T11:01:37","slug":"aleamodel","status":"publish","type":"page","link":"https:\/\/aleasoft.com\/fr\/aleamodel\/","title":{"rendered":"AleaModel"},"content":{"rendered":"\t\t<div data-elementor-type=\"wp-page\" data-elementor-id=\"44167\" class=\"elementor elementor-44167\" data-elementor-post-type=\"page\">\n\t\t\t\t\t\t<section class=\"elementor-section elementor-top-section elementor-element elementor-element-e03fc76 elementor-section-boxed elementor-section-height-default elementor-section-height-default\" data-id=\"e03fc76\" data-element_type=\"section\" data-e-type=\"section\">\n\t\t\t\t\t\t<div class=\"elementor-container elementor-column-gap-default\">\n\t\t\t\t\t<div class=\"elementor-column elementor-col-100 elementor-top-column elementor-element elementor-element-bfe235c\" data-id=\"bfe235c\" data-element_type=\"column\" data-e-type=\"column\">\n\t\t\t<div class=\"elementor-widget-wrap elementor-element-populated\">\n\t\t\t\t\t\t<div class=\"elementor-element elementor-element-bc6dd4e elementor-widget elementor-widget-spacer\" data-id=\"bc6dd4e\" data-element_type=\"widget\" data-e-type=\"widget\" data-widget_type=\"spacer.default\">\n\t\t\t\t<div class=\"elementor-widget-container\">\n\t\t\t\t\t\t\t<div class=\"elementor-spacer\">\n\t\t\t<div class=\"elementor-spacer-inner\"><\/div>\n\t\t<\/div>\n\t\t\t\t\t\t<\/div>\n\t\t\t\t<\/div>\n\t\t\t\t<div class=\"elementor-element elementor-element-787d7e4 elementor-widget elementor-widget-heading\" data-id=\"787d7e4\" data-element_type=\"widget\" data-e-type=\"widget\" data-widget_type=\"heading.default\">\n\t\t\t\t<div class=\"elementor-widget-container\">\n\t\t\t\t\t<h2 class=\"elementor-heading-title elementor-size-default\">AleaModel<\/h2>\t\t\t\t<\/div>\n\t\t\t\t<\/div>\n\t\t\t\t\t<\/div>\n\t\t<\/div>\n\t\t\t\t\t<\/div>\n\t\t<\/section>\n\t\t\t\t<section class=\"elementor-section elementor-top-section elementor-element elementor-element-20fa7e7 elementor-section-boxed elementor-section-height-default elementor-section-height-default\" data-id=\"20fa7e7\" data-element_type=\"section\" data-e-type=\"section\">\n\t\t\t\t\t\t<div class=\"elementor-container elementor-column-gap-default\">\n\t\t\t\t\t<div class=\"elementor-column elementor-col-50 elementor-top-column elementor-element elementor-element-c26d500\" data-id=\"c26d500\" data-element_type=\"column\" data-e-type=\"column\">\n\t\t\t<div class=\"elementor-widget-wrap elementor-element-populated\">\n\t\t\t\t\t\t<div class=\"elementor-element elementor-element-c7e673c elementor-widget elementor-widget-text-editor\" data-id=\"c7e673c\" data-element_type=\"widget\" data-e-type=\"widget\" data-widget_type=\"text-editor.default\">\n\t\t\t\t<div class=\"elementor-widget-container\">\n\t\t\t\t\t\t\t\t\t<p><strong>AleaModel<\/strong>\u00a0est un type de mod\u00e8le de pr\u00e9vision exclusif d\u2019<strong>AleaSoft,<\/strong>\u00a0particuli\u00e8rement d\u00e9velopp\u00e9 pour la pr\u00e9vision d\u2019\u00e9nergie, qui surpasse les m\u00e9thodes de pr\u00e9visions traditionnelles.<\/p><p>AleaModel mette \u00e0 profit les derni\u00e8res avances en statistiques et intelligence artificiel sur le terrain des pr\u00e9visions. C\u2019est une approche de mod\u00e8le hybride qui combine la capacit\u00e9 des\u00a0<strong>R\u00e9seaux Neuronaux Artificieux\u00a0<\/strong>et l\u2019efficience du model type\u00a0<strong>SARIMA<\/strong>\u00a0de\u00a0<strong>Box-Jenkins<\/strong>\u00a0et la\u00a0<strong>R\u00e9gression Multiple.\u00a0<\/strong>Alors, vous pouvez vous profiter des b\u00e9n\u00e9fices de chaque m\u00e9thode et surpasser ses limitations quand on les utilise individuellement.<\/p><p><img fetchpriority=\"high\" decoding=\"async\" class=\"aligncenter size-full wp-image-43626\" src=\"https:\/\/aleasoft.com\/wp-content\/uploads\/2020\/01\/AleaSoft-Model-Word.jpg\" alt=\"\" width=\"368\" height=\"323\" srcset=\"https:\/\/aleasoft.com\/wp-content\/uploads\/2020\/01\/AleaSoft-Model-Word.jpg 368w, https:\/\/aleasoft.com\/wp-content\/uploads\/2020\/01\/AleaSoft-Model-Word-300x263.jpg 300w\" sizes=\"(max-width: 368px) 100vw, 368px\" \/><\/p>\t\t\t\t\t\t\t\t<\/div>\n\t\t\t\t<\/div>\n\t\t\t\t\t<\/div>\n\t\t<\/div>\n\t\t\t\t<div class=\"elementor-column elementor-col-50 elementor-top-column elementor-element elementor-element-e4e6380\" data-id=\"e4e6380\" data-element_type=\"column\" data-e-type=\"column\">\n\t\t\t<div class=\"elementor-widget-wrap elementor-element-populated\">\n\t\t\t\t\t\t<div class=\"elementor-element elementor-element-36dbcf3 elementor-widget elementor-widget-text-editor\" data-id=\"36dbcf3\" data-element_type=\"widget\" data-e-type=\"widget\" data-widget_type=\"text-editor.default\">\n\t\t\t\t<div class=\"elementor-widget-container\">\n\t\t\t\t\t\t\t\t\t<p>Le r\u00e9sultat est un\u00a0<strong>R\u00e9seau Neuronal Artificiel\u00a0<\/strong>avec une structure type\u00a0<strong>SARIMA\u00a0<\/strong>capable de capturer la dynamique de saison et l\u2019\u00e9volution de la s\u00e9rie qui am\u00e9liore les limitations des\u00a0<strong>R\u00e9seaux Neuronaux<\/strong>\u00a0<strong>Artificieux<\/strong>\u00a0 classiques utilis\u00e9s pour pr\u00e9visions de s\u00e9ries temporales.<\/p><p>L\u2019utilisation de seuils et transformations arithm\u00e9tiques dans les variables permette d\u2019introduire des pas-lin\u00e9arit\u00e9s dans la r\u00e9gression des variables multiples, pour d\u00e9terminer l\u2019influence et la corr\u00e9lation entre elles.<\/p><p>L\u2019utilisation d\u2019une\u00a0<strong>R\u00e9seau Neuronal Artificiel\u00a0<\/strong>dans l\u2019<strong>AleaModel\u00a0<\/strong>pour adapter dynamiquement les param\u00e8tres\u00a0<strong>SARIMA\u00a0<\/strong>et de\u00a0<strong>R\u00e9gression\u00a0<\/strong>lui permette d\u2019offrir un sch\u00e9ma adaptatif capable de r\u00e9agir imm\u00e9diatement aux changements sur la tendance de la s\u00e9rie temporelle et l\u2019influence des variables. Ces changements sont d\u2019habitude pr\u00e9sents dans les donn\u00e9es du monde r\u00e9el, en offrant un mod\u00e8le de pr\u00e9vision qui est toujours mis \u00e0 jour sans le besoin d\u2019entrainement manuel p\u00e9riodique.<\/p>\t\t\t\t\t\t\t\t<\/div>\n\t\t\t\t<\/div>\n\t\t\t\t\t<\/div>\n\t\t<\/div>\n\t\t\t\t\t<\/div>\n\t\t<\/section>\n\t\t\t\t<section class=\"elementor-section elementor-top-section elementor-element elementor-element-04b1b07 elementor-section-boxed elementor-section-height-default elementor-section-height-default\" data-id=\"04b1b07\" data-element_type=\"section\" data-e-type=\"section\">\n\t\t\t\t\t\t<div class=\"elementor-container elementor-column-gap-default\">\n\t\t\t\t\t<div class=\"elementor-column elementor-col-100 elementor-top-column elementor-element elementor-element-4f54e9e\" data-id=\"4f54e9e\" data-element_type=\"column\" data-e-type=\"column\">\n\t\t\t<div class=\"elementor-widget-wrap elementor-element-populated\">\n\t\t\t\t\t\t<div class=\"elementor-element elementor-element-ebb8e54 elementor-widget elementor-widget-spacer\" data-id=\"ebb8e54\" data-element_type=\"widget\" data-e-type=\"widget\" data-widget_type=\"spacer.default\">\n\t\t\t\t<div class=\"elementor-widget-container\">\n\t\t\t\t\t\t\t<div class=\"elementor-spacer\">\n\t\t\t<div class=\"elementor-spacer-inner\"><\/div>\n\t\t<\/div>\n\t\t\t\t\t\t<\/div>\n\t\t\t\t<\/div>\n\t\t\t\t\t<\/div>\n\t\t<\/div>\n\t\t\t\t\t<\/div>\n\t\t<\/section>\n\t\t\t\t<\/div>\n\t\t","protected":false},"excerpt":{"rendered":"<p>AleaModel&nbsp;est un type de mod\u00e8le de pr\u00e9vision exclusif d\u2019AleaSoft,&nbsp;particuli\u00e8rement d\u00e9velopp\u00e9 pour la pr\u00e9vision d\u2019\u00e9nergie, qui surpasse les m\u00e9thodes de pr\u00e9visions traditionnelles. AleaModel mette \u00e0 profit les derni\u00e8res avances en statistiques et intelligence artificiel sur le terrain des pr\u00e9visions. C\u2019est une approche de mod\u00e8le hybride qui combine la capacit\u00e9 des&nbsp;R\u00e9seaux Neuronaux Artificieux&nbsp;et l\u2019efficience du model type&nbsp;SARIMA&nbsp;de&nbsp;Box-Jenkins&nbsp;et [&hellip;]<\/p>\n","protected":false},"author":1,"featured_media":109019,"parent":0,"menu_order":0,"comment_status":"closed","ping_status":"closed","template":"elementor_header_footer","meta":{"footnotes":""},"class_list":["post-44167","page","type-page","status-publish","has-post-thumbnail","hentry"],"yoast_head":"<!-- This site is optimized with the Yoast SEO Premium plugin v27.2 (Yoast SEO v27.4) - https:\/\/yoast.com\/product\/yoast-seo-premium-wordpress\/ -->\n<title>AleaModel - AleaSoft Energy Forecasting<\/title>\n<meta name=\"robots\" content=\"index, follow, max-snippet:-1, max-image-preview:large, max-video-preview:-1\" \/>\n<link rel=\"canonical\" href=\"https:\/\/aleasoft.com\/fr\/aleamodel\/\" \/>\n<meta property=\"og:locale\" content=\"fr_FR\" \/>\n<meta property=\"og:type\" content=\"article\" \/>\n<meta property=\"og:title\" content=\"AleaModel\" \/>\n<meta property=\"og:description\" content=\"AleaModel&nbsp;est un type de mod\u00e8le de pr\u00e9vision exclusif d\u2019AleaSoft,&nbsp;particuli\u00e8rement d\u00e9velopp\u00e9 pour la pr\u00e9vision d\u2019\u00e9nergie, qui surpasse les m\u00e9thodes de pr\u00e9visions traditionnelles. AleaModel mette \u00e0 profit les derni\u00e8res avances en statistiques et intelligence artificiel sur le terrain des pr\u00e9visions. C\u2019est une approche de mod\u00e8le hybride qui combine la capacit\u00e9 des&nbsp;R\u00e9seaux Neuronaux Artificieux&nbsp;et l\u2019efficience du model type&nbsp;SARIMA&nbsp;de&nbsp;Box-Jenkins&nbsp;et [&hellip;]\" \/>\n<meta property=\"og:url\" content=\"https:\/\/aleasoft.com\/fr\/aleamodel\/\" \/>\n<meta property=\"og:site_name\" content=\"AleaSoft Energy Forecasting\" \/>\n<meta property=\"article:publisher\" content=\"https:\/\/www.facebook.com\/AleaSoft\/\" \/>\n<meta property=\"article:modified_time\" content=\"2021-11-30T11:01:37+00:00\" \/>\n<meta property=\"og:image\" content=\"https:\/\/aleasoft.com\/wp-content\/uploads\/2021\/01\/20210122-AleaSoft-AleaModel-characteristics.png\" \/>\n\t<meta property=\"og:image:width\" content=\"911\" \/>\n\t<meta property=\"og:image:height\" content=\"851\" \/>\n\t<meta property=\"og:image:type\" content=\"image\/png\" \/>\n<meta name=\"twitter:card\" content=\"summary_large_image\" \/>\n<meta name=\"twitter:site\" content=\"@AleaSoftEnergy\" \/>\n<meta name=\"twitter:label1\" content=\"Dur\u00e9e de lecture estim\u00e9e\" \/>\n\t<meta name=\"twitter:data1\" content=\"2 minutes\" \/>\n<script type=\"application\/ld+json\" class=\"yoast-schema-graph\">{\"@context\":\"https:\\\/\\\/schema.org\",\"@graph\":[{\"@type\":\"WebPage\",\"@id\":\"https:\\\/\\\/aleasoft.com\\\/fr\\\/aleamodel\\\/\",\"url\":\"https:\\\/\\\/aleasoft.com\\\/fr\\\/aleamodel\\\/\",\"name\":\"AleaModel - AleaSoft Energy Forecasting\",\"isPartOf\":{\"@id\":\"https:\\\/\\\/aleasoft.com\\\/#website\"},\"primaryImageOfPage\":{\"@id\":\"https:\\\/\\\/aleasoft.com\\\/fr\\\/aleamodel\\\/#primaryimage\"},\"image\":{\"@id\":\"https:\\\/\\\/aleasoft.com\\\/fr\\\/aleamodel\\\/#primaryimage\"},\"thumbnailUrl\":\"https:\\\/\\\/aleasoft.com\\\/wp-content\\\/uploads\\\/2021\\\/01\\\/20210122-AleaSoft-AleaModel-characteristics.png\",\"datePublished\":\"2020-01-17T13:12:56+00:00\",\"dateModified\":\"2021-11-30T11:01:37+00:00\",\"breadcrumb\":{\"@id\":\"https:\\\/\\\/aleasoft.com\\\/fr\\\/aleamodel\\\/#breadcrumb\"},\"inLanguage\":\"fr-FR\",\"potentialAction\":[{\"@type\":\"ReadAction\",\"target\":[\"https:\\\/\\\/aleasoft.com\\\/fr\\\/aleamodel\\\/\"]}]},{\"@type\":\"ImageObject\",\"inLanguage\":\"fr-FR\",\"@id\":\"https:\\\/\\\/aleasoft.com\\\/fr\\\/aleamodel\\\/#primaryimage\",\"url\":\"https:\\\/\\\/aleasoft.com\\\/wp-content\\\/uploads\\\/2021\\\/01\\\/20210122-AleaSoft-AleaModel-characteristics.png\",\"contentUrl\":\"https:\\\/\\\/aleasoft.com\\\/wp-content\\\/uploads\\\/2021\\\/01\\\/20210122-AleaSoft-AleaModel-characteristics.png\",\"width\":911,\"height\":851},{\"@type\":\"BreadcrumbList\",\"@id\":\"https:\\\/\\\/aleasoft.com\\\/fr\\\/aleamodel\\\/#breadcrumb\",\"itemListElement\":[{\"@type\":\"ListItem\",\"position\":1,\"name\":\"Home\",\"item\":\"https:\\\/\\\/aleasoft.com\\\/\"},{\"@type\":\"ListItem\",\"position\":2,\"name\":\"AleaModel\"}]},{\"@type\":\"WebSite\",\"@id\":\"https:\\\/\\\/aleasoft.com\\\/#website\",\"url\":\"https:\\\/\\\/aleasoft.com\\\/\",\"name\":\"AleaSoft Energy Forecasting\",\"description\":\"Energy Forecasting\",\"publisher\":{\"@id\":\"https:\\\/\\\/aleasoft.com\\\/#organization\"},\"potentialAction\":[{\"@type\":\"SearchAction\",\"target\":{\"@type\":\"EntryPoint\",\"urlTemplate\":\"https:\\\/\\\/aleasoft.com\\\/?s={search_term_string}\"},\"query-input\":{\"@type\":\"PropertyValueSpecification\",\"valueRequired\":true,\"valueName\":\"search_term_string\"}}],\"inLanguage\":\"fr-FR\"},{\"@type\":\"Organization\",\"@id\":\"https:\\\/\\\/aleasoft.com\\\/#organization\",\"name\":\"AleaSoft Energy Forecasting\",\"url\":\"https:\\\/\\\/aleasoft.com\\\/\",\"logo\":{\"@type\":\"ImageObject\",\"inLanguage\":\"fr-FR\",\"@id\":\"https:\\\/\\\/aleasoft.com\\\/#\\\/schema\\\/logo\\\/image\\\/\",\"url\":\"https:\\\/\\\/aleasoft.com\\\/wp-content\\\/uploads\\\/2020\\\/01\\\/logo-alea-25.svg\",\"contentUrl\":\"https:\\\/\\\/aleasoft.com\\\/wp-content\\\/uploads\\\/2020\\\/01\\\/logo-alea-25.svg\",\"width\":7047,\"height\":1416,\"caption\":\"AleaSoft Energy Forecasting\"},\"image\":{\"@id\":\"https:\\\/\\\/aleasoft.com\\\/#\\\/schema\\\/logo\\\/image\\\/\"},\"sameAs\":[\"https:\\\/\\\/www.facebook.com\\\/AleaSoft\\\/\",\"https:\\\/\\\/x.com\\\/AleaSoftEnergy\",\"https:\\\/\\\/www.linkedin.com\\\/company\\\/aleasoft\\\/\"]}]}<\/script>\n<!-- \/ Yoast SEO Premium plugin. -->","yoast_head_json":{"title":"AleaModel - AleaSoft Energy Forecasting","robots":{"index":"index","follow":"follow","max-snippet":"max-snippet:-1","max-image-preview":"max-image-preview:large","max-video-preview":"max-video-preview:-1"},"canonical":"https:\/\/aleasoft.com\/fr\/aleamodel\/","og_locale":"fr_FR","og_type":"article","og_title":"AleaModel","og_description":"AleaModel&nbsp;est un type de mod\u00e8le de pr\u00e9vision exclusif d\u2019AleaSoft,&nbsp;particuli\u00e8rement d\u00e9velopp\u00e9 pour la pr\u00e9vision d\u2019\u00e9nergie, qui surpasse les m\u00e9thodes de pr\u00e9visions traditionnelles. AleaModel mette \u00e0 profit les derni\u00e8res avances en statistiques et intelligence artificiel sur le terrain des pr\u00e9visions. C\u2019est une approche de mod\u00e8le hybride qui combine la capacit\u00e9 des&nbsp;R\u00e9seaux Neuronaux Artificieux&nbsp;et l\u2019efficience du model type&nbsp;SARIMA&nbsp;de&nbsp;Box-Jenkins&nbsp;et [&hellip;]","og_url":"https:\/\/aleasoft.com\/fr\/aleamodel\/","og_site_name":"AleaSoft Energy Forecasting","article_publisher":"https:\/\/www.facebook.com\/AleaSoft\/","article_modified_time":"2021-11-30T11:01:37+00:00","og_image":[{"width":911,"height":851,"url":"https:\/\/aleasoft.com\/wp-content\/uploads\/2021\/01\/20210122-AleaSoft-AleaModel-characteristics.png","type":"image\/png"}],"twitter_card":"summary_large_image","twitter_site":"@AleaSoftEnergy","twitter_misc":{"Dur\u00e9e de lecture estim\u00e9e":"2 minutes"},"schema":{"@context":"https:\/\/schema.org","@graph":[{"@type":"WebPage","@id":"https:\/\/aleasoft.com\/fr\/aleamodel\/","url":"https:\/\/aleasoft.com\/fr\/aleamodel\/","name":"AleaModel - AleaSoft Energy Forecasting","isPartOf":{"@id":"https:\/\/aleasoft.com\/#website"},"primaryImageOfPage":{"@id":"https:\/\/aleasoft.com\/fr\/aleamodel\/#primaryimage"},"image":{"@id":"https:\/\/aleasoft.com\/fr\/aleamodel\/#primaryimage"},"thumbnailUrl":"https:\/\/aleasoft.com\/wp-content\/uploads\/2021\/01\/20210122-AleaSoft-AleaModel-characteristics.png","datePublished":"2020-01-17T13:12:56+00:00","dateModified":"2021-11-30T11:01:37+00:00","breadcrumb":{"@id":"https:\/\/aleasoft.com\/fr\/aleamodel\/#breadcrumb"},"inLanguage":"fr-FR","potentialAction":[{"@type":"ReadAction","target":["https:\/\/aleasoft.com\/fr\/aleamodel\/"]}]},{"@type":"ImageObject","inLanguage":"fr-FR","@id":"https:\/\/aleasoft.com\/fr\/aleamodel\/#primaryimage","url":"https:\/\/aleasoft.com\/wp-content\/uploads\/2021\/01\/20210122-AleaSoft-AleaModel-characteristics.png","contentUrl":"https:\/\/aleasoft.com\/wp-content\/uploads\/2021\/01\/20210122-AleaSoft-AleaModel-characteristics.png","width":911,"height":851},{"@type":"BreadcrumbList","@id":"https:\/\/aleasoft.com\/fr\/aleamodel\/#breadcrumb","itemListElement":[{"@type":"ListItem","position":1,"name":"Home","item":"https:\/\/aleasoft.com\/"},{"@type":"ListItem","position":2,"name":"AleaModel"}]},{"@type":"WebSite","@id":"https:\/\/aleasoft.com\/#website","url":"https:\/\/aleasoft.com\/","name":"AleaSoft Energy Forecasting","description":"Energy Forecasting","publisher":{"@id":"https:\/\/aleasoft.com\/#organization"},"potentialAction":[{"@type":"SearchAction","target":{"@type":"EntryPoint","urlTemplate":"https:\/\/aleasoft.com\/?s={search_term_string}"},"query-input":{"@type":"PropertyValueSpecification","valueRequired":true,"valueName":"search_term_string"}}],"inLanguage":"fr-FR"},{"@type":"Organization","@id":"https:\/\/aleasoft.com\/#organization","name":"AleaSoft Energy Forecasting","url":"https:\/\/aleasoft.com\/","logo":{"@type":"ImageObject","inLanguage":"fr-FR","@id":"https:\/\/aleasoft.com\/#\/schema\/logo\/image\/","url":"https:\/\/aleasoft.com\/wp-content\/uploads\/2020\/01\/logo-alea-25.svg","contentUrl":"https:\/\/aleasoft.com\/wp-content\/uploads\/2020\/01\/logo-alea-25.svg","width":7047,"height":1416,"caption":"AleaSoft Energy Forecasting"},"image":{"@id":"https:\/\/aleasoft.com\/#\/schema\/logo\/image\/"},"sameAs":["https:\/\/www.facebook.com\/AleaSoft\/","https:\/\/x.com\/AleaSoftEnergy","https:\/\/www.linkedin.com\/company\/aleasoft\/"]}]}},"_links":{"self":[{"href":"https:\/\/aleasoft.com\/fr\/wp-json\/wp\/v2\/pages\/44167","targetHints":{"allow":["GET"]}}],"collection":[{"href":"https:\/\/aleasoft.com\/fr\/wp-json\/wp\/v2\/pages"}],"about":[{"href":"https:\/\/aleasoft.com\/fr\/wp-json\/wp\/v2\/types\/page"}],"author":[{"embeddable":true,"href":"https:\/\/aleasoft.com\/fr\/wp-json\/wp\/v2\/users\/1"}],"replies":[{"embeddable":true,"href":"https:\/\/aleasoft.com\/fr\/wp-json\/wp\/v2\/comments?post=44167"}],"version-history":[{"count":0,"href":"https:\/\/aleasoft.com\/fr\/wp-json\/wp\/v2\/pages\/44167\/revisions"}],"wp:featuredmedia":[{"embeddable":true,"href":"https:\/\/aleasoft.com\/fr\/wp-json\/wp\/v2\/media\/109019"}],"wp:attachment":[{"href":"https:\/\/aleasoft.com\/fr\/wp-json\/wp\/v2\/media?parent=44167"}],"curies":[{"name":"wp","href":"https:\/\/api.w.org\/{rel}","templated":true}]}}