{"id":44249,"date":"2020-01-19T19:29:22","date_gmt":"2020-01-19T18:29:22","guid":{"rendered":"https:\/\/aleasoft.com\/?page_id=44249"},"modified":"2020-01-31T20:32:43","modified_gmt":"2020-01-31T19:32:43","slug":"modelizer-et-analyse-donnees","status":"publish","type":"page","link":"https:\/\/aleasoft.com\/fr\/produits-et-services\/modelizer-et-analyse-donnees\/","title":{"rendered":"Modelizer et analyse de donn\u00e9es"},"content":{"rendered":"\t\t<div data-elementor-type=\"wp-page\" data-elementor-id=\"44249\" class=\"elementor elementor-44249\" data-elementor-post-type=\"page\">\n\t\t\t\t\t\t<section class=\"elementor-section elementor-top-section elementor-element elementor-element-3ca551a elementor-section-boxed elementor-section-height-default elementor-section-height-default\" data-id=\"3ca551a\" data-element_type=\"section\" data-e-type=\"section\">\n\t\t\t\t\t\t<div class=\"elementor-container elementor-column-gap-default\">\n\t\t\t\t\t<div class=\"elementor-column elementor-col-100 elementor-top-column elementor-element elementor-element-e015d43\" data-id=\"e015d43\" data-element_type=\"column\" data-e-type=\"column\">\n\t\t\t<div class=\"elementor-widget-wrap elementor-element-populated\">\n\t\t\t\t\t\t<div class=\"elementor-element elementor-element-d900937 elementor-widget elementor-widget-spacer\" data-id=\"d900937\" data-element_type=\"widget\" data-e-type=\"widget\" data-widget_type=\"spacer.default\">\n\t\t\t\t<div class=\"elementor-widget-container\">\n\t\t\t\t\t\t\t<div class=\"elementor-spacer\">\n\t\t\t<div class=\"elementor-spacer-inner\"><\/div>\n\t\t<\/div>\n\t\t\t\t\t\t<\/div>\n\t\t\t\t<\/div>\n\t\t\t\t<div class=\"elementor-element elementor-element-36a2a7d elementor-widget elementor-widget-heading\" data-id=\"36a2a7d\" data-element_type=\"widget\" data-e-type=\"widget\" data-widget_type=\"heading.default\">\n\t\t\t\t<div class=\"elementor-widget-container\">\n\t\t\t\t\t<h2 class=\"elementor-heading-title elementor-size-default\">Modelizer et analyse de donn\u00e9es<\/h2>\t\t\t\t<\/div>\n\t\t\t\t<\/div>\n\t\t\t\t\t<\/div>\n\t\t<\/div>\n\t\t\t\t\t<\/div>\n\t\t<\/section>\n\t\t\t\t<section class=\"elementor-section elementor-top-section elementor-element elementor-element-8344c56 elementor-section-boxed elementor-section-height-default elementor-section-height-default\" data-id=\"8344c56\" data-element_type=\"section\" data-e-type=\"section\">\n\t\t\t\t\t\t<div class=\"elementor-container elementor-column-gap-default\">\n\t\t\t\t\t<div class=\"elementor-column elementor-col-33 elementor-top-column elementor-element elementor-element-175873f\" data-id=\"175873f\" data-element_type=\"column\" data-e-type=\"column\">\n\t\t\t<div class=\"elementor-widget-wrap elementor-element-populated\">\n\t\t\t\t\t\t<div class=\"elementor-element elementor-element-cde1cc2 elementor-nav-menu__align-start elementor-nav-menu--dropdown-tablet elementor-nav-menu__text-align-aside elementor-nav-menu--toggle elementor-nav-menu--burger elementor-widget elementor-widget-global elementor-global-44320 elementor-widget-nav-menu\" data-id=\"cde1cc2\" data-element_type=\"widget\" data-e-type=\"widget\" data-settings=\"{&quot;layout&quot;:&quot;vertical&quot;,&quot;submenu_icon&quot;:{&quot;value&quot;:&quot;fas fa-caret-down&quot;,&quot;library&quot;:&quot;fa-solid&quot;},&quot;toggle&quot;:&quot;burger&quot;}\" data-widget_type=\"nav-menu.default\">\n\t\t\t\t<div class=\"elementor-widget-container\">\n\t\t\t\t\t\t\t\t<nav aria-label=\"Menu\" class=\"elementor-nav-menu--main elementor-nav-menu__container elementor-nav-menu--layout-vertical e--pointer-background e--animation-fade\">\n\t\t\t\t<ul id=\"menu-1-cde1cc2\" class=\"elementor-nav-menu sm-vertical\"><li class=\"menu-item menu-item-type-post_type menu-item-object-page menu-item-44297\"><a href=\"https:\/\/aleasoft.com\/fr\/services\/previsions-prix-energie\/\" class=\"elementor-item\">Pr\u00e9visions des prix de l\u2019\u00e9nergie<\/a><\/li>\n<li class=\"menu-item menu-item-type-post_type menu-item-object-page menu-item-44296\"><a href=\"https:\/\/aleasoft.com\/fr\/services\/previsions-demande-energie-electrique\/\" class=\"elementor-item\">Pr\u00e9visions de la demande d&rsquo;\u00e9lectricit\u00e9<\/a><\/li>\n<li class=\"menu-item menu-item-type-post_type menu-item-object-page menu-item-102603\"><a href=\"https:\/\/aleasoft.com\/fr\/services\/prevision-energies-renouvelables\/\" class=\"elementor-item\">Pr\u00e9vision des \u00e9nergies renouvelables<\/a><\/li>\n<li class=\"menu-item menu-item-type-post_type menu-item-object-page menu-item-118477\"><a href=\"https:\/\/aleasoft.com\/fr\/produits-et-services\/alea-energy-database-aleaapp\/\" class=\"elementor-item\">Alea Energy Database (AleaApp)<\/a><\/li>\n<\/ul>\t\t\t<\/nav>\n\t\t\t\t\t<div class=\"elementor-menu-toggle\" role=\"button\" tabindex=\"0\" aria-label=\"Permuter le menu\" aria-expanded=\"false\">\n\t\t\t<svg aria-hidden=\"true\" role=\"presentation\" class=\"elementor-menu-toggle__icon--open e-font-icon-svg e-eicon-menu-bar\" viewBox=\"0 0 1000 1000\" xmlns=\"http:\/\/www.w3.org\/2000\/svg\"><path d=\"M104 333H896C929 333 958 304 958 271S929 208 896 208H104C71 208 42 237 42 271S71 333 104 333ZM104 583H896C929 583 958 554 958 521S929 458 896 458H104C71 458 42 487 42 521S71 583 104 583ZM104 833H896C929 833 958 804 958 771S929 708 896 708H104C71 708 42 737 42 771S71 833 104 833Z\"><\/path><\/svg><svg aria-hidden=\"true\" role=\"presentation\" class=\"elementor-menu-toggle__icon--close e-font-icon-svg e-eicon-close\" viewBox=\"0 0 1000 1000\" xmlns=\"http:\/\/www.w3.org\/2000\/svg\"><path d=\"M742 167L500 408 258 167C246 154 233 150 217 150 196 150 179 158 167 167 154 179 150 196 150 212 150 229 154 242 171 254L408 500 167 742C138 771 138 800 167 829 196 858 225 858 254 829L496 587 738 829C750 842 767 846 783 846 800 846 817 842 829 829 842 817 846 804 846 783 846 767 842 750 829 737L588 500 833 258C863 229 863 200 833 171 804 137 775 137 742 167Z\"><\/path><\/svg>\t\t<\/div>\n\t\t\t\t\t<nav class=\"elementor-nav-menu--dropdown elementor-nav-menu__container\" aria-hidden=\"true\">\n\t\t\t\t<ul id=\"menu-2-cde1cc2\" class=\"elementor-nav-menu sm-vertical\"><li class=\"menu-item menu-item-type-post_type menu-item-object-page menu-item-44297\"><a href=\"https:\/\/aleasoft.com\/fr\/services\/previsions-prix-energie\/\" class=\"elementor-item\" tabindex=\"-1\">Pr\u00e9visions des prix de l\u2019\u00e9nergie<\/a><\/li>\n<li class=\"menu-item menu-item-type-post_type menu-item-object-page menu-item-44296\"><a href=\"https:\/\/aleasoft.com\/fr\/services\/previsions-demande-energie-electrique\/\" class=\"elementor-item\" tabindex=\"-1\">Pr\u00e9visions de la demande d&rsquo;\u00e9lectricit\u00e9<\/a><\/li>\n<li class=\"menu-item menu-item-type-post_type menu-item-object-page menu-item-102603\"><a href=\"https:\/\/aleasoft.com\/fr\/services\/prevision-energies-renouvelables\/\" class=\"elementor-item\" tabindex=\"-1\">Pr\u00e9vision des \u00e9nergies renouvelables<\/a><\/li>\n<li class=\"menu-item menu-item-type-post_type menu-item-object-page menu-item-118477\"><a href=\"https:\/\/aleasoft.com\/fr\/produits-et-services\/alea-energy-database-aleaapp\/\" class=\"elementor-item\" tabindex=\"-1\">Alea Energy Database (AleaApp)<\/a><\/li>\n<\/ul>\t\t\t<\/nav>\n\t\t\t\t\t\t<\/div>\n\t\t\t\t<\/div>\n\t\t\t\t\t<\/div>\n\t\t<\/div>\n\t\t\t\t<div class=\"elementor-column elementor-col-66 elementor-top-column elementor-element elementor-element-d781948\" data-id=\"d781948\" data-element_type=\"column\" data-e-type=\"column\">\n\t\t\t<div class=\"elementor-widget-wrap elementor-element-populated\">\n\t\t\t\t\t\t<div class=\"elementor-element elementor-element-dd898b4 elementor-widget elementor-widget-text-editor\" data-id=\"dd898b4\" data-element_type=\"widget\" data-e-type=\"widget\" data-widget_type=\"text-editor.default\">\n\t\t\t\t<div class=\"elementor-widget-container\">\n\t\t\t\t\t\t\t\t\t<p>AleaSoft propose deux logiciels essentiels afin de vous aider dans vos besoins de pr\u00e9vision d\u2019\u00e9nergie. Le\u00a0<em>Modelizer\u00a0<\/em>ce dirige aux experts qui veulent construire leurs propres mod\u00e8les, tandis que le\u00a0<em>Data Analyzer<\/em>\u00a0est un logiciel qui vous assiste dans l\u2019analyse de s\u00e9ries de temps des marches \u00e9nerg\u00e9tiques.<\/p><p><b>MODELIZER<\/b><\/p>\t\t\t\t\t\t\t\t<\/div>\n\t\t\t\t<\/div>\n\t\t\t\t<div class=\"elementor-element elementor-element-e4d2cd6 elementor-widget elementor-widget-image\" data-id=\"e4d2cd6\" data-element_type=\"widget\" data-e-type=\"widget\" data-widget_type=\"image.default\">\n\t\t\t\t<div class=\"elementor-widget-container\">\n\t\t\t\t\t\t\t\t\t\t\t\t\t\t\t<img fetchpriority=\"high\" decoding=\"async\" width=\"830\" height=\"552\" src=\"https:\/\/aleasoft.com\/wp-content\/uploads\/2020\/01\/AleaSoft-modelizer.png\" class=\"attachment-full size-full wp-image-43553\" alt=\"\" srcset=\"https:\/\/aleasoft.com\/wp-content\/uploads\/2020\/01\/AleaSoft-modelizer.png 830w, https:\/\/aleasoft.com\/wp-content\/uploads\/2020\/01\/AleaSoft-modelizer-300x200.png 300w, https:\/\/aleasoft.com\/wp-content\/uploads\/2020\/01\/AleaSoft-modelizer-768x511.png 768w\" sizes=\"(max-width: 830px) 100vw, 830px\" \/>\t\t\t\t\t\t\t\t\t\t\t\t\t\t\t<\/div>\n\t\t\t\t<\/div>\n\t\t\t\t\t<\/div>\n\t\t<\/div>\n\t\t\t\t\t<\/div>\n\t\t<\/section>\n\t\t\t\t<section class=\"elementor-section elementor-top-section elementor-element elementor-element-f962966 elementor-section-boxed elementor-section-height-default elementor-section-height-default\" data-id=\"f962966\" data-element_type=\"section\" data-e-type=\"section\">\n\t\t\t\t\t\t<div class=\"elementor-container elementor-column-gap-default\">\n\t\t\t\t\t<div class=\"elementor-column elementor-col-100 elementor-top-column elementor-element elementor-element-acf4510\" data-id=\"acf4510\" data-element_type=\"column\" data-e-type=\"column\">\n\t\t\t<div class=\"elementor-widget-wrap elementor-element-populated\">\n\t\t\t\t\t\t<div class=\"elementor-element elementor-element-233a90e elementor-widget elementor-widget-text-editor\" data-id=\"233a90e\" data-element_type=\"widget\" data-e-type=\"widget\" data-widget_type=\"text-editor.default\">\n\t\t\t\t<div class=\"elementor-widget-container\">\n\t\t\t\t\t\t\t\t\t<p>Le\u00a0<strong>AleaModelizer\u00a0<\/strong>s\u2019adresse \u00e0 nos usagers sp\u00e9cialistes, qui souhaitent d\u00e9velopper leurs propres mod\u00e8les de pr\u00e9visions. Le\u00a0<strong>AleaModelizer\u00a0<\/strong>utilise plusieurs typologies de mod\u00e8les: les r\u00e9seaux neuronaux, SARIMA, r\u00e9gression ou AleaModel. Le\u00a0<strong>AleaModelizer\u00a0<\/strong>vous permet d\u2019avoir de la flexibilit\u00e9, car il est possible de modeliser \u00e0 une vari\u00e9t\u00e9 de fr\u00e9quences: par minute, par semaine, chaque quinze jours, mensuelle, trimestrielle, annuelle, etc.\u00a0<strong>AleaModelizer\u00a0<\/strong>pr\u00e9s\u00e9lectionne automatiquement un ensemble des meilleurs mod\u00e8les bas\u00e9 principalement sur leur ex\u00e9cution. Le logiciel\u00a0<strong>AleaModelizer\u00a0<\/strong>permet une comparaison des mod\u00e8les alternatifs et une visualisation des indicateurs d\u2019ex\u00e9cution. On peut avoir une meilleure compr\u00e9hension des mod\u00e8les, \u00e0 travers des param\u00e8tres statistiques basics. Le\u00a0<strong>AleaModelizer\u00a0<\/strong>vous permet d\u2019analyser les\u00a0<strong>r\u00e9siduels<\/strong>, \u00e0 travers des outils graphiques et statistiques. En combinaison avec le module de \u201cBacktesting\u201d, le\u00a0<strong>AleaModelizer\u00a0<\/strong>vous permet de d\u00e9velopper des pr\u00e9visions en lots, et traiter les r\u00e9sultats en utilisant un ensemble de donn\u00e9es historiques.<\/p><p>\u00a0<\/p><p><b>AN\u00c1LISIS DE DATOS<\/b><\/p><p><img decoding=\"async\" class=\"aligncenter size-full wp-image-43558\" src=\"https:\/\/aleasoft.com\/wp-content\/uploads\/2020\/01\/AleaSoft-ADA.png\" alt=\"\" width=\"685\" height=\"482\" srcset=\"https:\/\/aleasoft.com\/wp-content\/uploads\/2020\/01\/AleaSoft-ADA.png 685w, https:\/\/aleasoft.com\/wp-content\/uploads\/2020\/01\/AleaSoft-ADA-300x211.png 300w\" sizes=\"(max-width: 685px) 100vw, 685px\" \/><\/p><p>Le logiciel\u00a0<strong>AleaDataAnalyzer\u00a0<\/strong>(ADA) vous aide dans l\u2019analyse de s\u00e9ries historiques des marches \u00e9nerg\u00e9tiques. Le logiciel est un outil auxiliaire et exclusif pour l\u2019analyse et la manipulation des s\u00e9ries historiques des march\u00e9s \u00e9nerg\u00e9tiques. Le\u00a0<strong>AleaDataAnalyzer\u00a0<\/strong>ex\u00e9cute de nombreuses op\u00e9rations et facilite la r\u00e9alisation de:<\/p><ul><li>Permet une analyse compl\u00e8te des r\u00e9sultats.<\/li><li>Analyse approfondie des donn\u00e9es d\u2019entr\u00e9e.<\/li><li>Une d\u00e9tection facile de toute anomalie.<\/li><\/ul><p>Le AleaDataAnalyzer (ADA) surmonte les limitations des \u00e9diteurs classiques tel qu\u2019Excel:<\/p><ul><li>Permet le stockage de tableaux dans un format compact.<\/li><li>Assure la manipulation rapide et efficace de s\u00e9ries longues, telles que les donn\u00e9es horaires de l\u2019\u00e9lectricit\u00e9.<\/li><li>Le ADA a une capacit\u00e9 illimit\u00e9e: permettant de stocker et d\u2019\u00e9diter les s\u00e9ries de toute longueur.<\/li><li>Permet la visualisation rapide de l\u2019information importante de la s\u00e9rie (longueur, valeur minimale et maximale, etc.).<\/li><li>Assure la validation de la continuit\u00e9 des s\u00e9ries historiques. Les valeurs manquantes ou nulles sont r\u00e9gl\u00e9es automatiquement et l\u2019usager est averti.<\/li><li>Validation de la coh\u00e9rence et consistance de s\u00e9ries historiques. Les valeurs incoh\u00e9rentes sont automatiquement r\u00e9gl\u00e9es et l\u2019usager est averti.<\/li><li>Compatible avec des journ\u00e9es de 23 et de 25 heures.<\/li><li>Permet des changements de temporalit\u00e9.<\/li><li>Le ADA a une vari\u00e9t\u00e9 de fonctions graphiques: graphiques de s\u00e9ries historiques, histogrammes, diagrammes bivariants, etc.<\/li><li>Le ADA a une vari\u00e9t\u00e9 de propri\u00e9t\u00e9s graphiques: zoom multiples, diff\u00e9rentiation de types de jours par couleurs, graphiques avec un nombre illimite d\u2019observations, etc.<\/li><\/ul><p>Le\u00a0<strong>AleaDataAnalyzer\u00a0<\/strong>convertit facilement les donn\u00e9es dans le format de votre choix (Excel, ODBC, TXT, etc.) au sein du format interne de la base de donn\u00e9es.<\/p>\t\t\t\t\t\t\t\t<\/div>\n\t\t\t\t<\/div>\n\t\t\t\t\t<\/div>\n\t\t<\/div>\n\t\t\t\t\t<\/div>\n\t\t<\/section>\n\t\t\t\t<\/div>\n\t\t","protected":false},"excerpt":{"rendered":"<p>AleaSoft propose deux logiciels essentiels afin de vous aider dans vos besoins de pr\u00e9vision d\u2019\u00e9nergie. Le\u00a0Modelizer\u00a0ce dirige aux experts qui veulent construire leurs propres mod\u00e8les, tandis que le\u00a0Data Analyzer\u00a0est un logiciel qui vous assiste dans l\u2019analyse de s\u00e9ries de temps des marches \u00e9nerg\u00e9tiques. MODELIZER Le\u00a0AleaModelizer\u00a0s\u2019adresse \u00e0 nos usagers sp\u00e9cialistes, qui souhaitent d\u00e9velopper leurs propres mod\u00e8les [&hellip;]<\/p>\n","protected":false},"author":1,"featured_media":0,"parent":44243,"menu_order":0,"comment_status":"closed","ping_status":"closed","template":"elementor_header_footer","meta":{"footnotes":""},"class_list":["post-44249","page","type-page","status-publish","hentry"],"yoast_head":"<!-- This site is optimized with the Yoast SEO Premium plugin v27.2 (Yoast SEO v27.3) - https:\/\/yoast.com\/product\/yoast-seo-premium-wordpress\/ -->\n<title>Modelizer et analyse de donn\u00e9es - AleaSoft Energy Forecasting<\/title>\n<meta name=\"robots\" content=\"index, follow, max-snippet:-1, max-image-preview:large, max-video-preview:-1\" \/>\n<link rel=\"canonical\" href=\"https:\/\/aleasoft.com\/fr\/produits-et-services\/modelizer-et-analyse-donnees\/\" \/>\n<meta property=\"og:locale\" content=\"fr_FR\" \/>\n<meta property=\"og:type\" content=\"article\" \/>\n<meta property=\"og:title\" content=\"Modelizer et analyse de donn\u00e9es\" \/>\n<meta property=\"og:description\" content=\"AleaSoft propose deux logiciels essentiels afin de vous aider dans vos besoins de pr\u00e9vision d\u2019\u00e9nergie. Le\u00a0Modelizer\u00a0ce dirige aux experts qui veulent construire leurs propres mod\u00e8les, tandis que le\u00a0Data Analyzer\u00a0est un logiciel qui vous assiste dans l\u2019analyse de s\u00e9ries de temps des marches \u00e9nerg\u00e9tiques. MODELIZER Le\u00a0AleaModelizer\u00a0s\u2019adresse \u00e0 nos usagers sp\u00e9cialistes, qui souhaitent d\u00e9velopper leurs propres mod\u00e8les [&hellip;]\" \/>\n<meta property=\"og:url\" content=\"https:\/\/aleasoft.com\/fr\/produits-et-services\/modelizer-et-analyse-donnees\/\" \/>\n<meta property=\"og:site_name\" content=\"AleaSoft Energy Forecasting\" \/>\n<meta property=\"article:publisher\" content=\"https:\/\/www.facebook.com\/AleaSoft\/\" \/>\n<meta property=\"article:modified_time\" content=\"2020-01-31T19:32:43+00:00\" \/>\n<meta property=\"og:image\" content=\"https:\/\/aleasoft.com\/wp-content\/uploads\/2020\/01\/AleaSoft-modelizer.png\" \/>\n<meta name=\"twitter:card\" content=\"summary_large_image\" \/>\n<meta name=\"twitter:site\" content=\"@AleaSoftEnergy\" \/>\n<meta name=\"twitter:label1\" content=\"Dur\u00e9e de lecture estim\u00e9e\" \/>\n\t<meta name=\"twitter:data1\" content=\"3 minutes\" \/>\n<script type=\"application\/ld+json\" class=\"yoast-schema-graph\">{\"@context\":\"https:\\\/\\\/schema.org\",\"@graph\":[{\"@type\":\"WebPage\",\"@id\":\"https:\\\/\\\/aleasoft.com\\\/fr\\\/produits-et-services\\\/modelizer-et-analyse-donnees\\\/\",\"url\":\"https:\\\/\\\/aleasoft.com\\\/fr\\\/produits-et-services\\\/modelizer-et-analyse-donnees\\\/\",\"name\":\"Modelizer et analyse de donn\u00e9es - AleaSoft Energy Forecasting\",\"isPartOf\":{\"@id\":\"https:\\\/\\\/aleasoft.com\\\/#website\"},\"primaryImageOfPage\":{\"@id\":\"https:\\\/\\\/aleasoft.com\\\/fr\\\/produits-et-services\\\/modelizer-et-analyse-donnees\\\/#primaryimage\"},\"image\":{\"@id\":\"https:\\\/\\\/aleasoft.com\\\/fr\\\/produits-et-services\\\/modelizer-et-analyse-donnees\\\/#primaryimage\"},\"thumbnailUrl\":\"https:\\\/\\\/aleasoft.com\\\/wp-content\\\/uploads\\\/2020\\\/01\\\/AleaSoft-modelizer.png\",\"datePublished\":\"2020-01-19T18:29:22+00:00\",\"dateModified\":\"2020-01-31T19:32:43+00:00\",\"breadcrumb\":{\"@id\":\"https:\\\/\\\/aleasoft.com\\\/fr\\\/produits-et-services\\\/modelizer-et-analyse-donnees\\\/#breadcrumb\"},\"inLanguage\":\"fr-FR\",\"potentialAction\":[{\"@type\":\"ReadAction\",\"target\":[\"https:\\\/\\\/aleasoft.com\\\/fr\\\/produits-et-services\\\/modelizer-et-analyse-donnees\\\/\"]}]},{\"@type\":\"ImageObject\",\"inLanguage\":\"fr-FR\",\"@id\":\"https:\\\/\\\/aleasoft.com\\\/fr\\\/produits-et-services\\\/modelizer-et-analyse-donnees\\\/#primaryimage\",\"url\":\"https:\\\/\\\/aleasoft.com\\\/wp-content\\\/uploads\\\/2020\\\/01\\\/AleaSoft-modelizer.png\",\"contentUrl\":\"https:\\\/\\\/aleasoft.com\\\/wp-content\\\/uploads\\\/2020\\\/01\\\/AleaSoft-modelizer.png\"},{\"@type\":\"BreadcrumbList\",\"@id\":\"https:\\\/\\\/aleasoft.com\\\/fr\\\/produits-et-services\\\/modelizer-et-analyse-donnees\\\/#breadcrumb\",\"itemListElement\":[{\"@type\":\"ListItem\",\"position\":1,\"name\":\"Home\",\"item\":\"https:\\\/\\\/aleasoft.com\\\/\"},{\"@type\":\"ListItem\",\"position\":2,\"name\":\"Produits et services\",\"item\":\"https:\\\/\\\/aleasoft.com\\\/fr\\\/produits-et-services\\\/\"},{\"@type\":\"ListItem\",\"position\":3,\"name\":\"Modelizer et analyse de donn\u00e9es\"}]},{\"@type\":\"WebSite\",\"@id\":\"https:\\\/\\\/aleasoft.com\\\/#website\",\"url\":\"https:\\\/\\\/aleasoft.com\\\/\",\"name\":\"AleaSoft Energy Forecasting\",\"description\":\"Energy Forecasting\",\"publisher\":{\"@id\":\"https:\\\/\\\/aleasoft.com\\\/#organization\"},\"potentialAction\":[{\"@type\":\"SearchAction\",\"target\":{\"@type\":\"EntryPoint\",\"urlTemplate\":\"https:\\\/\\\/aleasoft.com\\\/?s={search_term_string}\"},\"query-input\":{\"@type\":\"PropertyValueSpecification\",\"valueRequired\":true,\"valueName\":\"search_term_string\"}}],\"inLanguage\":\"fr-FR\"},{\"@type\":\"Organization\",\"@id\":\"https:\\\/\\\/aleasoft.com\\\/#organization\",\"name\":\"AleaSoft Energy Forecasting\",\"url\":\"https:\\\/\\\/aleasoft.com\\\/\",\"logo\":{\"@type\":\"ImageObject\",\"inLanguage\":\"fr-FR\",\"@id\":\"https:\\\/\\\/aleasoft.com\\\/#\\\/schema\\\/logo\\\/image\\\/\",\"url\":\"https:\\\/\\\/aleasoft.com\\\/wp-content\\\/uploads\\\/2020\\\/01\\\/logo-alea-25.svg\",\"contentUrl\":\"https:\\\/\\\/aleasoft.com\\\/wp-content\\\/uploads\\\/2020\\\/01\\\/logo-alea-25.svg\",\"width\":7047,\"height\":1416,\"caption\":\"AleaSoft Energy Forecasting\"},\"image\":{\"@id\":\"https:\\\/\\\/aleasoft.com\\\/#\\\/schema\\\/logo\\\/image\\\/\"},\"sameAs\":[\"https:\\\/\\\/www.facebook.com\\\/AleaSoft\\\/\",\"https:\\\/\\\/x.com\\\/AleaSoftEnergy\",\"https:\\\/\\\/www.linkedin.com\\\/company\\\/aleasoft\\\/\"]}]}<\/script>\n<!-- \/ Yoast SEO Premium plugin. -->","yoast_head_json":{"title":"Modelizer et analyse de donn\u00e9es - AleaSoft Energy Forecasting","robots":{"index":"index","follow":"follow","max-snippet":"max-snippet:-1","max-image-preview":"max-image-preview:large","max-video-preview":"max-video-preview:-1"},"canonical":"https:\/\/aleasoft.com\/fr\/produits-et-services\/modelizer-et-analyse-donnees\/","og_locale":"fr_FR","og_type":"article","og_title":"Modelizer et analyse de donn\u00e9es","og_description":"AleaSoft propose deux logiciels essentiels afin de vous aider dans vos besoins de pr\u00e9vision d\u2019\u00e9nergie. Le\u00a0Modelizer\u00a0ce dirige aux experts qui veulent construire leurs propres mod\u00e8les, tandis que le\u00a0Data Analyzer\u00a0est un logiciel qui vous assiste dans l\u2019analyse de s\u00e9ries de temps des marches \u00e9nerg\u00e9tiques. MODELIZER Le\u00a0AleaModelizer\u00a0s\u2019adresse \u00e0 nos usagers sp\u00e9cialistes, qui souhaitent d\u00e9velopper leurs propres mod\u00e8les [&hellip;]","og_url":"https:\/\/aleasoft.com\/fr\/produits-et-services\/modelizer-et-analyse-donnees\/","og_site_name":"AleaSoft Energy Forecasting","article_publisher":"https:\/\/www.facebook.com\/AleaSoft\/","article_modified_time":"2020-01-31T19:32:43+00:00","og_image":[{"url":"https:\/\/aleasoft.com\/wp-content\/uploads\/2020\/01\/AleaSoft-modelizer.png","type":"","width":"","height":""}],"twitter_card":"summary_large_image","twitter_site":"@AleaSoftEnergy","twitter_misc":{"Dur\u00e9e de lecture estim\u00e9e":"3 minutes"},"schema":{"@context":"https:\/\/schema.org","@graph":[{"@type":"WebPage","@id":"https:\/\/aleasoft.com\/fr\/produits-et-services\/modelizer-et-analyse-donnees\/","url":"https:\/\/aleasoft.com\/fr\/produits-et-services\/modelizer-et-analyse-donnees\/","name":"Modelizer et analyse de donn\u00e9es - AleaSoft Energy Forecasting","isPartOf":{"@id":"https:\/\/aleasoft.com\/#website"},"primaryImageOfPage":{"@id":"https:\/\/aleasoft.com\/fr\/produits-et-services\/modelizer-et-analyse-donnees\/#primaryimage"},"image":{"@id":"https:\/\/aleasoft.com\/fr\/produits-et-services\/modelizer-et-analyse-donnees\/#primaryimage"},"thumbnailUrl":"https:\/\/aleasoft.com\/wp-content\/uploads\/2020\/01\/AleaSoft-modelizer.png","datePublished":"2020-01-19T18:29:22+00:00","dateModified":"2020-01-31T19:32:43+00:00","breadcrumb":{"@id":"https:\/\/aleasoft.com\/fr\/produits-et-services\/modelizer-et-analyse-donnees\/#breadcrumb"},"inLanguage":"fr-FR","potentialAction":[{"@type":"ReadAction","target":["https:\/\/aleasoft.com\/fr\/produits-et-services\/modelizer-et-analyse-donnees\/"]}]},{"@type":"ImageObject","inLanguage":"fr-FR","@id":"https:\/\/aleasoft.com\/fr\/produits-et-services\/modelizer-et-analyse-donnees\/#primaryimage","url":"https:\/\/aleasoft.com\/wp-content\/uploads\/2020\/01\/AleaSoft-modelizer.png","contentUrl":"https:\/\/aleasoft.com\/wp-content\/uploads\/2020\/01\/AleaSoft-modelizer.png"},{"@type":"BreadcrumbList","@id":"https:\/\/aleasoft.com\/fr\/produits-et-services\/modelizer-et-analyse-donnees\/#breadcrumb","itemListElement":[{"@type":"ListItem","position":1,"name":"Home","item":"https:\/\/aleasoft.com\/"},{"@type":"ListItem","position":2,"name":"Produits et services","item":"https:\/\/aleasoft.com\/fr\/produits-et-services\/"},{"@type":"ListItem","position":3,"name":"Modelizer et analyse de donn\u00e9es"}]},{"@type":"WebSite","@id":"https:\/\/aleasoft.com\/#website","url":"https:\/\/aleasoft.com\/","name":"AleaSoft Energy Forecasting","description":"Energy Forecasting","publisher":{"@id":"https:\/\/aleasoft.com\/#organization"},"potentialAction":[{"@type":"SearchAction","target":{"@type":"EntryPoint","urlTemplate":"https:\/\/aleasoft.com\/?s={search_term_string}"},"query-input":{"@type":"PropertyValueSpecification","valueRequired":true,"valueName":"search_term_string"}}],"inLanguage":"fr-FR"},{"@type":"Organization","@id":"https:\/\/aleasoft.com\/#organization","name":"AleaSoft Energy Forecasting","url":"https:\/\/aleasoft.com\/","logo":{"@type":"ImageObject","inLanguage":"fr-FR","@id":"https:\/\/aleasoft.com\/#\/schema\/logo\/image\/","url":"https:\/\/aleasoft.com\/wp-content\/uploads\/2020\/01\/logo-alea-25.svg","contentUrl":"https:\/\/aleasoft.com\/wp-content\/uploads\/2020\/01\/logo-alea-25.svg","width":7047,"height":1416,"caption":"AleaSoft Energy Forecasting"},"image":{"@id":"https:\/\/aleasoft.com\/#\/schema\/logo\/image\/"},"sameAs":["https:\/\/www.facebook.com\/AleaSoft\/","https:\/\/x.com\/AleaSoftEnergy","https:\/\/www.linkedin.com\/company\/aleasoft\/"]}]}},"_links":{"self":[{"href":"https:\/\/aleasoft.com\/fr\/wp-json\/wp\/v2\/pages\/44249","targetHints":{"allow":["GET"]}}],"collection":[{"href":"https:\/\/aleasoft.com\/fr\/wp-json\/wp\/v2\/pages"}],"about":[{"href":"https:\/\/aleasoft.com\/fr\/wp-json\/wp\/v2\/types\/page"}],"author":[{"embeddable":true,"href":"https:\/\/aleasoft.com\/fr\/wp-json\/wp\/v2\/users\/1"}],"replies":[{"embeddable":true,"href":"https:\/\/aleasoft.com\/fr\/wp-json\/wp\/v2\/comments?post=44249"}],"version-history":[{"count":0,"href":"https:\/\/aleasoft.com\/fr\/wp-json\/wp\/v2\/pages\/44249\/revisions"}],"up":[{"embeddable":true,"href":"https:\/\/aleasoft.com\/fr\/wp-json\/wp\/v2\/pages\/44243"}],"wp:attachment":[{"href":"https:\/\/aleasoft.com\/fr\/wp-json\/wp\/v2\/media?parent=44249"}],"curies":[{"name":"wp","href":"https:\/\/api.w.org\/{rel}","templated":true}]}}