{"id":44263,"date":"2020-01-17T20:58:54","date_gmt":"2020-01-17T19:58:54","guid":{"rendered":"https:\/\/aleasoft.com\/?page_id=44263"},"modified":"2024-03-11T16:33:55","modified_gmt":"2024-03-11T15:33:55","slug":"prevision-energie-eolienne","status":"publish","type":"page","link":"https:\/\/aleasoft.com\/fr\/produits-et-services\/prevision-energie-eolienne\/","title":{"rendered":"Pr\u00e9vision de l&rsquo;\u00e9nergie \u00e9olienne"},"content":{"rendered":"\t\t<div data-elementor-type=\"wp-page\" data-elementor-id=\"44263\" class=\"elementor elementor-44263\" data-elementor-post-type=\"page\">\n\t\t\t\t\t\t<section class=\"elementor-section elementor-top-section elementor-element elementor-element-a497b4d elementor-section-boxed elementor-section-height-default elementor-section-height-default\" data-id=\"a497b4d\" data-element_type=\"section\" data-e-type=\"section\">\n\t\t\t\t\t\t<div class=\"elementor-container elementor-column-gap-default\">\n\t\t\t\t\t<div class=\"elementor-column elementor-col-100 elementor-top-column elementor-element elementor-element-ac09817\" data-id=\"ac09817\" data-element_type=\"column\" data-e-type=\"column\">\n\t\t\t<div class=\"elementor-widget-wrap elementor-element-populated\">\n\t\t\t\t\t\t<div class=\"elementor-element elementor-element-59ab98a elementor-nav-menu__align-center menu-dropdown-distance elementor-nav-menu--dropdown-tablet elementor-nav-menu__text-align-aside elementor-widget elementor-widget-global elementor-global-86323 elementor-widget-nav-menu\" data-id=\"59ab98a\" data-element_type=\"widget\" data-e-type=\"widget\" data-settings=\"{&quot;layout&quot;:&quot;horizontal&quot;,&quot;submenu_icon&quot;:{&quot;value&quot;:&quot;fas fa-caret-down&quot;,&quot;library&quot;:&quot;fa-solid&quot;}}\" data-widget_type=\"nav-menu.default\">\n\t\t\t\t<div class=\"elementor-widget-container\">\n\t\t\t\t\t\t\t\t<nav aria-label=\"Menu\" class=\"elementor-nav-menu--main elementor-nav-menu__container elementor-nav-menu--layout-horizontal e--pointer-background e--animation-fade\">\n\t\t\t\t<ul id=\"menu-1-59ab98a\" class=\"elementor-nav-menu\"><li class=\"menu-item menu-item-type-post_type menu-item-object-page menu-item-44297\"><a href=\"https:\/\/aleasoft.com\/fr\/services\/previsions-prix-energie\/\" class=\"elementor-item\">Pr\u00e9visions des prix de l\u2019\u00e9nergie<\/a><\/li>\n<li class=\"menu-item menu-item-type-post_type menu-item-object-page menu-item-44296\"><a href=\"https:\/\/aleasoft.com\/fr\/services\/previsions-demande-energie-electrique\/\" class=\"elementor-item\">Pr\u00e9visions de la demande d&rsquo;\u00e9lectricit\u00e9<\/a><\/li>\n<li class=\"menu-item menu-item-type-post_type menu-item-object-page menu-item-102603\"><a href=\"https:\/\/aleasoft.com\/fr\/services\/prevision-energies-renouvelables\/\" class=\"elementor-item\">Pr\u00e9vision des \u00e9nergies renouvelables<\/a><\/li>\n<li class=\"menu-item menu-item-type-post_type menu-item-object-page menu-item-118477\"><a href=\"https:\/\/aleasoft.com\/fr\/produits-et-services\/alea-energy-database-aleaapp\/\" class=\"elementor-item\">Alea Energy Database (AleaApp)<\/a><\/li>\n<\/ul>\t\t\t<\/nav>\n\t\t\t\t\t\t<nav class=\"elementor-nav-menu--dropdown elementor-nav-menu__container\" aria-hidden=\"true\">\n\t\t\t\t<ul id=\"menu-2-59ab98a\" class=\"elementor-nav-menu\"><li class=\"menu-item menu-item-type-post_type menu-item-object-page menu-item-44297\"><a href=\"https:\/\/aleasoft.com\/fr\/services\/previsions-prix-energie\/\" class=\"elementor-item\" tabindex=\"-1\">Pr\u00e9visions des prix de l\u2019\u00e9nergie<\/a><\/li>\n<li class=\"menu-item menu-item-type-post_type menu-item-object-page menu-item-44296\"><a href=\"https:\/\/aleasoft.com\/fr\/services\/previsions-demande-energie-electrique\/\" class=\"elementor-item\" tabindex=\"-1\">Pr\u00e9visions de la demande d&rsquo;\u00e9lectricit\u00e9<\/a><\/li>\n<li class=\"menu-item menu-item-type-post_type menu-item-object-page menu-item-102603\"><a href=\"https:\/\/aleasoft.com\/fr\/services\/prevision-energies-renouvelables\/\" class=\"elementor-item\" tabindex=\"-1\">Pr\u00e9vision des \u00e9nergies renouvelables<\/a><\/li>\n<li class=\"menu-item menu-item-type-post_type menu-item-object-page menu-item-118477\"><a href=\"https:\/\/aleasoft.com\/fr\/produits-et-services\/alea-energy-database-aleaapp\/\" class=\"elementor-item\" tabindex=\"-1\">Alea Energy Database (AleaApp)<\/a><\/li>\n<\/ul>\t\t\t<\/nav>\n\t\t\t\t\t\t<\/div>\n\t\t\t\t<\/div>\n\t\t\t\t\t<\/div>\n\t\t<\/div>\n\t\t\t\t\t<\/div>\n\t\t<\/section>\n\t\t\t\t<section class=\"elementor-section elementor-top-section elementor-element elementor-element-3ca551a elementor-section-boxed elementor-section-height-default elementor-section-height-default\" data-id=\"3ca551a\" data-element_type=\"section\" data-e-type=\"section\">\n\t\t\t\t\t\t<div class=\"elementor-container elementor-column-gap-default\">\n\t\t\t\t\t<div class=\"elementor-column elementor-col-100 elementor-top-column elementor-element elementor-element-e015d43\" data-id=\"e015d43\" data-element_type=\"column\" data-e-type=\"column\">\n\t\t\t<div class=\"elementor-widget-wrap elementor-element-populated\">\n\t\t\t\t\t\t<div class=\"elementor-element elementor-element-36a2a7d elementor-widget elementor-widget-heading\" data-id=\"36a2a7d\" data-element_type=\"widget\" data-e-type=\"widget\" data-widget_type=\"heading.default\">\n\t\t\t\t<div class=\"elementor-widget-container\">\n\t\t\t\t\t<h2 class=\"elementor-heading-title elementor-size-default\">Pr\u00e9vision de l&rsquo;\u00e9nergie \u00e9olienne<\/h2>\t\t\t\t<\/div>\n\t\t\t\t<\/div>\n\t\t\t\t\t<\/div>\n\t\t<\/div>\n\t\t\t\t\t<\/div>\n\t\t<\/section>\n\t\t\t\t<section class=\"elementor-section elementor-top-section elementor-element elementor-element-8344c56 elementor-section-boxed elementor-section-height-default elementor-section-height-default\" data-id=\"8344c56\" data-element_type=\"section\" data-e-type=\"section\">\n\t\t\t\t\t\t<div class=\"elementor-container elementor-column-gap-default\">\n\t\t\t\t\t<div class=\"elementor-column elementor-col-100 elementor-top-column elementor-element elementor-element-d781948\" data-id=\"d781948\" data-element_type=\"column\" data-e-type=\"column\">\n\t\t\t<div class=\"elementor-widget-wrap elementor-element-populated\">\n\t\t\t\t\t\t<div class=\"elementor-element elementor-element-d74bed9 elementor-widget elementor-widget-shortcode\" data-id=\"d74bed9\" data-element_type=\"widget\" data-e-type=\"widget\" data-widget_type=\"shortcode.default\">\n\t\t\t\t<div class=\"elementor-widget-container\">\n\t\t\t\t\t\t\t<div class=\"elementor-shortcode\"><div class=\"visualizer-front-container\" id=\"chart_wrapper_visualizer-92703-893184364\"><div class=\"visualizer-actions\"><a href=\"#\" class=\"visualizer-action visualizer-action-image\" data-visualizer-type=\"image\" data-visualizer-chart-id=\"92703\" data-visualizer-container-id=\"visualizer-92703-893184364\" data-visualizer-mime=\"\" title=\"Download as an image\">Download<\/a> &nbsp;<\/div><style type=\"text\/css\" name=\"visualizer-custom-css\" id=\"customcss-visualizer-92703\">.locker,.locker-loader{position:absolute;top:0;left:0;width:100%;height:100%}.locker{z-index:1000;opacity:.8;background-color:#fff;-ms-filter:\"progid:DXImageTransform.Microsoft.Alpha(Opacity=80)\";filter:alpha(opacity=80)}.locker-loader{z-index:1001;background:url(https:\/\/aleasoft.com\/wp-content\/plugins\/visualizer\/images\/ajax-loader.gif) no-repeat center center}.dt-button{display:none!important}.visualizer-front-container.visualizer-lazy-render{content-visibility: auto;}.google-visualization-controls-categoryfilter label.google-visualization-controls-label {vertical-align: middle;}.google-visualization-controls-categoryfilter li.goog-inline-block {margin: 0 0.2em;}.google-visualization-controls-categoryfilter li {padding: 0 0.2em;}.visualizer-front-container .dataTables_scrollHeadInner{margin: 0 auto;}<\/style><div id=\"visualizer-92703-893184364\" class=\"visualizer-front  visualizer-front-92703\"><\/div><!-- Not showing structured data for chart 92703 because description is empty --><\/div><\/div>\n\t\t\t\t\t\t<\/div>\n\t\t\t\t<\/div>\n\t\t\t\t\t<\/div>\n\t\t<\/div>\n\t\t\t\t\t<\/div>\n\t\t<\/section>\n\t\t\t\t<section class=\"elementor-section elementor-top-section elementor-element elementor-element-f962966 elementor-section-boxed elementor-section-height-default elementor-section-height-default\" data-id=\"f962966\" data-element_type=\"section\" data-e-type=\"section\">\n\t\t\t\t\t\t<div class=\"elementor-container elementor-column-gap-default\">\n\t\t\t\t\t<div class=\"elementor-column elementor-col-100 elementor-top-column elementor-element elementor-element-acf4510\" data-id=\"acf4510\" data-element_type=\"column\" data-e-type=\"column\">\n\t\t\t<div class=\"elementor-widget-wrap elementor-element-populated\">\n\t\t\t\t\t\t<div class=\"elementor-element elementor-element-233a90e elementor-widget elementor-widget-text-editor\" data-id=\"233a90e\" data-element_type=\"widget\" data-e-type=\"widget\" data-widget_type=\"text-editor.default\">\n\t\t\t\t<div class=\"elementor-widget-container\">\n\t\t\t\t\t\t\t\t\t<p><strong>Aleasoft<\/strong> propose des pr\u00e9visions de production d&rsquo;\u00e9nergie \u00e9olienne \u00e0 court, moyen et long terme.<\/p><p><strong>Les pr\u00e9visions d&rsquo;\u00e9nergie \u00e9olienne d&rsquo;AleaSoft<\/strong> font partie de la famille des <strong>pr\u00e9visions de production d&rsquo;\u00e9nergies renouvelables<\/strong>.<\/p><p><strong>AleaSoft<\/strong> reconna\u00eet l&rsquo;importance des <strong>pr\u00e9visions sur l&rsquo;\u00e9nergie \u00e9olienne<\/strong> pour fournir de meilleures pr\u00e9visions de prix pour les march\u00e9s de l&rsquo;\u00e9nergie, \u00e9tant l&rsquo;une des principales variables qui influencent la variabilit\u00e9 des prix.<\/p>\t\t\t\t\t\t\t\t<\/div>\n\t\t\t\t<\/div>\n\t\t\t\t\t<\/div>\n\t\t<\/div>\n\t\t\t\t\t<\/div>\n\t\t<\/section>\n\t\t\t\t<section class=\"elementor-section elementor-top-section elementor-element elementor-element-4baa6b0 elementor-section-boxed elementor-section-height-default elementor-section-height-default\" data-id=\"4baa6b0\" data-element_type=\"section\" data-e-type=\"section\">\n\t\t\t\t\t\t<div class=\"elementor-container elementor-column-gap-default\">\n\t\t\t\t\t<div class=\"elementor-column elementor-col-100 elementor-top-column elementor-element elementor-element-8fb0f44\" data-id=\"8fb0f44\" data-element_type=\"column\" data-e-type=\"column\">\n\t\t\t<div class=\"elementor-widget-wrap elementor-element-populated\">\n\t\t\t\t\t\t<div class=\"elementor-element elementor-element-9fb398b elementor-widget elementor-widget-global elementor-global-92864 elementor-widget-button\" data-id=\"9fb398b\" data-element_type=\"widget\" data-e-type=\"widget\" data-widget_type=\"button.default\">\n\t\t\t\t<div class=\"elementor-widget-container\">\n\t\t\t\t\t\t\t\t\t<div class=\"elementor-button-wrapper\">\n\t\t\t\t\t<a class=\"elementor-button elementor-button-link elementor-size-sm\" href=\"#elementor-action%3Aaction%3Dpopup%3Aopen%26settings%3DeyJpZCI6IjEyMjQxNiIsInRvZ2dsZSI6ZmFsc2V9\">\n\t\t\t\t\t\t<span class=\"elementor-button-content-wrapper\">\n\t\t\t\t\t\t\t\t\t<span class=\"elementor-button-text\">Pedir uma oferta<\/span>\n\t\t\t\t\t<\/span>\n\t\t\t\t\t<\/a>\n\t\t\t\t<\/div>\n\t\t\t\t\t\t\t\t<\/div>\n\t\t\t\t<\/div>\n\t\t\t\t<div class=\"elementor-element elementor-element-cc6d8fb elementor-widget elementor-widget-spacer\" data-id=\"cc6d8fb\" data-element_type=\"widget\" data-e-type=\"widget\" data-widget_type=\"spacer.default\">\n\t\t\t\t<div class=\"elementor-widget-container\">\n\t\t\t\t\t\t\t<div class=\"elementor-spacer\">\n\t\t\t<div class=\"elementor-spacer-inner\"><\/div>\n\t\t<\/div>\n\t\t\t\t\t\t<\/div>\n\t\t\t\t<\/div>\n\t\t\t\t\t<\/div>\n\t\t<\/div>\n\t\t\t\t\t<\/div>\n\t\t<\/section>\n\t\t\t\t<section class=\"elementor-section elementor-top-section elementor-element elementor-element-b3de163 elementor-section-boxed elementor-section-height-default elementor-section-height-default\" data-id=\"b3de163\" data-element_type=\"section\" data-e-type=\"section\">\n\t\t\t\t\t\t<div class=\"elementor-container elementor-column-gap-default\">\n\t\t\t\t\t<div class=\"elementor-column elementor-col-100 elementor-top-column elementor-element elementor-element-d1d9a24\" data-id=\"d1d9a24\" data-element_type=\"column\" data-e-type=\"column\">\n\t\t\t<div class=\"elementor-widget-wrap elementor-element-populated\">\n\t\t\t\t\t\t<div class=\"elementor-element elementor-element-bad6adb elementor-widget elementor-widget-html\" data-id=\"bad6adb\" data-element_type=\"widget\" data-e-type=\"widget\" data-widget_type=\"html.default\">\n\t\t\t\t<div class=\"elementor-widget-container\">\n\t\t\t\t\t<script>\n    var aleadraw = function() {\n        window.dispatchEvent(new Event('resize'));\n    }\n    \n    var elements = document.getElementsByClassName(\"elementor-tab-title\");\n\nfor (var i=0; i<elements.length; i++) {\n    elements[i].addEventListener('click', aleadraw, false);\n    }\n<\/script>\t\t\t\t<\/div>\n\t\t\t\t<\/div>\n\t\t\t\t<div class=\"elementor-element elementor-element-b969a9a elementor-widget elementor-widget-html\" data-id=\"b969a9a\" data-element_type=\"widget\" data-e-type=\"widget\" data-widget_type=\"html.default\">\n\t\t\t\t<div class=\"elementor-widget-container\">\n\t\t\t\t\t<script>\nwindow.onload = function() {\n    const tabsName = [\n            \"corto-plazo\",\n            \"medio-plazo\",\n            \"largo-plazo\"\n        ];\n    const tabsId = [\n            \"elementor-tab-title-2501\",\n            \"elementor-tab-title-2502\",\n            \"elementor-tab-title-2503\"\n        ];\n    const queryString = window.location.search;\n    const urlParams = new URLSearchParams(queryString);\n    const selectedTab = urlParams.get('tab')\n    const index = tabsName.indexOf(selectedTab);\n    const tab = tabsId[index];\n    document.getElementById(tab).click();\n};\n<\/script>\t\t\t\t<\/div>\n\t\t\t\t<\/div>\n\t\t\t\t\t<\/div>\n\t\t<\/div>\n\t\t\t\t\t<\/div>\n\t\t<\/section>\n\t\t\t\t<\/div>\n\t\t","protected":false},"excerpt":{"rendered":"<p>Aleasoft propose des pr\u00e9visions de production d&rsquo;\u00e9nergie \u00e9olienne \u00e0 court, moyen et long terme. Les pr\u00e9visions d&rsquo;\u00e9nergie \u00e9olienne d&rsquo;AleaSoft font partie de la famille des pr\u00e9visions de production d&rsquo;\u00e9nergies renouvelables. AleaSoft reconna\u00eet l&rsquo;importance des pr\u00e9visions sur l&rsquo;\u00e9nergie \u00e9olienne pour fournir de meilleures pr\u00e9visions de prix pour les march\u00e9s de l&rsquo;\u00e9nergie, \u00e9tant l&rsquo;une des principales variables [&hellip;]<\/p>\n","protected":false},"author":1,"featured_media":60306,"parent":44243,"menu_order":0,"comment_status":"closed","ping_status":"closed","template":"elementor_header_footer","meta":{"footnotes":""},"class_list":["post-44263","page","type-page","status-publish","has-post-thumbnail","hentry"],"yoast_head":"<!-- This site is optimized with the Yoast SEO Premium plugin v27.2 (Yoast SEO v27.3) - https:\/\/yoast.com\/product\/yoast-seo-premium-wordpress\/ -->\n<title>Pr\u00e9vision de l&#039;\u00e9nergie \u00e9olienne - AleaSoft Energy Forecasting<\/title>\n<meta name=\"robots\" content=\"index, follow, max-snippet:-1, max-image-preview:large, max-video-preview:-1\" \/>\n<link rel=\"canonical\" href=\"https:\/\/aleasoft.com\/fr\/produits-et-services\/prevision-energie-eolienne\/\" \/>\n<meta property=\"og:locale\" content=\"fr_FR\" \/>\n<meta property=\"og:type\" content=\"article\" \/>\n<meta property=\"og:title\" content=\"Pr\u00e9vision de l&#039;\u00e9nergie \u00e9olienne\" \/>\n<meta property=\"og:description\" content=\"Aleasoft propose des pr\u00e9visions de production d&rsquo;\u00e9nergie \u00e9olienne \u00e0 court, moyen et long terme. Les pr\u00e9visions d&rsquo;\u00e9nergie \u00e9olienne d&rsquo;AleaSoft font partie de la famille des pr\u00e9visions de production d&rsquo;\u00e9nergies renouvelables. AleaSoft reconna\u00eet l&rsquo;importance des pr\u00e9visions sur l&rsquo;\u00e9nergie \u00e9olienne pour fournir de meilleures pr\u00e9visions de prix pour les march\u00e9s de l&rsquo;\u00e9nergie, \u00e9tant l&rsquo;une des principales variables [&hellip;]\" \/>\n<meta property=\"og:url\" content=\"https:\/\/aleasoft.com\/fr\/produits-et-services\/prevision-energie-eolienne\/\" \/>\n<meta property=\"og:site_name\" content=\"AleaSoft Energy Forecasting\" \/>\n<meta property=\"article:publisher\" content=\"https:\/\/www.facebook.com\/AleaSoft\/\" \/>\n<meta property=\"article:modified_time\" content=\"2024-03-11T15:33:55+00:00\" \/>\n<meta property=\"og:image\" content=\"https:\/\/aleasoft.com\/wp-content\/uploads\/2018\/05\/aleasoft-logo.jpg\" \/>\n\t<meta property=\"og:image:width\" content=\"2560\" \/>\n\t<meta property=\"og:image:height\" content=\"538\" \/>\n\t<meta property=\"og:image:type\" content=\"image\/jpeg\" \/>\n<meta name=\"twitter:card\" content=\"summary_large_image\" \/>\n<meta name=\"twitter:site\" content=\"@AleaSoftEnergy\" \/>\n<meta name=\"twitter:label1\" content=\"Dur\u00e9e de lecture estim\u00e9e\" \/>\n\t<meta name=\"twitter:data1\" content=\"1 minute\" \/>\n<script type=\"application\/ld+json\" class=\"yoast-schema-graph\">{\"@context\":\"https:\\\/\\\/schema.org\",\"@graph\":[{\"@type\":\"WebPage\",\"@id\":\"https:\\\/\\\/aleasoft.com\\\/es\\\/productos-y-servicios\\\/previsiones-energia-eolica\\\/\",\"url\":\"https:\\\/\\\/aleasoft.com\\\/fr\\\/produits-et-services\\\/prevision-energie-eolienne\\\/\",\"name\":\"Pr\u00e9vision de l'\u00e9nergie \u00e9olienne - AleaSoft Energy Forecasting\",\"isPartOf\":{\"@id\":\"https:\\\/\\\/aleasoft.com\\\/#website\"},\"primaryImageOfPage\":{\"@id\":\"https:\\\/\\\/aleasoft.com\\\/fr\\\/produits-et-services\\\/prevision-energie-eolienne\\\/#primaryimage\"},\"image\":{\"@id\":\"https:\\\/\\\/aleasoft.com\\\/fr\\\/produits-et-services\\\/prevision-energie-eolienne\\\/#primaryimage\"},\"thumbnailUrl\":\"https:\\\/\\\/aleasoft.com\\\/wp-content\\\/uploads\\\/2018\\\/05\\\/aleasoft-logo.jpg\",\"datePublished\":\"2020-01-17T19:58:54+00:00\",\"dateModified\":\"2024-03-11T15:33:55+00:00\",\"breadcrumb\":{\"@id\":\"https:\\\/\\\/aleasoft.com\\\/fr\\\/produits-et-services\\\/prevision-energie-eolienne\\\/#breadcrumb\"},\"inLanguage\":\"fr-FR\",\"potentialAction\":[{\"@type\":\"ReadAction\",\"target\":[\"https:\\\/\\\/aleasoft.com\\\/fr\\\/produits-et-services\\\/prevision-energie-eolienne\\\/\"]}]},{\"@type\":\"ImageObject\",\"inLanguage\":\"fr-FR\",\"@id\":\"https:\\\/\\\/aleasoft.com\\\/fr\\\/produits-et-services\\\/prevision-energie-eolienne\\\/#primaryimage\",\"url\":\"https:\\\/\\\/aleasoft.com\\\/wp-content\\\/uploads\\\/2018\\\/05\\\/aleasoft-logo.jpg\",\"contentUrl\":\"https:\\\/\\\/aleasoft.com\\\/wp-content\\\/uploads\\\/2018\\\/05\\\/aleasoft-logo.jpg\",\"width\":2560,\"height\":538},{\"@type\":\"BreadcrumbList\",\"@id\":\"https:\\\/\\\/aleasoft.com\\\/fr\\\/produits-et-services\\\/prevision-energie-eolienne\\\/#breadcrumb\",\"itemListElement\":[{\"@type\":\"ListItem\",\"position\":1,\"name\":\"Home\",\"item\":\"https:\\\/\\\/aleasoft.com\\\/\"},{\"@type\":\"ListItem\",\"position\":2,\"name\":\"Produits et services\",\"item\":\"https:\\\/\\\/aleasoft.com\\\/fr\\\/produits-et-services\\\/\"},{\"@type\":\"ListItem\",\"position\":3,\"name\":\"Pr\u00e9vision de l&#8217;\u00e9nergie \u00e9olienne\"}]},{\"@type\":\"WebSite\",\"@id\":\"https:\\\/\\\/aleasoft.com\\\/#website\",\"url\":\"https:\\\/\\\/aleasoft.com\\\/\",\"name\":\"AleaSoft Energy Forecasting\",\"description\":\"Energy Forecasting\",\"publisher\":{\"@id\":\"https:\\\/\\\/aleasoft.com\\\/#organization\"},\"potentialAction\":[{\"@type\":\"SearchAction\",\"target\":{\"@type\":\"EntryPoint\",\"urlTemplate\":\"https:\\\/\\\/aleasoft.com\\\/?s={search_term_string}\"},\"query-input\":{\"@type\":\"PropertyValueSpecification\",\"valueRequired\":true,\"valueName\":\"search_term_string\"}}],\"inLanguage\":\"fr-FR\"},{\"@type\":\"Organization\",\"@id\":\"https:\\\/\\\/aleasoft.com\\\/#organization\",\"name\":\"AleaSoft Energy Forecasting\",\"url\":\"https:\\\/\\\/aleasoft.com\\\/\",\"logo\":{\"@type\":\"ImageObject\",\"inLanguage\":\"fr-FR\",\"@id\":\"https:\\\/\\\/aleasoft.com\\\/#\\\/schema\\\/logo\\\/image\\\/\",\"url\":\"https:\\\/\\\/aleasoft.com\\\/wp-content\\\/uploads\\\/2020\\\/01\\\/logo-alea-25.svg\",\"contentUrl\":\"https:\\\/\\\/aleasoft.com\\\/wp-content\\\/uploads\\\/2020\\\/01\\\/logo-alea-25.svg\",\"width\":7047,\"height\":1416,\"caption\":\"AleaSoft Energy Forecasting\"},\"image\":{\"@id\":\"https:\\\/\\\/aleasoft.com\\\/#\\\/schema\\\/logo\\\/image\\\/\"},\"sameAs\":[\"https:\\\/\\\/www.facebook.com\\\/AleaSoft\\\/\",\"https:\\\/\\\/x.com\\\/AleaSoftEnergy\",\"https:\\\/\\\/www.linkedin.com\\\/company\\\/aleasoft\\\/\"]}]}<\/script>\n<!-- \/ Yoast SEO Premium plugin. -->","yoast_head_json":{"title":"Pr\u00e9vision de l'\u00e9nergie \u00e9olienne - AleaSoft Energy Forecasting","robots":{"index":"index","follow":"follow","max-snippet":"max-snippet:-1","max-image-preview":"max-image-preview:large","max-video-preview":"max-video-preview:-1"},"canonical":"https:\/\/aleasoft.com\/fr\/produits-et-services\/prevision-energie-eolienne\/","og_locale":"fr_FR","og_type":"article","og_title":"Pr\u00e9vision de l'\u00e9nergie \u00e9olienne","og_description":"Aleasoft propose des pr\u00e9visions de production d&rsquo;\u00e9nergie \u00e9olienne \u00e0 court, moyen et long terme. Les pr\u00e9visions d&rsquo;\u00e9nergie \u00e9olienne d&rsquo;AleaSoft font partie de la famille des pr\u00e9visions de production d&rsquo;\u00e9nergies renouvelables. AleaSoft reconna\u00eet l&rsquo;importance des pr\u00e9visions sur l&rsquo;\u00e9nergie \u00e9olienne pour fournir de meilleures pr\u00e9visions de prix pour les march\u00e9s de l&rsquo;\u00e9nergie, \u00e9tant l&rsquo;une des principales variables [&hellip;]","og_url":"https:\/\/aleasoft.com\/fr\/produits-et-services\/prevision-energie-eolienne\/","og_site_name":"AleaSoft Energy Forecasting","article_publisher":"https:\/\/www.facebook.com\/AleaSoft\/","article_modified_time":"2024-03-11T15:33:55+00:00","og_image":[{"width":2560,"height":538,"url":"https:\/\/aleasoft.com\/wp-content\/uploads\/2018\/05\/aleasoft-logo.jpg","type":"image\/jpeg"}],"twitter_card":"summary_large_image","twitter_site":"@AleaSoftEnergy","twitter_misc":{"Dur\u00e9e de lecture estim\u00e9e":"1 minute"},"schema":{"@context":"https:\/\/schema.org","@graph":[{"@type":"WebPage","@id":"https:\/\/aleasoft.com\/es\/productos-y-servicios\/previsiones-energia-eolica\/","url":"https:\/\/aleasoft.com\/fr\/produits-et-services\/prevision-energie-eolienne\/","name":"Pr\u00e9vision de l'\u00e9nergie \u00e9olienne - AleaSoft Energy Forecasting","isPartOf":{"@id":"https:\/\/aleasoft.com\/#website"},"primaryImageOfPage":{"@id":"https:\/\/aleasoft.com\/fr\/produits-et-services\/prevision-energie-eolienne\/#primaryimage"},"image":{"@id":"https:\/\/aleasoft.com\/fr\/produits-et-services\/prevision-energie-eolienne\/#primaryimage"},"thumbnailUrl":"https:\/\/aleasoft.com\/wp-content\/uploads\/2018\/05\/aleasoft-logo.jpg","datePublished":"2020-01-17T19:58:54+00:00","dateModified":"2024-03-11T15:33:55+00:00","breadcrumb":{"@id":"https:\/\/aleasoft.com\/fr\/produits-et-services\/prevision-energie-eolienne\/#breadcrumb"},"inLanguage":"fr-FR","potentialAction":[{"@type":"ReadAction","target":["https:\/\/aleasoft.com\/fr\/produits-et-services\/prevision-energie-eolienne\/"]}]},{"@type":"ImageObject","inLanguage":"fr-FR","@id":"https:\/\/aleasoft.com\/fr\/produits-et-services\/prevision-energie-eolienne\/#primaryimage","url":"https:\/\/aleasoft.com\/wp-content\/uploads\/2018\/05\/aleasoft-logo.jpg","contentUrl":"https:\/\/aleasoft.com\/wp-content\/uploads\/2018\/05\/aleasoft-logo.jpg","width":2560,"height":538},{"@type":"BreadcrumbList","@id":"https:\/\/aleasoft.com\/fr\/produits-et-services\/prevision-energie-eolienne\/#breadcrumb","itemListElement":[{"@type":"ListItem","position":1,"name":"Home","item":"https:\/\/aleasoft.com\/"},{"@type":"ListItem","position":2,"name":"Produits et services","item":"https:\/\/aleasoft.com\/fr\/produits-et-services\/"},{"@type":"ListItem","position":3,"name":"Pr\u00e9vision de l&#8217;\u00e9nergie \u00e9olienne"}]},{"@type":"WebSite","@id":"https:\/\/aleasoft.com\/#website","url":"https:\/\/aleasoft.com\/","name":"AleaSoft Energy Forecasting","description":"Energy Forecasting","publisher":{"@id":"https:\/\/aleasoft.com\/#organization"},"potentialAction":[{"@type":"SearchAction","target":{"@type":"EntryPoint","urlTemplate":"https:\/\/aleasoft.com\/?s={search_term_string}"},"query-input":{"@type":"PropertyValueSpecification","valueRequired":true,"valueName":"search_term_string"}}],"inLanguage":"fr-FR"},{"@type":"Organization","@id":"https:\/\/aleasoft.com\/#organization","name":"AleaSoft Energy Forecasting","url":"https:\/\/aleasoft.com\/","logo":{"@type":"ImageObject","inLanguage":"fr-FR","@id":"https:\/\/aleasoft.com\/#\/schema\/logo\/image\/","url":"https:\/\/aleasoft.com\/wp-content\/uploads\/2020\/01\/logo-alea-25.svg","contentUrl":"https:\/\/aleasoft.com\/wp-content\/uploads\/2020\/01\/logo-alea-25.svg","width":7047,"height":1416,"caption":"AleaSoft Energy Forecasting"},"image":{"@id":"https:\/\/aleasoft.com\/#\/schema\/logo\/image\/"},"sameAs":["https:\/\/www.facebook.com\/AleaSoft\/","https:\/\/x.com\/AleaSoftEnergy","https:\/\/www.linkedin.com\/company\/aleasoft\/"]}]}},"_links":{"self":[{"href":"https:\/\/aleasoft.com\/fr\/wp-json\/wp\/v2\/pages\/44263","targetHints":{"allow":["GET"]}}],"collection":[{"href":"https:\/\/aleasoft.com\/fr\/wp-json\/wp\/v2\/pages"}],"about":[{"href":"https:\/\/aleasoft.com\/fr\/wp-json\/wp\/v2\/types\/page"}],"author":[{"embeddable":true,"href":"https:\/\/aleasoft.com\/fr\/wp-json\/wp\/v2\/users\/1"}],"replies":[{"embeddable":true,"href":"https:\/\/aleasoft.com\/fr\/wp-json\/wp\/v2\/comments?post=44263"}],"version-history":[{"count":0,"href":"https:\/\/aleasoft.com\/fr\/wp-json\/wp\/v2\/pages\/44263\/revisions"}],"up":[{"embeddable":true,"href":"https:\/\/aleasoft.com\/fr\/wp-json\/wp\/v2\/pages\/44243"}],"wp:featuredmedia":[{"embeddable":true,"href":"https:\/\/aleasoft.com\/fr\/wp-json\/wp\/v2\/media\/60306"}],"wp:attachment":[{"href":"https:\/\/aleasoft.com\/fr\/wp-json\/wp\/v2\/media?parent=44263"}],"curies":[{"name":"wp","href":"https:\/\/api.w.org\/{rel}","templated":true}]}}