{"id":108568,"date":"2021-01-19T11:37:25","date_gmt":"2021-01-19T10:37:25","guid":{"rendered":"https:\/\/aleasoft.com\/?page_id=108568"},"modified":"2024-03-05T16:41:09","modified_gmt":"2024-03-05T15:41:09","slug":"alea-energy-database-aleaapp","status":"publish","type":"page","link":"https:\/\/aleasoft.com\/it\/prodotti-e-servizi\/alea-energy-database-aleaapp\/","title":{"rendered":"Piattaforma online Alea Energy DataBase (AleaApp)"},"content":{"rendered":"\t\t<div data-elementor-type=\"wp-page\" data-elementor-id=\"108568\" class=\"elementor elementor-108568\" data-elementor-post-type=\"page\">\n\t\t\t\t\t\t<section class=\"elementor-section elementor-top-section elementor-element elementor-element-a3022e8 elementor-section-boxed elementor-section-height-default elementor-section-height-default\" data-id=\"a3022e8\" data-element_type=\"section\" data-e-type=\"section\">\n\t\t\t\t\t\t<div class=\"elementor-container elementor-column-gap-default\">\n\t\t\t\t\t<div class=\"elementor-column elementor-col-100 elementor-top-column elementor-element elementor-element-618e415\" data-id=\"618e415\" data-element_type=\"column\" data-e-type=\"column\">\n\t\t\t<div class=\"elementor-widget-wrap elementor-element-populated\">\n\t\t\t\t\t\t<div class=\"elementor-element elementor-element-b803253 elementor-nav-menu__align-center menu-dropdown-distance elementor-nav-menu--dropdown-tablet elementor-nav-menu__text-align-aside elementor-widget elementor-widget-global elementor-global-86363 elementor-widget-nav-menu\" data-id=\"b803253\" data-element_type=\"widget\" data-e-type=\"widget\" data-settings=\"{&quot;layout&quot;:&quot;horizontal&quot;,&quot;submenu_icon&quot;:{&quot;value&quot;:&quot;fas fa-caret-down&quot;,&quot;library&quot;:&quot;fa-solid&quot;}}\" data-widget_type=\"nav-menu.default\">\n\t\t\t\t<div class=\"elementor-widget-container\">\n\t\t\t\t\t\t\t\t<nav aria-label=\"Menu\" class=\"elementor-nav-menu--main elementor-nav-menu__container elementor-nav-menu--layout-horizontal e--pointer-background e--animation-fade\">\n\t\t\t\t<ul id=\"menu-1-b803253\" class=\"elementor-nav-menu\"><li class=\"menu-item menu-item-type-post_type menu-item-object-page menu-item-43983\"><a href=\"https:\/\/aleasoft.com\/it\/servizi\/previsioni-dei-prezzi\/\" class=\"elementor-item\">Previsioni dei prezzi<\/a><\/li>\n<li class=\"menu-item menu-item-type-post_type menu-item-object-page menu-item-43984\"><a href=\"https:\/\/aleasoft.com\/it\/servizi\/previsioni-del-fabbisogno\/\" class=\"elementor-item\">Previsioni del fabbisogno<\/a><\/li>\n<li class=\"menu-item menu-item-type-post_type menu-item-object-page menu-item-118410\"><a href=\"https:\/\/aleasoft.com\/it\/servizi\/previsioni-energie-rinnovabili\/\" class=\"elementor-item\">Previsioni sulle energie rinnovabili<\/a><\/li>\n<li class=\"menu-item menu-item-type-post_type menu-item-object-page menu-item-118411\"><a href=\"https:\/\/aleasoft.com\/it\/prodotti-e-servizi\/alea-energy-database-aleaapp\/\" class=\"elementor-item\">Piattaforma online Alea Energy DataBase (AleaApp)<\/a><\/li>\n<li class=\"menu-item menu-item-type-post_type menu-item-object-page menu-item-93639\"><a href=\"https:\/\/aleasoft.com\/it\/servizi\/previsioni-energie-rinnovabili\/\" class=\"elementor-item\">Previsioni sulle energie rinnovabili<\/a><\/li>\n<\/ul>\t\t\t<\/nav>\n\t\t\t\t\t\t<nav class=\"elementor-nav-menu--dropdown elementor-nav-menu__container\" aria-hidden=\"true\">\n\t\t\t\t<ul id=\"menu-2-b803253\" class=\"elementor-nav-menu\"><li class=\"menu-item menu-item-type-post_type menu-item-object-page menu-item-43983\"><a href=\"https:\/\/aleasoft.com\/it\/servizi\/previsioni-dei-prezzi\/\" class=\"elementor-item\" tabindex=\"-1\">Previsioni dei prezzi<\/a><\/li>\n<li class=\"menu-item menu-item-type-post_type menu-item-object-page menu-item-43984\"><a href=\"https:\/\/aleasoft.com\/it\/servizi\/previsioni-del-fabbisogno\/\" class=\"elementor-item\" tabindex=\"-1\">Previsioni del fabbisogno<\/a><\/li>\n<li class=\"menu-item menu-item-type-post_type menu-item-object-page menu-item-118410\"><a href=\"https:\/\/aleasoft.com\/it\/servizi\/previsioni-energie-rinnovabili\/\" class=\"elementor-item\" tabindex=\"-1\">Previsioni sulle energie rinnovabili<\/a><\/li>\n<li class=\"menu-item menu-item-type-post_type menu-item-object-page menu-item-118411\"><a href=\"https:\/\/aleasoft.com\/it\/prodotti-e-servizi\/alea-energy-database-aleaapp\/\" class=\"elementor-item\" tabindex=\"-1\">Piattaforma online Alea Energy DataBase (AleaApp)<\/a><\/li>\n<li class=\"menu-item menu-item-type-post_type menu-item-object-page menu-item-93639\"><a href=\"https:\/\/aleasoft.com\/it\/servizi\/previsioni-energie-rinnovabili\/\" class=\"elementor-item\" tabindex=\"-1\">Previsioni sulle energie rinnovabili<\/a><\/li>\n<\/ul>\t\t\t<\/nav>\n\t\t\t\t\t\t<\/div>\n\t\t\t\t<\/div>\n\t\t\t\t\t<\/div>\n\t\t<\/div>\n\t\t\t\t\t<\/div>\n\t\t<\/section>\n\t\t\t\t<section class=\"elementor-section elementor-top-section elementor-element elementor-element-3ca551a elementor-section-boxed elementor-section-height-default elementor-section-height-default\" data-id=\"3ca551a\" data-element_type=\"section\" data-e-type=\"section\">\n\t\t\t\t\t\t<div class=\"elementor-container elementor-column-gap-default\">\n\t\t\t\t\t<div class=\"elementor-column elementor-col-100 elementor-top-column elementor-element elementor-element-e015d43\" data-id=\"e015d43\" data-element_type=\"column\" data-e-type=\"column\">\n\t\t\t<div class=\"elementor-widget-wrap elementor-element-populated\">\n\t\t\t\t\t\t<div class=\"elementor-element elementor-element-36a2a7d elementor-widget elementor-widget-heading\" data-id=\"36a2a7d\" data-element_type=\"widget\" data-e-type=\"widget\" data-widget_type=\"heading.default\">\n\t\t\t\t<div class=\"elementor-widget-container\">\n\t\t\t\t\t<h2 class=\"elementor-heading-title elementor-size-default\">Piattaforma online Alea Energy DataBase (AleaApp)<\/h2>\t\t\t\t<\/div>\n\t\t\t\t<\/div>\n\t\t\t\t\t<\/div>\n\t\t<\/div>\n\t\t\t\t\t<\/div>\n\t\t<\/section>\n\t\t\t\t<section class=\"elementor-section elementor-top-section elementor-element elementor-element-8344c56 elementor-section-boxed elementor-section-height-default elementor-section-height-default\" data-id=\"8344c56\" data-element_type=\"section\" data-e-type=\"section\">\n\t\t\t\t\t\t<div class=\"elementor-container elementor-column-gap-default\">\n\t\t\t\t\t<div class=\"elementor-column elementor-col-100 elementor-top-column elementor-element elementor-element-d781948\" data-id=\"d781948\" data-element_type=\"column\" data-e-type=\"column\">\n\t\t\t<div class=\"elementor-widget-wrap elementor-element-populated\">\n\t\t\t\t\t\t<div class=\"elementor-element elementor-element-937f432 elementor-widget elementor-widget-text-editor\" data-id=\"937f432\" data-element_type=\"widget\" data-e-type=\"widget\" data-widget_type=\"text-editor.default\">\n\t\t\t\t<div class=\"elementor-widget-container\">\n\t\t\t\t\t\t\t\t\t<p><strong>AleaSoft<\/strong> ha sviluppato la <strong>Alea Energy DataBase (AleaApp)<\/strong>\u00a0per la compilazione, visualizzazione e analisi dei dati relativi ai mercati dell\u2019energia.<\/p><p>La <strong>Alea Energy DataBase (AleaApp)<\/strong>\u00a0\u00e8 composta da osservatori, che sono costituiti da un insieme di serie temporali correlate. Ad esempio, l&#8217;osservatorio del mercato elettrico spagnolo include la serie dei prezzi di mercato MIBEL, la domanda, la temperatura e la produzione per tecnologia. L&#8217;osservatorio sui carburanti include i prezzi dei principali mercati di gas, Brent, carbone, diritti di emissione di CO<sub>2<\/sub> e il tasso di cambio dell&#8217;Eurodollaro. Ogni serie pu\u00f2 essere consultata singolarmente, ma anche le serie che compongono un osservatorio possono essere rappresentate congiuntamente.<\/p><p>I dati della <strong>Alea Energy DataBase (AleaApp)<\/strong>\u00a0vengono compilati in pi\u00f9 occasioni ogni giorno, il che garantisce che siano aggiornati.<\/p><p>Per personalizzare la visualizzazione e facilitare l&#8217;analisi dei dati, sono presenti dei controlli che consentono:<\/p><ul><li>Selezionare un intervallo di date<\/li><li>Mostra nel grafico il confronto delle ultime N settimane o mesi, dove N \u00e8 un valore che pu\u00f2 essere specificato dall&#8217;utente<\/li><li>Selezionare la granularit\u00e0 in cui verranno visualizzati i dati. Ci\u00f2 ti consente di convertire dinamicamente la granularit\u00e0 dei tuoi dati. Ad esempio, nella serie dei prezzi di mercato MIBEL dell&#8217;osservatorio spagnolo, che originariamente ha una granularit\u00e0 oraria, puoi scegliere di mostrare la media mensile<\/li><li>Calcola e visualizza la media mobile semplice<\/li><\/ul>\t\t\t\t\t\t\t\t<\/div>\n\t\t\t\t<\/div>\n\t\t\t\t\t<\/div>\n\t\t<\/div>\n\t\t\t\t\t<\/div>\n\t\t<\/section>\n\t\t\t\t<section class=\"elementor-section elementor-top-section elementor-element elementor-element-abf2b08 elementor-section-boxed elementor-section-height-default elementor-section-height-default\" data-id=\"abf2b08\" data-element_type=\"section\" data-e-type=\"section\">\n\t\t\t\t\t\t<div class=\"elementor-container elementor-column-gap-default\">\n\t\t\t\t\t<div class=\"elementor-column elementor-col-100 elementor-top-column elementor-element elementor-element-dc5fedb\" data-id=\"dc5fedb\" data-element_type=\"column\" data-e-type=\"column\">\n\t\t\t<div class=\"elementor-widget-wrap elementor-element-populated\">\n\t\t\t\t\t\t<div class=\"elementor-element elementor-element-ceefed7 elementor-widget elementor-widget-image\" data-id=\"ceefed7\" data-element_type=\"widget\" data-e-type=\"widget\" data-widget_type=\"image.default\">\n\t\t\t\t<div class=\"elementor-widget-container\">\n\t\t\t\t\t\t\t\t\t\t\t\t\t\t\t<img fetchpriority=\"high\" decoding=\"async\" width=\"800\" height=\"280\" src=\"https:\/\/aleasoft.com\/wp-content\/uploads\/2021\/01\/aleaapp-observatory-spain-chart-1024x358.png\" class=\"attachment-large size-large wp-image-108577\" alt=\"\" srcset=\"https:\/\/aleasoft.com\/wp-content\/uploads\/2021\/01\/aleaapp-observatory-spain-chart-1024x358.png 1024w, https:\/\/aleasoft.com\/wp-content\/uploads\/2021\/01\/aleaapp-observatory-spain-chart-300x105.png 300w, https:\/\/aleasoft.com\/wp-content\/uploads\/2021\/01\/aleaapp-observatory-spain-chart-150x53.png 150w, https:\/\/aleasoft.com\/wp-content\/uploads\/2021\/01\/aleaapp-observatory-spain-chart-768x269.png 768w, https:\/\/aleasoft.com\/wp-content\/uploads\/2021\/01\/aleaapp-observatory-spain-chart-1536x538.png 1536w, https:\/\/aleasoft.com\/wp-content\/uploads\/2021\/01\/aleaapp-observatory-spain-chart-2048x717.png 2048w, https:\/\/aleasoft.com\/wp-content\/uploads\/2021\/01\/aleaapp-observatory-spain-chart-20x7.png 20w\" sizes=\"(max-width: 800px) 100vw, 800px\" \/>\t\t\t\t\t\t\t\t\t\t\t\t\t\t\t<\/div>\n\t\t\t\t<\/div>\n\t\t\t\t\t<\/div>\n\t\t<\/div>\n\t\t\t\t\t<\/div>\n\t\t<\/section>\n\t\t\t\t<section class=\"elementor-section elementor-top-section elementor-element elementor-element-485b23f elementor-section-boxed elementor-section-height-default elementor-section-height-default\" data-id=\"485b23f\" data-element_type=\"section\" data-e-type=\"section\">\n\t\t\t\t\t\t<div class=\"elementor-container elementor-column-gap-default\">\n\t\t\t\t\t<div class=\"elementor-column elementor-col-100 elementor-top-column elementor-element elementor-element-920b5da\" data-id=\"920b5da\" data-element_type=\"column\" data-e-type=\"column\">\n\t\t\t<div class=\"elementor-widget-wrap elementor-element-populated\">\n\t\t\t\t\t\t<div class=\"elementor-element elementor-element-d274001 elementor-widget elementor-widget-text-editor\" data-id=\"d274001\" data-element_type=\"widget\" data-e-type=\"widget\" data-widget_type=\"text-editor.default\">\n\t\t\t\t<div class=\"elementor-widget-container\">\n\t\t\t\t\t\t\t\t\t<p><b><span lang=\"IT\">AleaSoft<\/span><\/b><span lang=\"IT\"> offre l&#8217;accesso alla <strong>Alea Energy DataBase (AleaApp)<\/strong>\u00a0tramite piani di abbonamento che ti permettono di scegliere il numero di utenti e gli osservatori a cui avrai accesso, nonch\u00e9 la possibilit\u00e0 di scaricare i dati.<\/span><\/p><p>\t\t<div data-elementor-type=\"widget\" data-elementor-id=\"92847\" class=\"elementor elementor-92847\" data-elementor-post-type=\"elementor_library\">\n\t\t\t\t\t\t<div class=\"elementor-element elementor-element-92847 elementor-widget elementor-widget-button\" data-id=\"92847\" data-element_type=\"widget\" data-e-type=\"widget\" data-widget_type=\"button.default\">\n\t\t\t\t<div class=\"elementor-widget-container\">\n\t\t\t\t\t\t\t\t\t<div class=\"elementor-button-wrapper\">\n\t\t\t\t\t<a class=\"elementor-button elementor-button-link elementor-size-sm\" href=\"#elementor-action%3Aaction%3Dpopup%3Aopen%26settings%3DeyJpZCI6IjkyODIzIiwidG9nZ2xlIjpmYWxzZX0%3D\">\n\t\t\t\t\t\t<span class=\"elementor-button-content-wrapper\">\n\t\t\t\t\t\t\t\t\t<span class=\"elementor-button-text\">Richiedi offerta<\/span>\n\t\t\t\t\t<\/span>\n\t\t\t\t\t<\/a>\n\t\t\t\t<\/div>\n\t\t\t\t\t\t\t\t<\/div>\n\t\t\t\t<\/div>\n\t\t\t\t<\/div>\n\t\t<\/p>\t\t\t\t\t\t\t\t<\/div>\n\t\t\t\t<\/div>\n\t\t\t\t\t<\/div>\n\t\t<\/div>\n\t\t\t\t\t<\/div>\n\t\t<\/section>\n\t\t\t\t<\/div>\n\t\t","protected":false},"excerpt":{"rendered":"<p>AleaSoft ha sviluppato la Alea Energy DataBase (AleaApp)\u00a0per la compilazione, visualizzazione e analisi dei dati relativi ai mercati dell\u2019energia. La Alea Energy DataBase (AleaApp)\u00a0\u00e8 composta da osservatori, che sono costituiti da un insieme di serie temporali correlate. Ad esempio, l&#8217;osservatorio del mercato elettrico spagnolo include la serie dei prezzi di mercato MIBEL, la domanda, la [&hellip;]<\/p>\n","protected":false},"author":1,"featured_media":108577,"parent":43832,"menu_order":0,"comment_status":"closed","ping_status":"closed","template":"elementor_header_footer","meta":{"footnotes":""},"class_list":["post-108568","page","type-page","status-publish","has-post-thumbnail","hentry"],"yoast_head":"<!-- This site is optimized with the Yoast SEO Premium plugin v27.5 (Yoast SEO v27.5) - https:\/\/yoast.com\/product\/yoast-seo-premium-wordpress\/ -->\n<title>Piattaforma online Alea Energy DataBase (AleaApp) - AleaSoft Energy Forecasting<\/title>\n<meta name=\"robots\" content=\"index, follow, max-snippet:-1, max-image-preview:large, max-video-preview:-1\" \/>\n<link rel=\"canonical\" href=\"https:\/\/aleasoft.com\/it\/prodotti-e-servizi\/alea-energy-database-aleaapp\/\" \/>\n<meta property=\"og:locale\" content=\"it_IT\" \/>\n<meta property=\"og:type\" content=\"article\" \/>\n<meta property=\"og:title\" content=\"Piattaforma online Alea Energy DataBase (AleaApp)\" \/>\n<meta property=\"og:description\" content=\"AleaSoft ha sviluppato la Alea Energy DataBase (AleaApp)\u00a0per la compilazione, visualizzazione e analisi dei dati relativi ai mercati dell\u2019energia. La Alea Energy DataBase (AleaApp)\u00a0\u00e8 composta da osservatori, che sono costituiti da un insieme di serie temporali correlate. Ad esempio, l&#8217;osservatorio del mercato elettrico spagnolo include la serie dei prezzi di mercato MIBEL, la domanda, la [&hellip;]\" \/>\n<meta property=\"og:url\" content=\"https:\/\/aleasoft.com\/it\/prodotti-e-servizi\/alea-energy-database-aleaapp\/\" \/>\n<meta property=\"og:site_name\" content=\"AleaSoft Energy Forecasting\" \/>\n<meta property=\"article:publisher\" content=\"https:\/\/www.facebook.com\/AleaSoft\/\" \/>\n<meta property=\"article:modified_time\" content=\"2024-03-05T15:41:09+00:00\" \/>\n<meta property=\"og:image\" content=\"https:\/\/aleasoft.com\/wp-content\/uploads\/2021\/01\/aleaapp-observatory-spain-chart.png\" \/>\n\t<meta property=\"og:image:width\" content=\"3360\" \/>\n\t<meta property=\"og:image:height\" content=\"1176\" \/>\n\t<meta property=\"og:image:type\" content=\"image\/png\" \/>\n<meta name=\"twitter:card\" content=\"summary_large_image\" \/>\n<meta name=\"twitter:site\" content=\"@AleaSoftEnergy\" \/>\n<meta name=\"twitter:label1\" content=\"Tempo di lettura stimato\" \/>\n\t<meta name=\"twitter:data1\" content=\"2 minuti\" \/>\n<script type=\"application\/ld+json\" class=\"yoast-schema-graph\">{\"@context\":\"https:\\\/\\\/schema.org\",\"@graph\":[{\"@type\":\"WebPage\",\"@id\":\"https:\\\/\\\/aleasoft.com\\\/it\\\/prodotti-e-servizi\\\/alea-energy-database-aleaapp\\\/\",\"url\":\"https:\\\/\\\/aleasoft.com\\\/it\\\/prodotti-e-servizi\\\/alea-energy-database-aleaapp\\\/\",\"name\":\"Piattaforma online Alea Energy DataBase (AleaApp) - AleaSoft Energy Forecasting\",\"isPartOf\":{\"@id\":\"https:\\\/\\\/aleasoft.com\\\/#website\"},\"primaryImageOfPage\":{\"@id\":\"https:\\\/\\\/aleasoft.com\\\/it\\\/prodotti-e-servizi\\\/alea-energy-database-aleaapp\\\/#primaryimage\"},\"image\":{\"@id\":\"https:\\\/\\\/aleasoft.com\\\/it\\\/prodotti-e-servizi\\\/alea-energy-database-aleaapp\\\/#primaryimage\"},\"thumbnailUrl\":\"https:\\\/\\\/aleasoft.com\\\/wp-content\\\/uploads\\\/2021\\\/01\\\/aleaapp-observatory-spain-chart.png\",\"datePublished\":\"2021-01-19T10:37:25+00:00\",\"dateModified\":\"2024-03-05T15:41:09+00:00\",\"breadcrumb\":{\"@id\":\"https:\\\/\\\/aleasoft.com\\\/it\\\/prodotti-e-servizi\\\/alea-energy-database-aleaapp\\\/#breadcrumb\"},\"inLanguage\":\"it-IT\",\"potentialAction\":[{\"@type\":\"ReadAction\",\"target\":[\"https:\\\/\\\/aleasoft.com\\\/it\\\/prodotti-e-servizi\\\/alea-energy-database-aleaapp\\\/\"]}]},{\"@type\":\"ImageObject\",\"inLanguage\":\"it-IT\",\"@id\":\"https:\\\/\\\/aleasoft.com\\\/it\\\/prodotti-e-servizi\\\/alea-energy-database-aleaapp\\\/#primaryimage\",\"url\":\"https:\\\/\\\/aleasoft.com\\\/wp-content\\\/uploads\\\/2021\\\/01\\\/aleaapp-observatory-spain-chart.png\",\"contentUrl\":\"https:\\\/\\\/aleasoft.com\\\/wp-content\\\/uploads\\\/2021\\\/01\\\/aleaapp-observatory-spain-chart.png\",\"width\":3360,\"height\":1176},{\"@type\":\"BreadcrumbList\",\"@id\":\"https:\\\/\\\/aleasoft.com\\\/it\\\/prodotti-e-servizi\\\/alea-energy-database-aleaapp\\\/#breadcrumb\",\"itemListElement\":[{\"@type\":\"ListItem\",\"position\":1,\"name\":\"Home\",\"item\":\"https:\\\/\\\/aleasoft.com\\\/\"},{\"@type\":\"ListItem\",\"position\":2,\"name\":\"Servizi\",\"item\":\"https:\\\/\\\/aleasoft.com\\\/it\\\/prodotti-e-servizi\\\/\"},{\"@type\":\"ListItem\",\"position\":3,\"name\":\"Piattaforma online Alea Energy DataBase (AleaApp)\"}]},{\"@type\":\"WebSite\",\"@id\":\"https:\\\/\\\/aleasoft.com\\\/#website\",\"url\":\"https:\\\/\\\/aleasoft.com\\\/\",\"name\":\"AleaSoft Energy Forecasting\",\"description\":\"Energy Forecasting\",\"publisher\":{\"@id\":\"https:\\\/\\\/aleasoft.com\\\/#organization\"},\"potentialAction\":[{\"@type\":\"SearchAction\",\"target\":{\"@type\":\"EntryPoint\",\"urlTemplate\":\"https:\\\/\\\/aleasoft.com\\\/?s={search_term_string}\"},\"query-input\":{\"@type\":\"PropertyValueSpecification\",\"valueRequired\":true,\"valueName\":\"search_term_string\"}}],\"inLanguage\":\"it-IT\"},{\"@type\":\"Organization\",\"@id\":\"https:\\\/\\\/aleasoft.com\\\/#organization\",\"name\":\"AleaSoft Energy Forecasting\",\"url\":\"https:\\\/\\\/aleasoft.com\\\/\",\"logo\":{\"@type\":\"ImageObject\",\"inLanguage\":\"it-IT\",\"@id\":\"https:\\\/\\\/aleasoft.com\\\/#\\\/schema\\\/logo\\\/image\\\/\",\"url\":\"https:\\\/\\\/aleasoft.com\\\/wp-content\\\/uploads\\\/2020\\\/01\\\/logo-alea-25.svg\",\"contentUrl\":\"https:\\\/\\\/aleasoft.com\\\/wp-content\\\/uploads\\\/2020\\\/01\\\/logo-alea-25.svg\",\"width\":7047,\"height\":1416,\"caption\":\"AleaSoft Energy Forecasting\"},\"image\":{\"@id\":\"https:\\\/\\\/aleasoft.com\\\/#\\\/schema\\\/logo\\\/image\\\/\"},\"sameAs\":[\"https:\\\/\\\/www.facebook.com\\\/AleaSoft\\\/\",\"https:\\\/\\\/x.com\\\/AleaSoftEnergy\",\"https:\\\/\\\/www.linkedin.com\\\/company\\\/aleasoft\\\/\"]}]}<\/script>\n<!-- \/ Yoast SEO Premium plugin. -->","yoast_head_json":{"title":"Piattaforma online Alea Energy DataBase (AleaApp) - AleaSoft Energy Forecasting","robots":{"index":"index","follow":"follow","max-snippet":"max-snippet:-1","max-image-preview":"max-image-preview:large","max-video-preview":"max-video-preview:-1"},"canonical":"https:\/\/aleasoft.com\/it\/prodotti-e-servizi\/alea-energy-database-aleaapp\/","og_locale":"it_IT","og_type":"article","og_title":"Piattaforma online Alea Energy DataBase (AleaApp)","og_description":"AleaSoft ha sviluppato la Alea Energy DataBase (AleaApp)\u00a0per la compilazione, visualizzazione e analisi dei dati relativi ai mercati dell\u2019energia. La Alea Energy DataBase (AleaApp)\u00a0\u00e8 composta da osservatori, che sono costituiti da un insieme di serie temporali correlate. Ad esempio, l&#8217;osservatorio del mercato elettrico spagnolo include la serie dei prezzi di mercato MIBEL, la domanda, la [&hellip;]","og_url":"https:\/\/aleasoft.com\/it\/prodotti-e-servizi\/alea-energy-database-aleaapp\/","og_site_name":"AleaSoft Energy Forecasting","article_publisher":"https:\/\/www.facebook.com\/AleaSoft\/","article_modified_time":"2024-03-05T15:41:09+00:00","og_image":[{"width":3360,"height":1176,"url":"https:\/\/aleasoft.com\/wp-content\/uploads\/2021\/01\/aleaapp-observatory-spain-chart.png","type":"image\/png"}],"twitter_card":"summary_large_image","twitter_site":"@AleaSoftEnergy","twitter_misc":{"Tempo di lettura stimato":"2 minuti"},"schema":{"@context":"https:\/\/schema.org","@graph":[{"@type":"WebPage","@id":"https:\/\/aleasoft.com\/it\/prodotti-e-servizi\/alea-energy-database-aleaapp\/","url":"https:\/\/aleasoft.com\/it\/prodotti-e-servizi\/alea-energy-database-aleaapp\/","name":"Piattaforma online Alea Energy DataBase (AleaApp) - AleaSoft Energy Forecasting","isPartOf":{"@id":"https:\/\/aleasoft.com\/#website"},"primaryImageOfPage":{"@id":"https:\/\/aleasoft.com\/it\/prodotti-e-servizi\/alea-energy-database-aleaapp\/#primaryimage"},"image":{"@id":"https:\/\/aleasoft.com\/it\/prodotti-e-servizi\/alea-energy-database-aleaapp\/#primaryimage"},"thumbnailUrl":"https:\/\/aleasoft.com\/wp-content\/uploads\/2021\/01\/aleaapp-observatory-spain-chart.png","datePublished":"2021-01-19T10:37:25+00:00","dateModified":"2024-03-05T15:41:09+00:00","breadcrumb":{"@id":"https:\/\/aleasoft.com\/it\/prodotti-e-servizi\/alea-energy-database-aleaapp\/#breadcrumb"},"inLanguage":"it-IT","potentialAction":[{"@type":"ReadAction","target":["https:\/\/aleasoft.com\/it\/prodotti-e-servizi\/alea-energy-database-aleaapp\/"]}]},{"@type":"ImageObject","inLanguage":"it-IT","@id":"https:\/\/aleasoft.com\/it\/prodotti-e-servizi\/alea-energy-database-aleaapp\/#primaryimage","url":"https:\/\/aleasoft.com\/wp-content\/uploads\/2021\/01\/aleaapp-observatory-spain-chart.png","contentUrl":"https:\/\/aleasoft.com\/wp-content\/uploads\/2021\/01\/aleaapp-observatory-spain-chart.png","width":3360,"height":1176},{"@type":"BreadcrumbList","@id":"https:\/\/aleasoft.com\/it\/prodotti-e-servizi\/alea-energy-database-aleaapp\/#breadcrumb","itemListElement":[{"@type":"ListItem","position":1,"name":"Home","item":"https:\/\/aleasoft.com\/"},{"@type":"ListItem","position":2,"name":"Servizi","item":"https:\/\/aleasoft.com\/it\/prodotti-e-servizi\/"},{"@type":"ListItem","position":3,"name":"Piattaforma online Alea Energy DataBase (AleaApp)"}]},{"@type":"WebSite","@id":"https:\/\/aleasoft.com\/#website","url":"https:\/\/aleasoft.com\/","name":"AleaSoft Energy Forecasting","description":"Energy Forecasting","publisher":{"@id":"https:\/\/aleasoft.com\/#organization"},"potentialAction":[{"@type":"SearchAction","target":{"@type":"EntryPoint","urlTemplate":"https:\/\/aleasoft.com\/?s={search_term_string}"},"query-input":{"@type":"PropertyValueSpecification","valueRequired":true,"valueName":"search_term_string"}}],"inLanguage":"it-IT"},{"@type":"Organization","@id":"https:\/\/aleasoft.com\/#organization","name":"AleaSoft Energy Forecasting","url":"https:\/\/aleasoft.com\/","logo":{"@type":"ImageObject","inLanguage":"it-IT","@id":"https:\/\/aleasoft.com\/#\/schema\/logo\/image\/","url":"https:\/\/aleasoft.com\/wp-content\/uploads\/2020\/01\/logo-alea-25.svg","contentUrl":"https:\/\/aleasoft.com\/wp-content\/uploads\/2020\/01\/logo-alea-25.svg","width":7047,"height":1416,"caption":"AleaSoft Energy Forecasting"},"image":{"@id":"https:\/\/aleasoft.com\/#\/schema\/logo\/image\/"},"sameAs":["https:\/\/www.facebook.com\/AleaSoft\/","https:\/\/x.com\/AleaSoftEnergy","https:\/\/www.linkedin.com\/company\/aleasoft\/"]}]}},"_links":{"self":[{"href":"https:\/\/aleasoft.com\/it\/wp-json\/wp\/v2\/pages\/108568","targetHints":{"allow":["GET"]}}],"collection":[{"href":"https:\/\/aleasoft.com\/it\/wp-json\/wp\/v2\/pages"}],"about":[{"href":"https:\/\/aleasoft.com\/it\/wp-json\/wp\/v2\/types\/page"}],"author":[{"embeddable":true,"href":"https:\/\/aleasoft.com\/it\/wp-json\/wp\/v2\/users\/1"}],"replies":[{"embeddable":true,"href":"https:\/\/aleasoft.com\/it\/wp-json\/wp\/v2\/comments?post=108568"}],"version-history":[{"count":0,"href":"https:\/\/aleasoft.com\/it\/wp-json\/wp\/v2\/pages\/108568\/revisions"}],"up":[{"embeddable":true,"href":"https:\/\/aleasoft.com\/it\/wp-json\/wp\/v2\/pages\/43832"}],"wp:featuredmedia":[{"embeddable":true,"href":"https:\/\/aleasoft.com\/it\/wp-json\/wp\/v2\/media\/108577"}],"wp:attachment":[{"href":"https:\/\/aleasoft.com\/it\/wp-json\/wp\/v2\/media?parent=108568"}],"curies":[{"name":"wp","href":"https:\/\/api.w.org\/{rel}","templated":true}]}}