{"id":43847,"date":"2020-01-17T22:05:38","date_gmt":"2020-01-17T21:05:38","guid":{"rendered":"https:\/\/aleasoft.com\/?page_id=43847"},"modified":"2025-03-27T16:57:55","modified_gmt":"2025-03-27T15:57:55","slug":"informativa-sulla-privacy","status":"publish","type":"page","link":"https:\/\/aleasoft.com\/it\/informativa-sulla-privacy\/","title":{"rendered":"Informativa sulla Privacy"},"content":{"rendered":"\t\t<div data-elementor-type=\"wp-page\" data-elementor-id=\"43847\" class=\"elementor elementor-43847\" data-elementor-post-type=\"page\">\n\t\t\t\t\t\t<section class=\"elementor-section elementor-top-section elementor-element elementor-element-e9eeb21 elementor-section-boxed elementor-section-height-default elementor-section-height-default\" data-id=\"e9eeb21\" data-element_type=\"section\" data-e-type=\"section\">\n\t\t\t\t\t\t<div class=\"elementor-container elementor-column-gap-default\">\n\t\t\t\t\t<div class=\"elementor-column elementor-col-100 elementor-top-column elementor-element elementor-element-2dd3c74\" data-id=\"2dd3c74\" data-element_type=\"column\" data-e-type=\"column\">\n\t\t\t<div class=\"elementor-widget-wrap elementor-element-populated\">\n\t\t\t\t\t\t<div class=\"elementor-element elementor-element-b7e654e elementor-widget elementor-widget-spacer\" data-id=\"b7e654e\" data-element_type=\"widget\" data-e-type=\"widget\" data-widget_type=\"spacer.default\">\n\t\t\t\t<div class=\"elementor-widget-container\">\n\t\t\t\t\t\t\t<div class=\"elementor-spacer\">\n\t\t\t<div class=\"elementor-spacer-inner\"><\/div>\n\t\t<\/div>\n\t\t\t\t\t\t<\/div>\n\t\t\t\t<\/div>\n\t\t\t\t<div class=\"elementor-element elementor-element-04da953 elementor-widget elementor-widget-heading\" data-id=\"04da953\" data-element_type=\"widget\" data-e-type=\"widget\" data-widget_type=\"heading.default\">\n\t\t\t\t<div class=\"elementor-widget-container\">\n\t\t\t\t\t<h1 class=\"elementor-heading-title elementor-size-default\">Informativa sulla Privacy<\/h1>\t\t\t\t<\/div>\n\t\t\t\t<\/div>\n\t\t\t\t<div class=\"elementor-element elementor-element-6ca14a5 elementor-widget elementor-widget-spacer\" data-id=\"6ca14a5\" data-element_type=\"widget\" data-e-type=\"widget\" data-widget_type=\"spacer.default\">\n\t\t\t\t<div class=\"elementor-widget-container\">\n\t\t\t\t\t\t\t<div class=\"elementor-spacer\">\n\t\t\t<div class=\"elementor-spacer-inner\"><\/div>\n\t\t<\/div>\n\t\t\t\t\t\t<\/div>\n\t\t\t\t<\/div>\n\t\t\t\t\t<\/div>\n\t\t<\/div>\n\t\t\t\t\t<\/div>\n\t\t<\/section>\n\t\t\t\t<section class=\"elementor-section elementor-top-section elementor-element elementor-element-ee43830 elementor-section-boxed elementor-section-height-default elementor-section-height-default\" data-id=\"ee43830\" data-element_type=\"section\" data-e-type=\"section\">\n\t\t\t\t\t\t<div class=\"elementor-container elementor-column-gap-default\">\n\t\t\t\t\t<div class=\"elementor-column elementor-col-100 elementor-top-column elementor-element elementor-element-dce2086\" data-id=\"dce2086\" data-element_type=\"column\" data-e-type=\"column\">\n\t\t\t<div class=\"elementor-widget-wrap elementor-element-populated\">\n\t\t\t\t\t\t<div class=\"elementor-element elementor-element-e72091a elementor-widget elementor-widget-text-editor\" data-id=\"e72091a\" data-element_type=\"widget\" data-e-type=\"widget\" data-widget_type=\"text-editor.default\">\n\t\t\t\t<div class=\"elementor-widget-container\">\n\t\t\t\t\t\t\t\t\t<h2><strong>1.- Finalit\u00e0 dell&#8217;Informativa sulla Privacy<\/strong><\/h2><p>La presente Informativa sulla privacy regola il modo in cui <strong>AleaSoft<\/strong> ottiene, elabora e utilizza i dati personali forniti dagli utenti su questo sito Web o in qualsiasi ambiente Web dell&#8217;entit\u00e0.<\/p><p>Attraverso l&#8217;implementazione dei moduli inseriti nel sito, con riferimento ai servizi forniti da <strong>AleaSoft<\/strong>, l&#8217;utente accetta l&#8217;inserimento e il trattamento dei dati da lui forniti in un trattamento di dati personali, di cui <strong>AleaSoft<\/strong> \u00e8 titolare, potendo esercitare il diritti rilevanti secondo quanto previsto dalle clausole seguenti.<\/p><p><strong>AleaSoft<\/strong> agisce in qualit\u00e0 di proprietario, facilitatore e amministratore dei contenuti di questo sito web. <strong>AleaSoft<\/strong> informa gli utenti che si attiene alla normativa vigente in materia di protezione dei dati e, in particolare, al Regolamento (UE) 2016\/679 del Parlamento Europeo e del Consiglio del 27 aprile 2016 sulla protezione delle persone fisiche con riguardo al trattamento dei dati personali e la libera circolazione di detti dati, e con la quale sono abrogate la Direttiva 95\/46\/CE (di seguito, Regolamento Generale sulla Protezione dei Dati) e la Legge 34\/2002, dell&#8217;11 luglio, dei Servizi della Societ\u00e0 dell&#8217;Informazione e del Commercio Elettronico.<\/p><p>Tutti i testi legali sono a disposizione degli utenti e\/o delle parti interessate sul sito web corrispondente.<\/p><h2><strong>2.- Chi \u00e8 il responsabile del trattamento dei tuoi dati personali?<\/strong><\/h2><p><strong>AleaSoft<\/strong> \u00e8 responsabile della raccolta e del trattamento dei tuoi dati personali in relazione ai propri servizi.<\/p><p><strong>AleaSoft<\/strong> si impegna a rispettare e prendersi cura della tua privacy e della sicurezza dei tuoi dati.<\/p><p>I dati identificativi del responsabile del trattamento sono: Alea Business Software S.L., con CIF B62069067, e con sede in Paseo de la Castellana 79, 6\u00aa, 28046, Madrid.<\/p><h2><strong>3.- Che tipo di dati raccogliamo?<\/strong><\/h2><p>Conformemente a quanto previsto dalla normativa vigente, <strong>AleaSoft<\/strong> raccoglie solo i dati strettamente necessari per offrire i servizi derivanti dalla propria attivit\u00e0 e gli altri benefici, procedure e attivit\u00e0 ad essa attribuiti dalla Legge.<\/p><p>Attraverso questo sito Web, e al fine di fornire il miglior servizio, <strong>AleaSoft<\/strong> acquisisce informazioni o dati che possono identificarti direttamente o indirettamente: nome e email.<\/p><p>Si informano gli utenti che i dati da Lei forniti nei moduli inseriti in questo sito sono facoltativi, sebbene l&#8217;eventuale rifiuto a fornire le informazioni richieste possa comportare l&#8217;impossibilit\u00e0 di accedere ai servizi che le richiedono.<\/p><h2><strong>4.- Per quali scopi raccogliamo i tuoi dati?<\/strong><\/h2><p>Le finalit\u00e0 e la base giuridica per le quali raccogliamo tali dati sono:<\/p><ul><li>Gestione delle domande e delle richieste degli utenti attraverso questo sito web. La base giuridica di questo trattamento \u00e8 il tuo consenso.<\/li><li>Inviare informazioni che potrebbero interessarti. La base giuridica di questo trattamento \u00e8 il tuo consenso.<\/li><\/ul><p>Si segnala che non verranno eseguite valutazioni automatizzate e che i profili utente non verranno sviluppati.<\/p><h2><strong>5.- A quali destinatari saranno comunicati i tuoi dati?<\/strong><\/h2><p>Al fine di ottenere la piena soddisfazione dei nostri clienti, <strong>AleaSoft<\/strong> informa che tutti i dati da Lei forniti ed i dati che fornir\u00e0 in futuro appartengono al Suo rapporto con <strong>AleaSoft<\/strong> e saranno trattati con la massima riservatezza.<\/p><p>A meno che non si ritenga che <strong>AleaSoft<\/strong> abbia un motivo commerciale legittimo per contattarti, ti contatteremo solo con il tuo consenso e hai il diritto di revocare il tuo consenso in qualsiasi momento.<\/p><p><strong>AleaSoft<\/strong> non vende, affitta o scambia le tue informazioni personali con terze parti per motivi commerciali.<\/p><h2><strong>6.- Per quanto tempo conserviamo i tuoi dati personali?<\/strong><\/h2><p>I dati personali saranno conservati fino a quando l&#8217;utente non indichi diversamente e durante i periodi di conservazione legalmente stabiliti, a meno che per ragioni logiche ed evidenti non abbiano perso l&#8217;utilit\u00e0 o lo scopo legittimo per cui sono stati raccolti.<\/p><h2><strong>7.- Quali sono i diritti degli utenti che ci forniscono i propri dati?<\/strong><\/h2><p>Gli utenti possono esercitare, in relazione ai dati raccolti con le modalit\u00e0 descritte al primo punto, i diritti riconosciuti dal Regolamento generale sulla protezione dei dati, nonch\u00e9 i diritti di accesso, rettifica, cancellazione, limitazione, portabilit\u00e0 e opposizione.<\/p><p>I suddetti diritti possono essere esercitati da ciascun utente mediante richiesta scritta e firmata, corredata di fotocopia di un documento d&#8217;identit\u00e0, NIE o passaporto, indirizzata ad Alea Business Software SL, al seguente indirizzo: Paseo de la Castellana 79, 6\u00aa, 28046, Madrid. Possono anche inviare queste informazioni via e-mail a <a href=\"mailto:privacy@aleasoft.com\">privacy@aleasoft.com<\/a>.<\/p><p>Si informano inoltre gli utenti che possono in ogni momento revocare il proprio consenso al trattamento dei propri dati, scrivendo una mail a <a href=\"mailto:privacy@aleasoft.com\">privacy@aleasoft.com<\/a> con nell&#8217;oggetto \u201cunsubscribe\u201d.<\/p><h2><strong>8.- Comunicazione di incidenza e irregolarit\u00e0<\/strong><\/h2><p>In caso di qualsiasi comportamento o situazione che possa generare un incidente o qualsiasi tipo di irregolarit\u00e0, contattare <a href=\"mailto:privacy@aleasoft.com\">privacy@aleasoft.com<\/a>.<\/p><h2><strong>9.- Responsabilit\u00e0 per l&#8217;uso e il contenuto degli utenti<\/strong><\/h2><p>Sia l&#8217;accesso al nostro sito Web che l&#8217;uso che pu\u00f2 essere fatto delle informazioni e dei contenuti inclusi in questo sito Web saranno di esclusiva responsabilit\u00e0 della persona che lo ha fatto. Pertanto, l&#8217;uso che potr\u00e0 essere fatto delle informazioni, delle immagini, dei contenuti e\/o dei prodotti recensiti e accessibili attraverso di essi, sar\u00e0 soggetto alla legge applicabile, nazionale o internazionale, nonch\u00e9 ai principi di buona fede e uso lecito dagli utenti, che saranno responsabili di tale accesso e del corretto utilizzo<\/p><p><strong>AleaSoft<\/strong> non si assume responsabilit\u00e0, sia dirette che indirette, per danni consequenziali o mancati guadagni, derivanti dall&#8217;uso improprio dei servizi o dei contenuti da parte degli utenti o di terzi.<\/p><h2><strong>10.- Informazioni sull&#8217;utilizzo di altri siti web e social network<\/strong><\/h2><p>La societ\u00e0 \u00e8 responsabile esclusivamente del contenuto e della gestione dei siti Web di cui \u00e8 proprietaria o ha un diritto di natura simile. Qualsiasi altro sito Web o social network o repository di informazioni su Internet, al di fuori di questo sito Web, \u00e8 responsabilit\u00e0 dei legittimi proprietari.<\/p><p><strong>AleaSoft<\/strong> collabora in modo ordinario con diverse applicazioni e ambienti web, e raccomanda sempre agli utenti, prima di accedere a questi siti web, di leggere con precisione la pubblicit\u00e0 legale e la relativa privacy policy, e di accedervi solo dopo aver compreso e accettato tutto il testo legale.<\/p><p><strong>AleaSoft<\/strong> si impegna a controllare i contenuti che vengono esposti su questi social network e ad espellere gli utenti che ne fanno un uso scorretto.<\/p><p>\u00a0<\/p><p>La presente Informativa sulla Privacy pu\u00f2 variare nel tempo a causa di possibili modifiche legislative e giurisprudenziali o dei criteri seguiti dall&#8217;Agenzia spagnola per la protezione dei dati e\/o dall&#8217;autorit\u00e0 competente in qualsiasi momento. Ecco perch\u00e9 <strong>AleaSoft<\/strong> si riserva il diritto di modificare la consulenza legale. In questo caso, <strong>AleaSoft<\/strong> annuncer\u00e0 con largo anticipo le modifiche introdotte su questo sito web per la loro implementazione.<\/p>\t\t\t\t\t\t\t\t<\/div>\n\t\t\t\t<\/div>\n\t\t\t\t<div class=\"elementor-element elementor-element-8248797 elementor-widget elementor-widget-spacer\" data-id=\"8248797\" data-element_type=\"widget\" data-e-type=\"widget\" data-widget_type=\"spacer.default\">\n\t\t\t\t<div class=\"elementor-widget-container\">\n\t\t\t\t\t\t\t<div class=\"elementor-spacer\">\n\t\t\t<div class=\"elementor-spacer-inner\"><\/div>\n\t\t<\/div>\n\t\t\t\t\t\t<\/div>\n\t\t\t\t<\/div>\n\t\t\t\t\t<\/div>\n\t\t<\/div>\n\t\t\t\t\t<\/div>\n\t\t<\/section>\n\t\t\t\t<section class=\"elementor-section elementor-top-section elementor-element elementor-element-5f4af47 elementor-section-boxed elementor-section-height-default elementor-section-height-default\" data-id=\"5f4af47\" data-element_type=\"section\" data-e-type=\"section\">\n\t\t\t\t\t\t<div class=\"elementor-container elementor-column-gap-default\">\n\t\t\t\t\t<div class=\"elementor-column elementor-col-100 elementor-top-column elementor-element elementor-element-64c16f0\" data-id=\"64c16f0\" data-element_type=\"column\" data-e-type=\"column\">\n\t\t\t<div class=\"elementor-widget-wrap elementor-element-populated\">\n\t\t\t\t\t\t<div class=\"elementor-element elementor-element-f6433f9 elementor-widget elementor-widget-html\" data-id=\"f6433f9\" data-element_type=\"widget\" data-e-type=\"widget\" data-widget_type=\"html.default\">\n\t\t\t\t<div class=\"elementor-widget-container\">\n\t\t\t\t\t<p><button onclick=\"klaro.show()\" style=\"background-color: transparent; border: none; color: #0073aa; cursor: pointer; text-decoration: underline; font-size: 1em;\">\r\n  Impostazioni cookie\r\n<\/button><\/p>\r\n\t\t\t\t<\/div>\n\t\t\t\t<\/div>\n\t\t\t\t\t<\/div>\n\t\t<\/div>\n\t\t\t\t\t<\/div>\n\t\t<\/section>\n\t\t\t\t<\/div>\n\t\t","protected":false},"excerpt":{"rendered":"<p>1.- Finalit\u00e0 dell&#8217;Informativa sulla Privacy La presente Informativa sulla privacy regola il modo in cui AleaSoft ottiene, elabora e utilizza i dati personali forniti dagli utenti su questo sito Web o in qualsiasi ambiente Web dell&#8217;entit\u00e0. Attraverso l&#8217;implementazione dei moduli inseriti nel sito, con riferimento ai servizi forniti da AleaSoft, l&#8217;utente accetta l&#8217;inserimento e il [&hellip;]<\/p>\n","protected":false},"author":1,"featured_media":67773,"parent":0,"menu_order":0,"comment_status":"closed","ping_status":"closed","template":"elementor_header_footer","meta":{"footnotes":""},"class_list":["post-43847","page","type-page","status-publish","has-post-thumbnail","hentry"],"yoast_head":"<!-- This site is optimized with the Yoast SEO Premium plugin v27.2 (Yoast SEO v27.4) - https:\/\/yoast.com\/product\/yoast-seo-premium-wordpress\/ -->\n<title>Informativa sulla Privacy - AleaSoft Energy Forecasting<\/title>\n<meta name=\"robots\" content=\"index, follow, max-snippet:-1, max-image-preview:large, max-video-preview:-1\" \/>\n<link rel=\"canonical\" href=\"https:\/\/aleasoft.com\/it\/informativa-sulla-privacy\/\" \/>\n<meta property=\"og:locale\" content=\"it_IT\" \/>\n<meta property=\"og:type\" content=\"article\" \/>\n<meta property=\"og:title\" content=\"Informativa sulla Privacy\" \/>\n<meta property=\"og:description\" content=\"1.- Finalit\u00e0 dell&#8217;Informativa sulla Privacy La presente Informativa sulla privacy regola il modo in cui AleaSoft ottiene, elabora e utilizza i dati personali forniti dagli utenti su questo sito Web o in qualsiasi ambiente Web dell&#8217;entit\u00e0. Attraverso l&#8217;implementazione dei moduli inseriti nel sito, con riferimento ai servizi forniti da AleaSoft, l&#8217;utente accetta l&#8217;inserimento e il [&hellip;]\" \/>\n<meta property=\"og:url\" content=\"https:\/\/aleasoft.com\/it\/informativa-sulla-privacy\/\" \/>\n<meta property=\"og:site_name\" content=\"AleaSoft Energy Forecasting\" \/>\n<meta property=\"article:publisher\" content=\"https:\/\/www.facebook.com\/AleaSoft\/\" \/>\n<meta property=\"article:modified_time\" content=\"2025-03-27T15:57:55+00:00\" \/>\n<meta property=\"og:image\" content=\"https:\/\/aleasoft.com\/wp-content\/uploads\/2019\/04\/aleasoft_logo.png\" \/>\n\t<meta property=\"og:image:width\" content=\"2632\" \/>\n\t<meta property=\"og:image:height\" content=\"522\" \/>\n\t<meta property=\"og:image:type\" content=\"image\/png\" \/>\n<meta name=\"twitter:card\" content=\"summary_large_image\" \/>\n<meta name=\"twitter:site\" content=\"@AleaSoftEnergy\" \/>\n<meta name=\"twitter:label1\" content=\"Tempo di lettura stimato\" \/>\n\t<meta name=\"twitter:data1\" content=\"5 minuti\" \/>\n<script type=\"application\/ld+json\" class=\"yoast-schema-graph\">{\"@context\":\"https:\\\/\\\/schema.org\",\"@graph\":[{\"@type\":\"WebPage\",\"@id\":\"https:\\\/\\\/aleasoft.com\\\/privacy-policy\\\/\",\"url\":\"https:\\\/\\\/aleasoft.com\\\/it\\\/informativa-sulla-privacy\\\/\",\"name\":\"Informativa sulla Privacy - AleaSoft Energy Forecasting\",\"isPartOf\":{\"@id\":\"https:\\\/\\\/aleasoft.com\\\/#website\"},\"primaryImageOfPage\":{\"@id\":\"https:\\\/\\\/aleasoft.com\\\/it\\\/informativa-sulla-privacy\\\/#primaryimage\"},\"image\":{\"@id\":\"https:\\\/\\\/aleasoft.com\\\/it\\\/informativa-sulla-privacy\\\/#primaryimage\"},\"thumbnailUrl\":\"https:\\\/\\\/aleasoft.com\\\/wp-content\\\/uploads\\\/2019\\\/04\\\/aleasoft_logo.png\",\"datePublished\":\"2020-01-17T21:05:38+00:00\",\"dateModified\":\"2025-03-27T15:57:55+00:00\",\"breadcrumb\":{\"@id\":\"https:\\\/\\\/aleasoft.com\\\/it\\\/informativa-sulla-privacy\\\/#breadcrumb\"},\"inLanguage\":\"it-IT\",\"potentialAction\":[{\"@type\":\"ReadAction\",\"target\":[\"https:\\\/\\\/aleasoft.com\\\/it\\\/informativa-sulla-privacy\\\/\"]}]},{\"@type\":\"ImageObject\",\"inLanguage\":\"it-IT\",\"@id\":\"https:\\\/\\\/aleasoft.com\\\/it\\\/informativa-sulla-privacy\\\/#primaryimage\",\"url\":\"https:\\\/\\\/aleasoft.com\\\/wp-content\\\/uploads\\\/2019\\\/04\\\/aleasoft_logo.png\",\"contentUrl\":\"https:\\\/\\\/aleasoft.com\\\/wp-content\\\/uploads\\\/2019\\\/04\\\/aleasoft_logo.png\",\"width\":2632,\"height\":522},{\"@type\":\"BreadcrumbList\",\"@id\":\"https:\\\/\\\/aleasoft.com\\\/it\\\/informativa-sulla-privacy\\\/#breadcrumb\",\"itemListElement\":[{\"@type\":\"ListItem\",\"position\":1,\"name\":\"Home\",\"item\":\"https:\\\/\\\/aleasoft.com\\\/\"},{\"@type\":\"ListItem\",\"position\":2,\"name\":\"Informativa sulla Privacy\"}]},{\"@type\":\"WebSite\",\"@id\":\"https:\\\/\\\/aleasoft.com\\\/#website\",\"url\":\"https:\\\/\\\/aleasoft.com\\\/\",\"name\":\"AleaSoft Energy Forecasting\",\"description\":\"Energy Forecasting\",\"publisher\":{\"@id\":\"https:\\\/\\\/aleasoft.com\\\/#organization\"},\"potentialAction\":[{\"@type\":\"SearchAction\",\"target\":{\"@type\":\"EntryPoint\",\"urlTemplate\":\"https:\\\/\\\/aleasoft.com\\\/?s={search_term_string}\"},\"query-input\":{\"@type\":\"PropertyValueSpecification\",\"valueRequired\":true,\"valueName\":\"search_term_string\"}}],\"inLanguage\":\"it-IT\"},{\"@type\":\"Organization\",\"@id\":\"https:\\\/\\\/aleasoft.com\\\/#organization\",\"name\":\"AleaSoft Energy Forecasting\",\"url\":\"https:\\\/\\\/aleasoft.com\\\/\",\"logo\":{\"@type\":\"ImageObject\",\"inLanguage\":\"it-IT\",\"@id\":\"https:\\\/\\\/aleasoft.com\\\/#\\\/schema\\\/logo\\\/image\\\/\",\"url\":\"https:\\\/\\\/aleasoft.com\\\/wp-content\\\/uploads\\\/2020\\\/01\\\/logo-alea-25.svg\",\"contentUrl\":\"https:\\\/\\\/aleasoft.com\\\/wp-content\\\/uploads\\\/2020\\\/01\\\/logo-alea-25.svg\",\"width\":7047,\"height\":1416,\"caption\":\"AleaSoft Energy Forecasting\"},\"image\":{\"@id\":\"https:\\\/\\\/aleasoft.com\\\/#\\\/schema\\\/logo\\\/image\\\/\"},\"sameAs\":[\"https:\\\/\\\/www.facebook.com\\\/AleaSoft\\\/\",\"https:\\\/\\\/x.com\\\/AleaSoftEnergy\",\"https:\\\/\\\/www.linkedin.com\\\/company\\\/aleasoft\\\/\"]}]}<\/script>\n<!-- \/ Yoast SEO Premium plugin. -->","yoast_head_json":{"title":"Informativa sulla Privacy - AleaSoft Energy Forecasting","robots":{"index":"index","follow":"follow","max-snippet":"max-snippet:-1","max-image-preview":"max-image-preview:large","max-video-preview":"max-video-preview:-1"},"canonical":"https:\/\/aleasoft.com\/it\/informativa-sulla-privacy\/","og_locale":"it_IT","og_type":"article","og_title":"Informativa sulla Privacy","og_description":"1.- Finalit\u00e0 dell&#8217;Informativa sulla Privacy La presente Informativa sulla privacy regola il modo in cui AleaSoft ottiene, elabora e utilizza i dati personali forniti dagli utenti su questo sito Web o in qualsiasi ambiente Web dell&#8217;entit\u00e0. Attraverso l&#8217;implementazione dei moduli inseriti nel sito, con riferimento ai servizi forniti da AleaSoft, l&#8217;utente accetta l&#8217;inserimento e il [&hellip;]","og_url":"https:\/\/aleasoft.com\/it\/informativa-sulla-privacy\/","og_site_name":"AleaSoft Energy Forecasting","article_publisher":"https:\/\/www.facebook.com\/AleaSoft\/","article_modified_time":"2025-03-27T15:57:55+00:00","og_image":[{"width":2632,"height":522,"url":"https:\/\/aleasoft.com\/wp-content\/uploads\/2019\/04\/aleasoft_logo.png","type":"image\/png"}],"twitter_card":"summary_large_image","twitter_site":"@AleaSoftEnergy","twitter_misc":{"Tempo di lettura stimato":"5 minuti"},"schema":{"@context":"https:\/\/schema.org","@graph":[{"@type":"WebPage","@id":"https:\/\/aleasoft.com\/privacy-policy\/","url":"https:\/\/aleasoft.com\/it\/informativa-sulla-privacy\/","name":"Informativa sulla Privacy - AleaSoft Energy Forecasting","isPartOf":{"@id":"https:\/\/aleasoft.com\/#website"},"primaryImageOfPage":{"@id":"https:\/\/aleasoft.com\/it\/informativa-sulla-privacy\/#primaryimage"},"image":{"@id":"https:\/\/aleasoft.com\/it\/informativa-sulla-privacy\/#primaryimage"},"thumbnailUrl":"https:\/\/aleasoft.com\/wp-content\/uploads\/2019\/04\/aleasoft_logo.png","datePublished":"2020-01-17T21:05:38+00:00","dateModified":"2025-03-27T15:57:55+00:00","breadcrumb":{"@id":"https:\/\/aleasoft.com\/it\/informativa-sulla-privacy\/#breadcrumb"},"inLanguage":"it-IT","potentialAction":[{"@type":"ReadAction","target":["https:\/\/aleasoft.com\/it\/informativa-sulla-privacy\/"]}]},{"@type":"ImageObject","inLanguage":"it-IT","@id":"https:\/\/aleasoft.com\/it\/informativa-sulla-privacy\/#primaryimage","url":"https:\/\/aleasoft.com\/wp-content\/uploads\/2019\/04\/aleasoft_logo.png","contentUrl":"https:\/\/aleasoft.com\/wp-content\/uploads\/2019\/04\/aleasoft_logo.png","width":2632,"height":522},{"@type":"BreadcrumbList","@id":"https:\/\/aleasoft.com\/it\/informativa-sulla-privacy\/#breadcrumb","itemListElement":[{"@type":"ListItem","position":1,"name":"Home","item":"https:\/\/aleasoft.com\/"},{"@type":"ListItem","position":2,"name":"Informativa sulla Privacy"}]},{"@type":"WebSite","@id":"https:\/\/aleasoft.com\/#website","url":"https:\/\/aleasoft.com\/","name":"AleaSoft Energy Forecasting","description":"Energy Forecasting","publisher":{"@id":"https:\/\/aleasoft.com\/#organization"},"potentialAction":[{"@type":"SearchAction","target":{"@type":"EntryPoint","urlTemplate":"https:\/\/aleasoft.com\/?s={search_term_string}"},"query-input":{"@type":"PropertyValueSpecification","valueRequired":true,"valueName":"search_term_string"}}],"inLanguage":"it-IT"},{"@type":"Organization","@id":"https:\/\/aleasoft.com\/#organization","name":"AleaSoft Energy Forecasting","url":"https:\/\/aleasoft.com\/","logo":{"@type":"ImageObject","inLanguage":"it-IT","@id":"https:\/\/aleasoft.com\/#\/schema\/logo\/image\/","url":"https:\/\/aleasoft.com\/wp-content\/uploads\/2020\/01\/logo-alea-25.svg","contentUrl":"https:\/\/aleasoft.com\/wp-content\/uploads\/2020\/01\/logo-alea-25.svg","width":7047,"height":1416,"caption":"AleaSoft Energy Forecasting"},"image":{"@id":"https:\/\/aleasoft.com\/#\/schema\/logo\/image\/"},"sameAs":["https:\/\/www.facebook.com\/AleaSoft\/","https:\/\/x.com\/AleaSoftEnergy","https:\/\/www.linkedin.com\/company\/aleasoft\/"]}]}},"_links":{"self":[{"href":"https:\/\/aleasoft.com\/it\/wp-json\/wp\/v2\/pages\/43847","targetHints":{"allow":["GET"]}}],"collection":[{"href":"https:\/\/aleasoft.com\/it\/wp-json\/wp\/v2\/pages"}],"about":[{"href":"https:\/\/aleasoft.com\/it\/wp-json\/wp\/v2\/types\/page"}],"author":[{"embeddable":true,"href":"https:\/\/aleasoft.com\/it\/wp-json\/wp\/v2\/users\/1"}],"replies":[{"embeddable":true,"href":"https:\/\/aleasoft.com\/it\/wp-json\/wp\/v2\/comments?post=43847"}],"version-history":[{"count":0,"href":"https:\/\/aleasoft.com\/it\/wp-json\/wp\/v2\/pages\/43847\/revisions"}],"wp:featuredmedia":[{"embeddable":true,"href":"https:\/\/aleasoft.com\/it\/wp-json\/wp\/v2\/media\/67773"}],"wp:attachment":[{"href":"https:\/\/aleasoft.com\/it\/wp-json\/wp\/v2\/media?parent=43847"}],"curies":[{"name":"wp","href":"https:\/\/api.w.org\/{rel}","templated":true}]}}