{"id":43932,"date":"2020-01-18T20:50:53","date_gmt":"2020-01-18T19:50:53","guid":{"rendered":"https:\/\/aleasoft.com\/?page_id=43932"},"modified":"2020-03-04T10:14:46","modified_gmt":"2020-03-04T09:14:46","slug":"modelizer-e-analisi-dati","status":"publish","type":"page","link":"https:\/\/aleasoft.com\/it\/prodotti-e-servizi\/modelizer-e-analisi-dati\/","title":{"rendered":"Modelizer e analisi di dati"},"content":{"rendered":"\t\t<div data-elementor-type=\"wp-page\" data-elementor-id=\"43932\" class=\"elementor elementor-43932\" data-elementor-post-type=\"page\">\n\t\t\t\t\t\t<section class=\"elementor-section elementor-top-section elementor-element elementor-element-b68b4ab elementor-section-full_width elementor-section-height-default elementor-section-height-default\" data-id=\"b68b4ab\" data-element_type=\"section\" data-e-type=\"section\">\n\t\t\t\t\t\t<div class=\"elementor-container elementor-column-gap-default\">\n\t\t\t\t\t<div class=\"elementor-column elementor-col-100 elementor-top-column elementor-element elementor-element-af6b454\" data-id=\"af6b454\" data-element_type=\"column\" data-e-type=\"column\">\n\t\t\t<div class=\"elementor-widget-wrap elementor-element-populated\">\n\t\t\t\t\t\t<div class=\"elementor-element elementor-element-87759b3 elementor-nav-menu__align-center elementor-nav-menu--dropdown-tablet elementor-nav-menu__text-align-aside elementor-nav-menu--toggle elementor-nav-menu--burger elementor-widget elementor-widget-nav-menu\" data-id=\"87759b3\" data-element_type=\"widget\" data-e-type=\"widget\" data-settings=\"{&quot;layout&quot;:&quot;horizontal&quot;,&quot;submenu_icon&quot;:{&quot;value&quot;:&quot;&lt;svg aria-hidden=\\&quot;true\\&quot; class=\\&quot;e-font-icon-svg e-fas-caret-down\\&quot; viewBox=\\&quot;0 0 320 512\\&quot; xmlns=\\&quot;http:\\\/\\\/www.w3.org\\\/2000\\\/svg\\&quot;&gt;&lt;path d=\\&quot;M31.3 192h257.3c17.8 0 26.7 21.5 14.1 34.1L174.1 354.8c-7.8 7.8-20.5 7.8-28.3 0L17.2 226.1C4.6 213.5 13.5 192 31.3 192z\\&quot;&gt;&lt;\\\/path&gt;&lt;\\\/svg&gt;&quot;,&quot;library&quot;:&quot;fa-solid&quot;},&quot;toggle&quot;:&quot;burger&quot;}\" data-widget_type=\"nav-menu.default\">\n\t\t\t\t<div class=\"elementor-widget-container\">\n\t\t\t\t\t\t\t\t<nav aria-label=\"Menu\" class=\"elementor-nav-menu--main elementor-nav-menu__container elementor-nav-menu--layout-horizontal e--pointer-background e--animation-fade\">\n\t\t\t\t<ul id=\"menu-1-87759b3\" class=\"elementor-nav-menu\"><li class=\"menu-item menu-item-type-post_type menu-item-object-page menu-item-43983\"><a href=\"https:\/\/aleasoft.com\/it\/servizi\/previsioni-dei-prezzi\/\" class=\"elementor-item\">Previsioni dei prezzi<\/a><\/li>\n<li class=\"menu-item menu-item-type-post_type menu-item-object-page menu-item-43984\"><a href=\"https:\/\/aleasoft.com\/it\/servizi\/previsioni-del-fabbisogno\/\" class=\"elementor-item\">Previsioni del fabbisogno<\/a><\/li>\n<li class=\"menu-item menu-item-type-post_type menu-item-object-page menu-item-118410\"><a href=\"https:\/\/aleasoft.com\/it\/servizi\/previsioni-energie-rinnovabili\/\" class=\"elementor-item\">Previsioni sulle energie rinnovabili<\/a><\/li>\n<li class=\"menu-item menu-item-type-post_type menu-item-object-page menu-item-118411\"><a href=\"https:\/\/aleasoft.com\/it\/prodotti-e-servizi\/alea-energy-database-aleaapp\/\" class=\"elementor-item\">Piattaforma online Alea Energy DataBase (AleaApp)<\/a><\/li>\n<li class=\"menu-item menu-item-type-post_type menu-item-object-page menu-item-93639\"><a href=\"https:\/\/aleasoft.com\/it\/servizi\/previsioni-energie-rinnovabili\/\" class=\"elementor-item\">Previsioni sulle energie rinnovabili<\/a><\/li>\n<\/ul>\t\t\t<\/nav>\n\t\t\t\t\t<div class=\"elementor-menu-toggle\" role=\"button\" tabindex=\"0\" aria-label=\"Menu di commutazione\" aria-expanded=\"false\">\n\t\t\t<svg aria-hidden=\"true\" role=\"presentation\" class=\"elementor-menu-toggle__icon--open e-font-icon-svg e-eicon-menu-bar\" viewBox=\"0 0 1000 1000\" xmlns=\"http:\/\/www.w3.org\/2000\/svg\"><path d=\"M104 333H896C929 333 958 304 958 271S929 208 896 208H104C71 208 42 237 42 271S71 333 104 333ZM104 583H896C929 583 958 554 958 521S929 458 896 458H104C71 458 42 487 42 521S71 583 104 583ZM104 833H896C929 833 958 804 958 771S929 708 896 708H104C71 708 42 737 42 771S71 833 104 833Z\"><\/path><\/svg><svg aria-hidden=\"true\" role=\"presentation\" class=\"elementor-menu-toggle__icon--close e-font-icon-svg e-eicon-close\" viewBox=\"0 0 1000 1000\" xmlns=\"http:\/\/www.w3.org\/2000\/svg\"><path d=\"M742 167L500 408 258 167C246 154 233 150 217 150 196 150 179 158 167 167 154 179 150 196 150 212 150 229 154 242 171 254L408 500 167 742C138 771 138 800 167 829 196 858 225 858 254 829L496 587 738 829C750 842 767 846 783 846 800 846 817 842 829 829 842 817 846 804 846 783 846 767 842 750 829 737L588 500 833 258C863 229 863 200 833 171 804 137 775 137 742 167Z\"><\/path><\/svg>\t\t<\/div>\n\t\t\t\t\t<nav class=\"elementor-nav-menu--dropdown elementor-nav-menu__container\" aria-hidden=\"true\">\n\t\t\t\t<ul id=\"menu-2-87759b3\" class=\"elementor-nav-menu\"><li class=\"menu-item menu-item-type-post_type menu-item-object-page menu-item-43983\"><a href=\"https:\/\/aleasoft.com\/it\/servizi\/previsioni-dei-prezzi\/\" class=\"elementor-item\" tabindex=\"-1\">Previsioni dei prezzi<\/a><\/li>\n<li class=\"menu-item menu-item-type-post_type menu-item-object-page menu-item-43984\"><a href=\"https:\/\/aleasoft.com\/it\/servizi\/previsioni-del-fabbisogno\/\" class=\"elementor-item\" tabindex=\"-1\">Previsioni del fabbisogno<\/a><\/li>\n<li class=\"menu-item menu-item-type-post_type menu-item-object-page menu-item-118410\"><a href=\"https:\/\/aleasoft.com\/it\/servizi\/previsioni-energie-rinnovabili\/\" class=\"elementor-item\" tabindex=\"-1\">Previsioni sulle energie rinnovabili<\/a><\/li>\n<li class=\"menu-item menu-item-type-post_type menu-item-object-page menu-item-118411\"><a href=\"https:\/\/aleasoft.com\/it\/prodotti-e-servizi\/alea-energy-database-aleaapp\/\" class=\"elementor-item\" tabindex=\"-1\">Piattaforma online Alea Energy DataBase (AleaApp)<\/a><\/li>\n<li class=\"menu-item menu-item-type-post_type menu-item-object-page menu-item-93639\"><a href=\"https:\/\/aleasoft.com\/it\/servizi\/previsioni-energie-rinnovabili\/\" class=\"elementor-item\" tabindex=\"-1\">Previsioni sulle energie rinnovabili<\/a><\/li>\n<\/ul>\t\t\t<\/nav>\n\t\t\t\t\t\t<\/div>\n\t\t\t\t<\/div>\n\t\t\t\t\t<\/div>\n\t\t<\/div>\n\t\t\t\t\t<\/div>\n\t\t<\/section>\n\t\t\t\t<section class=\"elementor-section elementor-top-section elementor-element elementor-element-3ca551a elementor-section-boxed elementor-section-height-default elementor-section-height-default\" data-id=\"3ca551a\" data-element_type=\"section\" data-e-type=\"section\">\n\t\t\t\t\t\t<div class=\"elementor-container elementor-column-gap-default\">\n\t\t\t\t\t<div class=\"elementor-column elementor-col-100 elementor-top-column elementor-element elementor-element-e015d43\" data-id=\"e015d43\" data-element_type=\"column\" data-e-type=\"column\">\n\t\t\t<div class=\"elementor-widget-wrap elementor-element-populated\">\n\t\t\t\t\t\t<div class=\"elementor-element elementor-element-36a2a7d elementor-widget elementor-widget-heading\" data-id=\"36a2a7d\" data-element_type=\"widget\" data-e-type=\"widget\" data-widget_type=\"heading.default\">\n\t\t\t\t<div class=\"elementor-widget-container\">\n\t\t\t\t\t<h2 class=\"elementor-heading-title elementor-size-default\">Modelizer e analisi di dati<\/h2>\t\t\t\t<\/div>\n\t\t\t\t<\/div>\n\t\t\t\t\t<\/div>\n\t\t<\/div>\n\t\t\t\t\t<\/div>\n\t\t<\/section>\n\t\t\t\t<section class=\"elementor-section elementor-top-section elementor-element elementor-element-8344c56 elementor-section-boxed elementor-section-height-default elementor-section-height-default\" data-id=\"8344c56\" data-element_type=\"section\" data-e-type=\"section\">\n\t\t\t\t\t\t<div class=\"elementor-container elementor-column-gap-default\">\n\t\t\t\t\t<div class=\"elementor-column elementor-col-100 elementor-top-column elementor-element elementor-element-d781948\" data-id=\"d781948\" data-element_type=\"column\" data-e-type=\"column\">\n\t\t\t<div class=\"elementor-widget-wrap elementor-element-populated\">\n\t\t\t\t\t\t<div class=\"elementor-element elementor-element-dd898b4 elementor-widget elementor-widget-text-editor\" data-id=\"dd898b4\" data-element_type=\"widget\" data-e-type=\"widget\" data-widget_type=\"text-editor.default\">\n\t\t\t\t<div class=\"elementor-widget-container\">\n\t\t\t\t\t\t\t\t\t<p>AleaSoft offre due soluzioni essenziali per aiutarvi con le vostre previsioni energetiche.\u00a0<strong>AleaModelizer\u00a0<\/strong>si rivolge a\u00a0esperti che desiderano costruire il loro modello, mentre l\u2019<strong>AleaDataAnalyzer\u00a0<\/strong>\u00e8 una soluzione che vi assiste nell\u2019analisi delle serie di dati temporali del mercato energetico.<\/p><p><b>MODELIZER<\/b><\/p>\t\t\t\t\t\t\t\t<\/div>\n\t\t\t\t<\/div>\n\t\t\t\t<div class=\"elementor-element elementor-element-e4d2cd6 elementor-widget elementor-widget-image\" data-id=\"e4d2cd6\" data-element_type=\"widget\" data-e-type=\"widget\" data-widget_type=\"image.default\">\n\t\t\t\t<div class=\"elementor-widget-container\">\n\t\t\t\t\t\t\t\t\t\t\t\t\t\t\t<img fetchpriority=\"high\" decoding=\"async\" width=\"830\" height=\"552\" src=\"https:\/\/aleasoft.com\/wp-content\/uploads\/2020\/01\/AleaSoft-modelizer.png\" class=\"attachment-full size-full wp-image-43553\" alt=\"\" srcset=\"https:\/\/aleasoft.com\/wp-content\/uploads\/2020\/01\/AleaSoft-modelizer.png 830w, https:\/\/aleasoft.com\/wp-content\/uploads\/2020\/01\/AleaSoft-modelizer-300x200.png 300w, https:\/\/aleasoft.com\/wp-content\/uploads\/2020\/01\/AleaSoft-modelizer-768x511.png 768w\" sizes=\"(max-width: 830px) 100vw, 830px\" \/>\t\t\t\t\t\t\t\t\t\t\t\t\t\t\t<\/div>\n\t\t\t\t<\/div>\n\t\t\t\t\t<\/div>\n\t\t<\/div>\n\t\t\t\t\t<\/div>\n\t\t<\/section>\n\t\t\t\t<section class=\"elementor-section elementor-top-section elementor-element elementor-element-f962966 elementor-section-boxed elementor-section-height-default elementor-section-height-default\" data-id=\"f962966\" data-element_type=\"section\" data-e-type=\"section\">\n\t\t\t\t\t\t<div class=\"elementor-container elementor-column-gap-default\">\n\t\t\t\t\t<div class=\"elementor-column elementor-col-100 elementor-top-column elementor-element elementor-element-acf4510\" data-id=\"acf4510\" data-element_type=\"column\" data-e-type=\"column\">\n\t\t\t<div class=\"elementor-widget-wrap elementor-element-populated\">\n\t\t\t\t\t\t<div class=\"elementor-element elementor-element-233a90e elementor-widget elementor-widget-text-editor\" data-id=\"233a90e\" data-element_type=\"widget\" data-e-type=\"widget\" data-widget_type=\"text-editor.default\">\n\t\t\t\t<div class=\"elementor-widget-container\">\n\t\t\t\t\t\t\t\t\t<p>L\u2019<strong>AleaModelizer\u00a0<\/strong>si rivolge\u00a0ai nostri utenti specializzati che desiderano sviluppare i loro modelli di previsioni. L\u2019<strong>AleaModelizer\u00a0<\/strong>usa diverse<strong>\u00a0tipologie di modelli<\/strong>: reti neuronali, SARIMA e la regressione o l\u2019AleaModel. L\u2019<strong>AleaModelizer\u00a0<\/strong>permette di mantenere un\u2019ampia flessibilit\u00e0, poich\u00e9 esso pu\u00f2 modellare qualsiasi frequenza di dati: al minuto, settimanale, quindicinale, mensile, trimestrale e annuale. La soluzione\u00a0<strong>AleaModelizer\u00a0<\/strong>pu\u00f2 essere regolata includendo\u00a0il numero di variabili esplicative che desiderate. Il processo di apprendimento automatico della soluzione riconoscer\u00e0 queste variabili.\u00a0<strong>La soluzione AleaModelizer<\/strong>\u00a0preseleziona automaticamente un insieme di modelli pi\u00f9 convenienti, che si basano<b>\u00a0<\/b>sulla performance. L\u2019<strong>AleaModelizer\u00a0<\/strong>permette un paragone dei modelli alternativi e una visualizzazione degli indicatori\u00a0del comportamento. Grazie ai parametri statistici di base, si ottiene una migliore comprensione dei modelli. L\u2019<strong>AleaModelizer\u00a0<\/strong>permette l\u2019analisi di dati\u00a0<strong>residuali<\/strong>, attraverso strumenti grafici e statistici. In combinazione con il modulo \u201cBacktesting\u201d,\u00a0<strong>AleaModelizer\u00a0<\/strong>permette di sviluppare<strong>\u00a0previsioni d\u2019insieme<\/strong>\u00a0per analizzare i risultati usando un set di dati storici.<\/p><p>\u00a0<\/p><p><b>ANALISI DEI DATI<\/b><\/p><p><img decoding=\"async\" class=\"aligncenter size-full wp-image-43558\" src=\"https:\/\/aleasoft.com\/wp-content\/uploads\/2020\/01\/AleaSoft-ADA.png\" alt=\"\" width=\"685\" height=\"482\" srcset=\"https:\/\/aleasoft.com\/wp-content\/uploads\/2020\/01\/AleaSoft-ADA.png 685w, https:\/\/aleasoft.com\/wp-content\/uploads\/2020\/01\/AleaSoft-ADA-300x211.png 300w\" sizes=\"(max-width: 685px) 100vw, 685px\" \/><\/p><p><strong>AleaDataAnalyzer\u00a0<\/strong>(ADA) \u00e8 una soluzione che vi assiste nell\u2019analisi dei dati temporali dei mercati energetici. Si tratta di un esclusivo strumento ausiliario per l\u2019analisi e la manipolazione delle serie temporali energetiche. L\u2019<strong>AleaDataAnalyzer\u00a0<\/strong>esegue diverse operazioni:<\/p><ul><li><strong>Permette un\u2019analisi completa<\/strong>\u00a0dei risultati.<\/li><li>Permette un\u2019analisi approfondita dei\u00a0<strong>dati d\u2019entrata<\/strong>.<\/li><li>Permette una facile\u00a0<strong>rilevazione di anomalie<\/strong>.<\/li><\/ul><p><strong>AleaDataAnalyzer\u00a0<\/strong>(ADA)\u00a0<strong>supera\u00a0le limitazioni<\/strong>\u00a0degli editori classici come Excel:<\/p><ul><li>Permette di preservare le tavole dati in un formato compatto.<\/li><li>Assicura una rapida ed efficiente manipolazione di serie lunghe di dati, come i dati orari nelle serie.<\/li><li><strong>ADA ha una capacita illimitata<\/strong>:\u00a0permette di conservare e modificare serie di dati di qualsiasi lunghezza.<\/li><li>Permette una\u00a0<strong>rapida visualizzazione<\/strong>\u00a0delle informazioni pertinenti alle serie di dati (lunghezza, valore minimo e massimo, etc.).<\/li><li>Assicura la validit\u00e0 della\u00a0<strong>continuit\u00e0\u00a0<\/strong>delle serie di dati temporali.\u00a0I valori mancanti o nulli sono corretti e l\u2019utente \u00e8 automaticamente reso consapevole.<\/li><li>ADA garantisce la consistenza e la coerenza delle serie temporali. I valori incompatibili sono automaticamente corretti, e l\u2019utente \u00e8 avvertito.<\/li><li>Compatibile con giornate di\u00a0<strong>23 o 25 ore<\/strong>.<\/li><li>Permette cambi di temporalit\u00e0<\/li><li>ADA ha una variet\u00e0 di funzioni grafiche: grafici di serie di dati transitori, istogrammi, diagrammi bivarianti, etc.<\/li><li>ADA ha una variet\u00e0 di propriet\u00e0 grafiche: zoom multipli, differenziazione dei giorni per colore, grafici con un numero illimitato di osservazioni.<\/li><\/ul><p><strong>AleaDataAnalyzer\u00a0<\/strong>converte facilmente dati da qualsiasi formato (Excel, ODBC, TXT, etc.), al formato interno della base di dati.<\/p>\t\t\t\t\t\t\t\t<\/div>\n\t\t\t\t<\/div>\n\t\t\t\t\t<\/div>\n\t\t<\/div>\n\t\t\t\t\t<\/div>\n\t\t<\/section>\n\t\t\t\t<\/div>\n\t\t","protected":false},"excerpt":{"rendered":"<p>AleaSoft offre due soluzioni essenziali per aiutarvi con le vostre previsioni energetiche.\u00a0AleaModelizer\u00a0si rivolge a\u00a0esperti che desiderano costruire il loro modello, mentre l\u2019AleaDataAnalyzer\u00a0\u00e8 una soluzione che vi assiste nell\u2019analisi delle serie di dati temporali del mercato energetico. MODELIZER L\u2019AleaModelizer\u00a0si rivolge\u00a0ai nostri utenti specializzati che desiderano sviluppare i loro modelli di previsioni. L\u2019AleaModelizer\u00a0usa diverse\u00a0tipologie di modelli: reti [&hellip;]<\/p>\n","protected":false},"author":1,"featured_media":0,"parent":43832,"menu_order":0,"comment_status":"closed","ping_status":"closed","template":"elementor_header_footer","meta":{"footnotes":""},"class_list":["post-43932","page","type-page","status-publish","hentry"],"yoast_head":"<!-- This site is optimized with the Yoast SEO Premium plugin v27.2 (Yoast SEO v27.3) - https:\/\/yoast.com\/product\/yoast-seo-premium-wordpress\/ -->\n<title>Modelizer e analisi di dati - AleaSoft Energy Forecasting<\/title>\n<meta name=\"robots\" content=\"index, follow, max-snippet:-1, max-image-preview:large, max-video-preview:-1\" \/>\n<link rel=\"canonical\" href=\"https:\/\/aleasoft.com\/it\/prodotti-e-servizi\/modelizer-e-analisi-dati\/\" \/>\n<meta property=\"og:locale\" content=\"it_IT\" \/>\n<meta property=\"og:type\" content=\"article\" \/>\n<meta property=\"og:title\" content=\"Modelizer e analisi di dati\" \/>\n<meta property=\"og:description\" content=\"AleaSoft offre due soluzioni essenziali per aiutarvi con le vostre previsioni energetiche.\u00a0AleaModelizer\u00a0si rivolge a\u00a0esperti che desiderano costruire il loro modello, mentre l\u2019AleaDataAnalyzer\u00a0\u00e8 una soluzione che vi assiste nell\u2019analisi delle serie di dati temporali del mercato energetico. MODELIZER L\u2019AleaModelizer\u00a0si rivolge\u00a0ai nostri utenti specializzati che desiderano sviluppare i loro modelli di previsioni. L\u2019AleaModelizer\u00a0usa diverse\u00a0tipologie di modelli: reti [&hellip;]\" \/>\n<meta property=\"og:url\" content=\"https:\/\/aleasoft.com\/it\/prodotti-e-servizi\/modelizer-e-analisi-dati\/\" \/>\n<meta property=\"og:site_name\" content=\"AleaSoft Energy Forecasting\" \/>\n<meta property=\"article:publisher\" content=\"https:\/\/www.facebook.com\/AleaSoft\/\" \/>\n<meta property=\"article:modified_time\" content=\"2020-03-04T09:14:46+00:00\" \/>\n<meta property=\"og:image\" content=\"https:\/\/aleasoft.com\/wp-content\/uploads\/2020\/01\/AleaSoft-modelizer.png\" \/>\n<meta name=\"twitter:card\" content=\"summary_large_image\" \/>\n<meta name=\"twitter:site\" content=\"@AleaSoftEnergy\" \/>\n<meta name=\"twitter:label1\" content=\"Tempo di lettura stimato\" \/>\n\t<meta name=\"twitter:data1\" content=\"2 minuti\" \/>\n<script type=\"application\/ld+json\" class=\"yoast-schema-graph\">{\"@context\":\"https:\\\/\\\/schema.org\",\"@graph\":[{\"@type\":\"WebPage\",\"@id\":\"https:\\\/\\\/aleasoft.com\\\/it\\\/prodotti-e-servizi\\\/modelizer-e-analisi-dati\\\/\",\"url\":\"https:\\\/\\\/aleasoft.com\\\/it\\\/prodotti-e-servizi\\\/modelizer-e-analisi-dati\\\/\",\"name\":\"Modelizer e analisi di dati - AleaSoft Energy Forecasting\",\"isPartOf\":{\"@id\":\"https:\\\/\\\/aleasoft.com\\\/#website\"},\"primaryImageOfPage\":{\"@id\":\"https:\\\/\\\/aleasoft.com\\\/it\\\/prodotti-e-servizi\\\/modelizer-e-analisi-dati\\\/#primaryimage\"},\"image\":{\"@id\":\"https:\\\/\\\/aleasoft.com\\\/it\\\/prodotti-e-servizi\\\/modelizer-e-analisi-dati\\\/#primaryimage\"},\"thumbnailUrl\":\"https:\\\/\\\/aleasoft.com\\\/wp-content\\\/uploads\\\/2020\\\/01\\\/AleaSoft-modelizer.png\",\"datePublished\":\"2020-01-18T19:50:53+00:00\",\"dateModified\":\"2020-03-04T09:14:46+00:00\",\"breadcrumb\":{\"@id\":\"https:\\\/\\\/aleasoft.com\\\/it\\\/prodotti-e-servizi\\\/modelizer-e-analisi-dati\\\/#breadcrumb\"},\"inLanguage\":\"it-IT\",\"potentialAction\":[{\"@type\":\"ReadAction\",\"target\":[\"https:\\\/\\\/aleasoft.com\\\/it\\\/prodotti-e-servizi\\\/modelizer-e-analisi-dati\\\/\"]}]},{\"@type\":\"ImageObject\",\"inLanguage\":\"it-IT\",\"@id\":\"https:\\\/\\\/aleasoft.com\\\/it\\\/prodotti-e-servizi\\\/modelizer-e-analisi-dati\\\/#primaryimage\",\"url\":\"https:\\\/\\\/aleasoft.com\\\/wp-content\\\/uploads\\\/2020\\\/01\\\/AleaSoft-modelizer.png\",\"contentUrl\":\"https:\\\/\\\/aleasoft.com\\\/wp-content\\\/uploads\\\/2020\\\/01\\\/AleaSoft-modelizer.png\"},{\"@type\":\"BreadcrumbList\",\"@id\":\"https:\\\/\\\/aleasoft.com\\\/it\\\/prodotti-e-servizi\\\/modelizer-e-analisi-dati\\\/#breadcrumb\",\"itemListElement\":[{\"@type\":\"ListItem\",\"position\":1,\"name\":\"Home\",\"item\":\"https:\\\/\\\/aleasoft.com\\\/\"},{\"@type\":\"ListItem\",\"position\":2,\"name\":\"Servizi\",\"item\":\"https:\\\/\\\/aleasoft.com\\\/it\\\/prodotti-e-servizi\\\/\"},{\"@type\":\"ListItem\",\"position\":3,\"name\":\"Modelizer e analisi di dati\"}]},{\"@type\":\"WebSite\",\"@id\":\"https:\\\/\\\/aleasoft.com\\\/#website\",\"url\":\"https:\\\/\\\/aleasoft.com\\\/\",\"name\":\"AleaSoft Energy Forecasting\",\"description\":\"Energy Forecasting\",\"publisher\":{\"@id\":\"https:\\\/\\\/aleasoft.com\\\/#organization\"},\"potentialAction\":[{\"@type\":\"SearchAction\",\"target\":{\"@type\":\"EntryPoint\",\"urlTemplate\":\"https:\\\/\\\/aleasoft.com\\\/?s={search_term_string}\"},\"query-input\":{\"@type\":\"PropertyValueSpecification\",\"valueRequired\":true,\"valueName\":\"search_term_string\"}}],\"inLanguage\":\"it-IT\"},{\"@type\":\"Organization\",\"@id\":\"https:\\\/\\\/aleasoft.com\\\/#organization\",\"name\":\"AleaSoft Energy Forecasting\",\"url\":\"https:\\\/\\\/aleasoft.com\\\/\",\"logo\":{\"@type\":\"ImageObject\",\"inLanguage\":\"it-IT\",\"@id\":\"https:\\\/\\\/aleasoft.com\\\/#\\\/schema\\\/logo\\\/image\\\/\",\"url\":\"https:\\\/\\\/aleasoft.com\\\/wp-content\\\/uploads\\\/2020\\\/01\\\/logo-alea-25.svg\",\"contentUrl\":\"https:\\\/\\\/aleasoft.com\\\/wp-content\\\/uploads\\\/2020\\\/01\\\/logo-alea-25.svg\",\"width\":7047,\"height\":1416,\"caption\":\"AleaSoft Energy Forecasting\"},\"image\":{\"@id\":\"https:\\\/\\\/aleasoft.com\\\/#\\\/schema\\\/logo\\\/image\\\/\"},\"sameAs\":[\"https:\\\/\\\/www.facebook.com\\\/AleaSoft\\\/\",\"https:\\\/\\\/x.com\\\/AleaSoftEnergy\",\"https:\\\/\\\/www.linkedin.com\\\/company\\\/aleasoft\\\/\"]}]}<\/script>\n<!-- \/ Yoast SEO Premium plugin. -->","yoast_head_json":{"title":"Modelizer e analisi di dati - AleaSoft Energy Forecasting","robots":{"index":"index","follow":"follow","max-snippet":"max-snippet:-1","max-image-preview":"max-image-preview:large","max-video-preview":"max-video-preview:-1"},"canonical":"https:\/\/aleasoft.com\/it\/prodotti-e-servizi\/modelizer-e-analisi-dati\/","og_locale":"it_IT","og_type":"article","og_title":"Modelizer e analisi di dati","og_description":"AleaSoft offre due soluzioni essenziali per aiutarvi con le vostre previsioni energetiche.\u00a0AleaModelizer\u00a0si rivolge a\u00a0esperti che desiderano costruire il loro modello, mentre l\u2019AleaDataAnalyzer\u00a0\u00e8 una soluzione che vi assiste nell\u2019analisi delle serie di dati temporali del mercato energetico. MODELIZER L\u2019AleaModelizer\u00a0si rivolge\u00a0ai nostri utenti specializzati che desiderano sviluppare i loro modelli di previsioni. L\u2019AleaModelizer\u00a0usa diverse\u00a0tipologie di modelli: reti [&hellip;]","og_url":"https:\/\/aleasoft.com\/it\/prodotti-e-servizi\/modelizer-e-analisi-dati\/","og_site_name":"AleaSoft Energy Forecasting","article_publisher":"https:\/\/www.facebook.com\/AleaSoft\/","article_modified_time":"2020-03-04T09:14:46+00:00","og_image":[{"url":"https:\/\/aleasoft.com\/wp-content\/uploads\/2020\/01\/AleaSoft-modelizer.png","type":"","width":"","height":""}],"twitter_card":"summary_large_image","twitter_site":"@AleaSoftEnergy","twitter_misc":{"Tempo di lettura stimato":"2 minuti"},"schema":{"@context":"https:\/\/schema.org","@graph":[{"@type":"WebPage","@id":"https:\/\/aleasoft.com\/it\/prodotti-e-servizi\/modelizer-e-analisi-dati\/","url":"https:\/\/aleasoft.com\/it\/prodotti-e-servizi\/modelizer-e-analisi-dati\/","name":"Modelizer e analisi di dati - AleaSoft Energy Forecasting","isPartOf":{"@id":"https:\/\/aleasoft.com\/#website"},"primaryImageOfPage":{"@id":"https:\/\/aleasoft.com\/it\/prodotti-e-servizi\/modelizer-e-analisi-dati\/#primaryimage"},"image":{"@id":"https:\/\/aleasoft.com\/it\/prodotti-e-servizi\/modelizer-e-analisi-dati\/#primaryimage"},"thumbnailUrl":"https:\/\/aleasoft.com\/wp-content\/uploads\/2020\/01\/AleaSoft-modelizer.png","datePublished":"2020-01-18T19:50:53+00:00","dateModified":"2020-03-04T09:14:46+00:00","breadcrumb":{"@id":"https:\/\/aleasoft.com\/it\/prodotti-e-servizi\/modelizer-e-analisi-dati\/#breadcrumb"},"inLanguage":"it-IT","potentialAction":[{"@type":"ReadAction","target":["https:\/\/aleasoft.com\/it\/prodotti-e-servizi\/modelizer-e-analisi-dati\/"]}]},{"@type":"ImageObject","inLanguage":"it-IT","@id":"https:\/\/aleasoft.com\/it\/prodotti-e-servizi\/modelizer-e-analisi-dati\/#primaryimage","url":"https:\/\/aleasoft.com\/wp-content\/uploads\/2020\/01\/AleaSoft-modelizer.png","contentUrl":"https:\/\/aleasoft.com\/wp-content\/uploads\/2020\/01\/AleaSoft-modelizer.png"},{"@type":"BreadcrumbList","@id":"https:\/\/aleasoft.com\/it\/prodotti-e-servizi\/modelizer-e-analisi-dati\/#breadcrumb","itemListElement":[{"@type":"ListItem","position":1,"name":"Home","item":"https:\/\/aleasoft.com\/"},{"@type":"ListItem","position":2,"name":"Servizi","item":"https:\/\/aleasoft.com\/it\/prodotti-e-servizi\/"},{"@type":"ListItem","position":3,"name":"Modelizer e analisi di dati"}]},{"@type":"WebSite","@id":"https:\/\/aleasoft.com\/#website","url":"https:\/\/aleasoft.com\/","name":"AleaSoft Energy Forecasting","description":"Energy Forecasting","publisher":{"@id":"https:\/\/aleasoft.com\/#organization"},"potentialAction":[{"@type":"SearchAction","target":{"@type":"EntryPoint","urlTemplate":"https:\/\/aleasoft.com\/?s={search_term_string}"},"query-input":{"@type":"PropertyValueSpecification","valueRequired":true,"valueName":"search_term_string"}}],"inLanguage":"it-IT"},{"@type":"Organization","@id":"https:\/\/aleasoft.com\/#organization","name":"AleaSoft Energy Forecasting","url":"https:\/\/aleasoft.com\/","logo":{"@type":"ImageObject","inLanguage":"it-IT","@id":"https:\/\/aleasoft.com\/#\/schema\/logo\/image\/","url":"https:\/\/aleasoft.com\/wp-content\/uploads\/2020\/01\/logo-alea-25.svg","contentUrl":"https:\/\/aleasoft.com\/wp-content\/uploads\/2020\/01\/logo-alea-25.svg","width":7047,"height":1416,"caption":"AleaSoft Energy Forecasting"},"image":{"@id":"https:\/\/aleasoft.com\/#\/schema\/logo\/image\/"},"sameAs":["https:\/\/www.facebook.com\/AleaSoft\/","https:\/\/x.com\/AleaSoftEnergy","https:\/\/www.linkedin.com\/company\/aleasoft\/"]}]}},"_links":{"self":[{"href":"https:\/\/aleasoft.com\/it\/wp-json\/wp\/v2\/pages\/43932","targetHints":{"allow":["GET"]}}],"collection":[{"href":"https:\/\/aleasoft.com\/it\/wp-json\/wp\/v2\/pages"}],"about":[{"href":"https:\/\/aleasoft.com\/it\/wp-json\/wp\/v2\/types\/page"}],"author":[{"embeddable":true,"href":"https:\/\/aleasoft.com\/it\/wp-json\/wp\/v2\/users\/1"}],"replies":[{"embeddable":true,"href":"https:\/\/aleasoft.com\/it\/wp-json\/wp\/v2\/comments?post=43932"}],"version-history":[{"count":0,"href":"https:\/\/aleasoft.com\/it\/wp-json\/wp\/v2\/pages\/43932\/revisions"}],"up":[{"embeddable":true,"href":"https:\/\/aleasoft.com\/it\/wp-json\/wp\/v2\/pages\/43832"}],"wp:attachment":[{"href":"https:\/\/aleasoft.com\/it\/wp-json\/wp\/v2\/media?parent=43932"}],"curies":[{"name":"wp","href":"https:\/\/api.w.org\/{rel}","templated":true}]}}