{"id":122537,"date":"2021-01-19T11:37:25","date_gmt":"2021-01-19T10:37:25","guid":{"rendered":"https:\/\/aleasoft.com\/?page_id=122537"},"modified":"2024-03-05T16:45:07","modified_gmt":"2024-03-05T15:45:07","slug":"alea-energy-database-aleaapp","status":"publish","type":"page","link":"https:\/\/aleasoft.com\/pt\/produtos-e-servicos\/alea-energy-database-aleaapp\/","title":{"rendered":"Plataforma online Alea Energy DataBase (AleaApp)"},"content":{"rendered":"\t\t<div data-elementor-type=\"wp-page\" data-elementor-id=\"122537\" class=\"elementor elementor-122537\" data-elementor-post-type=\"page\">\n\t\t\t\t\t\t<section class=\"elementor-section elementor-top-section elementor-element elementor-element-7176737 elementor-section-boxed elementor-section-height-default elementor-section-height-default\" data-id=\"7176737\" data-element_type=\"section\" data-e-type=\"section\">\n\t\t\t\t\t\t<div class=\"elementor-container elementor-column-gap-default\">\n\t\t\t\t\t<div class=\"elementor-column elementor-col-100 elementor-top-column elementor-element elementor-element-c3b6246\" data-id=\"c3b6246\" data-element_type=\"column\" data-e-type=\"column\">\n\t\t\t<div class=\"elementor-widget-wrap elementor-element-populated\">\n\t\t\t\t\t\t<div class=\"elementor-element elementor-element-f6794c8 elementor-nav-menu__align-center elementor-nav-menu--dropdown-mobile menu-dropdown-distance elementor-nav-menu__text-align-aside elementor-widget elementor-widget-global elementor-global-85832 elementor-widget-nav-menu\" data-id=\"f6794c8\" data-element_type=\"widget\" data-e-type=\"widget\" data-settings=\"{&quot;layout&quot;:&quot;horizontal&quot;,&quot;submenu_icon&quot;:{&quot;value&quot;:&quot;fas fa-caret-down&quot;,&quot;library&quot;:&quot;fa-solid&quot;}}\" data-widget_type=\"nav-menu.default\">\n\t\t\t\t<div class=\"elementor-widget-container\">\n\t\t\t\t\t\t\t\t<nav aria-label=\"Menu\" class=\"elementor-nav-menu--main elementor-nav-menu__container elementor-nav-menu--layout-horizontal e--pointer-background e--animation-fade\">\n\t\t\t\t<ul id=\"menu-1-f6794c8\" class=\"elementor-nav-menu\"><li class=\"menu-item menu-item-type-post_type menu-item-object-page menu-item-123438\"><a href=\"https:\/\/aleasoft.com\/pt\/servicos\/previsoes-precos-energia\/\" class=\"elementor-item\">Previs\u00f5es de pre\u00e7os de energia<\/a><\/li>\n<li class=\"menu-item menu-item-type-post_type menu-item-object-page menu-item-123439\"><a href=\"https:\/\/aleasoft.com\/pt\/servicos\/previsoes-demanda-energia\/\" class=\"elementor-item\">Previs\u00f5es de procura de energia<\/a><\/li>\n<li class=\"menu-item menu-item-type-post_type menu-item-object-page menu-item-123440\"><a href=\"https:\/\/aleasoft.com\/pt\/servicos\/previsoes-energia-renovavel\/\" class=\"elementor-item\">Previs\u00f5es de energia renov\u00e1vel<\/a><\/li>\n<li class=\"menu-item menu-item-type-post_type menu-item-object-page menu-item-123441\"><a href=\"https:\/\/aleasoft.com\/pt\/produtos-e-servicos\/alea-energy-database-aleaapp\/\" class=\"elementor-item\">Alea Energy Database (AleaApp)<\/a><\/li>\n<\/ul>\t\t\t<\/nav>\n\t\t\t\t\t\t<nav class=\"elementor-nav-menu--dropdown elementor-nav-menu__container\" aria-hidden=\"true\">\n\t\t\t\t<ul id=\"menu-2-f6794c8\" class=\"elementor-nav-menu\"><li class=\"menu-item menu-item-type-post_type menu-item-object-page menu-item-123438\"><a href=\"https:\/\/aleasoft.com\/pt\/servicos\/previsoes-precos-energia\/\" class=\"elementor-item\" tabindex=\"-1\">Previs\u00f5es de pre\u00e7os de energia<\/a><\/li>\n<li class=\"menu-item menu-item-type-post_type menu-item-object-page menu-item-123439\"><a href=\"https:\/\/aleasoft.com\/pt\/servicos\/previsoes-demanda-energia\/\" class=\"elementor-item\" tabindex=\"-1\">Previs\u00f5es de procura de energia<\/a><\/li>\n<li class=\"menu-item menu-item-type-post_type menu-item-object-page menu-item-123440\"><a href=\"https:\/\/aleasoft.com\/pt\/servicos\/previsoes-energia-renovavel\/\" class=\"elementor-item\" tabindex=\"-1\">Previs\u00f5es de energia renov\u00e1vel<\/a><\/li>\n<li class=\"menu-item menu-item-type-post_type menu-item-object-page menu-item-123441\"><a href=\"https:\/\/aleasoft.com\/pt\/produtos-e-servicos\/alea-energy-database-aleaapp\/\" class=\"elementor-item\" tabindex=\"-1\">Alea Energy Database (AleaApp)<\/a><\/li>\n<\/ul>\t\t\t<\/nav>\n\t\t\t\t\t\t<\/div>\n\t\t\t\t<\/div>\n\t\t\t\t\t<\/div>\n\t\t<\/div>\n\t\t\t\t\t<\/div>\n\t\t<\/section>\n\t\t\t\t<section class=\"elementor-section elementor-top-section elementor-element elementor-element-3ca551a elementor-section-boxed elementor-section-height-default elementor-section-height-default\" data-id=\"3ca551a\" data-element_type=\"section\" data-e-type=\"section\">\n\t\t\t\t\t\t<div class=\"elementor-container elementor-column-gap-default\">\n\t\t\t\t\t<div class=\"elementor-column elementor-col-100 elementor-top-column elementor-element elementor-element-e015d43\" data-id=\"e015d43\" data-element_type=\"column\" data-e-type=\"column\">\n\t\t\t<div class=\"elementor-widget-wrap elementor-element-populated\">\n\t\t\t\t\t\t<div class=\"elementor-element elementor-element-36a2a7d elementor-widget elementor-widget-heading\" data-id=\"36a2a7d\" data-element_type=\"widget\" data-e-type=\"widget\" data-widget_type=\"heading.default\">\n\t\t\t\t<div class=\"elementor-widget-container\">\n\t\t\t\t\t<h2 class=\"elementor-heading-title elementor-size-default\">Plataforma online Alea Energy DataBase (AleaApp)<\/h2>\t\t\t\t<\/div>\n\t\t\t\t<\/div>\n\t\t\t\t\t<\/div>\n\t\t<\/div>\n\t\t\t\t\t<\/div>\n\t\t<\/section>\n\t\t\t\t<section class=\"elementor-section elementor-top-section elementor-element elementor-element-afa45aa elementor-section-boxed elementor-section-height-default elementor-section-height-default\" data-id=\"afa45aa\" data-element_type=\"section\" data-e-type=\"section\">\n\t\t\t\t\t\t<div class=\"elementor-container elementor-column-gap-default\">\n\t\t\t\t\t<div class=\"elementor-column elementor-col-100 elementor-top-column elementor-element elementor-element-97e137b\" data-id=\"97e137b\" data-element_type=\"column\" data-e-type=\"column\">\n\t\t\t<div class=\"elementor-widget-wrap elementor-element-populated\">\n\t\t\t\t\t\t<div class=\"elementor-element elementor-element-937f432 elementor-widget elementor-widget-text-editor\" data-id=\"937f432\" data-element_type=\"widget\" data-e-type=\"widget\" data-widget_type=\"text-editor.default\">\n\t\t\t\t<div class=\"elementor-widget-container\">\n\t\t\t\t\t\t\t\t\t<p>A <strong>AleaSoft<\/strong> desenvolveu a <strong>Alea Energy DataBase (AleaApp)<\/strong>\u00a0para a compila\u00e7\u00e3o, visualiza\u00e7\u00e3o e an\u00e1lise de dados relacionados aos mercados de energia.<\/p><p>A <strong>Alea Energy DataBase (AleaApp)<\/strong>\u00a0\u00e9 composta por observat\u00f3rios, que s\u00e3o constitu\u00eddos por um conjunto de s\u00e9ries temporais inter-relacionadas. Por exemplo, o observat\u00f3rio do mercado de eletricidade espanhol inclui as s\u00e9ries de pre\u00e7os de mercado do MIBEL, demanda, temperatura e produ\u00e7\u00e3o por tecnologia. O observat\u00f3rio de combust\u00edveis inclui os pre\u00e7os dos principais mercados de g\u00e1s, Brent, carv\u00e3o, direitos de emiss\u00e3o de CO<sub>2<\/sub> e taxa de c\u00e2mbio do Eurod\u00f3lar. Cada s\u00e9rie pode ser consultada individualmente, mas tamb\u00e9m as s\u00e9ries que comp\u00f5em um observat\u00f3rio podem ser representadas conjuntamente.<\/p><p>Os dados da <strong>Alea Energy DataBase (AleaApp)<\/strong>\u00a0s\u00e3o compilados v\u00e1rias vezes ao dia, o que garante que sejam atualizados.<\/p><p>Para personalizar a visualiza\u00e7\u00e3o e facilitar a an\u00e1lise dos dados, existem controles que permitem:<\/p><ul><li>Selecione um intervalo de datas<\/li><li>Mostrar no gr\u00e1fico a compara\u00e7\u00e3o das \u00faltimas N semanas ou meses, onde N \u00e9 um valor que pode ser especificado pelo usu\u00e1rio<\/li><li>Selecione a granularidade na qual os dados ser\u00e3o exibidos. Isso permite que voc\u00ea converta dinamicamente a granularidade de seus dados. Por exemplo, na s\u00e9rie de pre\u00e7os de mercado MIBEL do observat\u00f3rio espanhol, que originalmente tem granularidade por hora, voc\u00ea pode escolher mostrar a m\u00e9dia mensal<\/li><li>Calcular e exibir a m\u00e9dia m\u00f3vel simples<\/li><\/ul>\t\t\t\t\t\t\t\t<\/div>\n\t\t\t\t<\/div>\n\t\t\t\t\t<\/div>\n\t\t<\/div>\n\t\t\t\t\t<\/div>\n\t\t<\/section>\n\t\t\t\t<section class=\"elementor-section elementor-top-section elementor-element elementor-element-f962966 elementor-section-boxed elementor-section-height-default elementor-section-height-default\" data-id=\"f962966\" data-element_type=\"section\" data-e-type=\"section\">\n\t\t\t\t\t\t<div class=\"elementor-container elementor-column-gap-default\">\n\t\t\t\t\t<div class=\"elementor-column elementor-col-100 elementor-top-column elementor-element elementor-element-acf4510\" data-id=\"acf4510\" data-element_type=\"column\" data-e-type=\"column\">\n\t\t\t<div class=\"elementor-widget-wrap elementor-element-populated\">\n\t\t\t\t\t\t<div class=\"elementor-element elementor-element-d62b2a6 elementor-widget elementor-widget-image\" data-id=\"d62b2a6\" data-element_type=\"widget\" data-e-type=\"widget\" data-widget_type=\"image.default\">\n\t\t\t\t<div class=\"elementor-widget-container\">\n\t\t\t\t\t\t\t\t\t\t\t\t\t\t\t<img fetchpriority=\"high\" decoding=\"async\" width=\"3360\" height=\"1176\" src=\"https:\/\/aleasoft.com\/wp-content\/uploads\/2021\/01\/aleaapp-observatory-spain-chart.png\" class=\"attachment-full size-full wp-image-108573\" alt=\"\" srcset=\"https:\/\/aleasoft.com\/wp-content\/uploads\/2021\/01\/aleaapp-observatory-spain-chart.png 3360w, https:\/\/aleasoft.com\/wp-content\/uploads\/2021\/01\/aleaapp-observatory-spain-chart-300x105.png 300w, https:\/\/aleasoft.com\/wp-content\/uploads\/2021\/01\/aleaapp-observatory-spain-chart-1024x358.png 1024w, https:\/\/aleasoft.com\/wp-content\/uploads\/2021\/01\/aleaapp-observatory-spain-chart-150x53.png 150w, https:\/\/aleasoft.com\/wp-content\/uploads\/2021\/01\/aleaapp-observatory-spain-chart-768x269.png 768w, https:\/\/aleasoft.com\/wp-content\/uploads\/2021\/01\/aleaapp-observatory-spain-chart-1536x538.png 1536w, https:\/\/aleasoft.com\/wp-content\/uploads\/2021\/01\/aleaapp-observatory-spain-chart-2048x717.png 2048w\" sizes=\"(max-width: 3360px) 100vw, 3360px\" \/>\t\t\t\t\t\t\t\t\t\t\t\t\t\t\t<\/div>\n\t\t\t\t<\/div>\n\t\t\t\t\t<\/div>\n\t\t<\/div>\n\t\t\t\t\t<\/div>\n\t\t<\/section>\n\t\t\t\t<section class=\"elementor-section elementor-top-section elementor-element elementor-element-93409da elementor-section-boxed elementor-section-height-default elementor-section-height-default\" data-id=\"93409da\" data-element_type=\"section\" data-e-type=\"section\">\n\t\t\t\t\t\t<div class=\"elementor-container elementor-column-gap-default\">\n\t\t\t\t\t<div class=\"elementor-column elementor-col-100 elementor-top-column elementor-element elementor-element-aafe29d\" data-id=\"aafe29d\" data-element_type=\"column\" data-e-type=\"column\">\n\t\t\t<div class=\"elementor-widget-wrap elementor-element-populated\">\n\t\t\t\t\t\t<div class=\"elementor-element elementor-element-10d84e5 elementor-widget elementor-widget-text-editor\" data-id=\"10d84e5\" data-element_type=\"widget\" data-e-type=\"widget\" data-widget_type=\"text-editor.default\">\n\t\t\t\t<div class=\"elementor-widget-container\">\n\t\t\t\t\t\t\t\t\t<p><strong>AleaSoft<\/strong> oferece acesso \u00e0 <strong>Alea Energy DataBase (AleaApp)<\/strong>\u00a0por meio de planos de assinatura que permitem escolher a quantidade de usu\u00e1rios e observat\u00f3rios aos quais ter\u00e1 acesso, bem como a possibilidade de baixar os dados<\/p><p>\t\t<div data-elementor-type=\"widget\" data-elementor-id=\"122430\" class=\"elementor elementor-122430\" data-elementor-post-type=\"elementor_library\">\n\t\t\t\t\t\t<div class=\"elementor-element elementor-element-122430 elementor-widget elementor-widget-button\" data-id=\"122430\" data-element_type=\"widget\" data-e-type=\"widget\" data-widget_type=\"button.default\">\n\t\t\t\t<div class=\"elementor-widget-container\">\n\t\t\t\t\t\t\t\t\t<div class=\"elementor-button-wrapper\">\n\t\t\t\t\t<a class=\"elementor-button elementor-button-link elementor-size-sm\" href=\"#elementor-action%3Aaction%3Dpopup%3Aopen%26settings%3DeyJpZCI6IjEyMjQxNiIsInRvZ2dsZSI6ZmFsc2V9\">\n\t\t\t\t\t\t<span class=\"elementor-button-content-wrapper\">\n\t\t\t\t\t\t\t\t\t<span class=\"elementor-button-text\">Pedir oferta<\/span>\n\t\t\t\t\t<\/span>\n\t\t\t\t\t<\/a>\n\t\t\t\t<\/div>\n\t\t\t\t\t\t\t\t<\/div>\n\t\t\t\t<\/div>\n\t\t\t\t<\/div>\n\t\t<\/p>\t\t\t\t\t\t\t\t<\/div>\n\t\t\t\t<\/div>\n\t\t\t\t\t<\/div>\n\t\t<\/div>\n\t\t\t\t\t<\/div>\n\t\t<\/section>\n\t\t\t\t<\/div>\n\t\t","protected":false},"excerpt":{"rendered":"<p>A AleaSoft desenvolveu a Alea Energy DataBase (AleaApp)\u00a0para a compila\u00e7\u00e3o, visualiza\u00e7\u00e3o e an\u00e1lise de dados relacionados aos mercados de energia. A Alea Energy DataBase (AleaApp)\u00a0\u00e9 composta por observat\u00f3rios, que s\u00e3o constitu\u00eddos por um conjunto de s\u00e9ries temporais inter-relacionadas. Por exemplo, o observat\u00f3rio do mercado de eletricidade espanhol inclui as s\u00e9ries de pre\u00e7os de mercado do [&hellip;]<\/p>\n","protected":false},"author":1,"featured_media":125578,"parent":121732,"menu_order":0,"comment_status":"closed","ping_status":"closed","template":"elementor_header_footer","meta":{"footnotes":""},"class_list":["post-122537","page","type-page","status-publish","has-post-thumbnail","hentry"],"yoast_head":"<!-- This site is optimized with the Yoast SEO Premium plugin v27.2 (Yoast SEO v27.4) - https:\/\/yoast.com\/product\/yoast-seo-premium-wordpress\/ -->\n<title>Plataforma online Alea Energy DataBase (AleaApp) - AleaSoft Energy Forecasting<\/title>\n<meta name=\"description\" content=\"A AleaSoft desenvolveu a Plataforma AleaApp para a compila\u00e7\u00e3o, visualiza\u00e7\u00e3o e an\u00e1lise de dados relacionados aos mercados de energia.\" \/>\n<meta name=\"robots\" content=\"index, follow, max-snippet:-1, max-image-preview:large, max-video-preview:-1\" \/>\n<link rel=\"canonical\" href=\"https:\/\/aleasoft.com\/pt\/produtos-e-servicos\/alea-energy-database-aleaapp\/\" \/>\n<meta property=\"og:locale\" content=\"pt_PT\" \/>\n<meta property=\"og:type\" content=\"article\" \/>\n<meta property=\"og:title\" content=\"Plataforma online Alea Energy DataBase (AleaApp)\" \/>\n<meta property=\"og:description\" content=\"A AleaSoft desenvolveu a Plataforma AleaApp para a compila\u00e7\u00e3o, visualiza\u00e7\u00e3o e an\u00e1lise de dados relacionados aos mercados de energia.\" \/>\n<meta property=\"og:url\" content=\"https:\/\/aleasoft.com\/pt\/produtos-e-servicos\/alea-energy-database-aleaapp\/\" \/>\n<meta property=\"og:site_name\" content=\"AleaSoft Energy Forecasting\" \/>\n<meta property=\"article:publisher\" content=\"https:\/\/www.facebook.com\/AleaSoft\/\" \/>\n<meta property=\"article:modified_time\" content=\"2024-03-05T15:45:07+00:00\" \/>\n<meta property=\"og:image\" content=\"https:\/\/aleasoft.com\/wp-content\/uploads\/2021\/01\/aleaapp-observatory-spain-chart.png\" \/>\n\t<meta property=\"og:image:width\" content=\"3360\" \/>\n\t<meta property=\"og:image:height\" content=\"1176\" \/>\n\t<meta property=\"og:image:type\" content=\"image\/png\" \/>\n<meta name=\"twitter:card\" content=\"summary_large_image\" \/>\n<meta name=\"twitter:site\" content=\"@AleaSoftEnergy\" \/>\n<meta name=\"twitter:label1\" content=\"Tempo estimado de leitura\" \/>\n\t<meta name=\"twitter:data1\" content=\"2 minutos\" \/>\n<script type=\"application\/ld+json\" class=\"yoast-schema-graph\">{\"@context\":\"https:\\\/\\\/schema.org\",\"@graph\":[{\"@type\":\"WebPage\",\"@id\":\"https:\\\/\\\/aleasoft.com\\\/pt\\\/produtos-e-servicos\\\/alea-energy-database-aleaapp\\\/\",\"url\":\"https:\\\/\\\/aleasoft.com\\\/pt\\\/produtos-e-servicos\\\/alea-energy-database-aleaapp\\\/\",\"name\":\"Plataforma online Alea Energy DataBase (AleaApp) - AleaSoft Energy Forecasting\",\"isPartOf\":{\"@id\":\"https:\\\/\\\/aleasoft.com\\\/#website\"},\"primaryImageOfPage\":{\"@id\":\"https:\\\/\\\/aleasoft.com\\\/pt\\\/produtos-e-servicos\\\/alea-energy-database-aleaapp\\\/#primaryimage\"},\"image\":{\"@id\":\"https:\\\/\\\/aleasoft.com\\\/pt\\\/produtos-e-servicos\\\/alea-energy-database-aleaapp\\\/#primaryimage\"},\"thumbnailUrl\":\"https:\\\/\\\/aleasoft.com\\\/wp-content\\\/uploads\\\/2021\\\/01\\\/aleaapp-observatory-spain-chart.png\",\"datePublished\":\"2021-01-19T10:37:25+00:00\",\"dateModified\":\"2024-03-05T15:45:07+00:00\",\"description\":\"A AleaSoft desenvolveu a Plataforma AleaApp para a compila\u00e7\u00e3o, visualiza\u00e7\u00e3o e an\u00e1lise de dados relacionados aos mercados de energia.\",\"breadcrumb\":{\"@id\":\"https:\\\/\\\/aleasoft.com\\\/pt\\\/produtos-e-servicos\\\/alea-energy-database-aleaapp\\\/#breadcrumb\"},\"inLanguage\":\"pt-PT\",\"potentialAction\":[{\"@type\":\"ReadAction\",\"target\":[\"https:\\\/\\\/aleasoft.com\\\/pt\\\/produtos-e-servicos\\\/alea-energy-database-aleaapp\\\/\"]}]},{\"@type\":\"ImageObject\",\"inLanguage\":\"pt-PT\",\"@id\":\"https:\\\/\\\/aleasoft.com\\\/pt\\\/produtos-e-servicos\\\/alea-energy-database-aleaapp\\\/#primaryimage\",\"url\":\"https:\\\/\\\/aleasoft.com\\\/wp-content\\\/uploads\\\/2021\\\/01\\\/aleaapp-observatory-spain-chart.png\",\"contentUrl\":\"https:\\\/\\\/aleasoft.com\\\/wp-content\\\/uploads\\\/2021\\\/01\\\/aleaapp-observatory-spain-chart.png\",\"width\":3360,\"height\":1176},{\"@type\":\"BreadcrumbList\",\"@id\":\"https:\\\/\\\/aleasoft.com\\\/pt\\\/produtos-e-servicos\\\/alea-energy-database-aleaapp\\\/#breadcrumb\",\"itemListElement\":[{\"@type\":\"ListItem\",\"position\":1,\"name\":\"Home\",\"item\":\"https:\\\/\\\/aleasoft.com\\\/\"},{\"@type\":\"ListItem\",\"position\":2,\"name\":\"Servi\u00e7os de previs\u00e3o de energia\",\"item\":\"https:\\\/\\\/aleasoft.com\\\/pt\\\/produtos-e-servicos\\\/\"},{\"@type\":\"ListItem\",\"position\":3,\"name\":\"Plataforma online Alea Energy DataBase (AleaApp)\"}]},{\"@type\":\"WebSite\",\"@id\":\"https:\\\/\\\/aleasoft.com\\\/#website\",\"url\":\"https:\\\/\\\/aleasoft.com\\\/\",\"name\":\"AleaSoft Energy Forecasting\",\"description\":\"Energy Forecasting\",\"publisher\":{\"@id\":\"https:\\\/\\\/aleasoft.com\\\/#organization\"},\"potentialAction\":[{\"@type\":\"SearchAction\",\"target\":{\"@type\":\"EntryPoint\",\"urlTemplate\":\"https:\\\/\\\/aleasoft.com\\\/?s={search_term_string}\"},\"query-input\":{\"@type\":\"PropertyValueSpecification\",\"valueRequired\":true,\"valueName\":\"search_term_string\"}}],\"inLanguage\":\"pt-PT\"},{\"@type\":\"Organization\",\"@id\":\"https:\\\/\\\/aleasoft.com\\\/#organization\",\"name\":\"AleaSoft Energy Forecasting\",\"url\":\"https:\\\/\\\/aleasoft.com\\\/\",\"logo\":{\"@type\":\"ImageObject\",\"inLanguage\":\"pt-PT\",\"@id\":\"https:\\\/\\\/aleasoft.com\\\/#\\\/schema\\\/logo\\\/image\\\/\",\"url\":\"https:\\\/\\\/aleasoft.com\\\/wp-content\\\/uploads\\\/2020\\\/01\\\/logo-alea-25.svg\",\"contentUrl\":\"https:\\\/\\\/aleasoft.com\\\/wp-content\\\/uploads\\\/2020\\\/01\\\/logo-alea-25.svg\",\"width\":7047,\"height\":1416,\"caption\":\"AleaSoft Energy Forecasting\"},\"image\":{\"@id\":\"https:\\\/\\\/aleasoft.com\\\/#\\\/schema\\\/logo\\\/image\\\/\"},\"sameAs\":[\"https:\\\/\\\/www.facebook.com\\\/AleaSoft\\\/\",\"https:\\\/\\\/x.com\\\/AleaSoftEnergy\",\"https:\\\/\\\/www.linkedin.com\\\/company\\\/aleasoft\\\/\"]}]}<\/script>\n<!-- \/ Yoast SEO Premium plugin. -->","yoast_head_json":{"title":"Plataforma online Alea Energy DataBase (AleaApp) - AleaSoft Energy Forecasting","description":"A AleaSoft desenvolveu a Plataforma AleaApp para a compila\u00e7\u00e3o, visualiza\u00e7\u00e3o e an\u00e1lise de dados relacionados aos mercados de energia.","robots":{"index":"index","follow":"follow","max-snippet":"max-snippet:-1","max-image-preview":"max-image-preview:large","max-video-preview":"max-video-preview:-1"},"canonical":"https:\/\/aleasoft.com\/pt\/produtos-e-servicos\/alea-energy-database-aleaapp\/","og_locale":"pt_PT","og_type":"article","og_title":"Plataforma online Alea Energy DataBase (AleaApp)","og_description":"A AleaSoft desenvolveu a Plataforma AleaApp para a compila\u00e7\u00e3o, visualiza\u00e7\u00e3o e an\u00e1lise de dados relacionados aos mercados de energia.","og_url":"https:\/\/aleasoft.com\/pt\/produtos-e-servicos\/alea-energy-database-aleaapp\/","og_site_name":"AleaSoft Energy Forecasting","article_publisher":"https:\/\/www.facebook.com\/AleaSoft\/","article_modified_time":"2024-03-05T15:45:07+00:00","og_image":[{"width":3360,"height":1176,"url":"https:\/\/aleasoft.com\/wp-content\/uploads\/2021\/01\/aleaapp-observatory-spain-chart.png","type":"image\/png"}],"twitter_card":"summary_large_image","twitter_site":"@AleaSoftEnergy","twitter_misc":{"Tempo estimado de leitura":"2 minutos"},"schema":{"@context":"https:\/\/schema.org","@graph":[{"@type":"WebPage","@id":"https:\/\/aleasoft.com\/pt\/produtos-e-servicos\/alea-energy-database-aleaapp\/","url":"https:\/\/aleasoft.com\/pt\/produtos-e-servicos\/alea-energy-database-aleaapp\/","name":"Plataforma online Alea Energy DataBase (AleaApp) - AleaSoft Energy Forecasting","isPartOf":{"@id":"https:\/\/aleasoft.com\/#website"},"primaryImageOfPage":{"@id":"https:\/\/aleasoft.com\/pt\/produtos-e-servicos\/alea-energy-database-aleaapp\/#primaryimage"},"image":{"@id":"https:\/\/aleasoft.com\/pt\/produtos-e-servicos\/alea-energy-database-aleaapp\/#primaryimage"},"thumbnailUrl":"https:\/\/aleasoft.com\/wp-content\/uploads\/2021\/01\/aleaapp-observatory-spain-chart.png","datePublished":"2021-01-19T10:37:25+00:00","dateModified":"2024-03-05T15:45:07+00:00","description":"A AleaSoft desenvolveu a Plataforma AleaApp para a compila\u00e7\u00e3o, visualiza\u00e7\u00e3o e an\u00e1lise de dados relacionados aos mercados de energia.","breadcrumb":{"@id":"https:\/\/aleasoft.com\/pt\/produtos-e-servicos\/alea-energy-database-aleaapp\/#breadcrumb"},"inLanguage":"pt-PT","potentialAction":[{"@type":"ReadAction","target":["https:\/\/aleasoft.com\/pt\/produtos-e-servicos\/alea-energy-database-aleaapp\/"]}]},{"@type":"ImageObject","inLanguage":"pt-PT","@id":"https:\/\/aleasoft.com\/pt\/produtos-e-servicos\/alea-energy-database-aleaapp\/#primaryimage","url":"https:\/\/aleasoft.com\/wp-content\/uploads\/2021\/01\/aleaapp-observatory-spain-chart.png","contentUrl":"https:\/\/aleasoft.com\/wp-content\/uploads\/2021\/01\/aleaapp-observatory-spain-chart.png","width":3360,"height":1176},{"@type":"BreadcrumbList","@id":"https:\/\/aleasoft.com\/pt\/produtos-e-servicos\/alea-energy-database-aleaapp\/#breadcrumb","itemListElement":[{"@type":"ListItem","position":1,"name":"Home","item":"https:\/\/aleasoft.com\/"},{"@type":"ListItem","position":2,"name":"Servi\u00e7os de previs\u00e3o de energia","item":"https:\/\/aleasoft.com\/pt\/produtos-e-servicos\/"},{"@type":"ListItem","position":3,"name":"Plataforma online Alea Energy DataBase (AleaApp)"}]},{"@type":"WebSite","@id":"https:\/\/aleasoft.com\/#website","url":"https:\/\/aleasoft.com\/","name":"AleaSoft Energy Forecasting","description":"Energy Forecasting","publisher":{"@id":"https:\/\/aleasoft.com\/#organization"},"potentialAction":[{"@type":"SearchAction","target":{"@type":"EntryPoint","urlTemplate":"https:\/\/aleasoft.com\/?s={search_term_string}"},"query-input":{"@type":"PropertyValueSpecification","valueRequired":true,"valueName":"search_term_string"}}],"inLanguage":"pt-PT"},{"@type":"Organization","@id":"https:\/\/aleasoft.com\/#organization","name":"AleaSoft Energy Forecasting","url":"https:\/\/aleasoft.com\/","logo":{"@type":"ImageObject","inLanguage":"pt-PT","@id":"https:\/\/aleasoft.com\/#\/schema\/logo\/image\/","url":"https:\/\/aleasoft.com\/wp-content\/uploads\/2020\/01\/logo-alea-25.svg","contentUrl":"https:\/\/aleasoft.com\/wp-content\/uploads\/2020\/01\/logo-alea-25.svg","width":7047,"height":1416,"caption":"AleaSoft Energy Forecasting"},"image":{"@id":"https:\/\/aleasoft.com\/#\/schema\/logo\/image\/"},"sameAs":["https:\/\/www.facebook.com\/AleaSoft\/","https:\/\/x.com\/AleaSoftEnergy","https:\/\/www.linkedin.com\/company\/aleasoft\/"]}]}},"_links":{"self":[{"href":"https:\/\/aleasoft.com\/pt\/wp-json\/wp\/v2\/pages\/122537","targetHints":{"allow":["GET"]}}],"collection":[{"href":"https:\/\/aleasoft.com\/pt\/wp-json\/wp\/v2\/pages"}],"about":[{"href":"https:\/\/aleasoft.com\/pt\/wp-json\/wp\/v2\/types\/page"}],"author":[{"embeddable":true,"href":"https:\/\/aleasoft.com\/pt\/wp-json\/wp\/v2\/users\/1"}],"replies":[{"embeddable":true,"href":"https:\/\/aleasoft.com\/pt\/wp-json\/wp\/v2\/comments?post=122537"}],"version-history":[{"count":0,"href":"https:\/\/aleasoft.com\/pt\/wp-json\/wp\/v2\/pages\/122537\/revisions"}],"up":[{"embeddable":true,"href":"https:\/\/aleasoft.com\/pt\/wp-json\/wp\/v2\/pages\/121732"}],"wp:featuredmedia":[{"embeddable":true,"href":"https:\/\/aleasoft.com\/pt\/wp-json\/wp\/v2\/media\/125578"}],"wp:attachment":[{"href":"https:\/\/aleasoft.com\/pt\/wp-json\/wp\/v2\/media?parent=122537"}],"curies":[{"name":"wp","href":"https:\/\/api.w.org\/{rel}","templated":true}]}}