{"id":122598,"date":"2020-01-17T22:08:29","date_gmt":"2020-01-17T21:08:29","guid":{"rendered":"https:\/\/aleasoft.com\/?page_id=122598"},"modified":"2021-12-13T16:19:10","modified_gmt":"2021-12-13T15:19:10","slug":"aviso-legal","status":"publish","type":"page","link":"https:\/\/aleasoft.com\/pt\/aviso-legal\/","title":{"rendered":"Aviso Legal"},"content":{"rendered":"\t\t<div data-elementor-type=\"wp-page\" data-elementor-id=\"122598\" class=\"elementor elementor-122598\" data-elementor-post-type=\"page\">\n\t\t\t\t\t\t<section class=\"elementor-section elementor-top-section elementor-element elementor-element-12c8ef5 elementor-section-boxed elementor-section-height-default elementor-section-height-default\" data-id=\"12c8ef5\" data-element_type=\"section\" data-e-type=\"section\">\n\t\t\t\t\t\t<div class=\"elementor-container elementor-column-gap-default\">\n\t\t\t\t\t<div class=\"elementor-column elementor-col-100 elementor-top-column elementor-element elementor-element-4d719f2\" data-id=\"4d719f2\" data-element_type=\"column\" data-e-type=\"column\">\n\t\t\t<div class=\"elementor-widget-wrap elementor-element-populated\">\n\t\t\t\t\t\t<div class=\"elementor-element elementor-element-779cc05 elementor-widget elementor-widget-spacer\" data-id=\"779cc05\" data-element_type=\"widget\" data-e-type=\"widget\" data-widget_type=\"spacer.default\">\n\t\t\t\t<div class=\"elementor-widget-container\">\n\t\t\t\t\t\t\t<div class=\"elementor-spacer\">\n\t\t\t<div class=\"elementor-spacer-inner\"><\/div>\n\t\t<\/div>\n\t\t\t\t\t\t<\/div>\n\t\t\t\t<\/div>\n\t\t\t\t<div class=\"elementor-element elementor-element-342b78a elementor-widget elementor-widget-heading\" data-id=\"342b78a\" data-element_type=\"widget\" data-e-type=\"widget\" data-widget_type=\"heading.default\">\n\t\t\t\t<div class=\"elementor-widget-container\">\n\t\t\t\t\t<h1 class=\"elementor-heading-title elementor-size-default\">Aviso legal<\/h1>\t\t\t\t<\/div>\n\t\t\t\t<\/div>\n\t\t\t\t<div class=\"elementor-element elementor-element-d409242 elementor-widget elementor-widget-spacer\" data-id=\"d409242\" data-element_type=\"widget\" data-e-type=\"widget\" data-widget_type=\"spacer.default\">\n\t\t\t\t<div class=\"elementor-widget-container\">\n\t\t\t\t\t\t\t<div class=\"elementor-spacer\">\n\t\t\t<div class=\"elementor-spacer-inner\"><\/div>\n\t\t<\/div>\n\t\t\t\t\t\t<\/div>\n\t\t\t\t<\/div>\n\t\t\t\t\t<\/div>\n\t\t<\/div>\n\t\t\t\t\t<\/div>\n\t\t<\/section>\n\t\t\t\t<section class=\"elementor-section elementor-top-section elementor-element elementor-element-dc0fcc7 elementor-section-boxed elementor-section-height-default elementor-section-height-default\" data-id=\"dc0fcc7\" data-element_type=\"section\" data-e-type=\"section\">\n\t\t\t\t\t\t<div class=\"elementor-container elementor-column-gap-default\">\n\t\t\t\t\t<div class=\"elementor-column elementor-col-100 elementor-top-column elementor-element elementor-element-5e87c56\" data-id=\"5e87c56\" data-element_type=\"column\" data-e-type=\"column\">\n\t\t\t<div class=\"elementor-widget-wrap elementor-element-populated\">\n\t\t\t\t\t\t<div class=\"elementor-element elementor-element-9989843 elementor-widget elementor-widget-text-editor\" data-id=\"9989843\" data-element_type=\"widget\" data-e-type=\"widget\" data-widget_type=\"text-editor.default\">\n\t\t\t\t<div class=\"elementor-widget-container\">\n\t\t\t\t\t\t\t\t\t<h2><strong>PROPRIEDADE DO SITE<\/strong><\/h2>\nAlea Business Software, S.L. fornecido com CIF B62069067, atua como o propriet\u00e1rio, facilitador e administrador de conte\u00fado deste site. A entidade informa aos usu\u00e1rios que cumpre os regulamentos atuais de prote\u00e7\u00e3o de dados e o Regulamento (UE) 2016\/679 do Parlamento Europeu e do Conselho de 27 de abril de 2016 sobre a prote\u00e7\u00e3o de pessoas singulares no que diz respeito ao tratamento de dados pessoais e em a livre circula\u00e7\u00e3o dos referidos dados, que revoga a Directiva 95\/46\/CE (Regulamento Geral de Protec\u00e7\u00e3o de Dados) e a Lei 34\/2002, de 11 de Julho, sobre Servi\u00e7os da Sociedade da Informa\u00e7\u00e3o e Com\u00e9rcio Eletr\u00f4nico.\n<h2><strong>CONCEITO DO USU\u00c1RIO<\/strong><\/h2>\nA utiliza\u00e7\u00e3o do site atribui a condi\u00e7\u00e3o de utilizador e implica a aceita\u00e7\u00e3o plena e sem reservas de cada uma das disposi\u00e7\u00f5es constantes deste <strong>Aviso Legal<\/strong> e da <a href=\"https:\/\/aleasoft.com\/pt\/politica-de-privacidade\/\"><strong>Pol\u00edtica de Privacidade<\/strong><\/a> publicada pela AleaSoft, no momento em que o utilizador acede a este site. Consequentemente, o usu\u00e1rio deve ler atentamente este <strong>Aviso Legal<\/strong> e a <a href=\"https:\/\/aleasoft.com\/pt\/politica-de-privacidade\/\"><strong>Pol\u00edtica de Privacidade<\/strong><\/a> cada vez que pretenda utilizar o site, devido a poss\u00edveis modifica\u00e7\u00f5es.\n<h2><strong>INFORMA\u00c7\u00d5ES SOBRE LINKS<\/strong><\/h2>\nA <strong>AleaSoft<\/strong> n\u00e3o se responsabiliza por sites n\u00e3o propriet\u00e1rios que possam ser acessados \u200b\u200bpor meio de \u201clinks\u201d ou de qualquer conte\u00fado disponibilizado por terceiros.\n\nQualquer uso de um link ou acesso a um site n\u00e3o propriet\u00e1rio \u00e9 feito por conta e risco do usu\u00e1rio, e a <strong>AleaSoft<\/strong> n\u00e3o recomenda ou garante qualquer informa\u00e7\u00e3o obtida por meio de um link fora do site da AleaSoft nem \u00e9 respons\u00e1vel por qualquer perda, reclama\u00e7\u00e3o ou danos decorrentes do uso ou abuso de um link, ou das informa\u00e7\u00f5es obtidas por meio dele, incluindo outros links ou sites, a interrup\u00e7\u00e3o do servi\u00e7o ou acesso, ou a tentativa de usar um link incorretamente, tanto ao se conectar ao site <strong>AleaSoft<\/strong> site e quando acessar informa\u00e7\u00f5es de outros sites do site da <strong>AleaSoft<\/strong>.\n<h2><strong>LINKS DE OUTROS SITES EXTERNOS<\/strong><\/h2>\n\u00c9 expressamente proibido o estabelecimento de link para aleasoft.com a partir de p\u00e1ginas que contenham manifesta\u00e7\u00f5es ou propaganda de car\u00e1ter racista, xen\u00f3fobo, pornogr\u00e1fico, em defesa do terrorismo, contra os Direitos Humanos ou qualquer outro de natureza ilegal ou contr\u00e1ria \u00e0 moral e \u00e0 ordem p\u00fablica . Em nenhum caso pode ser entendido ou declarado que <strong>AleaSoft<\/strong> interv\u00e9m, ap\u00f3ia, promove, participa ou supervisiona de qualquer forma o conte\u00fado da p\u00e1gina onde o link aparece, ou apenas consente com sua incurs\u00e3o, a menos que expressamente autorizado.\n<h2><strong>INFORMA\u00c7\u00d5ES SOBRE O USO DE COOKIES<\/strong><\/h2>\nNo aleasoft.com, usamos cookies para facilitar a rela\u00e7\u00e3o dos visitantes com nosso conte\u00fado e para nos permitir coletar estat\u00edsticas sobre os visitantes que recebemos. Em cumprimento \u00e0 Diretiva 2009\/136\/CE, desenvolvida em nosso decreto pelo par\u00e1grafo segundo do artigo 22 da Lei de Servi\u00e7os da Sociedade da Informa\u00e7\u00e3o e seguindo as diretrizes da Ag\u00eancia Espanhola de Prote\u00e7\u00e3o de Dados, passamos a inform\u00e1-lo sobre a utiliza\u00e7\u00e3o de cookies em nosso site.\n\nCookies s\u00e3o pequenos arquivos que s\u00e3o salvos no navegador utilizado por cada visitante de nosso site para que o servidor possa se lembrar da visita daquele usu\u00e1rio posteriormente, quando ele retornar para acessar nosso conte\u00fado. Essas informa\u00e7\u00f5es n\u00e3o revelam sua identidade ou acesso ao conte\u00fado armazenado em seu PC, mas permitem que nosso sistema identifique voc\u00ea como um usu\u00e1rio espec\u00edfico que j\u00e1 visitou a web, visualizou certas p\u00e1ginas, etc. e isso tamb\u00e9m permite que voc\u00ea salve suas prefer\u00eancias pessoais e informa\u00e7\u00f5es t\u00e9cnicas, como visitas feitas ou p\u00e1ginas espec\u00edficas que voc\u00ea visita. Se voc\u00ea n\u00e3o deseja que os cookies sejam armazenados em seu navegador ou prefere receber informa\u00e7\u00f5es cada vez que um cookie solicitar sua instala\u00e7\u00e3o, voc\u00ea pode configurar as op\u00e7\u00f5es de navega\u00e7\u00e3o para que sejam feitas dessa forma. A maioria dos navegadores permite o gerenciamento de cookies de 3 maneiras diferentes:\n<ul>\n \t<li>Cookies s\u00e3o sempre rejeitados<\/li>\n \t<li>O navegador pergunta se o usu\u00e1rio deseja instalar cada cookie<\/li>\n \t<li>Cookies s\u00e3o sempre aceitos<\/li>\n<\/ul>\nO navegador tamb\u00e9m pode incluir a capacidade de selecionar em detalhes os cookies que voc\u00ea deseja instalar no seu computador. Em particular, o usu\u00e1rio geralmente pode aceitar qualquer uma das seguintes op\u00e7\u00f5es:\n<ul>\n \t<li>rejeitar cookies de certos dom\u00ednios<\/li>\n \t<li>rejeitar cookies de terceiros<\/li>\n<\/ul>\n<ul>\n \t<li>aceitar cookies como n\u00e3o persistentes (eles s\u00e3o exclu\u00eddos quando o navegador \u00e9 fechado)<\/li>\n \t<li>permitir que o servidor crie cookies para um dom\u00ednio diferente<\/li>\n<\/ul>\nCom rela\u00e7\u00e3o aos cookies de terceiros, ou seja, aqueles que n\u00e3o est\u00e3o relacionados ao nosso site, n\u00e3o podemos ser responsabilizados pelo conte\u00fado e veracidade das pol\u00edticas de privacidade que eles incluem, portanto, em caso de d\u00favida, voc\u00ea deve entrar em contato com o webmaster do dom\u00ednio que criou o cookie.\n<h2><strong>ISEN\u00c7\u00c3O DE RESPONSABILIDADE E LIMITA\u00c7\u00c3O DE RESPONSABILIDADE<\/strong><\/h2>\nA <strong>AleaSoft<\/strong> informa que sempre implementa as medidas de seguran\u00e7a adequadas para apresentar aos usu\u00e1rios informa\u00e7\u00f5es e servi\u00e7os adequados, certos e atualizados. No entanto, o direito de retifica\u00e7\u00e3o \u00e9 reservado para aqueles aspectos que, eventualmente e fortuitamente, possam sofrer imprecis\u00f5es, desatualiza\u00e7\u00e3o ou erros.\n\nA <strong>AleaSoft<\/strong> obteve as informa\u00e7\u00f5es e materiais inclu\u00eddos no site de fontes consideradas confi\u00e1veis, mas embora as medidas correspondentes tenham sido tomadas para garantir que as informa\u00e7\u00f5es contidas sejam corretas, isso n\u00e3o garante que sejam precisas ou atualizadas.\n\nDo mesmo modo, recorde-se que os conte\u00fados deste site t\u00eam duas finalidades, uma informativa em termos de qualidade, localiza\u00e7\u00e3o, servi\u00e7os e tarifas, e outra de venda de servi\u00e7os, conforme previsto neste aviso legal e demais textos legais aqui contidos.\n<h2><strong>INDICA\u00c7\u00d5ES SOBRE ASPECTOS T\u00c9CNICOS<\/strong><\/h2>\n<strong>AleaSoft<\/strong> declina qualquer responsabilidade em caso de interrup\u00e7\u00e3o ou mau funcionamento dos servi\u00e7os ou conte\u00fados oferecidos na Internet, seja qual for a sua causa. Al\u00e9m disso, a <strong>AleaSoft<\/strong> n\u00e3o \u00e9 respons\u00e1vel por quedas na rede, perda de informa\u00e7\u00f5es como resultado de tais quedas, suspens\u00e3o tempor\u00e1ria de energia el\u00e9trica ou qualquer outro tipo de dano indireto que possa ser causado aos usu\u00e1rios por motivos al\u00e9m do <strong>AleaSoft<\/strong>.\n\nA <strong>AleaSoft<\/strong> n\u00e3o declara nem garante que os servi\u00e7os ou conte\u00fados sejam ininterruptos ou livres de erros, que os defeitos sejam corrigidos ou que o servi\u00e7o ou servidor que os disponibiliza esteja livre de v\u00edrus ou outros componentes prejudiciais. A <strong>AleaSoft<\/strong> se esfor\u00e7a ao m\u00e1ximo para evitar esse tipo de incidente. Caso o usu\u00e1rio tome certas decis\u00f5es ou tome provid\u00eancias com base nas informa\u00e7\u00f5es contidas em algum dos sites, \u00e9 recomend\u00e1vel verificar as informa\u00e7\u00f5es recebidas com outras fontes.\n<h2><strong>PROPRIEDADE INDUSTRIAL E INTELECTUAL<\/strong><\/h2>\nOs conte\u00fados disponibilizados pela <strong>AleaSoft<\/strong>, bem como os conte\u00fados inclu\u00eddos neste site, constituem uma obra no sentido da legisla\u00e7\u00e3o sobre propriedade intelectual pela qual est\u00e3o protegidos pelas leis e conven\u00e7\u00f5es internacionais aplic\u00e1veis \u200b\u200bna mat\u00e9ria.\n\nQualquer forma de reprodu\u00e7\u00e3o, distribui\u00e7\u00e3o, comunica\u00e7\u00e3o p\u00fablica, transforma\u00e7\u00e3o, disponibiliza\u00e7\u00e3o e, em geral, qualquer outro ato de explora\u00e7\u00e3o p\u00fablica referente ao site e seus conte\u00fados e informa\u00e7\u00f5es, sem o consentimento expresso e pr\u00e9vio por escrito da <strong>AleaSoft<\/strong>, \u00e9 proibida.\n\nConsequentemente, todo o conte\u00fado exibido neste site, especialmente designs, textos, gr\u00e1ficos, logotipos, \u00edcones, bot\u00f5es, software, nomes comerciais, marcas, desenhos industriais ou qualquer outro sinal suscet\u00edvel de uso industrial e comercial est\u00e3o sujeitos aos direitos de propriedade industrial da <strong>AleaSoft<\/strong> ou propriet\u00e1rios de terceiros que tenham devidamente autorizado sua inclus\u00e3o no site.\n\nOs conte\u00fados, imagens, formul\u00e1rios, opini\u00f5es, \u00edndices e outras express\u00f5es formais que fazem parte do site, bem como os softwares necess\u00e1rios ao seu funcionamento e visualiza\u00e7\u00e3o, s\u00e3o tamb\u00e9m uma obra no sentido de Copyright e permanecem protegidos por conven\u00e7\u00f5es internacionais e nacionais leis de propriedade intelectual aplic\u00e1veis. O n\u00e3o cumprimento destes implica a pr\u00e1tica de atos ilegais graves e sua san\u00e7\u00e3o pela legisla\u00e7\u00e3o civil e criminal.\n\n<strong>AleaSoft<\/strong> \u00e9 livre para limitar o acesso ao site, aos produtos e servi\u00e7os oferecidos, bem como \u00e0 posterior publica\u00e7\u00e3o de opini\u00f5es, observa\u00e7\u00f5es, imagens ou coment\u00e1rios que os usu\u00e1rios possam enviar por e\u2011mail. A <strong>AleaSoft<\/strong> pode estabelecer, se julgar conveniente, sem preconceito e com responsabilidade exclusiva dos usu\u00e1rios, os filtros necess\u00e1rios para evitar conte\u00fados ou opini\u00f5es consideradas racistas, xen\u00f3fobas, discriminat\u00f3rias, pornogr\u00e1ficas, difamat\u00f3rias ou que de alguma forma incitem \u00e0 viol\u00eancia ou dissemina\u00e7\u00e3o de conte\u00fado claramente ilegal ou prejudicial.\t\t\t\t\t\t\t\t<\/div>\n\t\t\t\t<\/div>\n\t\t\t\t<div class=\"elementor-element elementor-element-4be7a51 elementor-widget elementor-widget-spacer\" data-id=\"4be7a51\" data-element_type=\"widget\" data-e-type=\"widget\" data-widget_type=\"spacer.default\">\n\t\t\t\t<div class=\"elementor-widget-container\">\n\t\t\t\t\t\t\t<div class=\"elementor-spacer\">\n\t\t\t<div class=\"elementor-spacer-inner\"><\/div>\n\t\t<\/div>\n\t\t\t\t\t\t<\/div>\n\t\t\t\t<\/div>\n\t\t\t\t\t<\/div>\n\t\t<\/div>\n\t\t\t\t\t<\/div>\n\t\t<\/section>\n\t\t\t\t<\/div>\n\t\t","protected":false},"excerpt":{"rendered":"<p>Aviso legal PROPRIEDADE DO SITE Alea Business Software, S.L. fornecido com CIF B62069067, atua como o propriet\u00e1rio, facilitador e administrador de conte\u00fado deste site. A entidade informa aos usu\u00e1rios que cumpre os regulamentos atuais de prote\u00e7\u00e3o de dados e o Regulamento (UE) 2016\/679 do Parlamento Europeu e do Conselho de 27 de abril de 2016 [&hellip;]<\/p>\n","protected":false},"author":1,"featured_media":121723,"parent":0,"menu_order":0,"comment_status":"closed","ping_status":"closed","template":"elementor_header_footer","meta":{"footnotes":""},"class_list":["post-122598","page","type-page","status-publish","has-post-thumbnail","hentry"],"yoast_head":"<!-- This site is optimized with the Yoast SEO Premium plugin v27.4 (Yoast SEO v27.4) - https:\/\/yoast.com\/product\/yoast-seo-premium-wordpress\/ -->\n<title>Aviso Legal - AleaSoft Energy Forecasting<\/title>\n<meta name=\"description\" content=\"Alea Business Software, S.L. fornecido com CIF B62069067, atua como o propriet\u00e1rio, facilitador e administrador de conte\u00fado deste site.\" \/>\n<meta name=\"robots\" content=\"index, follow, max-snippet:-1, max-image-preview:large, max-video-preview:-1\" \/>\n<link rel=\"canonical\" href=\"https:\/\/aleasoft.com\/pt\/aviso-legal\/\" \/>\n<meta property=\"og:locale\" content=\"pt_PT\" \/>\n<meta property=\"og:type\" content=\"article\" \/>\n<meta property=\"og:title\" content=\"Aviso Legal\" \/>\n<meta property=\"og:description\" content=\"Alea Business Software, S.L. fornecido com CIF B62069067, atua como o propriet\u00e1rio, facilitador e administrador de conte\u00fado deste site.\" \/>\n<meta property=\"og:url\" content=\"https:\/\/aleasoft.com\/pt\/aviso-legal\/\" \/>\n<meta property=\"og:site_name\" content=\"AleaSoft Energy Forecasting\" \/>\n<meta property=\"article:publisher\" content=\"https:\/\/www.facebook.com\/AleaSoft\/\" \/>\n<meta property=\"article:modified_time\" content=\"2021-12-13T15:19:10+00:00\" \/>\n<meta property=\"og:image\" content=\"https:\/\/aleasoft.com\/wp-content\/uploads\/2019\/04\/aleasoft_logo.png\" \/>\n\t<meta property=\"og:image:width\" content=\"2632\" \/>\n\t<meta property=\"og:image:height\" content=\"522\" \/>\n\t<meta property=\"og:image:type\" content=\"image\/png\" \/>\n<meta name=\"twitter:card\" content=\"summary_large_image\" \/>\n<meta name=\"twitter:site\" content=\"@AleaSoftEnergy\" \/>\n<meta name=\"twitter:label1\" content=\"Tempo estimado de leitura\" \/>\n\t<meta name=\"twitter:data1\" content=\"6 minutos\" \/>\n<script type=\"application\/ld+json\" class=\"yoast-schema-graph\">{\"@context\":\"https:\\\/\\\/schema.org\",\"@graph\":[{\"@type\":\"WebPage\",\"@id\":\"https:\\\/\\\/aleasoft.com\\\/pt\\\/aviso-legal\\\/\",\"url\":\"https:\\\/\\\/aleasoft.com\\\/pt\\\/aviso-legal\\\/\",\"name\":\"Aviso Legal - AleaSoft Energy Forecasting\",\"isPartOf\":{\"@id\":\"https:\\\/\\\/aleasoft.com\\\/#website\"},\"primaryImageOfPage\":{\"@id\":\"https:\\\/\\\/aleasoft.com\\\/pt\\\/aviso-legal\\\/#primaryimage\"},\"image\":{\"@id\":\"https:\\\/\\\/aleasoft.com\\\/pt\\\/aviso-legal\\\/#primaryimage\"},\"thumbnailUrl\":\"https:\\\/\\\/aleasoft.com\\\/wp-content\\\/uploads\\\/2019\\\/04\\\/aleasoft_logo.png\",\"datePublished\":\"2020-01-17T21:08:29+00:00\",\"dateModified\":\"2021-12-13T15:19:10+00:00\",\"description\":\"Alea Business Software, S.L. fornecido com CIF B62069067, atua como o propriet\u00e1rio, facilitador e administrador de conte\u00fado deste site.\",\"breadcrumb\":{\"@id\":\"https:\\\/\\\/aleasoft.com\\\/pt\\\/aviso-legal\\\/#breadcrumb\"},\"inLanguage\":\"pt-PT\",\"potentialAction\":[{\"@type\":\"ReadAction\",\"target\":[\"https:\\\/\\\/aleasoft.com\\\/pt\\\/aviso-legal\\\/\"]}]},{\"@type\":\"ImageObject\",\"inLanguage\":\"pt-PT\",\"@id\":\"https:\\\/\\\/aleasoft.com\\\/pt\\\/aviso-legal\\\/#primaryimage\",\"url\":\"https:\\\/\\\/aleasoft.com\\\/wp-content\\\/uploads\\\/2019\\\/04\\\/aleasoft_logo.png\",\"contentUrl\":\"https:\\\/\\\/aleasoft.com\\\/wp-content\\\/uploads\\\/2019\\\/04\\\/aleasoft_logo.png\",\"width\":2632,\"height\":522},{\"@type\":\"BreadcrumbList\",\"@id\":\"https:\\\/\\\/aleasoft.com\\\/pt\\\/aviso-legal\\\/#breadcrumb\",\"itemListElement\":[{\"@type\":\"ListItem\",\"position\":1,\"name\":\"Home\",\"item\":\"https:\\\/\\\/aleasoft.com\\\/\"},{\"@type\":\"ListItem\",\"position\":2,\"name\":\"Aviso Legal\"}]},{\"@type\":\"WebSite\",\"@id\":\"https:\\\/\\\/aleasoft.com\\\/#website\",\"url\":\"https:\\\/\\\/aleasoft.com\\\/\",\"name\":\"AleaSoft Energy Forecasting\",\"description\":\"Energy Forecasting\",\"publisher\":{\"@id\":\"https:\\\/\\\/aleasoft.com\\\/#organization\"},\"potentialAction\":[{\"@type\":\"SearchAction\",\"target\":{\"@type\":\"EntryPoint\",\"urlTemplate\":\"https:\\\/\\\/aleasoft.com\\\/?s={search_term_string}\"},\"query-input\":{\"@type\":\"PropertyValueSpecification\",\"valueRequired\":true,\"valueName\":\"search_term_string\"}}],\"inLanguage\":\"pt-PT\"},{\"@type\":\"Organization\",\"@id\":\"https:\\\/\\\/aleasoft.com\\\/#organization\",\"name\":\"AleaSoft Energy Forecasting\",\"url\":\"https:\\\/\\\/aleasoft.com\\\/\",\"logo\":{\"@type\":\"ImageObject\",\"inLanguage\":\"pt-PT\",\"@id\":\"https:\\\/\\\/aleasoft.com\\\/#\\\/schema\\\/logo\\\/image\\\/\",\"url\":\"https:\\\/\\\/aleasoft.com\\\/wp-content\\\/uploads\\\/2020\\\/01\\\/logo-alea-25.svg\",\"contentUrl\":\"https:\\\/\\\/aleasoft.com\\\/wp-content\\\/uploads\\\/2020\\\/01\\\/logo-alea-25.svg\",\"width\":7047,\"height\":1416,\"caption\":\"AleaSoft Energy Forecasting\"},\"image\":{\"@id\":\"https:\\\/\\\/aleasoft.com\\\/#\\\/schema\\\/logo\\\/image\\\/\"},\"sameAs\":[\"https:\\\/\\\/www.facebook.com\\\/AleaSoft\\\/\",\"https:\\\/\\\/x.com\\\/AleaSoftEnergy\",\"https:\\\/\\\/www.linkedin.com\\\/company\\\/aleasoft\\\/\"]}]}<\/script>\n<!-- \/ Yoast SEO Premium plugin. -->","yoast_head_json":{"title":"Aviso Legal - AleaSoft Energy Forecasting","description":"Alea Business Software, S.L. fornecido com CIF B62069067, atua como o propriet\u00e1rio, facilitador e administrador de conte\u00fado deste site.","robots":{"index":"index","follow":"follow","max-snippet":"max-snippet:-1","max-image-preview":"max-image-preview:large","max-video-preview":"max-video-preview:-1"},"canonical":"https:\/\/aleasoft.com\/pt\/aviso-legal\/","og_locale":"pt_PT","og_type":"article","og_title":"Aviso Legal","og_description":"Alea Business Software, S.L. fornecido com CIF B62069067, atua como o propriet\u00e1rio, facilitador e administrador de conte\u00fado deste site.","og_url":"https:\/\/aleasoft.com\/pt\/aviso-legal\/","og_site_name":"AleaSoft Energy Forecasting","article_publisher":"https:\/\/www.facebook.com\/AleaSoft\/","article_modified_time":"2021-12-13T15:19:10+00:00","og_image":[{"width":2632,"height":522,"url":"https:\/\/aleasoft.com\/wp-content\/uploads\/2019\/04\/aleasoft_logo.png","type":"image\/png"}],"twitter_card":"summary_large_image","twitter_site":"@AleaSoftEnergy","twitter_misc":{"Tempo estimado de leitura":"6 minutos"},"schema":{"@context":"https:\/\/schema.org","@graph":[{"@type":"WebPage","@id":"https:\/\/aleasoft.com\/pt\/aviso-legal\/","url":"https:\/\/aleasoft.com\/pt\/aviso-legal\/","name":"Aviso Legal - AleaSoft Energy Forecasting","isPartOf":{"@id":"https:\/\/aleasoft.com\/#website"},"primaryImageOfPage":{"@id":"https:\/\/aleasoft.com\/pt\/aviso-legal\/#primaryimage"},"image":{"@id":"https:\/\/aleasoft.com\/pt\/aviso-legal\/#primaryimage"},"thumbnailUrl":"https:\/\/aleasoft.com\/wp-content\/uploads\/2019\/04\/aleasoft_logo.png","datePublished":"2020-01-17T21:08:29+00:00","dateModified":"2021-12-13T15:19:10+00:00","description":"Alea Business Software, S.L. fornecido com CIF B62069067, atua como o propriet\u00e1rio, facilitador e administrador de conte\u00fado deste site.","breadcrumb":{"@id":"https:\/\/aleasoft.com\/pt\/aviso-legal\/#breadcrumb"},"inLanguage":"pt-PT","potentialAction":[{"@type":"ReadAction","target":["https:\/\/aleasoft.com\/pt\/aviso-legal\/"]}]},{"@type":"ImageObject","inLanguage":"pt-PT","@id":"https:\/\/aleasoft.com\/pt\/aviso-legal\/#primaryimage","url":"https:\/\/aleasoft.com\/wp-content\/uploads\/2019\/04\/aleasoft_logo.png","contentUrl":"https:\/\/aleasoft.com\/wp-content\/uploads\/2019\/04\/aleasoft_logo.png","width":2632,"height":522},{"@type":"BreadcrumbList","@id":"https:\/\/aleasoft.com\/pt\/aviso-legal\/#breadcrumb","itemListElement":[{"@type":"ListItem","position":1,"name":"Home","item":"https:\/\/aleasoft.com\/"},{"@type":"ListItem","position":2,"name":"Aviso Legal"}]},{"@type":"WebSite","@id":"https:\/\/aleasoft.com\/#website","url":"https:\/\/aleasoft.com\/","name":"AleaSoft Energy Forecasting","description":"Energy Forecasting","publisher":{"@id":"https:\/\/aleasoft.com\/#organization"},"potentialAction":[{"@type":"SearchAction","target":{"@type":"EntryPoint","urlTemplate":"https:\/\/aleasoft.com\/?s={search_term_string}"},"query-input":{"@type":"PropertyValueSpecification","valueRequired":true,"valueName":"search_term_string"}}],"inLanguage":"pt-PT"},{"@type":"Organization","@id":"https:\/\/aleasoft.com\/#organization","name":"AleaSoft Energy Forecasting","url":"https:\/\/aleasoft.com\/","logo":{"@type":"ImageObject","inLanguage":"pt-PT","@id":"https:\/\/aleasoft.com\/#\/schema\/logo\/image\/","url":"https:\/\/aleasoft.com\/wp-content\/uploads\/2020\/01\/logo-alea-25.svg","contentUrl":"https:\/\/aleasoft.com\/wp-content\/uploads\/2020\/01\/logo-alea-25.svg","width":7047,"height":1416,"caption":"AleaSoft Energy Forecasting"},"image":{"@id":"https:\/\/aleasoft.com\/#\/schema\/logo\/image\/"},"sameAs":["https:\/\/www.facebook.com\/AleaSoft\/","https:\/\/x.com\/AleaSoftEnergy","https:\/\/www.linkedin.com\/company\/aleasoft\/"]}]}},"_links":{"self":[{"href":"https:\/\/aleasoft.com\/pt\/wp-json\/wp\/v2\/pages\/122598","targetHints":{"allow":["GET"]}}],"collection":[{"href":"https:\/\/aleasoft.com\/pt\/wp-json\/wp\/v2\/pages"}],"about":[{"href":"https:\/\/aleasoft.com\/pt\/wp-json\/wp\/v2\/types\/page"}],"author":[{"embeddable":true,"href":"https:\/\/aleasoft.com\/pt\/wp-json\/wp\/v2\/users\/1"}],"replies":[{"embeddable":true,"href":"https:\/\/aleasoft.com\/pt\/wp-json\/wp\/v2\/comments?post=122598"}],"version-history":[{"count":0,"href":"https:\/\/aleasoft.com\/pt\/wp-json\/wp\/v2\/pages\/122598\/revisions"}],"wp:featuredmedia":[{"embeddable":true,"href":"https:\/\/aleasoft.com\/pt\/wp-json\/wp\/v2\/media\/121723"}],"wp:attachment":[{"href":"https:\/\/aleasoft.com\/pt\/wp-json\/wp\/v2\/media?parent=122598"}],"curies":[{"name":"wp","href":"https:\/\/api.w.org\/{rel}","templated":true}]}}