{"id":122603,"date":"2020-01-17T22:05:38","date_gmt":"2020-01-17T21:05:38","guid":{"rendered":"https:\/\/aleasoft.com\/?page_id=122603"},"modified":"2025-03-27T16:57:41","modified_gmt":"2025-03-27T15:57:41","slug":"politica-de-privacidade","status":"publish","type":"page","link":"https:\/\/aleasoft.com\/pt\/politica-de-privacidade\/","title":{"rendered":"Pol\u00edtica de Privacidade"},"content":{"rendered":"\t\t<div data-elementor-type=\"wp-page\" data-elementor-id=\"122603\" class=\"elementor elementor-122603\" data-elementor-post-type=\"page\">\n\t\t\t\t\t\t<section class=\"elementor-section elementor-top-section elementor-element elementor-element-e9eeb21 elementor-section-boxed elementor-section-height-default elementor-section-height-default\" data-id=\"e9eeb21\" data-element_type=\"section\" data-e-type=\"section\">\n\t\t\t\t\t\t<div class=\"elementor-container elementor-column-gap-default\">\n\t\t\t\t\t<div class=\"elementor-column elementor-col-100 elementor-top-column elementor-element elementor-element-2dd3c74\" data-id=\"2dd3c74\" data-element_type=\"column\" data-e-type=\"column\">\n\t\t\t<div class=\"elementor-widget-wrap elementor-element-populated\">\n\t\t\t\t\t\t<div class=\"elementor-element elementor-element-b7e654e elementor-widget elementor-widget-spacer\" data-id=\"b7e654e\" data-element_type=\"widget\" data-e-type=\"widget\" data-widget_type=\"spacer.default\">\n\t\t\t\t<div class=\"elementor-widget-container\">\n\t\t\t\t\t\t\t<div class=\"elementor-spacer\">\n\t\t\t<div class=\"elementor-spacer-inner\"><\/div>\n\t\t<\/div>\n\t\t\t\t\t\t<\/div>\n\t\t\t\t<\/div>\n\t\t\t\t<div class=\"elementor-element elementor-element-04da953 elementor-widget elementor-widget-heading\" data-id=\"04da953\" data-element_type=\"widget\" data-e-type=\"widget\" data-widget_type=\"heading.default\">\n\t\t\t\t<div class=\"elementor-widget-container\">\n\t\t\t\t\t<h1 class=\"elementor-heading-title elementor-size-default\">Pol\u00edtica de Privacidade<\/h1>\t\t\t\t<\/div>\n\t\t\t\t<\/div>\n\t\t\t\t<div class=\"elementor-element elementor-element-6ca14a5 elementor-widget elementor-widget-spacer\" data-id=\"6ca14a5\" data-element_type=\"widget\" data-e-type=\"widget\" data-widget_type=\"spacer.default\">\n\t\t\t\t<div class=\"elementor-widget-container\">\n\t\t\t\t\t\t\t<div class=\"elementor-spacer\">\n\t\t\t<div class=\"elementor-spacer-inner\"><\/div>\n\t\t<\/div>\n\t\t\t\t\t\t<\/div>\n\t\t\t\t<\/div>\n\t\t\t\t\t<\/div>\n\t\t<\/div>\n\t\t\t\t\t<\/div>\n\t\t<\/section>\n\t\t\t\t<section class=\"elementor-section elementor-top-section elementor-element elementor-element-ee43830 elementor-section-boxed elementor-section-height-default elementor-section-height-default\" data-id=\"ee43830\" data-element_type=\"section\" data-e-type=\"section\">\n\t\t\t\t\t\t<div class=\"elementor-container elementor-column-gap-default\">\n\t\t\t\t\t<div class=\"elementor-column elementor-col-100 elementor-top-column elementor-element elementor-element-dce2086\" data-id=\"dce2086\" data-element_type=\"column\" data-e-type=\"column\">\n\t\t\t<div class=\"elementor-widget-wrap elementor-element-populated\">\n\t\t\t\t\t\t<div class=\"elementor-element elementor-element-feae81a elementor-widget elementor-widget-text-editor\" data-id=\"feae81a\" data-element_type=\"widget\" data-e-type=\"widget\" data-widget_type=\"text-editor.default\">\n\t\t\t\t<div class=\"elementor-widget-container\">\n\t\t\t\t\t\t\t\t\t<h2><strong>1.- Objetivo da Pol\u00edtica de Privacidade<\/strong><\/h2><p>Esta Pol\u00edtica de Privacidade regula como a <strong>AleaSoft<\/strong> obt\u00e9m, processa e usa os dados pessoais fornecidos pelos usu\u00e1rios neste site ou em qualquer ambiente web da entidade.<\/p><p>Ao implementar os formul\u00e1rios inclu\u00eddos no site, no que se refere aos servi\u00e7os prestados pela <strong>AleaSoft<\/strong>, os utilizadores aceitam a inclus\u00e3o e tratamento dos dados que disponibilizam num tratamento de dados pessoais, de que a <strong>AleaSoft<\/strong> \u00e9 titular, podendo exercer os respectivos direitos de acordo com as disposi\u00e7\u00f5es das seguintes cl\u00e1usulas.<\/p><p>A <strong>AleaSoft<\/strong> atua como propriet\u00e1ria, facilitadora e administradora de conte\u00fado deste site. <strong>AleaSoft<\/strong> informa aos usu\u00e1rios que cumpre os regulamentos atuais de prote\u00e7\u00e3o de dados e, especialmente, o Regulamento (UE) 2016\/679 do Parlamento Europeu e do Conselho de 27 de abril de 2016 sobre a prote\u00e7\u00e3o de pessoas f\u00edsicas com rela\u00e7\u00e3o ao tratamento de dados pessoais e a livre circula\u00e7\u00e3o dos referidos dados, e pela qual s\u00e3o revogadas a Diretiva 95\/46\/CE (doravante, Regulamento Geral de Prote\u00e7\u00e3o de Dados) e a Lei 34\/2002, de 11 de julho, de Servi\u00e7os da Sociedade da Informa\u00e7\u00e3o e do Com\u00e9rcio Eletr\u00f4nico.<\/p><p>Todos os textos legais encontram-se \u00e0 disposi\u00e7\u00e3o dos usu\u00e1rios e\/ou interessados \u200b\u200bno respectivo site.<\/p><h2><strong>2.- Quem \u00e9 o respons\u00e1vel pelo tratamento dos seus dados pessoais?<\/strong><\/h2><p><strong>AleaSoft<\/strong> \u00e9 respons\u00e1vel pela coleta e processamento de seus dados pessoais em rela\u00e7\u00e3o aos seus servi\u00e7os.<\/p><p>A <strong>AleaSoft<\/strong> est\u00e1 empenhada em respeitar e cuidar da sua privacidade e da seguran\u00e7a dos seus dados.<\/p><p>Os dados de identidade do respons\u00e1vel pelo tratamento s\u00e3o: Alea Business Software S.L., com CIF B62069067, e com sede em Paseo de la Castellana 79, 6\u00aa, 28046, Madrid.<\/p><h2><strong>3.- Que tipo de dados coletamos?<\/strong><\/h2><p>De acordo com as disposi\u00e7\u00f5es da regulamenta\u00e7\u00e3o em vigor, <strong>AleaSoft<\/strong> apenas recolhe os dados estritamente necess\u00e1rios para oferecer os servi\u00e7os derivados da sua atividade e demais benef\u00edcios, procedimentos e atividades atribu\u00eddos pela lei.<\/p><p>Atrav\u00e9s deste site, e com o objetivo de prestar o melhor servi\u00e7o, a <strong>AleaSoft<\/strong> captura informa\u00e7\u00f5es ou dados que possam identific\u00e1-lo direta ou indiretamente: nome e e\u2011mail.<\/p><p>Os utilizadores s\u00e3o informados de que as informa\u00e7\u00f5es fornecidas nos formul\u00e1rios inclu\u00eddos neste site s\u00e3o volunt\u00e1rias, embora a recusa em fornecer as informa\u00e7\u00f5es solicitadas possa implicar a impossibilidade de acesso aos servi\u00e7os que as requerem.<\/p><h2><strong>4.- Para que fins coletamos seus dados?<\/strong><\/h2><p>Os prop\u00f3sitos e a base legal para os quais coletamos esses dados s\u00e3o:<\/p><ul><li>Gest\u00e3o de consultas e solicita\u00e7\u00f5es de usu\u00e1rios atrav\u00e9s deste site. A base legal para este tratamento \u00e9 o seu consentimento.<\/li><\/ul><ul><li>Enviar informa\u00e7\u00f5es que podem ser do seu interesse. A base legal para este tratamento \u00e9 o seu consentimento.<\/li><\/ul><p>\u00c9 relatado que avalia\u00e7\u00f5es automatizadas n\u00e3o ser\u00e3o realizadas e que os perfis de usu\u00e1rio n\u00e3o ser\u00e3o desenvolvidos.<\/p><h2><strong>5.- A quais destinat\u00e1rios seus dados ser\u00e3o comunicados?<\/strong><\/h2><p>A fim de obter a plena satisfa\u00e7\u00e3o de nossos clientes, <strong>AleaSoft<\/strong> informa que todos os dados que voc\u00ea forneceu e os dados que ir\u00e1 fornecer no futuro pertencem ao seu relacionamento com a <strong>AleaSoft<\/strong> e ser\u00e3o processados \u200b\u200bcom a m\u00e1xima confidencialidade.<\/p><p>A menos que a <strong>AleaSoft<\/strong> seja considerada como tendo um motivo comercial leg\u00edtimo para entrar em contato com voc\u00ea, entraremos em contato apenas com o seu consentimento, e voc\u00ea tem o direito de retirar o seu consentimento a qualquer momento.<\/p><p><strong>AleaSoft<\/strong> n\u00e3o vende, aluga ou troca suas informa\u00e7\u00f5es pessoais com terceiros por raz\u00f5es comerciais.<\/p><h2><strong>6.- Por quanto tempo mantemos seus dados pessoais?<\/strong><\/h2><p>Os dados pessoais ser\u00e3o mantidos enquanto o usu\u00e1rio n\u00e3o indicar o contr\u00e1rio e durante os per\u00edodos de reten\u00e7\u00e3o legalmente estabelecidos, a menos que por raz\u00f5es l\u00f3gicas e \u00f3bvias tenham perdido a utilidade ou o prop\u00f3sito leg\u00edtimo para o qual foram coletados.<\/p><h2><strong>7.- Quais s\u00e3o os direitos dos usu\u00e1rios que nos fornecem seus dados?<\/strong><\/h2><p>Os utilizadores podem exercer, em rela\u00e7\u00e3o aos dados recolhidos pela forma descrita no primeiro ponto, os direitos reconhecidos no Regulamento Geral de Protec\u00e7\u00e3o de Dados, bem como os direitos de acesso, rectifica\u00e7\u00e3o, cancelamento, limita\u00e7\u00e3o, portabilidade e oposi\u00e7\u00e3o.<\/p><p>Os referidos direitos podem ser exercidos por cada utilizador mediante pedido escrito e assinado, acompanhado de fotoc\u00f3pia de DNI, NIE ou Passaporte, dirigido a Alea Business Software SL, no seguinte endere\u00e7o: Paseo de la Castellana 79, 6\u00aa, 28046, Madrid. Voc\u00ea tamb\u00e9m pode enviar essas informa\u00e7\u00f5es por e\u2011mail para o endere\u00e7o <a href=\"mailto:privacy@aleasoft.com\">privacy@aleasoft.com<\/a>.<\/p><p>Al\u00e9m disso, os usu\u00e1rios s\u00e3o informados de que podem retirar seu consentimento para o processamento de seus dados a qualquer momento, escrevendo um e\u2011mail para <a href=\"mailto:privacy@aleasoft.com\">privacy@aleasoft.com<\/a> com \u201cunsubscribe\u201d no assunto.<\/p><h2><strong>8.- Comunica\u00e7\u00e3o de incid\u00eancia e irregularidades<\/strong><\/h2><p>Em caso de qualquer conduta ou situa\u00e7\u00e3o que possa gerar um incidente ou qualquer tipo de irregularidade, entre em contato com <a href=\"mailto:privacy@aleasoft.com\">privacy@aleasoft.com<\/a>.<\/p><h2><strong>9.- Responsabilidade pelo uso e conte\u00fado dos usu\u00e1rios<\/strong><\/h2><p>Tanto o acesso ao nosso site como a utiliza\u00e7\u00e3o que possa ser feita das informa\u00e7\u00f5es e conte\u00fados nele inclu\u00eddos ser\u00e3o da exclusiva responsabilidade de quem o fez. Portanto, o uso que possa ser feito das informa\u00e7\u00f5es, imagens, conte\u00fados e\/ou produtos revisados \u200b\u200be acess\u00edveis por meio deles, estar\u00e1 sujeito \u00e0 legisla\u00e7\u00e3o aplic\u00e1vel, seja ela nacional ou internacional, bem como aos princ\u00edpios da boa f\u00e9 e uso l\u00edcito pelos usu\u00e1rios, que ser\u00e3o respons\u00e1veis \u200b\u200bpor este acesso e uso correto<\/p><p>A <strong>AleaSoft<\/strong> n\u00e3o assume responsabilidades, diretas ou indiretas, por danos emergentes ou lucros cessantes, derivados do uso indevido dos servi\u00e7os ou conte\u00fados realizados por usu\u00e1rios ou terceiros.<\/p><h2><strong>10.- Informa\u00e7\u00f5es sobre o uso de outros sites e redes sociais<\/strong><\/h2><p>A empresa \u00e9 apenas respons\u00e1vel pelo conte\u00fado e gest\u00e3o dos sites que possui ou tem direitos de natureza semelhante. Qualquer outro site ou rede social ou reposit\u00f3rio de informa\u00e7\u00f5es na Internet, fora deste site, \u00e9 de responsabilidade de seus leg\u00edtimos propriet\u00e1rios.<\/p><p>A <strong>AleaSoft<\/strong> colabora de forma ordin\u00e1ria com diferentes aplica\u00e7\u00f5es e ambientes web, e sempre recomenda que os usu\u00e1rios, antes de acessar esses sites, leiam com precis\u00e3o a respectiva pol\u00edtica legal de publicidade e privacidade, e s\u00f3 os acessem depois de terem entendido e aceito todo o texto legal.<\/p><p>A <strong>AleaSoft<\/strong> compromete-se a controlar os conte\u00fados expostos nestas redes sociais e a expulsar os utilizadores que os utilizem de forma indevida.<\/p><p>\u00a0<\/p><p>Esta Pol\u00edtica de Privacidade pode variar ao longo do tempo devido a poss\u00edveis altera\u00e7\u00f5es legislativas e jurisprudenciais ou pelos crit\u00e9rios seguidos pela Ag\u00eancia Espanhola de Prote\u00e7\u00e3o de Dados e\/ou autoridade competente a qualquer momento. \u00c9 por isso que a <strong>AleaSoft<\/strong> se reserva o direito de modificar o parecer jur\u00eddico. Neste caso, a <strong>AleaSoft<\/strong> anunciar\u00e1 neste site as mudan\u00e7as introduzidas com bastante anteced\u00eancia para sua implementa\u00e7\u00e3o.<\/p>\t\t\t\t\t\t\t\t<\/div>\n\t\t\t\t<\/div>\n\t\t\t\t<div class=\"elementor-element elementor-element-8248797 elementor-widget elementor-widget-spacer\" data-id=\"8248797\" data-element_type=\"widget\" data-e-type=\"widget\" data-widget_type=\"spacer.default\">\n\t\t\t\t<div class=\"elementor-widget-container\">\n\t\t\t\t\t\t\t<div class=\"elementor-spacer\">\n\t\t\t<div class=\"elementor-spacer-inner\"><\/div>\n\t\t<\/div>\n\t\t\t\t\t\t<\/div>\n\t\t\t\t<\/div>\n\t\t\t\t\t<\/div>\n\t\t<\/div>\n\t\t\t\t\t<\/div>\n\t\t<\/section>\n\t\t\t\t<section class=\"elementor-section elementor-top-section elementor-element elementor-element-7a66d1b elementor-section-boxed elementor-section-height-default elementor-section-height-default\" data-id=\"7a66d1b\" data-element_type=\"section\" data-e-type=\"section\">\n\t\t\t\t\t\t<div class=\"elementor-container elementor-column-gap-default\">\n\t\t\t\t\t<div class=\"elementor-column elementor-col-100 elementor-top-column elementor-element elementor-element-28209cd\" data-id=\"28209cd\" data-element_type=\"column\" data-e-type=\"column\">\n\t\t\t<div class=\"elementor-widget-wrap elementor-element-populated\">\n\t\t\t\t\t\t<div class=\"elementor-element elementor-element-cf87993 elementor-widget elementor-widget-html\" data-id=\"cf87993\" data-element_type=\"widget\" data-e-type=\"widget\" data-widget_type=\"html.default\">\n\t\t\t\t<div class=\"elementor-widget-container\">\n\t\t\t\t\t<p><button onclick=\"klaro.show()\" style=\"background-color: transparent; border: none; color: #0073aa; cursor: pointer; text-decoration: underline; font-size: 1em;\">\r\n  Configura\u00e7\u00f5es de cookies\r\n<\/button><\/p>\r\n\t\t\t\t<\/div>\n\t\t\t\t<\/div>\n\t\t\t\t\t<\/div>\n\t\t<\/div>\n\t\t\t\t\t<\/div>\n\t\t<\/section>\n\t\t\t\t<\/div>\n\t\t","protected":false},"excerpt":{"rendered":"<p>1.- Objetivo da Pol\u00edtica de Privacidade Esta Pol\u00edtica de Privacidade regula como a AleaSoft obt\u00e9m, processa e usa os dados pessoais fornecidos pelos usu\u00e1rios neste site ou em qualquer ambiente web da entidade. Ao implementar os formul\u00e1rios inclu\u00eddos no site, no que se refere aos servi\u00e7os prestados pela AleaSoft, os utilizadores aceitam a inclus\u00e3o e [&hellip;]<\/p>\n","protected":false},"author":1,"featured_media":121723,"parent":0,"menu_order":0,"comment_status":"closed","ping_status":"closed","template":"elementor_header_footer","meta":{"footnotes":""},"class_list":["post-122603","page","type-page","status-publish","has-post-thumbnail","hentry"],"yoast_head":"<!-- This site is optimized with the Yoast SEO Premium plugin v27.4 (Yoast SEO v27.4) - https:\/\/yoast.com\/product\/yoast-seo-premium-wordpress\/ -->\n<title>Pol\u00edtica de Privacidade - AleaSoft Energy Forecasting<\/title>\n<meta name=\"robots\" content=\"index, follow, max-snippet:-1, max-image-preview:large, max-video-preview:-1\" \/>\n<link rel=\"canonical\" href=\"https:\/\/aleasoft.com\/pt\/politica-de-privacidade\/\" \/>\n<meta property=\"og:locale\" content=\"pt_PT\" \/>\n<meta property=\"og:type\" content=\"article\" \/>\n<meta property=\"og:title\" content=\"Pol\u00edtica de Privacidade\" \/>\n<meta property=\"og:description\" content=\"1.- Objetivo da Pol\u00edtica de Privacidade Esta Pol\u00edtica de Privacidade regula como a AleaSoft obt\u00e9m, processa e usa os dados pessoais fornecidos pelos usu\u00e1rios neste site ou em qualquer ambiente web da entidade. Ao implementar os formul\u00e1rios inclu\u00eddos no site, no que se refere aos servi\u00e7os prestados pela AleaSoft, os utilizadores aceitam a inclus\u00e3o e [&hellip;]\" \/>\n<meta property=\"og:url\" content=\"https:\/\/aleasoft.com\/pt\/politica-de-privacidade\/\" \/>\n<meta property=\"og:site_name\" content=\"AleaSoft Energy Forecasting\" \/>\n<meta property=\"article:publisher\" content=\"https:\/\/www.facebook.com\/AleaSoft\/\" \/>\n<meta property=\"article:modified_time\" content=\"2025-03-27T15:57:41+00:00\" \/>\n<meta property=\"og:image\" content=\"https:\/\/aleasoft.com\/wp-content\/uploads\/2019\/04\/aleasoft_logo.png\" \/>\n\t<meta property=\"og:image:width\" content=\"2632\" \/>\n\t<meta property=\"og:image:height\" content=\"522\" \/>\n\t<meta property=\"og:image:type\" content=\"image\/png\" \/>\n<meta name=\"twitter:card\" content=\"summary_large_image\" \/>\n<meta name=\"twitter:site\" content=\"@AleaSoftEnergy\" \/>\n<meta name=\"twitter:label1\" content=\"Tempo estimado de leitura\" \/>\n\t<meta name=\"twitter:data1\" content=\"5 minutos\" \/>\n<script type=\"application\/ld+json\" class=\"yoast-schema-graph\">{\"@context\":\"https:\\\/\\\/schema.org\",\"@graph\":[{\"@type\":\"WebPage\",\"@id\":\"https:\\\/\\\/aleasoft.com\\\/privacy-policy\\\/\",\"url\":\"https:\\\/\\\/aleasoft.com\\\/pt\\\/politica-de-privacidade\\\/\",\"name\":\"Pol\u00edtica de Privacidade - AleaSoft Energy Forecasting\",\"isPartOf\":{\"@id\":\"https:\\\/\\\/aleasoft.com\\\/#website\"},\"primaryImageOfPage\":{\"@id\":\"https:\\\/\\\/aleasoft.com\\\/pt\\\/politica-de-privacidade\\\/#primaryimage\"},\"image\":{\"@id\":\"https:\\\/\\\/aleasoft.com\\\/pt\\\/politica-de-privacidade\\\/#primaryimage\"},\"thumbnailUrl\":\"https:\\\/\\\/aleasoft.com\\\/wp-content\\\/uploads\\\/2019\\\/04\\\/aleasoft_logo.png\",\"datePublished\":\"2020-01-17T21:05:38+00:00\",\"dateModified\":\"2025-03-27T15:57:41+00:00\",\"breadcrumb\":{\"@id\":\"https:\\\/\\\/aleasoft.com\\\/pt\\\/politica-de-privacidade\\\/#breadcrumb\"},\"inLanguage\":\"pt-PT\",\"potentialAction\":[{\"@type\":\"ReadAction\",\"target\":[\"https:\\\/\\\/aleasoft.com\\\/pt\\\/politica-de-privacidade\\\/\"]}]},{\"@type\":\"ImageObject\",\"inLanguage\":\"pt-PT\",\"@id\":\"https:\\\/\\\/aleasoft.com\\\/pt\\\/politica-de-privacidade\\\/#primaryimage\",\"url\":\"https:\\\/\\\/aleasoft.com\\\/wp-content\\\/uploads\\\/2019\\\/04\\\/aleasoft_logo.png\",\"contentUrl\":\"https:\\\/\\\/aleasoft.com\\\/wp-content\\\/uploads\\\/2019\\\/04\\\/aleasoft_logo.png\",\"width\":2632,\"height\":522},{\"@type\":\"BreadcrumbList\",\"@id\":\"https:\\\/\\\/aleasoft.com\\\/pt\\\/politica-de-privacidade\\\/#breadcrumb\",\"itemListElement\":[{\"@type\":\"ListItem\",\"position\":1,\"name\":\"Home\",\"item\":\"https:\\\/\\\/aleasoft.com\\\/\"},{\"@type\":\"ListItem\",\"position\":2,\"name\":\"Pol\u00edtica de Privacidade\"}]},{\"@type\":\"WebSite\",\"@id\":\"https:\\\/\\\/aleasoft.com\\\/#website\",\"url\":\"https:\\\/\\\/aleasoft.com\\\/\",\"name\":\"AleaSoft Energy Forecasting\",\"description\":\"Energy Forecasting\",\"publisher\":{\"@id\":\"https:\\\/\\\/aleasoft.com\\\/#organization\"},\"potentialAction\":[{\"@type\":\"SearchAction\",\"target\":{\"@type\":\"EntryPoint\",\"urlTemplate\":\"https:\\\/\\\/aleasoft.com\\\/?s={search_term_string}\"},\"query-input\":{\"@type\":\"PropertyValueSpecification\",\"valueRequired\":true,\"valueName\":\"search_term_string\"}}],\"inLanguage\":\"pt-PT\"},{\"@type\":\"Organization\",\"@id\":\"https:\\\/\\\/aleasoft.com\\\/#organization\",\"name\":\"AleaSoft Energy Forecasting\",\"url\":\"https:\\\/\\\/aleasoft.com\\\/\",\"logo\":{\"@type\":\"ImageObject\",\"inLanguage\":\"pt-PT\",\"@id\":\"https:\\\/\\\/aleasoft.com\\\/#\\\/schema\\\/logo\\\/image\\\/\",\"url\":\"https:\\\/\\\/aleasoft.com\\\/wp-content\\\/uploads\\\/2020\\\/01\\\/logo-alea-25.svg\",\"contentUrl\":\"https:\\\/\\\/aleasoft.com\\\/wp-content\\\/uploads\\\/2020\\\/01\\\/logo-alea-25.svg\",\"width\":7047,\"height\":1416,\"caption\":\"AleaSoft Energy Forecasting\"},\"image\":{\"@id\":\"https:\\\/\\\/aleasoft.com\\\/#\\\/schema\\\/logo\\\/image\\\/\"},\"sameAs\":[\"https:\\\/\\\/www.facebook.com\\\/AleaSoft\\\/\",\"https:\\\/\\\/x.com\\\/AleaSoftEnergy\",\"https:\\\/\\\/www.linkedin.com\\\/company\\\/aleasoft\\\/\"]}]}<\/script>\n<!-- \/ Yoast SEO Premium plugin. -->","yoast_head_json":{"title":"Pol\u00edtica de Privacidade - AleaSoft Energy Forecasting","robots":{"index":"index","follow":"follow","max-snippet":"max-snippet:-1","max-image-preview":"max-image-preview:large","max-video-preview":"max-video-preview:-1"},"canonical":"https:\/\/aleasoft.com\/pt\/politica-de-privacidade\/","og_locale":"pt_PT","og_type":"article","og_title":"Pol\u00edtica de Privacidade","og_description":"1.- Objetivo da Pol\u00edtica de Privacidade Esta Pol\u00edtica de Privacidade regula como a AleaSoft obt\u00e9m, processa e usa os dados pessoais fornecidos pelos usu\u00e1rios neste site ou em qualquer ambiente web da entidade. Ao implementar os formul\u00e1rios inclu\u00eddos no site, no que se refere aos servi\u00e7os prestados pela AleaSoft, os utilizadores aceitam a inclus\u00e3o e [&hellip;]","og_url":"https:\/\/aleasoft.com\/pt\/politica-de-privacidade\/","og_site_name":"AleaSoft Energy Forecasting","article_publisher":"https:\/\/www.facebook.com\/AleaSoft\/","article_modified_time":"2025-03-27T15:57:41+00:00","og_image":[{"width":2632,"height":522,"url":"https:\/\/aleasoft.com\/wp-content\/uploads\/2019\/04\/aleasoft_logo.png","type":"image\/png"}],"twitter_card":"summary_large_image","twitter_site":"@AleaSoftEnergy","twitter_misc":{"Tempo estimado de leitura":"5 minutos"},"schema":{"@context":"https:\/\/schema.org","@graph":[{"@type":"WebPage","@id":"https:\/\/aleasoft.com\/privacy-policy\/","url":"https:\/\/aleasoft.com\/pt\/politica-de-privacidade\/","name":"Pol\u00edtica de Privacidade - AleaSoft Energy Forecasting","isPartOf":{"@id":"https:\/\/aleasoft.com\/#website"},"primaryImageOfPage":{"@id":"https:\/\/aleasoft.com\/pt\/politica-de-privacidade\/#primaryimage"},"image":{"@id":"https:\/\/aleasoft.com\/pt\/politica-de-privacidade\/#primaryimage"},"thumbnailUrl":"https:\/\/aleasoft.com\/wp-content\/uploads\/2019\/04\/aleasoft_logo.png","datePublished":"2020-01-17T21:05:38+00:00","dateModified":"2025-03-27T15:57:41+00:00","breadcrumb":{"@id":"https:\/\/aleasoft.com\/pt\/politica-de-privacidade\/#breadcrumb"},"inLanguage":"pt-PT","potentialAction":[{"@type":"ReadAction","target":["https:\/\/aleasoft.com\/pt\/politica-de-privacidade\/"]}]},{"@type":"ImageObject","inLanguage":"pt-PT","@id":"https:\/\/aleasoft.com\/pt\/politica-de-privacidade\/#primaryimage","url":"https:\/\/aleasoft.com\/wp-content\/uploads\/2019\/04\/aleasoft_logo.png","contentUrl":"https:\/\/aleasoft.com\/wp-content\/uploads\/2019\/04\/aleasoft_logo.png","width":2632,"height":522},{"@type":"BreadcrumbList","@id":"https:\/\/aleasoft.com\/pt\/politica-de-privacidade\/#breadcrumb","itemListElement":[{"@type":"ListItem","position":1,"name":"Home","item":"https:\/\/aleasoft.com\/"},{"@type":"ListItem","position":2,"name":"Pol\u00edtica de Privacidade"}]},{"@type":"WebSite","@id":"https:\/\/aleasoft.com\/#website","url":"https:\/\/aleasoft.com\/","name":"AleaSoft Energy Forecasting","description":"Energy Forecasting","publisher":{"@id":"https:\/\/aleasoft.com\/#organization"},"potentialAction":[{"@type":"SearchAction","target":{"@type":"EntryPoint","urlTemplate":"https:\/\/aleasoft.com\/?s={search_term_string}"},"query-input":{"@type":"PropertyValueSpecification","valueRequired":true,"valueName":"search_term_string"}}],"inLanguage":"pt-PT"},{"@type":"Organization","@id":"https:\/\/aleasoft.com\/#organization","name":"AleaSoft Energy Forecasting","url":"https:\/\/aleasoft.com\/","logo":{"@type":"ImageObject","inLanguage":"pt-PT","@id":"https:\/\/aleasoft.com\/#\/schema\/logo\/image\/","url":"https:\/\/aleasoft.com\/wp-content\/uploads\/2020\/01\/logo-alea-25.svg","contentUrl":"https:\/\/aleasoft.com\/wp-content\/uploads\/2020\/01\/logo-alea-25.svg","width":7047,"height":1416,"caption":"AleaSoft Energy Forecasting"},"image":{"@id":"https:\/\/aleasoft.com\/#\/schema\/logo\/image\/"},"sameAs":["https:\/\/www.facebook.com\/AleaSoft\/","https:\/\/x.com\/AleaSoftEnergy","https:\/\/www.linkedin.com\/company\/aleasoft\/"]}]}},"_links":{"self":[{"href":"https:\/\/aleasoft.com\/pt\/wp-json\/wp\/v2\/pages\/122603","targetHints":{"allow":["GET"]}}],"collection":[{"href":"https:\/\/aleasoft.com\/pt\/wp-json\/wp\/v2\/pages"}],"about":[{"href":"https:\/\/aleasoft.com\/pt\/wp-json\/wp\/v2\/types\/page"}],"author":[{"embeddable":true,"href":"https:\/\/aleasoft.com\/pt\/wp-json\/wp\/v2\/users\/1"}],"replies":[{"embeddable":true,"href":"https:\/\/aleasoft.com\/pt\/wp-json\/wp\/v2\/comments?post=122603"}],"version-history":[{"count":0,"href":"https:\/\/aleasoft.com\/pt\/wp-json\/wp\/v2\/pages\/122603\/revisions"}],"wp:featuredmedia":[{"embeddable":true,"href":"https:\/\/aleasoft.com\/pt\/wp-json\/wp\/v2\/media\/121723"}],"wp:attachment":[{"href":"https:\/\/aleasoft.com\/pt\/wp-json\/wp\/v2\/media?parent=122603"}],"curies":[{"name":"wp","href":"https:\/\/api.w.org\/{rel}","templated":true}]}}