{"id":122611,"date":"2020-09-22T16:49:05","date_gmt":"2020-09-22T14:49:05","guid":{"rendered":"https:\/\/aleasoft.com\/?page_id=122611"},"modified":"2021-12-13T16:24:36","modified_gmt":"2021-12-13T15:24:36","slug":"politica-qualidade","status":"publish","type":"page","link":"https:\/\/aleasoft.com\/pt\/politica-qualidade\/","title":{"rendered":"Pol\u00edtica de Qualidade"},"content":{"rendered":"\t\t<div data-elementor-type=\"wp-page\" data-elementor-id=\"122611\" class=\"elementor elementor-122611\" data-elementor-post-type=\"page\">\n\t\t\t\t\t\t<section class=\"elementor-section elementor-top-section elementor-element elementor-element-afaa3cf elementor-section-boxed elementor-section-height-default elementor-section-height-default\" data-id=\"afaa3cf\" data-element_type=\"section\" data-e-type=\"section\">\n\t\t\t\t\t\t<div class=\"elementor-container elementor-column-gap-default\">\n\t\t\t\t\t<div class=\"elementor-column elementor-col-100 elementor-top-column elementor-element elementor-element-af4859f\" data-id=\"af4859f\" data-element_type=\"column\" data-e-type=\"column\">\n\t\t\t<div class=\"elementor-widget-wrap elementor-element-populated\">\n\t\t\t\t\t\t<div class=\"elementor-element elementor-element-d17773a elementor-widget elementor-widget-spacer\" data-id=\"d17773a\" data-element_type=\"widget\" data-e-type=\"widget\" data-widget_type=\"spacer.default\">\n\t\t\t\t<div class=\"elementor-widget-container\">\n\t\t\t\t\t\t\t<div class=\"elementor-spacer\">\n\t\t\t<div class=\"elementor-spacer-inner\"><\/div>\n\t\t<\/div>\n\t\t\t\t\t\t<\/div>\n\t\t\t\t<\/div>\n\t\t\t\t<div class=\"elementor-element elementor-element-5ea023c elementor-widget elementor-widget-heading\" data-id=\"5ea023c\" data-element_type=\"widget\" data-e-type=\"widget\" data-widget_type=\"heading.default\">\n\t\t\t\t<div class=\"elementor-widget-container\">\n\t\t\t\t\t<h1 class=\"elementor-heading-title elementor-size-default\">Pol\u00edtica de Qualidade<\/h1>\t\t\t\t<\/div>\n\t\t\t\t<\/div>\n\t\t\t\t<div class=\"elementor-element elementor-element-b29ae4d elementor-widget elementor-widget-spacer\" data-id=\"b29ae4d\" data-element_type=\"widget\" data-e-type=\"widget\" data-widget_type=\"spacer.default\">\n\t\t\t\t<div class=\"elementor-widget-container\">\n\t\t\t\t\t\t\t<div class=\"elementor-spacer\">\n\t\t\t<div class=\"elementor-spacer-inner\"><\/div>\n\t\t<\/div>\n\t\t\t\t\t\t<\/div>\n\t\t\t\t<\/div>\n\t\t\t\t\t<\/div>\n\t\t<\/div>\n\t\t\t\t\t<\/div>\n\t\t<\/section>\n\t\t\t\t<section class=\"elementor-section elementor-top-section elementor-element elementor-element-5a6b271 elementor-section-boxed elementor-section-height-default elementor-section-height-default\" data-id=\"5a6b271\" data-element_type=\"section\" data-e-type=\"section\">\n\t\t\t\t\t\t<div class=\"elementor-container elementor-column-gap-default\">\n\t\t\t\t\t<div class=\"elementor-column elementor-col-100 elementor-top-column elementor-element elementor-element-4ac9a6e\" data-id=\"4ac9a6e\" data-element_type=\"column\" data-e-type=\"column\">\n\t\t\t<div class=\"elementor-widget-wrap elementor-element-populated\">\n\t\t\t\t\t\t<div class=\"elementor-element elementor-element-aec4576 elementor-widget elementor-widget-text-editor\" data-id=\"aec4576\" data-element_type=\"widget\" data-e-type=\"widget\" data-widget_type=\"text-editor.default\">\n\t\t\t\t<div class=\"elementor-widget-container\">\n\t\t\t\t\t\t\t\t\t<p>A empresa Alea Business Software S.L. (<strong>AleaSoft<\/strong>) oferece solu\u00e7\u00f5es para o setor de energia, proporcionando aos seus clientes um conjunto de produtos e servi\u00e7os na \u00e1rea de previs\u00f5es de demanda, produ\u00e7\u00e3o de energias renov\u00e1veis \u200b\u200be pre\u00e7os de mercado de energia.<\/p><p>A atividade que Alea Business Software S.L. (<strong>AleaSoft<\/strong>) considera que est\u00e3o em conformidade com a qualidade exigida de acordo com a Norma Internacional ISO 9001:2015 \u00e9:<\/p><p style=\"text-align: center;\"><strong>Desenvolvimento, comercializa\u00e7\u00e3o e manuten\u00e7\u00e3o de modelos estat\u00edsticos de previs\u00e3o para o setor de energia<\/strong><\/p><p>A declara\u00e7\u00e3o da Pol\u00edtica coleta como diretrizes:<\/p><ol><li>Compromisso de cumprir os requisitos aplic\u00e1veis, incluindo legais.<\/li><li>A partir das linhas estrat\u00e9gicas definidas na an\u00e1lise de contexto efetuada, foram definidos os objetivos da empresa, que se t\u00eam disseminado a todos os n\u00edveis da nossa estrutura.<\/li><\/ol><ol start=\"3\"><li>Implementar os indicadores de Qualidade, bem como monitorizar o seu grau de evolu\u00e7\u00e3o, de forma que nos permita conhecer e garantir o produto e o n\u00edvel de qualidade pretendido pelo nosso cliente.<\/li><\/ol><ol><li>Garantir que as condi\u00e7\u00f5es de trabalho s\u00e3o \u00f3timas, avaliando os riscos que podem ocorrer nos processos, eliminando-os ao m\u00e1ximo e reduzindo os avaliados.<\/li><li>Desenvolver programas de forma\u00e7\u00e3o cont\u00ednua visando a melhor qualifica\u00e7\u00e3o dos nossos colaboradores, envolvendo assim todos os colaboradores na concretiza\u00e7\u00e3o de todos os objetivos estabelecidos neste documento.<\/li><li>Compromisso com a melhoria cont\u00ednua do sistema de gest\u00e3o implantado na empresa.<\/li><\/ol><ol start=\"7\"><li>Promova e alcance um ambiente motivador para todos os membros da empresa.<\/li><\/ol><p>\u00a0<\/p><p>A estrat\u00e9gia da empresa passa pelo desenvolvimento e inova\u00e7\u00e3o dos servi\u00e7os oferecidos, para se adaptar \u00e0s necessidades do mercado e dos clientes, bem como a melhoria constante da qualidade para se posicionar como refer\u00eancia mundial no dom\u00ednio da previs\u00e3o no setor da energia.<\/p><p>A Administra\u00e7\u00e3o torna esta pol\u00edtica acess\u00edvel e a disponibiliza aos seus clientes, todos os seus colaboradores, fornecedores e partes interessadas.<\/p><p>A Pol\u00edtica \u00e9 mantida atualizada por meio de revis\u00f5es peri\u00f3dicas, coincidentes com as revis\u00f5es gerenciais do sistema, de forma a levar em considera\u00e7\u00e3o as mudan\u00e7as nas condi\u00e7\u00f5es ambientais e as informa\u00e7\u00f5es recebidas. Nesse sentido, a gest\u00e3o disponibiliza e disponibilizar\u00e1 todos os meios humanos, t\u00e9cnicos e econ\u00f4micos necess\u00e1rios para o alcance dos objetivos e metas que forem estabelecidos de forma programada e peri\u00f3dica.<\/p>\t\t\t\t\t\t\t\t<\/div>\n\t\t\t\t<\/div>\n\t\t\t\t<div class=\"elementor-element elementor-element-0bdf329 elementor-widget elementor-widget-spacer\" data-id=\"0bdf329\" data-element_type=\"widget\" data-e-type=\"widget\" data-widget_type=\"spacer.default\">\n\t\t\t\t<div class=\"elementor-widget-container\">\n\t\t\t\t\t\t\t<div class=\"elementor-spacer\">\n\t\t\t<div class=\"elementor-spacer-inner\"><\/div>\n\t\t<\/div>\n\t\t\t\t\t\t<\/div>\n\t\t\t\t<\/div>\n\t\t\t\t\t<\/div>\n\t\t<\/div>\n\t\t\t\t\t<\/div>\n\t\t<\/section>\n\t\t\t\t<\/div>\n\t\t","protected":false},"excerpt":{"rendered":"<p>A empresa Alea Business Software S.L. (AleaSoft) oferece solu\u00e7\u00f5es para o setor de energia, proporcionando aos seus clientes um conjunto de produtos e servi\u00e7os na \u00e1rea de previs\u00f5es de demanda, produ\u00e7\u00e3o de energias renov\u00e1veis \u200b\u200be pre\u00e7os de mercado de energia. A atividade que Alea Business Software S.L. (AleaSoft) considera que est\u00e3o em conformidade com a [&hellip;]<\/p>\n","protected":false},"author":1,"featured_media":122539,"parent":0,"menu_order":0,"comment_status":"closed","ping_status":"closed","template":"elementor_header_footer","meta":{"footnotes":""},"class_list":["post-122611","page","type-page","status-publish","has-post-thumbnail","hentry"],"yoast_head":"<!-- This site is optimized with the Yoast SEO Premium plugin v27.4 (Yoast SEO v27.5) - https:\/\/yoast.com\/product\/yoast-seo-premium-wordpress\/ -->\n<title>Pol\u00edtica de Qualidade - AleaSoft Energy Forecasting<\/title>\n<meta name=\"description\" content=\"A empresa Alea Business Software S.L. (AleaSoft) oferece solu\u00e7\u00f5es para o setor de energia, proporcionando aos seus clientes um conjunto de produtos e servi\u00e7os na \u00e1rea de previs\u00f5es de demanda, produ\u00e7\u00e3o de energias renov\u00e1veis e pre\u00e7os de mercado de energia.\" \/>\n<meta name=\"robots\" content=\"index, follow, max-snippet:-1, max-image-preview:large, max-video-preview:-1\" \/>\n<link rel=\"canonical\" href=\"https:\/\/aleasoft.com\/pt\/politica-qualidade\/\" \/>\n<meta property=\"og:locale\" content=\"pt_PT\" \/>\n<meta property=\"og:type\" content=\"article\" \/>\n<meta property=\"og:title\" content=\"Pol\u00edtica de Qualidade\" \/>\n<meta property=\"og:description\" content=\"A empresa Alea Business Software S.L. (AleaSoft) oferece solu\u00e7\u00f5es para o setor de energia, proporcionando aos seus clientes um conjunto de produtos e servi\u00e7os na \u00e1rea de previs\u00f5es de demanda, produ\u00e7\u00e3o de energias renov\u00e1veis e pre\u00e7os de mercado de energia.\" \/>\n<meta property=\"og:url\" content=\"https:\/\/aleasoft.com\/pt\/politica-qualidade\/\" \/>\n<meta property=\"og:site_name\" content=\"AleaSoft Energy Forecasting\" \/>\n<meta property=\"article:publisher\" content=\"https:\/\/www.facebook.com\/AleaSoft\/\" \/>\n<meta property=\"article:modified_time\" content=\"2021-12-13T15:24:36+00:00\" \/>\n<meta property=\"og:image\" content=\"https:\/\/aleasoft.com\/wp-content\/uploads\/2020\/06\/20200623-AleaSoft_logo_featured_image.jpg\" \/>\n\t<meta property=\"og:image:width\" content=\"1280\" \/>\n\t<meta property=\"og:image:height\" content=\"1266\" \/>\n\t<meta property=\"og:image:type\" content=\"image\/jpeg\" \/>\n<meta name=\"twitter:card\" content=\"summary_large_image\" \/>\n<meta name=\"twitter:site\" content=\"@AleaSoftEnergy\" \/>\n<meta name=\"twitter:label1\" content=\"Tempo estimado de leitura\" \/>\n\t<meta name=\"twitter:data1\" content=\"2 minutos\" \/>\n<script type=\"application\/ld+json\" class=\"yoast-schema-graph\">{\"@context\":\"https:\\\/\\\/schema.org\",\"@graph\":[{\"@type\":\"WebPage\",\"@id\":\"https:\\\/\\\/aleasoft.com\\\/pt\\\/politica-qualidade\\\/\",\"url\":\"https:\\\/\\\/aleasoft.com\\\/pt\\\/politica-qualidade\\\/\",\"name\":\"Pol\u00edtica de Qualidade - AleaSoft Energy Forecasting\",\"isPartOf\":{\"@id\":\"https:\\\/\\\/aleasoft.com\\\/#website\"},\"primaryImageOfPage\":{\"@id\":\"https:\\\/\\\/aleasoft.com\\\/pt\\\/politica-qualidade\\\/#primaryimage\"},\"image\":{\"@id\":\"https:\\\/\\\/aleasoft.com\\\/pt\\\/politica-qualidade\\\/#primaryimage\"},\"thumbnailUrl\":\"https:\\\/\\\/aleasoft.com\\\/wp-content\\\/uploads\\\/2020\\\/06\\\/20200623-AleaSoft_logo_featured_image.jpg\",\"datePublished\":\"2020-09-22T14:49:05+00:00\",\"dateModified\":\"2021-12-13T15:24:36+00:00\",\"description\":\"A empresa Alea Business Software S.L. (AleaSoft) oferece solu\u00e7\u00f5es para o setor de energia, proporcionando aos seus clientes um conjunto de produtos e servi\u00e7os na \u00e1rea de previs\u00f5es de demanda, produ\u00e7\u00e3o de energias renov\u00e1veis e pre\u00e7os de mercado de energia.\",\"breadcrumb\":{\"@id\":\"https:\\\/\\\/aleasoft.com\\\/pt\\\/politica-qualidade\\\/#breadcrumb\"},\"inLanguage\":\"pt-PT\",\"potentialAction\":[{\"@type\":\"ReadAction\",\"target\":[\"https:\\\/\\\/aleasoft.com\\\/pt\\\/politica-qualidade\\\/\"]}]},{\"@type\":\"ImageObject\",\"inLanguage\":\"pt-PT\",\"@id\":\"https:\\\/\\\/aleasoft.com\\\/pt\\\/politica-qualidade\\\/#primaryimage\",\"url\":\"https:\\\/\\\/aleasoft.com\\\/wp-content\\\/uploads\\\/2020\\\/06\\\/20200623-AleaSoft_logo_featured_image.jpg\",\"contentUrl\":\"https:\\\/\\\/aleasoft.com\\\/wp-content\\\/uploads\\\/2020\\\/06\\\/20200623-AleaSoft_logo_featured_image.jpg\",\"width\":1280,\"height\":1266},{\"@type\":\"BreadcrumbList\",\"@id\":\"https:\\\/\\\/aleasoft.com\\\/pt\\\/politica-qualidade\\\/#breadcrumb\",\"itemListElement\":[{\"@type\":\"ListItem\",\"position\":1,\"name\":\"Home\",\"item\":\"https:\\\/\\\/aleasoft.com\\\/\"},{\"@type\":\"ListItem\",\"position\":2,\"name\":\"Pol\u00edtica de Qualidade\"}]},{\"@type\":\"WebSite\",\"@id\":\"https:\\\/\\\/aleasoft.com\\\/#website\",\"url\":\"https:\\\/\\\/aleasoft.com\\\/\",\"name\":\"AleaSoft Energy Forecasting\",\"description\":\"Energy Forecasting\",\"publisher\":{\"@id\":\"https:\\\/\\\/aleasoft.com\\\/#organization\"},\"potentialAction\":[{\"@type\":\"SearchAction\",\"target\":{\"@type\":\"EntryPoint\",\"urlTemplate\":\"https:\\\/\\\/aleasoft.com\\\/?s={search_term_string}\"},\"query-input\":{\"@type\":\"PropertyValueSpecification\",\"valueRequired\":true,\"valueName\":\"search_term_string\"}}],\"inLanguage\":\"pt-PT\"},{\"@type\":\"Organization\",\"@id\":\"https:\\\/\\\/aleasoft.com\\\/#organization\",\"name\":\"AleaSoft Energy Forecasting\",\"url\":\"https:\\\/\\\/aleasoft.com\\\/\",\"logo\":{\"@type\":\"ImageObject\",\"inLanguage\":\"pt-PT\",\"@id\":\"https:\\\/\\\/aleasoft.com\\\/#\\\/schema\\\/logo\\\/image\\\/\",\"url\":\"https:\\\/\\\/aleasoft.com\\\/wp-content\\\/uploads\\\/2020\\\/01\\\/logo-alea-25.svg\",\"contentUrl\":\"https:\\\/\\\/aleasoft.com\\\/wp-content\\\/uploads\\\/2020\\\/01\\\/logo-alea-25.svg\",\"width\":7047,\"height\":1416,\"caption\":\"AleaSoft Energy Forecasting\"},\"image\":{\"@id\":\"https:\\\/\\\/aleasoft.com\\\/#\\\/schema\\\/logo\\\/image\\\/\"},\"sameAs\":[\"https:\\\/\\\/www.facebook.com\\\/AleaSoft\\\/\",\"https:\\\/\\\/x.com\\\/AleaSoftEnergy\",\"https:\\\/\\\/www.linkedin.com\\\/company\\\/aleasoft\\\/\"]}]}<\/script>\n<!-- \/ Yoast SEO Premium plugin. -->","yoast_head_json":{"title":"Pol\u00edtica de Qualidade - AleaSoft Energy Forecasting","description":"A empresa Alea Business Software S.L. (AleaSoft) oferece solu\u00e7\u00f5es para o setor de energia, proporcionando aos seus clientes um conjunto de produtos e servi\u00e7os na \u00e1rea de previs\u00f5es de demanda, produ\u00e7\u00e3o de energias renov\u00e1veis e pre\u00e7os de mercado de energia.","robots":{"index":"index","follow":"follow","max-snippet":"max-snippet:-1","max-image-preview":"max-image-preview:large","max-video-preview":"max-video-preview:-1"},"canonical":"https:\/\/aleasoft.com\/pt\/politica-qualidade\/","og_locale":"pt_PT","og_type":"article","og_title":"Pol\u00edtica de Qualidade","og_description":"A empresa Alea Business Software S.L. (AleaSoft) oferece solu\u00e7\u00f5es para o setor de energia, proporcionando aos seus clientes um conjunto de produtos e servi\u00e7os na \u00e1rea de previs\u00f5es de demanda, produ\u00e7\u00e3o de energias renov\u00e1veis e pre\u00e7os de mercado de energia.","og_url":"https:\/\/aleasoft.com\/pt\/politica-qualidade\/","og_site_name":"AleaSoft Energy Forecasting","article_publisher":"https:\/\/www.facebook.com\/AleaSoft\/","article_modified_time":"2021-12-13T15:24:36+00:00","og_image":[{"width":1280,"height":1266,"url":"https:\/\/aleasoft.com\/wp-content\/uploads\/2020\/06\/20200623-AleaSoft_logo_featured_image.jpg","type":"image\/jpeg"}],"twitter_card":"summary_large_image","twitter_site":"@AleaSoftEnergy","twitter_misc":{"Tempo estimado de leitura":"2 minutos"},"schema":{"@context":"https:\/\/schema.org","@graph":[{"@type":"WebPage","@id":"https:\/\/aleasoft.com\/pt\/politica-qualidade\/","url":"https:\/\/aleasoft.com\/pt\/politica-qualidade\/","name":"Pol\u00edtica de Qualidade - AleaSoft Energy Forecasting","isPartOf":{"@id":"https:\/\/aleasoft.com\/#website"},"primaryImageOfPage":{"@id":"https:\/\/aleasoft.com\/pt\/politica-qualidade\/#primaryimage"},"image":{"@id":"https:\/\/aleasoft.com\/pt\/politica-qualidade\/#primaryimage"},"thumbnailUrl":"https:\/\/aleasoft.com\/wp-content\/uploads\/2020\/06\/20200623-AleaSoft_logo_featured_image.jpg","datePublished":"2020-09-22T14:49:05+00:00","dateModified":"2021-12-13T15:24:36+00:00","description":"A empresa Alea Business Software S.L. (AleaSoft) oferece solu\u00e7\u00f5es para o setor de energia, proporcionando aos seus clientes um conjunto de produtos e servi\u00e7os na \u00e1rea de previs\u00f5es de demanda, produ\u00e7\u00e3o de energias renov\u00e1veis e pre\u00e7os de mercado de energia.","breadcrumb":{"@id":"https:\/\/aleasoft.com\/pt\/politica-qualidade\/#breadcrumb"},"inLanguage":"pt-PT","potentialAction":[{"@type":"ReadAction","target":["https:\/\/aleasoft.com\/pt\/politica-qualidade\/"]}]},{"@type":"ImageObject","inLanguage":"pt-PT","@id":"https:\/\/aleasoft.com\/pt\/politica-qualidade\/#primaryimage","url":"https:\/\/aleasoft.com\/wp-content\/uploads\/2020\/06\/20200623-AleaSoft_logo_featured_image.jpg","contentUrl":"https:\/\/aleasoft.com\/wp-content\/uploads\/2020\/06\/20200623-AleaSoft_logo_featured_image.jpg","width":1280,"height":1266},{"@type":"BreadcrumbList","@id":"https:\/\/aleasoft.com\/pt\/politica-qualidade\/#breadcrumb","itemListElement":[{"@type":"ListItem","position":1,"name":"Home","item":"https:\/\/aleasoft.com\/"},{"@type":"ListItem","position":2,"name":"Pol\u00edtica de Qualidade"}]},{"@type":"WebSite","@id":"https:\/\/aleasoft.com\/#website","url":"https:\/\/aleasoft.com\/","name":"AleaSoft Energy Forecasting","description":"Energy Forecasting","publisher":{"@id":"https:\/\/aleasoft.com\/#organization"},"potentialAction":[{"@type":"SearchAction","target":{"@type":"EntryPoint","urlTemplate":"https:\/\/aleasoft.com\/?s={search_term_string}"},"query-input":{"@type":"PropertyValueSpecification","valueRequired":true,"valueName":"search_term_string"}}],"inLanguage":"pt-PT"},{"@type":"Organization","@id":"https:\/\/aleasoft.com\/#organization","name":"AleaSoft Energy Forecasting","url":"https:\/\/aleasoft.com\/","logo":{"@type":"ImageObject","inLanguage":"pt-PT","@id":"https:\/\/aleasoft.com\/#\/schema\/logo\/image\/","url":"https:\/\/aleasoft.com\/wp-content\/uploads\/2020\/01\/logo-alea-25.svg","contentUrl":"https:\/\/aleasoft.com\/wp-content\/uploads\/2020\/01\/logo-alea-25.svg","width":7047,"height":1416,"caption":"AleaSoft Energy Forecasting"},"image":{"@id":"https:\/\/aleasoft.com\/#\/schema\/logo\/image\/"},"sameAs":["https:\/\/www.facebook.com\/AleaSoft\/","https:\/\/x.com\/AleaSoftEnergy","https:\/\/www.linkedin.com\/company\/aleasoft\/"]}]}},"_links":{"self":[{"href":"https:\/\/aleasoft.com\/pt\/wp-json\/wp\/v2\/pages\/122611","targetHints":{"allow":["GET"]}}],"collection":[{"href":"https:\/\/aleasoft.com\/pt\/wp-json\/wp\/v2\/pages"}],"about":[{"href":"https:\/\/aleasoft.com\/pt\/wp-json\/wp\/v2\/types\/page"}],"author":[{"embeddable":true,"href":"https:\/\/aleasoft.com\/pt\/wp-json\/wp\/v2\/users\/1"}],"replies":[{"embeddable":true,"href":"https:\/\/aleasoft.com\/pt\/wp-json\/wp\/v2\/comments?post=122611"}],"version-history":[{"count":0,"href":"https:\/\/aleasoft.com\/pt\/wp-json\/wp\/v2\/pages\/122611\/revisions"}],"wp:featuredmedia":[{"embeddable":true,"href":"https:\/\/aleasoft.com\/pt\/wp-json\/wp\/v2\/media\/122539"}],"wp:attachment":[{"href":"https:\/\/aleasoft.com\/pt\/wp-json\/wp\/v2\/media?parent=122611"}],"curies":[{"name":"wp","href":"https:\/\/api.w.org\/{rel}","templated":true}]}}