{"id":142389,"date":"2020-01-17T21:07:47","date_gmt":"2020-01-17T20:07:47","guid":{"rendered":"https:\/\/aleasoft.com\/?page_id=142389"},"modified":"2024-03-19T21:15:49","modified_gmt":"2024-03-19T20:15:49","slug":"previsoes-de-energia-solar","status":"publish","type":"page","link":"https:\/\/aleasoft.com\/pt\/produtos-e-servicos\/previsoes-de-energia-solar\/","title":{"rendered":"Previs\u00f5es de energia solar"},"content":{"rendered":"\t\t<div data-elementor-type=\"wp-page\" data-elementor-id=\"142389\" class=\"elementor elementor-142389\" data-elementor-post-type=\"page\">\n\t\t\t\t\t\t<section class=\"elementor-section elementor-top-section elementor-element elementor-element-9112205 elementor-section-full_width elementor-section-height-default elementor-section-height-default\" data-id=\"9112205\" data-element_type=\"section\" data-e-type=\"section\">\n\t\t\t\t\t\t<div class=\"elementor-container elementor-column-gap-default\">\n\t\t\t\t\t<div class=\"elementor-column elementor-col-100 elementor-top-column elementor-element elementor-element-115ef2e\" data-id=\"115ef2e\" data-element_type=\"column\" data-e-type=\"column\">\n\t\t\t<div class=\"elementor-widget-wrap elementor-element-populated\">\n\t\t\t\t\t\t<div class=\"elementor-element elementor-element-9dfe183 elementor-nav-menu__align-center elementor-nav-menu--dropdown-mobile menu-dropdown-distance elementor-nav-menu__text-align-aside elementor-widget elementor-widget-global elementor-global-85832 elementor-widget-nav-menu\" data-id=\"9dfe183\" data-element_type=\"widget\" data-e-type=\"widget\" data-settings=\"{&quot;layout&quot;:&quot;horizontal&quot;,&quot;submenu_icon&quot;:{&quot;value&quot;:&quot;fas fa-caret-down&quot;,&quot;library&quot;:&quot;fa-solid&quot;}}\" data-widget_type=\"nav-menu.default\">\n\t\t\t\t<div class=\"elementor-widget-container\">\n\t\t\t\t\t\t\t\t<nav aria-label=\"Menu\" class=\"elementor-nav-menu--main elementor-nav-menu__container elementor-nav-menu--layout-horizontal e--pointer-background e--animation-fade\">\n\t\t\t\t<ul id=\"menu-1-9dfe183\" class=\"elementor-nav-menu\"><li class=\"menu-item menu-item-type-post_type menu-item-object-page menu-item-123438\"><a href=\"https:\/\/aleasoft.com\/pt\/servicos\/previsoes-precos-energia\/\" class=\"elementor-item\">Previs\u00f5es de pre\u00e7os de energia<\/a><\/li>\n<li class=\"menu-item menu-item-type-post_type menu-item-object-page menu-item-123439\"><a href=\"https:\/\/aleasoft.com\/pt\/servicos\/previsoes-demanda-energia\/\" class=\"elementor-item\">Previs\u00f5es de procura de energia<\/a><\/li>\n<li class=\"menu-item menu-item-type-post_type menu-item-object-page menu-item-123440\"><a href=\"https:\/\/aleasoft.com\/pt\/servicos\/previsoes-energia-renovavel\/\" class=\"elementor-item\">Previs\u00f5es de energia renov\u00e1vel<\/a><\/li>\n<li class=\"menu-item menu-item-type-post_type menu-item-object-page menu-item-123441\"><a href=\"https:\/\/aleasoft.com\/pt\/produtos-e-servicos\/alea-energy-database-aleaapp\/\" class=\"elementor-item\">Alea Energy Database (AleaApp)<\/a><\/li>\n<\/ul>\t\t\t<\/nav>\n\t\t\t\t\t\t<nav class=\"elementor-nav-menu--dropdown elementor-nav-menu__container\" aria-hidden=\"true\">\n\t\t\t\t<ul id=\"menu-2-9dfe183\" class=\"elementor-nav-menu\"><li class=\"menu-item menu-item-type-post_type menu-item-object-page menu-item-123438\"><a href=\"https:\/\/aleasoft.com\/pt\/servicos\/previsoes-precos-energia\/\" class=\"elementor-item\" tabindex=\"-1\">Previs\u00f5es de pre\u00e7os de energia<\/a><\/li>\n<li class=\"menu-item menu-item-type-post_type menu-item-object-page menu-item-123439\"><a href=\"https:\/\/aleasoft.com\/pt\/servicos\/previsoes-demanda-energia\/\" class=\"elementor-item\" tabindex=\"-1\">Previs\u00f5es de procura de energia<\/a><\/li>\n<li class=\"menu-item menu-item-type-post_type menu-item-object-page menu-item-123440\"><a href=\"https:\/\/aleasoft.com\/pt\/servicos\/previsoes-energia-renovavel\/\" class=\"elementor-item\" tabindex=\"-1\">Previs\u00f5es de energia renov\u00e1vel<\/a><\/li>\n<li class=\"menu-item menu-item-type-post_type menu-item-object-page menu-item-123441\"><a href=\"https:\/\/aleasoft.com\/pt\/produtos-e-servicos\/alea-energy-database-aleaapp\/\" class=\"elementor-item\" tabindex=\"-1\">Alea Energy Database (AleaApp)<\/a><\/li>\n<\/ul>\t\t\t<\/nav>\n\t\t\t\t\t\t<\/div>\n\t\t\t\t<\/div>\n\t\t\t\t\t<\/div>\n\t\t<\/div>\n\t\t\t\t\t<\/div>\n\t\t<\/section>\n\t\t\t\t<section class=\"elementor-section elementor-top-section elementor-element elementor-element-3ca551a elementor-section-boxed elementor-section-height-default elementor-section-height-default\" data-id=\"3ca551a\" data-element_type=\"section\" data-e-type=\"section\">\n\t\t\t\t\t\t<div class=\"elementor-container elementor-column-gap-default\">\n\t\t\t\t\t<div class=\"elementor-column elementor-col-100 elementor-top-column elementor-element elementor-element-e015d43\" data-id=\"e015d43\" data-element_type=\"column\" data-e-type=\"column\">\n\t\t\t<div class=\"elementor-widget-wrap elementor-element-populated\">\n\t\t\t\t\t\t<div class=\"elementor-element elementor-element-36a2a7d elementor-widget elementor-widget-heading\" data-id=\"36a2a7d\" data-element_type=\"widget\" data-e-type=\"widget\" data-widget_type=\"heading.default\">\n\t\t\t\t<div class=\"elementor-widget-container\">\n\t\t\t\t\t<h2 class=\"elementor-heading-title elementor-size-default\">Previs\u00f5es de energia solar<\/h2>\t\t\t\t<\/div>\n\t\t\t\t<\/div>\n\t\t\t\t\t<\/div>\n\t\t<\/div>\n\t\t\t\t\t<\/div>\n\t\t<\/section>\n\t\t\t\t<section class=\"elementor-section elementor-top-section elementor-element elementor-element-8344c56 elementor-section-boxed elementor-section-height-default elementor-section-height-default\" data-id=\"8344c56\" data-element_type=\"section\" data-e-type=\"section\">\n\t\t\t\t\t\t<div class=\"elementor-container elementor-column-gap-default\">\n\t\t\t\t\t<div class=\"elementor-column elementor-col-100 elementor-top-column elementor-element elementor-element-d781948\" data-id=\"d781948\" data-element_type=\"column\" data-e-type=\"column\">\n\t\t\t<div class=\"elementor-widget-wrap elementor-element-populated\">\n\t\t\t\t\t\t<div class=\"elementor-element elementor-element-807ca55 elementor-widget elementor-widget-shortcode\" data-id=\"807ca55\" data-element_type=\"widget\" data-e-type=\"widget\" data-widget_type=\"shortcode.default\">\n\t\t\t\t<div class=\"elementor-widget-container\">\n\t\t\t\t\t\t\t<div class=\"elementor-shortcode\"><div class=\"visualizer-front-container\" id=\"chart_wrapper_visualizer-86944-497239929\"><div class=\"visualizer-actions\"><a href=\"#\" class=\"visualizer-action visualizer-action-image\" data-visualizer-type=\"image\" data-visualizer-chart-id=\"86944\" data-visualizer-container-id=\"visualizer-86944-497239929\" data-visualizer-mime=\"\" title=\"Download as an image\">Download<\/a> &nbsp;<\/div><style type=\"text\/css\" name=\"visualizer-custom-css\" id=\"customcss-visualizer-86944\">.locker,.locker-loader{position:absolute;top:0;left:0;width:100%;height:100%}.locker{z-index:1000;opacity:.8;background-color:#fff;-ms-filter:\"progid:DXImageTransform.Microsoft.Alpha(Opacity=80)\";filter:alpha(opacity=80)}.locker-loader{z-index:1001;background:url(https:\/\/aleasoft.com\/wp-content\/plugins\/visualizer\/images\/ajax-loader.gif) no-repeat center center}.dt-button{display:none!important}.visualizer-front-container.visualizer-lazy-render{content-visibility: auto;}.google-visualization-controls-categoryfilter label.google-visualization-controls-label {vertical-align: middle;}.google-visualization-controls-categoryfilter li.goog-inline-block {margin: 0 0.2em;}.google-visualization-controls-categoryfilter li {padding: 0 0.2em;}.visualizer-front-container .dataTables_scrollHeadInner{margin: 0 auto;}<\/style><div id=\"visualizer-86944-497239929\" class=\"visualizer-front  visualizer-front-86944\"><\/div><!-- Not showing structured data for chart 86944 because description is empty --><\/div><\/div>\n\t\t\t\t\t\t<\/div>\n\t\t\t\t<\/div>\n\t\t\t\t\t<\/div>\n\t\t<\/div>\n\t\t\t\t\t<\/div>\n\t\t<\/section>\n\t\t\t\t<section class=\"elementor-section elementor-top-section elementor-element elementor-element-9c71162 elementor-section-boxed elementor-section-height-default elementor-section-height-default\" data-id=\"9c71162\" data-element_type=\"section\" data-e-type=\"section\">\n\t\t\t\t\t\t<div class=\"elementor-container elementor-column-gap-default\">\n\t\t\t\t\t<div class=\"elementor-column elementor-col-100 elementor-top-column elementor-element elementor-element-4220228\" data-id=\"4220228\" data-element_type=\"column\" data-e-type=\"column\">\n\t\t\t<div class=\"elementor-widget-wrap elementor-element-populated\">\n\t\t\t\t\t\t<div class=\"elementor-element elementor-element-9c85ae8 elementor-widget elementor-widget-text-editor\" data-id=\"9c85ae8\" data-element_type=\"widget\" data-e-type=\"widget\" data-widget_type=\"text-editor.default\">\n\t\t\t\t<div class=\"elementor-widget-container\">\n\t\t\t\t\t\t\t\t\t<p><strong>AleaSoft<\/strong> fornece previs\u00f5es de produ\u00e7\u00e3o de energia solar fotovoltaica e solar t\u00e9rmica a curto, m\u00e9dio e longo prazo.<\/p><p><strong>A<\/strong> <strong>previs\u00e3o de energia solar<\/strong> da AleaSoft \u00e9 gerada como parte de um conjunto de previs\u00f5es de <strong>produ\u00e7\u00e3o de energia renov\u00e1vel<\/strong>.<\/p><p><strong>AleaSoft<\/strong> tem em conta a <strong>import\u00e2ncia das previs\u00f5es<\/strong> de energia solar para fornecer melhores previs\u00f5es de pre\u00e7os no mercado de energia como uma das principais vari\u00e1veis que influenciam os pre\u00e7os de mercado, especialmente no futuro, devido ao crescimento sustentado da produ\u00e7\u00e3o fotovoltaica em particular.<\/p>\t\t\t\t\t\t\t\t<\/div>\n\t\t\t\t<\/div>\n\t\t\t\t\t<\/div>\n\t\t<\/div>\n\t\t\t\t\t<\/div>\n\t\t<\/section>\n\t\t\t\t<section class=\"elementor-section elementor-top-section elementor-element elementor-element-5f24dd4 elementor-section-boxed elementor-section-height-default elementor-section-height-default\" data-id=\"5f24dd4\" data-element_type=\"section\" data-e-type=\"section\">\n\t\t\t\t\t\t<div class=\"elementor-container elementor-column-gap-default\">\n\t\t\t\t\t<div class=\"elementor-column elementor-col-100 elementor-top-column elementor-element elementor-element-41dba49\" data-id=\"41dba49\" data-element_type=\"column\" data-e-type=\"column\">\n\t\t\t<div class=\"elementor-widget-wrap elementor-element-populated\">\n\t\t\t\t\t\t<div class=\"elementor-element elementor-element-8ea6452 elementor-widget elementor-widget-global elementor-global-92864 elementor-widget-button\" data-id=\"8ea6452\" data-element_type=\"widget\" data-e-type=\"widget\" data-widget_type=\"button.default\">\n\t\t\t\t<div class=\"elementor-widget-container\">\n\t\t\t\t\t\t\t\t\t<div class=\"elementor-button-wrapper\">\n\t\t\t\t\t<a class=\"elementor-button elementor-button-link elementor-size-sm\" href=\"#elementor-action%3Aaction%3Dpopup%3Aopen%26settings%3DeyJpZCI6IjEyMjQxNiIsInRvZ2dsZSI6ZmFsc2V9\">\n\t\t\t\t\t\t<span class=\"elementor-button-content-wrapper\">\n\t\t\t\t\t\t\t\t\t<span class=\"elementor-button-text\">Pedir uma oferta<\/span>\n\t\t\t\t\t<\/span>\n\t\t\t\t\t<\/a>\n\t\t\t\t<\/div>\n\t\t\t\t\t\t\t\t<\/div>\n\t\t\t\t<\/div>\n\t\t\t\t<div class=\"elementor-element elementor-element-36e339f elementor-widget elementor-widget-spacer\" data-id=\"36e339f\" data-element_type=\"widget\" data-e-type=\"widget\" data-widget_type=\"spacer.default\">\n\t\t\t\t<div class=\"elementor-widget-container\">\n\t\t\t\t\t\t\t<div class=\"elementor-spacer\">\n\t\t\t<div class=\"elementor-spacer-inner\"><\/div>\n\t\t<\/div>\n\t\t\t\t\t\t<\/div>\n\t\t\t\t<\/div>\n\t\t\t\t\t<\/div>\n\t\t<\/div>\n\t\t\t\t\t<\/div>\n\t\t<\/section>\n\t\t\t\t<\/div>\n\t\t","protected":false},"excerpt":{"rendered":"<p>AleaSoft fornece previs\u00f5es de produ\u00e7\u00e3o de energia solar fotovoltaica e solar t\u00e9rmica a curto, m\u00e9dio e longo prazo. A previs\u00e3o de energia solar da AleaSoft \u00e9 gerada como parte de um conjunto de previs\u00f5es de produ\u00e7\u00e3o de energia renov\u00e1vel. AleaSoft tem em conta a import\u00e2ncia das previs\u00f5es de energia solar para fornecer melhores previs\u00f5es de [&hellip;]<\/p>\n","protected":false},"author":3,"featured_media":121787,"parent":121732,"menu_order":0,"comment_status":"closed","ping_status":"closed","template":"elementor_header_footer","meta":{"footnotes":""},"class_list":["post-142389","page","type-page","status-publish","has-post-thumbnail","hentry"],"yoast_head":"<!-- This site is optimized with the Yoast SEO Premium plugin v27.5 (Yoast SEO v27.5) - https:\/\/yoast.com\/product\/yoast-seo-premium-wordpress\/ -->\n<title>Previs\u00f5es de energia solar - AleaSoft Energy Forecasting<\/title>\n<meta name=\"robots\" content=\"index, follow, max-snippet:-1, max-image-preview:large, max-video-preview:-1\" \/>\n<link rel=\"canonical\" href=\"https:\/\/aleasoft.com\/previsoes-de-energia-solar\/\" \/>\n<meta property=\"og:locale\" content=\"pt_PT\" \/>\n<meta property=\"og:type\" content=\"article\" \/>\n<meta property=\"og:title\" content=\"Previs\u00f5es de energia solar\" \/>\n<meta property=\"og:description\" content=\"AleaSoft fornece previs\u00f5es de produ\u00e7\u00e3o de energia solar fotovoltaica e solar t\u00e9rmica a curto, m\u00e9dio e longo prazo. A previs\u00e3o de energia solar da AleaSoft \u00e9 gerada como parte de um conjunto de previs\u00f5es de produ\u00e7\u00e3o de energia renov\u00e1vel. AleaSoft tem em conta a import\u00e2ncia das previs\u00f5es de energia solar para fornecer melhores previs\u00f5es de [&hellip;]\" \/>\n<meta property=\"og:url\" content=\"https:\/\/aleasoft.com\/previsoes-de-energia-solar\/\" \/>\n<meta property=\"og:site_name\" content=\"AleaSoft Energy Forecasting\" \/>\n<meta property=\"article:publisher\" content=\"https:\/\/www.facebook.com\/AleaSoft\/\" \/>\n<meta property=\"article:modified_time\" content=\"2024-03-19T20:15:49+00:00\" \/>\n<meta property=\"og:image\" content=\"https:\/\/aleasoft.com\/wp-content\/uploads\/2018\/05\/aleasoft-logo-scaled.jpg\" \/>\n\t<meta property=\"og:image:width\" content=\"2560\" \/>\n\t<meta property=\"og:image:height\" content=\"538\" \/>\n\t<meta property=\"og:image:type\" content=\"image\/jpeg\" \/>\n<meta name=\"twitter:card\" content=\"summary_large_image\" \/>\n<meta name=\"twitter:site\" content=\"@AleaSoftEnergy\" \/>\n<meta name=\"twitter:label1\" content=\"Tempo estimado de leitura\" \/>\n\t<meta name=\"twitter:data1\" content=\"1 minuto\" \/>\n<script type=\"application\/ld+json\" class=\"yoast-schema-graph\">{\"@context\":\"https:\\\/\\\/schema.org\",\"@graph\":[{\"@type\":\"WebPage\",\"@id\":\"https:\\\/\\\/aleasoft.com\\\/pt\\\/produtos-e-servicos\\\/previsoes-de-energia-solar\\\/\",\"url\":\"https:\\\/\\\/aleasoft.com\\\/previsoes-de-energia-solar\\\/\",\"name\":\"Previs\u00f5es de energia solar - AleaSoft Energy Forecasting\",\"isPartOf\":{\"@id\":\"https:\\\/\\\/aleasoft.com\\\/#website\"},\"primaryImageOfPage\":{\"@id\":\"https:\\\/\\\/aleasoft.com\\\/previsoes-de-energia-solar\\\/#primaryimage\"},\"image\":{\"@id\":\"https:\\\/\\\/aleasoft.com\\\/previsoes-de-energia-solar\\\/#primaryimage\"},\"thumbnailUrl\":\"https:\\\/\\\/aleasoft.com\\\/wp-content\\\/uploads\\\/2018\\\/05\\\/aleasoft-logo-scaled.jpg\",\"datePublished\":\"2020-01-17T20:07:47+00:00\",\"dateModified\":\"2024-03-19T20:15:49+00:00\",\"breadcrumb\":{\"@id\":\"https:\\\/\\\/aleasoft.com\\\/previsoes-de-energia-solar\\\/#breadcrumb\"},\"inLanguage\":\"pt-PT\",\"potentialAction\":[{\"@type\":\"ReadAction\",\"target\":[\"https:\\\/\\\/aleasoft.com\\\/previsoes-de-energia-solar\\\/\"]}]},{\"@type\":\"ImageObject\",\"inLanguage\":\"pt-PT\",\"@id\":\"https:\\\/\\\/aleasoft.com\\\/previsoes-de-energia-solar\\\/#primaryimage\",\"url\":\"https:\\\/\\\/aleasoft.com\\\/wp-content\\\/uploads\\\/2018\\\/05\\\/aleasoft-logo-scaled.jpg\",\"contentUrl\":\"https:\\\/\\\/aleasoft.com\\\/wp-content\\\/uploads\\\/2018\\\/05\\\/aleasoft-logo-scaled.jpg\",\"width\":2560,\"height\":538},{\"@type\":\"BreadcrumbList\",\"@id\":\"https:\\\/\\\/aleasoft.com\\\/previsoes-de-energia-solar\\\/#breadcrumb\",\"itemListElement\":[{\"@type\":\"ListItem\",\"position\":1,\"name\":\"Home\",\"item\":\"https:\\\/\\\/aleasoft.com\\\/\"},{\"@type\":\"ListItem\",\"position\":2,\"name\":\"Servi\u00e7os de previs\u00e3o de energia\",\"item\":\"https:\\\/\\\/aleasoft.com\\\/pt\\\/produtos-e-servicos\\\/\"},{\"@type\":\"ListItem\",\"position\":3,\"name\":\"Previs\u00f5es de energia solar\"}]},{\"@type\":\"WebSite\",\"@id\":\"https:\\\/\\\/aleasoft.com\\\/#website\",\"url\":\"https:\\\/\\\/aleasoft.com\\\/\",\"name\":\"AleaSoft Energy Forecasting\",\"description\":\"Energy Forecasting\",\"publisher\":{\"@id\":\"https:\\\/\\\/aleasoft.com\\\/#organization\"},\"potentialAction\":[{\"@type\":\"SearchAction\",\"target\":{\"@type\":\"EntryPoint\",\"urlTemplate\":\"https:\\\/\\\/aleasoft.com\\\/?s={search_term_string}\"},\"query-input\":{\"@type\":\"PropertyValueSpecification\",\"valueRequired\":true,\"valueName\":\"search_term_string\"}}],\"inLanguage\":\"pt-PT\"},{\"@type\":\"Organization\",\"@id\":\"https:\\\/\\\/aleasoft.com\\\/#organization\",\"name\":\"AleaSoft Energy Forecasting\",\"url\":\"https:\\\/\\\/aleasoft.com\\\/\",\"logo\":{\"@type\":\"ImageObject\",\"inLanguage\":\"pt-PT\",\"@id\":\"https:\\\/\\\/aleasoft.com\\\/#\\\/schema\\\/logo\\\/image\\\/\",\"url\":\"https:\\\/\\\/aleasoft.com\\\/wp-content\\\/uploads\\\/2020\\\/01\\\/logo-alea-25.svg\",\"contentUrl\":\"https:\\\/\\\/aleasoft.com\\\/wp-content\\\/uploads\\\/2020\\\/01\\\/logo-alea-25.svg\",\"width\":7047,\"height\":1416,\"caption\":\"AleaSoft Energy Forecasting\"},\"image\":{\"@id\":\"https:\\\/\\\/aleasoft.com\\\/#\\\/schema\\\/logo\\\/image\\\/\"},\"sameAs\":[\"https:\\\/\\\/www.facebook.com\\\/AleaSoft\\\/\",\"https:\\\/\\\/x.com\\\/AleaSoftEnergy\",\"https:\\\/\\\/www.linkedin.com\\\/company\\\/aleasoft\\\/\"]}]}<\/script>\n<!-- \/ Yoast SEO Premium plugin. -->","yoast_head_json":{"title":"Previs\u00f5es de energia solar - AleaSoft Energy Forecasting","robots":{"index":"index","follow":"follow","max-snippet":"max-snippet:-1","max-image-preview":"max-image-preview:large","max-video-preview":"max-video-preview:-1"},"canonical":"https:\/\/aleasoft.com\/previsoes-de-energia-solar\/","og_locale":"pt_PT","og_type":"article","og_title":"Previs\u00f5es de energia solar","og_description":"AleaSoft fornece previs\u00f5es de produ\u00e7\u00e3o de energia solar fotovoltaica e solar t\u00e9rmica a curto, m\u00e9dio e longo prazo. A previs\u00e3o de energia solar da AleaSoft \u00e9 gerada como parte de um conjunto de previs\u00f5es de produ\u00e7\u00e3o de energia renov\u00e1vel. AleaSoft tem em conta a import\u00e2ncia das previs\u00f5es de energia solar para fornecer melhores previs\u00f5es de [&hellip;]","og_url":"https:\/\/aleasoft.com\/previsoes-de-energia-solar\/","og_site_name":"AleaSoft Energy Forecasting","article_publisher":"https:\/\/www.facebook.com\/AleaSoft\/","article_modified_time":"2024-03-19T20:15:49+00:00","og_image":[{"width":2560,"height":538,"url":"https:\/\/aleasoft.com\/wp-content\/uploads\/2018\/05\/aleasoft-logo-scaled.jpg","type":"image\/jpeg"}],"twitter_card":"summary_large_image","twitter_site":"@AleaSoftEnergy","twitter_misc":{"Tempo estimado de leitura":"1 minuto"},"schema":{"@context":"https:\/\/schema.org","@graph":[{"@type":"WebPage","@id":"https:\/\/aleasoft.com\/pt\/produtos-e-servicos\/previsoes-de-energia-solar\/","url":"https:\/\/aleasoft.com\/previsoes-de-energia-solar\/","name":"Previs\u00f5es de energia solar - AleaSoft Energy Forecasting","isPartOf":{"@id":"https:\/\/aleasoft.com\/#website"},"primaryImageOfPage":{"@id":"https:\/\/aleasoft.com\/previsoes-de-energia-solar\/#primaryimage"},"image":{"@id":"https:\/\/aleasoft.com\/previsoes-de-energia-solar\/#primaryimage"},"thumbnailUrl":"https:\/\/aleasoft.com\/wp-content\/uploads\/2018\/05\/aleasoft-logo-scaled.jpg","datePublished":"2020-01-17T20:07:47+00:00","dateModified":"2024-03-19T20:15:49+00:00","breadcrumb":{"@id":"https:\/\/aleasoft.com\/previsoes-de-energia-solar\/#breadcrumb"},"inLanguage":"pt-PT","potentialAction":[{"@type":"ReadAction","target":["https:\/\/aleasoft.com\/previsoes-de-energia-solar\/"]}]},{"@type":"ImageObject","inLanguage":"pt-PT","@id":"https:\/\/aleasoft.com\/previsoes-de-energia-solar\/#primaryimage","url":"https:\/\/aleasoft.com\/wp-content\/uploads\/2018\/05\/aleasoft-logo-scaled.jpg","contentUrl":"https:\/\/aleasoft.com\/wp-content\/uploads\/2018\/05\/aleasoft-logo-scaled.jpg","width":2560,"height":538},{"@type":"BreadcrumbList","@id":"https:\/\/aleasoft.com\/previsoes-de-energia-solar\/#breadcrumb","itemListElement":[{"@type":"ListItem","position":1,"name":"Home","item":"https:\/\/aleasoft.com\/"},{"@type":"ListItem","position":2,"name":"Servi\u00e7os de previs\u00e3o de energia","item":"https:\/\/aleasoft.com\/pt\/produtos-e-servicos\/"},{"@type":"ListItem","position":3,"name":"Previs\u00f5es de energia solar"}]},{"@type":"WebSite","@id":"https:\/\/aleasoft.com\/#website","url":"https:\/\/aleasoft.com\/","name":"AleaSoft Energy Forecasting","description":"Energy Forecasting","publisher":{"@id":"https:\/\/aleasoft.com\/#organization"},"potentialAction":[{"@type":"SearchAction","target":{"@type":"EntryPoint","urlTemplate":"https:\/\/aleasoft.com\/?s={search_term_string}"},"query-input":{"@type":"PropertyValueSpecification","valueRequired":true,"valueName":"search_term_string"}}],"inLanguage":"pt-PT"},{"@type":"Organization","@id":"https:\/\/aleasoft.com\/#organization","name":"AleaSoft Energy Forecasting","url":"https:\/\/aleasoft.com\/","logo":{"@type":"ImageObject","inLanguage":"pt-PT","@id":"https:\/\/aleasoft.com\/#\/schema\/logo\/image\/","url":"https:\/\/aleasoft.com\/wp-content\/uploads\/2020\/01\/logo-alea-25.svg","contentUrl":"https:\/\/aleasoft.com\/wp-content\/uploads\/2020\/01\/logo-alea-25.svg","width":7047,"height":1416,"caption":"AleaSoft Energy Forecasting"},"image":{"@id":"https:\/\/aleasoft.com\/#\/schema\/logo\/image\/"},"sameAs":["https:\/\/www.facebook.com\/AleaSoft\/","https:\/\/x.com\/AleaSoftEnergy","https:\/\/www.linkedin.com\/company\/aleasoft\/"]}]}},"_links":{"self":[{"href":"https:\/\/aleasoft.com\/pt\/wp-json\/wp\/v2\/pages\/142389","targetHints":{"allow":["GET"]}}],"collection":[{"href":"https:\/\/aleasoft.com\/pt\/wp-json\/wp\/v2\/pages"}],"about":[{"href":"https:\/\/aleasoft.com\/pt\/wp-json\/wp\/v2\/types\/page"}],"author":[{"embeddable":true,"href":"https:\/\/aleasoft.com\/pt\/wp-json\/wp\/v2\/users\/3"}],"replies":[{"embeddable":true,"href":"https:\/\/aleasoft.com\/pt\/wp-json\/wp\/v2\/comments?post=142389"}],"version-history":[{"count":0,"href":"https:\/\/aleasoft.com\/pt\/wp-json\/wp\/v2\/pages\/142389\/revisions"}],"up":[{"embeddable":true,"href":"https:\/\/aleasoft.com\/pt\/wp-json\/wp\/v2\/pages\/121732"}],"wp:featuredmedia":[{"embeddable":true,"href":"https:\/\/aleasoft.com\/pt\/wp-json\/wp\/v2\/media\/121787"}],"wp:attachment":[{"href":"https:\/\/aleasoft.com\/pt\/wp-json\/wp\/v2\/media?parent=142389"}],"curies":[{"name":"wp","href":"https:\/\/api.w.org\/{rel}","templated":true}]}}